{"id":34503,"date":"2024-09-02T17:25:15","date_gmt":"2024-09-02T15:25:15","guid":{"rendered":"https:\/\/ratatamkids.com\/?post_type=product&#038;p=34503"},"modified":"2026-04-20T10:48:18","modified_gmt":"2026-04-20T08:48:18","slug":"set-de-dinette-corail","status":"publish","type":"product","link":"https:\/\/ratatamkids.com\/en\/produit\/set-de-dinette-corail\/","title":{"rendered":"Set de dinette &#8211; Corail"},"content":{"rendered":"<h1>Set de D\u00eenette Corail<\/h1>\n<p>Le Repas des Petits Chefs ! \ud83c\udf73\ud83c\udf7d\ufe0f<\/p>\n<p>\ud83c\udf4b \u00c0 table, les petits chefs ! Avec ce set de d\u00eenette en plastique corail, c\u2019est toi le roi ou la reine de la cuisine. Pr\u00e9pare de d\u00e9licieux festins pour tes peluches, tes poup\u00e9es ou m\u00eame papa et maman (ils vont adorer tes cr\u00e9ations imaginaires !). Des plats gourmands, des desserts rigolos et un service digne des grands restaurants : tout est possible avec ce kit ! \ud83d\udc69\u200d\ud83c\udf73\ud83d\udc68\u200d\ud83c\udf73<\/p>\n<p>\ud83c\udf7d\ufe0f Ce que tu trouveras dans la bo\u00eete :<br \/>\n\u2013 Une petite cocotte corail pour mijoter de bons petits plats \ud83c\udf72<br \/>\n\u2013 Deux assiettes pour servir ton chef-d\u2019\u0153uvre \ud83c\udf7d\ufe0f<br \/>\n\u2013 Une po\u00eale pour des \u0153ufs au plat ou des cr\u00eapes gourmandes \ud83e\udd5e<br \/>\n\u2013 Un rouleau \u00e0 p\u00e2tisserie pour pr\u00e9parer des tartes imaginaires \ud83e\udd67<br \/>\n\u2013 Un chauffe-plat (faux mais trop rigolo !) pour garder tes plats au chaud \ud83d\udd25<br \/>\n\u2013 Une planche et un grand couteau pour d\u00e9couper comme un pro (en toute s\u00e9curit\u00e9 bien s\u00fbr !) \ud83d\udd2a<br \/>\n\u2013 Une spatule pour bien retourner tes cr\u00eapes \ud83c\udf73<br \/>\n\u2013 Deux bols et une louche pour tes soupes magiques ou chocolat chaud \ud83c\udf5c\ud83c\udf6b<\/p>\n<p>Pourquoi on l\u2019adore ?<br \/>\nSon design corail \u00a0et amusant apporte du soleil dans la cuisine ! Le set est complet pour tout type de recettes imaginaires, et parfait pour stimuler la cr\u00e9ativit\u00e9. Avec ce kit, c\u2019est toi le chef \u00e9toil\u00e9 de la maison ! \u2b50<\/p>\n<p>Allez hop, \u00e0 toi de cuisiner ! Pr\u00e9pare tes plats pr\u00e9f\u00e9r\u00e9s (m\u00eame si c\u2019est de la pur\u00e9e invisible) et fais comme les grands chefs ! \ud83d\ude04\ud83d\udc68\u200d\ud83c\udf73<\/p>\n<p>Fabriqu\u00e9 en Chine<\/p>\n<p>En silicone<\/p>\n<p data-start=\"1099\" data-end=\"1158\">\u267b\ufe0f <strong data-start=\"1102\" data-end=\"1132\">Emballage 100 % recyclable<\/strong>, portant le logo Triman<\/p>\n<p data-start=\"1099\" data-end=\"1158\"><img loading=\"lazy\" decoding=\"async\" class=\"sFlh5c FyHeAf iPVvYb\" src=\"https:\/\/www.sytraival.com\/img\/actualite-zoom\/5d22bec45b677c13da5e3ed4e1969e6a\/21-logo-triman.png\" alt=\"Triman: le logo du tri - Sytraival\" width=\"31\" height=\"32\" \/><\/p>\n","protected":false},"excerpt":{"rendered":"<div class=\"woocommerce-product-details__short-description\">\n<p>Set de d\u00eenette en plastique jaune pour petits chefs : cocotte, assiettes, po\u00eale, rouleau \u00e0 p\u00e2tisserie, chauffe-plat,, couteau, spatule, bols et plus.<\/p>\n<p>\u00c0 vos cuisines ! \ud83c\udf7d\ufe0f<\/p>\n<\/div>\n","protected":false},"featured_media":43132,"comment_status":"open","ping_status":"closed","template":"","meta":{"_acf_changed":false},"product_brand":[],"product_cat":[558,24],"product_tag":[],"class_list":{"0":"post-34503","1":"product","2":"type-product","3":"status-publish","4":"has-post-thumbnail","6":"product_cat-braderie","7":"product_cat-jouets","9":"first","10":"instock","11":"sale","12":"taxable","13":"shipping-taxable","14":"purchasable","15":"product-type-simple"},"acf":[],"yoast_head":"<!-- This site is optimized with the Yoast SEO plugin v25.4 - https:\/\/yoast.com\/wordpress\/plugins\/seo\/ -->\n<title>Set de dinette - Corail - Ratatam Official Website<\/title>\n<meta name=\"description\" content=\"Set de d\u00eenette en plastique jaune pour petits chefs : cocotte, assiettes, po\u00eale, rouleau \u00e0 p\u00e2tisserie, chauffe-plat, sel, poivre, couteau, spatule, bols et plus.\" \/>\n<meta name=\"robots\" content=\"index, follow, max-snippet:-1, max-image-preview:large, max-video-preview:-1\" \/>\n<link rel=\"canonical\" href=\"https:\/\/ratatamkids.com\/en\/produit\/set-de-dinette-corail\/\" \/>\n<meta property=\"og:locale\" content=\"en_US\" \/>\n<meta property=\"og:type\" content=\"article\" \/>\n<meta property=\"og:title\" content=\"Set de dinette - Corail - Ratatam Official Website\" \/>\n<meta property=\"og:description\" content=\"Set de d\u00eenette en plastique jaune pour petits chefs : cocotte, assiettes, po\u00eale, rouleau \u00e0 p\u00e2tisserie, chauffe-plat, sel, poivre, couteau, spatule, bols et plus.\" \/>\n<meta property=\"og:url\" content=\"https:\/\/ratatamkids.com\/en\/produit\/set-de-dinette-corail\/\" \/>\n<meta property=\"og:site_name\" content=\"Ratatam Official Website\" \/>\n<meta property=\"article:publisher\" content=\"https:\/\/www.facebook.com\/Ratatamforhappykids\/\" \/>\n<meta property=\"article:modified_time\" content=\"2026-04-20T08:48:18+00:00\" \/>\n<meta property=\"og:image\" content=\"https:\/\/ratatamkids.com\/wp-content\/uploads\/2024\/09\/DINETTE-CORAIL-12-PIECES.jpg\" \/>\n\t<meta property=\"og:image:width\" content=\"2000\" \/>\n\t<meta property=\"og:image:height\" content=\"2000\" \/>\n\t<meta property=\"og:image:type\" content=\"image\/jpeg\" \/>\n<meta name=\"twitter:card\" content=\"summary_large_image\" \/>\n<meta name=\"twitter:label1\" content=\"Est. reading time\" \/>\n\t<meta name=\"twitter:data1\" content=\"2 minutes\" \/>\n<script type=\"application\/ld+json\" class=\"yoast-schema-graph\">{\"@context\":\"https:\/\/schema.org\",\"@graph\":[{\"@type\":\"WebPage\",\"@id\":\"https:\/\/ratatamkids.com\/en\/produit\/set-de-dinette-corail\/\",\"url\":\"https:\/\/ratatamkids.com\/en\/produit\/set-de-dinette-corail\/\",\"name\":\"Set de dinette - Corail - Ratatam Official Website\",\"isPartOf\":{\"@id\":\"https:\/\/ratatamkids.com\/en\/#website\"},\"primaryImageOfPage\":{\"@id\":\"https:\/\/ratatamkids.com\/en\/produit\/set-de-dinette-corail\/#primaryimage\"},\"image\":{\"@id\":\"https:\/\/ratatamkids.com\/en\/produit\/set-de-dinette-corail\/#primaryimage\"},\"thumbnailUrl\":\"https:\/\/ratatamkids.com\/wp-content\/uploads\/2024\/09\/DINETTE-CORAIL-12-PIECES.jpg\",\"datePublished\":\"2024-09-02T15:25:15+00:00\",\"dateModified\":\"2026-04-20T08:48:18+00:00\",\"description\":\"Set de d\u00eenette en plastique jaune pour petits chefs : cocotte, assiettes, po\u00eale, rouleau \u00e0 p\u00e2tisserie, chauffe-plat, sel, poivre, couteau, spatule, bols et plus.\",\"breadcrumb\":{\"@id\":\"https:\/\/ratatamkids.com\/en\/produit\/set-de-dinette-corail\/#breadcrumb\"},\"inLanguage\":\"en-US\",\"potentialAction\":[{\"@type\":\"ReadAction\",\"target\":[\"https:\/\/ratatamkids.com\/en\/produit\/set-de-dinette-corail\/\"]}]},{\"@type\":\"ImageObject\",\"inLanguage\":\"en-US\",\"@id\":\"https:\/\/ratatamkids.com\/en\/produit\/set-de-dinette-corail\/#primaryimage\",\"url\":\"https:\/\/ratatamkids.com\/wp-content\/uploads\/2024\/09\/DINETTE-CORAIL-12-PIECES.jpg\",\"contentUrl\":\"https:\/\/ratatamkids.com\/wp-content\/uploads\/2024\/09\/DINETTE-CORAIL-12-PIECES.jpg\",\"width\":2000,\"height\":2000},{\"@type\":\"BreadcrumbList\",\"@id\":\"https:\/\/ratatamkids.com\/en\/produit\/set-de-dinette-corail\/#breadcrumb\",\"itemListElement\":[{\"@type\":\"ListItem\",\"position\":1,\"name\":\"Accueil\",\"item\":\"https:\/\/ratatamkids.com\/en\/\"},{\"@type\":\"ListItem\",\"position\":2,\"name\":\"Shop\",\"item\":\"https:\/\/ratatamkids.com\/en\/shop\/\"},{\"@type\":\"ListItem\",\"position\":3,\"name\":\"La braderie\",\"item\":\"https:\/\/ratatamkids.com\/en\/categorie-produit\/braderie\/\"},{\"@type\":\"ListItem\",\"position\":4,\"name\":\"Set de dinette &#8211; Corail\"}]},{\"@type\":\"WebSite\",\"@id\":\"https:\/\/ratatamkids.com\/en\/#website\",\"url\":\"https:\/\/ratatamkids.com\/en\/\",\"name\":\"Ratatam Official Website\",\"description\":\"Cool brand for happy kids!\",\"potentialAction\":[{\"@type\":\"SearchAction\",\"target\":{\"@type\":\"EntryPoint\",\"urlTemplate\":\"https:\/\/ratatamkids.com\/en\/?s={search_term_string}\"},\"query-input\":{\"@type\":\"PropertyValueSpecification\",\"valueRequired\":true,\"valueName\":\"search_term_string\"}}],\"inLanguage\":\"en-US\"}]}<\/script>\n<!-- \/ Yoast SEO plugin. -->","yoast_head_json":{"title":"Set de dinette - Corail - Ratatam Official Website","description":"Set de d\u00eenette en plastique jaune pour petits chefs : cocotte, assiettes, po\u00eale, rouleau \u00e0 p\u00e2tisserie, chauffe-plat, sel, poivre, couteau, spatule, bols et plus.","robots":{"index":"index","follow":"follow","max-snippet":"max-snippet:-1","max-image-preview":"max-image-preview:large","max-video-preview":"max-video-preview:-1"},"canonical":"https:\/\/ratatamkids.com\/en\/produit\/set-de-dinette-corail\/","og_locale":"en_US","og_type":"article","og_title":"Set de dinette - Corail - Ratatam Official Website","og_description":"Set de d\u00eenette en plastique jaune pour petits chefs : cocotte, assiettes, po\u00eale, rouleau \u00e0 p\u00e2tisserie, chauffe-plat, sel, poivre, couteau, spatule, bols et plus.","og_url":"https:\/\/ratatamkids.com\/en\/produit\/set-de-dinette-corail\/","og_site_name":"Ratatam Official Website","article_publisher":"https:\/\/www.facebook.com\/Ratatamforhappykids\/","article_modified_time":"2026-04-20T08:48:18+00:00","og_image":[{"width":2000,"height":2000,"url":"https:\/\/ratatamkids.com\/wp-content\/uploads\/2024\/09\/DINETTE-CORAIL-12-PIECES.jpg","type":"image\/jpeg"}],"twitter_card":"summary_large_image","twitter_misc":{"Est. reading time":"2 minutes"},"schema":{"@context":"https:\/\/schema.org","@graph":[{"@type":"WebPage","@id":"https:\/\/ratatamkids.com\/en\/produit\/set-de-dinette-corail\/","url":"https:\/\/ratatamkids.com\/en\/produit\/set-de-dinette-corail\/","name":"Set de dinette - Corail - Ratatam Official Website","isPartOf":{"@id":"https:\/\/ratatamkids.com\/en\/#website"},"primaryImageOfPage":{"@id":"https:\/\/ratatamkids.com\/en\/produit\/set-de-dinette-corail\/#primaryimage"},"image":{"@id":"https:\/\/ratatamkids.com\/en\/produit\/set-de-dinette-corail\/#primaryimage"},"thumbnailUrl":"https:\/\/ratatamkids.com\/wp-content\/uploads\/2024\/09\/DINETTE-CORAIL-12-PIECES.jpg","datePublished":"2024-09-02T15:25:15+00:00","dateModified":"2026-04-20T08:48:18+00:00","description":"Set de d\u00eenette en plastique jaune pour petits chefs : cocotte, assiettes, po\u00eale, rouleau \u00e0 p\u00e2tisserie, chauffe-plat, sel, poivre, couteau, spatule, bols et plus.","breadcrumb":{"@id":"https:\/\/ratatamkids.com\/en\/produit\/set-de-dinette-corail\/#breadcrumb"},"inLanguage":"en-US","potentialAction":[{"@type":"ReadAction","target":["https:\/\/ratatamkids.com\/en\/produit\/set-de-dinette-corail\/"]}]},{"@type":"ImageObject","inLanguage":"en-US","@id":"https:\/\/ratatamkids.com\/en\/produit\/set-de-dinette-corail\/#primaryimage","url":"https:\/\/ratatamkids.com\/wp-content\/uploads\/2024\/09\/DINETTE-CORAIL-12-PIECES.jpg","contentUrl":"https:\/\/ratatamkids.com\/wp-content\/uploads\/2024\/09\/DINETTE-CORAIL-12-PIECES.jpg","width":2000,"height":2000},{"@type":"BreadcrumbList","@id":"https:\/\/ratatamkids.com\/en\/produit\/set-de-dinette-corail\/#breadcrumb","itemListElement":[{"@type":"ListItem","position":1,"name":"Accueil","item":"https:\/\/ratatamkids.com\/en\/"},{"@type":"ListItem","position":2,"name":"Shop","item":"https:\/\/ratatamkids.com\/en\/shop\/"},{"@type":"ListItem","position":3,"name":"La braderie","item":"https:\/\/ratatamkids.com\/en\/categorie-produit\/braderie\/"},{"@type":"ListItem","position":4,"name":"Set de dinette &#8211; Corail"}]},{"@type":"WebSite","@id":"https:\/\/ratatamkids.com\/en\/#website","url":"https:\/\/ratatamkids.com\/en\/","name":"Ratatam Official Website","description":"Cool brand for happy kids!","potentialAction":[{"@type":"SearchAction","target":{"@type":"EntryPoint","urlTemplate":"https:\/\/ratatamkids.com\/en\/?s={search_term_string}"},"query-input":{"@type":"PropertyValueSpecification","valueRequired":true,"valueName":"search_term_string"}}],"inLanguage":"en-US"}]}},"_links":{"self":[{"href":"https:\/\/ratatamkids.com\/en\/wp-json\/wp\/v2\/product\/34503","targetHints":{"allow":["GET"]}}],"collection":[{"href":"https:\/\/ratatamkids.com\/en\/wp-json\/wp\/v2\/product"}],"about":[{"href":"https:\/\/ratatamkids.com\/en\/wp-json\/wp\/v2\/types\/product"}],"replies":[{"embeddable":true,"href":"https:\/\/ratatamkids.com\/en\/wp-json\/wp\/v2\/comments?post=34503"}],"wp:featuredmedia":[{"embeddable":true,"href":"https:\/\/ratatamkids.com\/en\/wp-json\/wp\/v2\/media\/43132"}],"wp:attachment":[{"href":"https:\/\/ratatamkids.com\/en\/wp-json\/wp\/v2\/media?parent=34503"}],"wp:term":[{"taxonomy":"product_brand","embeddable":true,"href":"https:\/\/ratatamkids.com\/en\/wp-json\/wp\/v2\/product_brand?post=34503"},{"taxonomy":"product_cat","embeddable":true,"href":"https:\/\/ratatamkids.com\/en\/wp-json\/wp\/v2\/product_cat?post=34503"},{"taxonomy":"product_tag","embeddable":true,"href":"https:\/\/ratatamkids.com\/en\/wp-json\/wp\/v2\/product_tag?post=34503"}],"curies":[{"name":"wp","href":"https:\/\/api.w.org\/{rel}","templated":true}]}}