{"id":34366,"date":"2024-06-19T13:33:47","date_gmt":"2024-06-19T11:33:47","guid":{"rendered":"https:\/\/ratatamkids.com\/?post_type=product&#038;p=34366"},"modified":"2026-03-10T14:51:47","modified_gmt":"2026-03-10T13:51:47","slug":"ballon-football-18-cm-bleu","status":"publish","type":"product","link":"https:\/\/ratatamkids.com\/en\/produit\/ballon-football-18-cm-bleu\/","title":{"rendered":"Ballon football 18 cm &#8211; Bleu"},"content":{"rendered":"<h3><strong>\ud83c\udf1f D\u00e9couvrez le Ballon de Football Bleu Enfant pour un Match de R\u00eave ! \ud83c\udf1f<\/strong><\/h3>\n<p><strong>\ud83d\udc4b Salut les p&#8217;tits prodiges du foot ! \ud83d\udc4b<\/strong><\/p>\n<p>Pr\u00eats \u00e0 marquer des buts spectaculaires ? Avec notre ballon de football <strong>bleu<\/strong> de <strong>18 cm<\/strong>, chaque jeu devient une aventure incroyable ! Fabriqu\u00e9 avec soin en <strong>France<\/strong>, ce ballon est votre meilleur compagnon pour dominer le terrain et \u00e9clater de rire avec vos amis !<\/p>\n<p><strong>\ud83d\udc99 Pourquoi vous allez adorer ce ballon bleu ?<\/strong><\/p>\n<ul>\n<li><strong>\ud83d\udc5f Taille id\u00e9ale :<\/strong> Ses 18 cm sont parfaits pour les pieds rapides et les jambes pleines d&#8217;\u00e9nergie !<\/li>\n<li><strong>\ud83d\udee0\ufe0f Con\u00e7u en France :<\/strong> Fabriqu\u00e9 avec amour et expertise, ce ballon est aussi robuste que fun, parfait pour jouer sans mod\u00e9ration !<\/li>\n<li><strong>\ud83d\udca8 Super maniable :<\/strong> L\u00e9ger et facile \u00e0 manipuler, il vous permet de r\u00e9aliser des dribbles, des passes et des frappes incroyables !<\/li>\n<\/ul>\n<p><strong>\ud83d\udd35 Et ce n&#8217;est pas tout !<\/strong><\/p>\n<p>Dans notre collection, d\u00e9couvrez \u00e9galement les ballons de football en <strong>blanc<\/strong>, <strong>jaune<\/strong>, et <strong>rose<\/strong>, ainsi que nos ballons de <strong>basket<\/strong> et de <strong>handball<\/strong>. Changez de jeu et devenez le champion de toutes les disciplines !<\/p>\n<p><strong>Alors, pr\u00eat(e) \u00e0 devenir le\/a futur(e) Mbapp\u00e9? <\/strong><\/p>\n<p><strong>Enfiles tes chaussures, attrapes le ballon bleu et fais vibrer le terrain avec ton talent !<\/strong> \u26bd\ud83d\udc99<\/p>\n<p>Livr\u00e9 dans son emballage kraft<\/p>\n<p><em>Les ballons fabrication artisanale peuvent entra\u00eener de l\u00e9g\u00e8res variations de couleurs d&#8217;une s\u00e9rie \u00e0 l&#8217;autre.<\/em><\/p>\n","protected":false},"excerpt":{"rendered":"<p>Jouez comme un pro avec notre <strong>ballon de football bleu<\/strong> 18 cm pour enfants, <strong>fabriqu\u00e9 en France !<\/strong><\/p>\n<p>Parfait pour des heures de jeu fun et color\u00e9.<\/p>\n<p>D\u00e9couvrez aussi nos ballons de basket et handball.<\/p>\n<p><strong>Livraison rapide !<\/strong><\/p>\n","protected":false},"featured_media":34466,"comment_status":"open","ping_status":"closed","template":"","meta":{"_acf_changed":false},"product_brand":[],"product_cat":[147,19,181],"product_tag":[514],"class_list":{"0":"post-34366","1":"product","2":"type-product","3":"status-publish","4":"has-post-thumbnail","6":"product_cat-made-in-france","7":"product_cat-ballons","8":"product_cat-ballons-unis","9":"product_tag-toasty","11":"first","12":"instock","13":"taxable","14":"shipping-taxable","15":"purchasable","16":"product-type-simple"},"acf":[],"yoast_head":"<!-- This site is optimized with the Yoast SEO plugin v25.4 - https:\/\/yoast.com\/wordpress\/plugins\/seo\/ -->\n<title>Ballon football 18 cm - Bleu - Ratatam Official Website<\/title>\n<meta name=\"description\" content=\"Jouez comme un pro avec notre ballon de football bleu 18 cm pour enfants, fabriqu\u00e9 en France ! Livraison rapide Ratatam Kids\" \/>\n<meta name=\"robots\" content=\"index, follow, max-snippet:-1, max-image-preview:large, max-video-preview:-1\" \/>\n<link rel=\"canonical\" href=\"https:\/\/ratatamkids.com\/en\/produit\/ballon-football-18-cm-bleu\/\" \/>\n<meta property=\"og:locale\" content=\"en_US\" \/>\n<meta property=\"og:type\" content=\"article\" \/>\n<meta property=\"og:title\" content=\"Ballon football 18 cm - Bleu - Ratatam Official Website\" \/>\n<meta property=\"og:description\" content=\"Jouez comme un pro avec notre ballon de football bleu 18 cm pour enfants, fabriqu\u00e9 en France ! Livraison rapide Ratatam Kids\" \/>\n<meta property=\"og:url\" content=\"https:\/\/ratatamkids.com\/en\/produit\/ballon-football-18-cm-bleu\/\" \/>\n<meta property=\"og:site_name\" content=\"Ratatam Official Website\" \/>\n<meta property=\"article:publisher\" content=\"https:\/\/www.facebook.com\/Ratatamforhappykids\/\" \/>\n<meta property=\"article:modified_time\" content=\"2026-03-10T13:51:47+00:00\" \/>\n<meta property=\"og:image\" content=\"https:\/\/ratatamkids.com\/wp-content\/uploads\/2024\/06\/FB-016-BALLON-FOOTBALL-18CM-BLEU-RATATAM-KIDS-2.jpg\" \/>\n\t<meta property=\"og:image:width\" content=\"800\" \/>\n\t<meta property=\"og:image:height\" content=\"800\" \/>\n\t<meta property=\"og:image:type\" content=\"image\/jpeg\" \/>\n<meta name=\"twitter:card\" content=\"summary_large_image\" \/>\n<meta name=\"twitter:label1\" content=\"Est. reading time\" \/>\n\t<meta name=\"twitter:data1\" content=\"2 minutes\" \/>\n<script type=\"application\/ld+json\" class=\"yoast-schema-graph\">{\"@context\":\"https:\/\/schema.org\",\"@graph\":[{\"@type\":\"WebPage\",\"@id\":\"https:\/\/ratatamkids.com\/en\/produit\/ballon-football-18-cm-bleu\/\",\"url\":\"https:\/\/ratatamkids.com\/en\/produit\/ballon-football-18-cm-bleu\/\",\"name\":\"Ballon football 18 cm - Bleu - Ratatam Official Website\",\"isPartOf\":{\"@id\":\"https:\/\/ratatamkids.com\/en\/#website\"},\"primaryImageOfPage\":{\"@id\":\"https:\/\/ratatamkids.com\/en\/produit\/ballon-football-18-cm-bleu\/#primaryimage\"},\"image\":{\"@id\":\"https:\/\/ratatamkids.com\/en\/produit\/ballon-football-18-cm-bleu\/#primaryimage\"},\"thumbnailUrl\":\"https:\/\/ratatamkids.com\/wp-content\/uploads\/2024\/06\/FB-016-BALLON-FOOTBALL-18CM-BLEU-RATATAM-KIDS-2.jpg\",\"datePublished\":\"2024-06-19T11:33:47+00:00\",\"dateModified\":\"2026-03-10T13:51:47+00:00\",\"description\":\"Jouez comme un pro avec notre ballon de football bleu 18 cm pour enfants, fabriqu\u00e9 en France ! Livraison rapide Ratatam Kids\",\"breadcrumb\":{\"@id\":\"https:\/\/ratatamkids.com\/en\/produit\/ballon-football-18-cm-bleu\/#breadcrumb\"},\"inLanguage\":\"en-US\",\"potentialAction\":[{\"@type\":\"ReadAction\",\"target\":[\"https:\/\/ratatamkids.com\/en\/produit\/ballon-football-18-cm-bleu\/\"]}]},{\"@type\":\"ImageObject\",\"inLanguage\":\"en-US\",\"@id\":\"https:\/\/ratatamkids.com\/en\/produit\/ballon-football-18-cm-bleu\/#primaryimage\",\"url\":\"https:\/\/ratatamkids.com\/wp-content\/uploads\/2024\/06\/FB-016-BALLON-FOOTBALL-18CM-BLEU-RATATAM-KIDS-2.jpg\",\"contentUrl\":\"https:\/\/ratatamkids.com\/wp-content\/uploads\/2024\/06\/FB-016-BALLON-FOOTBALL-18CM-BLEU-RATATAM-KIDS-2.jpg\",\"width\":800,\"height\":800,\"caption\":\"BALLON DE FOOT BLEU 18 CM RATATAM KIDS FB-016\"},{\"@type\":\"BreadcrumbList\",\"@id\":\"https:\/\/ratatamkids.com\/en\/produit\/ballon-football-18-cm-bleu\/#breadcrumb\",\"itemListElement\":[{\"@type\":\"ListItem\",\"position\":1,\"name\":\"Accueil\",\"item\":\"https:\/\/ratatamkids.com\/en\/\"},{\"@type\":\"ListItem\",\"position\":2,\"name\":\"Shop\",\"item\":\"https:\/\/ratatamkids.com\/en\/shop\/\"},{\"@type\":\"ListItem\",\"position\":3,\"name\":\"Balloons\",\"item\":\"https:\/\/ratatamkids.com\/en\/categorie-produit\/balloons\/\"},{\"@type\":\"ListItem\",\"position\":4,\"name\":\"United balloons\",\"item\":\"https:\/\/ratatamkids.com\/en\/categorie-produit\/balloons\/united-balloons\/\"},{\"@type\":\"ListItem\",\"position\":5,\"name\":\"Ballon football 18 cm &#8211; Bleu\"}]},{\"@type\":\"WebSite\",\"@id\":\"https:\/\/ratatamkids.com\/en\/#website\",\"url\":\"https:\/\/ratatamkids.com\/en\/\",\"name\":\"Ratatam Official Website\",\"description\":\"Cool brand for happy kids!\",\"potentialAction\":[{\"@type\":\"SearchAction\",\"target\":{\"@type\":\"EntryPoint\",\"urlTemplate\":\"https:\/\/ratatamkids.com\/en\/?s={search_term_string}\"},\"query-input\":{\"@type\":\"PropertyValueSpecification\",\"valueRequired\":true,\"valueName\":\"search_term_string\"}}],\"inLanguage\":\"en-US\"}]}<\/script>\n<!-- \/ Yoast SEO plugin. -->","yoast_head_json":{"title":"Ballon football 18 cm - Bleu - Ratatam Official Website","description":"Jouez comme un pro avec notre ballon de football bleu 18 cm pour enfants, fabriqu\u00e9 en France ! Livraison rapide Ratatam Kids","robots":{"index":"index","follow":"follow","max-snippet":"max-snippet:-1","max-image-preview":"max-image-preview:large","max-video-preview":"max-video-preview:-1"},"canonical":"https:\/\/ratatamkids.com\/en\/produit\/ballon-football-18-cm-bleu\/","og_locale":"en_US","og_type":"article","og_title":"Ballon football 18 cm - Bleu - Ratatam Official Website","og_description":"Jouez comme un pro avec notre ballon de football bleu 18 cm pour enfants, fabriqu\u00e9 en France ! Livraison rapide Ratatam Kids","og_url":"https:\/\/ratatamkids.com\/en\/produit\/ballon-football-18-cm-bleu\/","og_site_name":"Ratatam Official Website","article_publisher":"https:\/\/www.facebook.com\/Ratatamforhappykids\/","article_modified_time":"2026-03-10T13:51:47+00:00","og_image":[{"width":800,"height":800,"url":"https:\/\/ratatamkids.com\/wp-content\/uploads\/2024\/06\/FB-016-BALLON-FOOTBALL-18CM-BLEU-RATATAM-KIDS-2.jpg","type":"image\/jpeg"}],"twitter_card":"summary_large_image","twitter_misc":{"Est. reading time":"2 minutes"},"schema":{"@context":"https:\/\/schema.org","@graph":[{"@type":"WebPage","@id":"https:\/\/ratatamkids.com\/en\/produit\/ballon-football-18-cm-bleu\/","url":"https:\/\/ratatamkids.com\/en\/produit\/ballon-football-18-cm-bleu\/","name":"Ballon football 18 cm - Bleu - Ratatam Official Website","isPartOf":{"@id":"https:\/\/ratatamkids.com\/en\/#website"},"primaryImageOfPage":{"@id":"https:\/\/ratatamkids.com\/en\/produit\/ballon-football-18-cm-bleu\/#primaryimage"},"image":{"@id":"https:\/\/ratatamkids.com\/en\/produit\/ballon-football-18-cm-bleu\/#primaryimage"},"thumbnailUrl":"https:\/\/ratatamkids.com\/wp-content\/uploads\/2024\/06\/FB-016-BALLON-FOOTBALL-18CM-BLEU-RATATAM-KIDS-2.jpg","datePublished":"2024-06-19T11:33:47+00:00","dateModified":"2026-03-10T13:51:47+00:00","description":"Jouez comme un pro avec notre ballon de football bleu 18 cm pour enfants, fabriqu\u00e9 en France ! Livraison rapide Ratatam Kids","breadcrumb":{"@id":"https:\/\/ratatamkids.com\/en\/produit\/ballon-football-18-cm-bleu\/#breadcrumb"},"inLanguage":"en-US","potentialAction":[{"@type":"ReadAction","target":["https:\/\/ratatamkids.com\/en\/produit\/ballon-football-18-cm-bleu\/"]}]},{"@type":"ImageObject","inLanguage":"en-US","@id":"https:\/\/ratatamkids.com\/en\/produit\/ballon-football-18-cm-bleu\/#primaryimage","url":"https:\/\/ratatamkids.com\/wp-content\/uploads\/2024\/06\/FB-016-BALLON-FOOTBALL-18CM-BLEU-RATATAM-KIDS-2.jpg","contentUrl":"https:\/\/ratatamkids.com\/wp-content\/uploads\/2024\/06\/FB-016-BALLON-FOOTBALL-18CM-BLEU-RATATAM-KIDS-2.jpg","width":800,"height":800,"caption":"BALLON DE FOOT BLEU 18 CM RATATAM KIDS FB-016"},{"@type":"BreadcrumbList","@id":"https:\/\/ratatamkids.com\/en\/produit\/ballon-football-18-cm-bleu\/#breadcrumb","itemListElement":[{"@type":"ListItem","position":1,"name":"Accueil","item":"https:\/\/ratatamkids.com\/en\/"},{"@type":"ListItem","position":2,"name":"Shop","item":"https:\/\/ratatamkids.com\/en\/shop\/"},{"@type":"ListItem","position":3,"name":"Balloons","item":"https:\/\/ratatamkids.com\/en\/categorie-produit\/balloons\/"},{"@type":"ListItem","position":4,"name":"United balloons","item":"https:\/\/ratatamkids.com\/en\/categorie-produit\/balloons\/united-balloons\/"},{"@type":"ListItem","position":5,"name":"Ballon football 18 cm &#8211; Bleu"}]},{"@type":"WebSite","@id":"https:\/\/ratatamkids.com\/en\/#website","url":"https:\/\/ratatamkids.com\/en\/","name":"Ratatam Official Website","description":"Cool brand for happy kids!","potentialAction":[{"@type":"SearchAction","target":{"@type":"EntryPoint","urlTemplate":"https:\/\/ratatamkids.com\/en\/?s={search_term_string}"},"query-input":{"@type":"PropertyValueSpecification","valueRequired":true,"valueName":"search_term_string"}}],"inLanguage":"en-US"}]}},"_links":{"self":[{"href":"https:\/\/ratatamkids.com\/en\/wp-json\/wp\/v2\/product\/34366","targetHints":{"allow":["GET"]}}],"collection":[{"href":"https:\/\/ratatamkids.com\/en\/wp-json\/wp\/v2\/product"}],"about":[{"href":"https:\/\/ratatamkids.com\/en\/wp-json\/wp\/v2\/types\/product"}],"replies":[{"embeddable":true,"href":"https:\/\/ratatamkids.com\/en\/wp-json\/wp\/v2\/comments?post=34366"}],"wp:featuredmedia":[{"embeddable":true,"href":"https:\/\/ratatamkids.com\/en\/wp-json\/wp\/v2\/media\/34466"}],"wp:attachment":[{"href":"https:\/\/ratatamkids.com\/en\/wp-json\/wp\/v2\/media?parent=34366"}],"wp:term":[{"taxonomy":"product_brand","embeddable":true,"href":"https:\/\/ratatamkids.com\/en\/wp-json\/wp\/v2\/product_brand?post=34366"},{"taxonomy":"product_cat","embeddable":true,"href":"https:\/\/ratatamkids.com\/en\/wp-json\/wp\/v2\/product_cat?post=34366"},{"taxonomy":"product_tag","embeddable":true,"href":"https:\/\/ratatamkids.com\/en\/wp-json\/wp\/v2\/product_tag?post=34366"}],"curies":[{"name":"wp","href":"https:\/\/api.w.org\/{rel}","templated":true}]}}