{"id":34365,"date":"2024-06-19T13:33:28","date_gmt":"2024-06-19T11:33:28","guid":{"rendered":"https:\/\/ratatamkids.com\/?post_type=product&#038;p=34365"},"modified":"2026-03-10T14:52:02","modified_gmt":"2026-03-10T13:52:02","slug":"ballon-football-18-cm-jaune","status":"publish","type":"product","link":"https:\/\/ratatamkids.com\/en\/produit\/ballon-football-18-cm-jaune\/","title":{"rendered":"Ballon football 18 cm &#8211; Jaune"},"content":{"rendered":"<h4><strong>\ud83c\udf1f Embarques pour des matchs endiabl\u00e9s avec notre Ballon de Football Jaune Enfant ! \ud83c\udf1f<\/strong><\/h4>\n<p><strong>\ud83d\udc4b Salut p&#8217;tit champion et championne ! \ud83d\udc4b<\/strong><\/p>\n<p>Pr\u00eat(e) \u00e0 briller comme une \u00e9toile sur le terrain ? Attrape notre fantastique ballon de football <strong>jaune<\/strong> de <strong>18 cm<\/strong>, et pr\u00e9pares-toi \u00e0 des aventures footballistiques m\u00e9morables ! Fabriqu\u00e9 avec amour en <strong>France<\/strong>, ce ballon est id\u00e9al pour t&#8217;amuser, t\u2019entra\u00eener, et devenir aussi c\u00e9l\u00e8bre que ton joueur pr\u00e9f\u00e9r\u00e9 !<\/p>\n<p><strong>\ud83d\udc9b Pourquoi ce ballon jaune est ultra-cool ?<\/strong><\/p>\n<ul>\n<li><strong>\ud83d\udc5f Taille parfaite :<\/strong> Ses 18 cm le rendent id\u00e9al pour tes petites jambes rapides et tes pieds d\u00e9bordant d&#8217;\u00e9nergie !<\/li>\n<li><strong>\ud83d\udee0\ufe0f Fabrication fran\u00e7aise :<\/strong> Fi\u00e8rement con\u00e7u en France, ce ballon est robuste et pr\u00eat pour des heures de jeux intensifs !<\/li>\n<li><strong>\ud83d\udca8 Maniabilit\u00e9 incroyable :<\/strong> L\u00e9ger et facile \u00e0 manier, il te permet de dribbler, passer et frapper comme un pro !<\/li>\n<\/ul>\n<p><strong>\u26bd Bonus fun !<\/strong><\/p>\n<ul>\n<li><strong>\ud83d\udd25 Couleur \u00e9clatante :<\/strong> Ce jaune lumineux fait penser au ballon d&#8217;or&#8230; enfin, presque ! \ud83d\ude1c<\/li>\n<li><strong>\ud83d\udca5 Joue comme un pro :<\/strong> Parfait pour t&#8217;entra\u00eener \u00e0 marquer des buts \u00e9poustouflants, m\u00eame si tu n&#8217;es pas encore pr\u00eat(e) \u00e0 remplacer <a href=\"https:\/\/fr.wikipedia.org\/wiki\/Kylian_Mbapp%C3%A9\" target=\"_new\" rel=\"noreferrer noopener\">Kylian Mbapp\u00e9<\/a> ! \ud83d\ude09<\/li>\n<li><strong>\ud83e\ude84 Deviens une l\u00e9gende :<\/strong> Qui sait, peut-\u00eatre qu&#8217;un jour, tu auras ton propre geste technique viral, un peu comme <a href=\"https:\/\/fr.wikipedia.org\/wiki\/Cristiano_Ronaldo\" target=\"_new\" rel=\"noreferrer noopener\">Cristiano Ronaldo<\/a> qui fait des pirouettes sur le terrain ! \ud83d\ude06<\/li>\n<\/ul>\n<p><strong>\ud83d\udd04 Et attends, il y a plus !<\/strong><\/p>\n<p>Notre gamme de ballons ne s&#8217;arr\u00eate pas l\u00e0 ! D\u00e9couvre aussi nos ballons de football en <strong>bleu<\/strong>, <strong>blanc<\/strong>, et <strong>rose<\/strong>, ainsi que nos ballons de <strong>basket<\/strong> et de <strong>handball<\/strong>. Change de jeu, amuse-toi, et deviens le champion de toutes les disciplines !<\/p>\n<p><strong>Alors, enfiles tes crampons, attrape ton ballon jaune, et fais des \u00e9tincelles sur le terrain !<\/strong> \u26bd\ud83d\udc9b<\/p>\n<p>Fabriqu\u00e9 en France<\/p>\n<p>PVC sans phtalates<\/p>\n<p>4 couleurs disponibles: Jaune, bleu, blanc et rose<\/p>\n<p>Livr\u00e9 dans son emballage kraft<\/p>\n<p><em>Les ballons fabrication artisanale peuvent entra\u00eener de l\u00e9g\u00e8res variations de couleurs d&#8217;une s\u00e9rie \u00e0 l&#8217;autre.<\/em><\/p>\n","protected":false},"excerpt":{"rendered":"<p>Deviens le roi du terrain avec notre ballon de <strong>football jaune 18 cm,<\/strong> fabriqu\u00e9 en <strong>France<\/strong> !<\/p>\n<p>Amusant et r\u00e9sistant, parfait pour jouer comme un pro.<\/p>\n<p>D\u00e9couvre aussi nos ballons de basket et handball.<\/p>\n<p><strong> Livraison rapide !<\/strong><\/p>\n","protected":false},"featured_media":34471,"comment_status":"open","ping_status":"closed","template":"","meta":{"_acf_changed":false},"product_brand":[],"product_cat":[147,19,181],"product_tag":[514],"class_list":{"0":"post-34365","1":"product","2":"type-product","3":"status-publish","4":"has-post-thumbnail","6":"product_cat-made-in-france","7":"product_cat-ballons","8":"product_cat-ballons-unis","9":"product_tag-toasty","11":"first","12":"instock","13":"taxable","14":"shipping-taxable","15":"purchasable","16":"product-type-simple"},"acf":[],"yoast_head":"<!-- This site is optimized with the Yoast SEO plugin v25.4 - https:\/\/yoast.com\/wordpress\/plugins\/seo\/ -->\n<title>Ballon football 18 cm - Jaune - Ratatam Official Website<\/title>\n<meta name=\"description\" content=\"Deviens le roi du terrain avec notre ballon de football jaune 18 cm, fabriqu\u00e9 en France ! Amusant et r\u00e9sistant. Livraison rapide !\" \/>\n<meta name=\"robots\" content=\"index, follow, max-snippet:-1, max-image-preview:large, max-video-preview:-1\" \/>\n<link rel=\"canonical\" href=\"https:\/\/ratatamkids.com\/en\/produit\/ballon-football-18-cm-jaune\/\" \/>\n<meta property=\"og:locale\" content=\"en_US\" \/>\n<meta property=\"og:type\" content=\"article\" \/>\n<meta property=\"og:title\" content=\"Ballon football 18 cm - Jaune - Ratatam Official Website\" \/>\n<meta property=\"og:description\" content=\"Deviens le roi du terrain avec notre ballon de football jaune 18 cm, fabriqu\u00e9 en France ! Amusant et r\u00e9sistant. Livraison rapide !\" \/>\n<meta property=\"og:url\" content=\"https:\/\/ratatamkids.com\/en\/produit\/ballon-football-18-cm-jaune\/\" \/>\n<meta property=\"og:site_name\" content=\"Ratatam Official Website\" \/>\n<meta property=\"article:publisher\" content=\"https:\/\/www.facebook.com\/Ratatamforhappykids\/\" \/>\n<meta property=\"article:modified_time\" content=\"2026-03-10T13:52:02+00:00\" \/>\n<meta property=\"og:image\" content=\"https:\/\/ratatamkids.com\/wp-content\/uploads\/2024\/06\/FB-015-BALLON-FOOTBALL-18CM-JAUNE-RATATAM-KIDS-1.jpg\" \/>\n\t<meta property=\"og:image:width\" content=\"800\" \/>\n\t<meta property=\"og:image:height\" content=\"800\" \/>\n\t<meta property=\"og:image:type\" content=\"image\/jpeg\" \/>\n<meta name=\"twitter:card\" content=\"summary_large_image\" \/>\n<meta name=\"twitter:label1\" content=\"Est. reading time\" \/>\n\t<meta name=\"twitter:data1\" content=\"2 minutes\" \/>\n<script type=\"application\/ld+json\" class=\"yoast-schema-graph\">{\"@context\":\"https:\/\/schema.org\",\"@graph\":[{\"@type\":\"WebPage\",\"@id\":\"https:\/\/ratatamkids.com\/en\/produit\/ballon-football-18-cm-jaune\/\",\"url\":\"https:\/\/ratatamkids.com\/en\/produit\/ballon-football-18-cm-jaune\/\",\"name\":\"Ballon football 18 cm - Jaune - Ratatam Official Website\",\"isPartOf\":{\"@id\":\"https:\/\/ratatamkids.com\/en\/#website\"},\"primaryImageOfPage\":{\"@id\":\"https:\/\/ratatamkids.com\/en\/produit\/ballon-football-18-cm-jaune\/#primaryimage\"},\"image\":{\"@id\":\"https:\/\/ratatamkids.com\/en\/produit\/ballon-football-18-cm-jaune\/#primaryimage\"},\"thumbnailUrl\":\"https:\/\/ratatamkids.com\/wp-content\/uploads\/2024\/06\/FB-015-BALLON-FOOTBALL-18CM-JAUNE-RATATAM-KIDS-1.jpg\",\"datePublished\":\"2024-06-19T11:33:28+00:00\",\"dateModified\":\"2026-03-10T13:52:02+00:00\",\"description\":\"Deviens le roi du terrain avec notre ballon de football jaune 18 cm, fabriqu\u00e9 en France ! Amusant et r\u00e9sistant. Livraison rapide !\",\"breadcrumb\":{\"@id\":\"https:\/\/ratatamkids.com\/en\/produit\/ballon-football-18-cm-jaune\/#breadcrumb\"},\"inLanguage\":\"en-US\",\"potentialAction\":[{\"@type\":\"ReadAction\",\"target\":[\"https:\/\/ratatamkids.com\/en\/produit\/ballon-football-18-cm-jaune\/\"]}]},{\"@type\":\"ImageObject\",\"inLanguage\":\"en-US\",\"@id\":\"https:\/\/ratatamkids.com\/en\/produit\/ballon-football-18-cm-jaune\/#primaryimage\",\"url\":\"https:\/\/ratatamkids.com\/wp-content\/uploads\/2024\/06\/FB-015-BALLON-FOOTBALL-18CM-JAUNE-RATATAM-KIDS-1.jpg\",\"contentUrl\":\"https:\/\/ratatamkids.com\/wp-content\/uploads\/2024\/06\/FB-015-BALLON-FOOTBALL-18CM-JAUNE-RATATAM-KIDS-1.jpg\",\"width\":800,\"height\":800,\"caption\":\"BALLON DE FOOT 18 CM JAUNE RATATAM KIDS FB-015\"},{\"@type\":\"BreadcrumbList\",\"@id\":\"https:\/\/ratatamkids.com\/en\/produit\/ballon-football-18-cm-jaune\/#breadcrumb\",\"itemListElement\":[{\"@type\":\"ListItem\",\"position\":1,\"name\":\"Accueil\",\"item\":\"https:\/\/ratatamkids.com\/en\/\"},{\"@type\":\"ListItem\",\"position\":2,\"name\":\"Shop\",\"item\":\"https:\/\/ratatamkids.com\/en\/shop\/\"},{\"@type\":\"ListItem\",\"position\":3,\"name\":\"Balloons\",\"item\":\"https:\/\/ratatamkids.com\/en\/categorie-produit\/balloons\/\"},{\"@type\":\"ListItem\",\"position\":4,\"name\":\"United balloons\",\"item\":\"https:\/\/ratatamkids.com\/en\/categorie-produit\/balloons\/united-balloons\/\"},{\"@type\":\"ListItem\",\"position\":5,\"name\":\"Ballon football 18 cm &#8211; Jaune\"}]},{\"@type\":\"WebSite\",\"@id\":\"https:\/\/ratatamkids.com\/en\/#website\",\"url\":\"https:\/\/ratatamkids.com\/en\/\",\"name\":\"Ratatam Official Website\",\"description\":\"Cool brand for happy kids!\",\"potentialAction\":[{\"@type\":\"SearchAction\",\"target\":{\"@type\":\"EntryPoint\",\"urlTemplate\":\"https:\/\/ratatamkids.com\/en\/?s={search_term_string}\"},\"query-input\":{\"@type\":\"PropertyValueSpecification\",\"valueRequired\":true,\"valueName\":\"search_term_string\"}}],\"inLanguage\":\"en-US\"}]}<\/script>\n<!-- \/ Yoast SEO plugin. -->","yoast_head_json":{"title":"Ballon football 18 cm - Jaune - Ratatam Official Website","description":"Deviens le roi du terrain avec notre ballon de football jaune 18 cm, fabriqu\u00e9 en France ! Amusant et r\u00e9sistant. Livraison rapide !","robots":{"index":"index","follow":"follow","max-snippet":"max-snippet:-1","max-image-preview":"max-image-preview:large","max-video-preview":"max-video-preview:-1"},"canonical":"https:\/\/ratatamkids.com\/en\/produit\/ballon-football-18-cm-jaune\/","og_locale":"en_US","og_type":"article","og_title":"Ballon football 18 cm - Jaune - Ratatam Official Website","og_description":"Deviens le roi du terrain avec notre ballon de football jaune 18 cm, fabriqu\u00e9 en France ! Amusant et r\u00e9sistant. Livraison rapide !","og_url":"https:\/\/ratatamkids.com\/en\/produit\/ballon-football-18-cm-jaune\/","og_site_name":"Ratatam Official Website","article_publisher":"https:\/\/www.facebook.com\/Ratatamforhappykids\/","article_modified_time":"2026-03-10T13:52:02+00:00","og_image":[{"width":800,"height":800,"url":"https:\/\/ratatamkids.com\/wp-content\/uploads\/2024\/06\/FB-015-BALLON-FOOTBALL-18CM-JAUNE-RATATAM-KIDS-1.jpg","type":"image\/jpeg"}],"twitter_card":"summary_large_image","twitter_misc":{"Est. reading time":"2 minutes"},"schema":{"@context":"https:\/\/schema.org","@graph":[{"@type":"WebPage","@id":"https:\/\/ratatamkids.com\/en\/produit\/ballon-football-18-cm-jaune\/","url":"https:\/\/ratatamkids.com\/en\/produit\/ballon-football-18-cm-jaune\/","name":"Ballon football 18 cm - Jaune - Ratatam Official Website","isPartOf":{"@id":"https:\/\/ratatamkids.com\/en\/#website"},"primaryImageOfPage":{"@id":"https:\/\/ratatamkids.com\/en\/produit\/ballon-football-18-cm-jaune\/#primaryimage"},"image":{"@id":"https:\/\/ratatamkids.com\/en\/produit\/ballon-football-18-cm-jaune\/#primaryimage"},"thumbnailUrl":"https:\/\/ratatamkids.com\/wp-content\/uploads\/2024\/06\/FB-015-BALLON-FOOTBALL-18CM-JAUNE-RATATAM-KIDS-1.jpg","datePublished":"2024-06-19T11:33:28+00:00","dateModified":"2026-03-10T13:52:02+00:00","description":"Deviens le roi du terrain avec notre ballon de football jaune 18 cm, fabriqu\u00e9 en France ! Amusant et r\u00e9sistant. Livraison rapide !","breadcrumb":{"@id":"https:\/\/ratatamkids.com\/en\/produit\/ballon-football-18-cm-jaune\/#breadcrumb"},"inLanguage":"en-US","potentialAction":[{"@type":"ReadAction","target":["https:\/\/ratatamkids.com\/en\/produit\/ballon-football-18-cm-jaune\/"]}]},{"@type":"ImageObject","inLanguage":"en-US","@id":"https:\/\/ratatamkids.com\/en\/produit\/ballon-football-18-cm-jaune\/#primaryimage","url":"https:\/\/ratatamkids.com\/wp-content\/uploads\/2024\/06\/FB-015-BALLON-FOOTBALL-18CM-JAUNE-RATATAM-KIDS-1.jpg","contentUrl":"https:\/\/ratatamkids.com\/wp-content\/uploads\/2024\/06\/FB-015-BALLON-FOOTBALL-18CM-JAUNE-RATATAM-KIDS-1.jpg","width":800,"height":800,"caption":"BALLON DE FOOT 18 CM JAUNE RATATAM KIDS FB-015"},{"@type":"BreadcrumbList","@id":"https:\/\/ratatamkids.com\/en\/produit\/ballon-football-18-cm-jaune\/#breadcrumb","itemListElement":[{"@type":"ListItem","position":1,"name":"Accueil","item":"https:\/\/ratatamkids.com\/en\/"},{"@type":"ListItem","position":2,"name":"Shop","item":"https:\/\/ratatamkids.com\/en\/shop\/"},{"@type":"ListItem","position":3,"name":"Balloons","item":"https:\/\/ratatamkids.com\/en\/categorie-produit\/balloons\/"},{"@type":"ListItem","position":4,"name":"United balloons","item":"https:\/\/ratatamkids.com\/en\/categorie-produit\/balloons\/united-balloons\/"},{"@type":"ListItem","position":5,"name":"Ballon football 18 cm &#8211; Jaune"}]},{"@type":"WebSite","@id":"https:\/\/ratatamkids.com\/en\/#website","url":"https:\/\/ratatamkids.com\/en\/","name":"Ratatam Official Website","description":"Cool brand for happy kids!","potentialAction":[{"@type":"SearchAction","target":{"@type":"EntryPoint","urlTemplate":"https:\/\/ratatamkids.com\/en\/?s={search_term_string}"},"query-input":{"@type":"PropertyValueSpecification","valueRequired":true,"valueName":"search_term_string"}}],"inLanguage":"en-US"}]}},"_links":{"self":[{"href":"https:\/\/ratatamkids.com\/en\/wp-json\/wp\/v2\/product\/34365","targetHints":{"allow":["GET"]}}],"collection":[{"href":"https:\/\/ratatamkids.com\/en\/wp-json\/wp\/v2\/product"}],"about":[{"href":"https:\/\/ratatamkids.com\/en\/wp-json\/wp\/v2\/types\/product"}],"replies":[{"embeddable":true,"href":"https:\/\/ratatamkids.com\/en\/wp-json\/wp\/v2\/comments?post=34365"}],"wp:featuredmedia":[{"embeddable":true,"href":"https:\/\/ratatamkids.com\/en\/wp-json\/wp\/v2\/media\/34471"}],"wp:attachment":[{"href":"https:\/\/ratatamkids.com\/en\/wp-json\/wp\/v2\/media?parent=34365"}],"wp:term":[{"taxonomy":"product_brand","embeddable":true,"href":"https:\/\/ratatamkids.com\/en\/wp-json\/wp\/v2\/product_brand?post=34365"},{"taxonomy":"product_cat","embeddable":true,"href":"https:\/\/ratatamkids.com\/en\/wp-json\/wp\/v2\/product_cat?post=34365"},{"taxonomy":"product_tag","embeddable":true,"href":"https:\/\/ratatamkids.com\/en\/wp-json\/wp\/v2\/product_tag?post=34365"}],"curies":[{"name":"wp","href":"https:\/\/api.w.org\/{rel}","templated":true}]}}