{"id":34360,"date":"2024-06-19T13:26:56","date_gmt":"2024-06-19T11:26:56","guid":{"rendered":"https:\/\/ratatamkids.com\/?post_type=product&#038;p=34360"},"modified":"2026-03-10T14:53:20","modified_gmt":"2026-03-10T13:53:20","slug":"ballon-basketball-18-cm-rose","status":"publish","type":"product","link":"https:\/\/ratatamkids.com\/en\/produit\/ballon-basketball-18-cm-rose\/","title":{"rendered":"Ballon basketball 18 cm &#8211; Rose"},"content":{"rendered":"<p>A TOUS LES TONY PARKER EN HERBE !! \ud83c\udfc0<\/p>\n<p>En route sur le playground avec notre ballon de basket de 18 cm en PVC sans phtalates !<\/p>\n<h4><strong>Caract\u00e9ristiques :<\/strong><\/h4>\n<ul>\n<li><strong>Type de Produit :<\/strong> Ballon de basket joyeux \ud83c\udf1f<\/li>\n<li><strong>Diam\u00e8tre :<\/strong> 18 cm (parfait pour les petites mains) \u270b<\/li>\n<li><strong>Mat\u00e9riau :<\/strong> PVC sans phtalates, s\u00fbr pour les enfants \ud83d\udc76<\/li>\n<li><strong>Origine :<\/strong> Fabriqu\u00e9 en France, avec amour \ud83c\uddeb\ud83c\uddf7\ud83d\udc96<\/li>\n<li><strong>Texture :<\/strong> L\u00e9g\u00e8rement rugueux pour des dribbles magiques \u2728<\/li>\n<li><b>ROSE COMME UN BONBON\u00a0<\/b><\/li>\n<\/ul>\n<h4><strong>Plongez dans l&#8217;Aventure :<\/strong><\/h4>\n<p>\ud83c\udf1f <strong>Les R\u00eaves en Couleurs :<\/strong> Imaginez un ballon qui rebondit de bonheur dans les mains de vos petits aventuriers, avec des couleurs \u00e9clatantes qui captivent leur imagination. Choisissez parmi le jaune ensoleill\u00e9, le bleu ciel, le blanc \u00e9clatant, ou le rose bonbon \u2013 il y a une couleur pour chaque r\u00eave !<\/p>\n<p>\ud83c\udf1f <strong>Con\u00e7u pour les Super-H\u00e9ros :<\/strong> Ce ballon est fabriqu\u00e9 en France, dans un PVC sans phtalates, super s\u00fbr pour vos petits h\u00e9ros. Sa texture l\u00e9g\u00e8rement rugueuse assure une prise en main facile, m\u00eame pour les tout-petits qui s&#8217;initient \u00e0 la magie du basket.<\/p>\n<p>\ud83c\udf1f <strong>Un Compagnon Fid\u00e8le :<\/strong> L\u00e9ger et robuste, notre ballon est parfait pour des jeux \u00e0 la maison, dans le jardin ou au parc. Il encourage la coordination \u0153il-main et aide \u00e0 d\u00e9velopper les comp\u00e9tences motrices, tout en apportant une touche de joie \u00e0 chaque saut et rebond.<\/p>\n<ul>\n<li><strong>S\u00fbr et Doux :<\/strong> Gr\u00e2ce \u00e0 son PVC sans phtalates, ce ballon est aussi doux pour vos enfants que pour la plan\u00e8te \ud83c\udf0d.<\/li>\n<li><strong>Fabrication Fran\u00e7aise :<\/strong> Une qualit\u00e9 exceptionnelle qui combine tradition et innovation pour un jouet qui durera.<\/li>\n<li><strong>Ergonomique et Ludique :<\/strong> Sa surface l\u00e9g\u00e8rement textur\u00e9e assure une prise en main facile pour des heures de jeu sans fin<\/li>\n<\/ul>\n<p>Fabriqu\u00e9 en France<\/p>\n<p>PVC sans phtalates<\/p>\n<p>4 couleurs disponibles: Rose, Jaune, Bleu &amp; Blanc<\/p>\n<p>Livr\u00e9 dans sa bo\u00eete kraft<\/p>\n<p><em>Les ballons fabrication artisanale peuvent entra\u00eener de l\u00e9g\u00e8res variations de couleurs d&#8217;une s\u00e9rie \u00e0 l&#8217;autre.<\/em><\/p>\n","protected":false},"excerpt":{"rendered":"<p>Enflammez le <strong>playground<\/strong> avec notre ballon de basket de 18 cm en PVC sans phtalates, fabriqu\u00e9 en France.<\/p>\n<p>Disponible en jaune, bleu, blanc et rose.<\/p>\n<p>Parfait pour des aventures color\u00e9es \u00e0 l&#8217;int\u00e9rieur et \u00e0 l&#8217;ext\u00e9rieur !<\/p>\n<p>D\u00e9couvrez-le chez Ratatam Kids.<\/p>\n","protected":false},"featured_media":34369,"comment_status":"open","ping_status":"closed","template":"","meta":{"_acf_changed":false},"product_brand":[],"product_cat":[147,19,181],"product_tag":[514],"class_list":{"0":"post-34360","1":"product","2":"type-product","3":"status-publish","4":"has-post-thumbnail","6":"product_cat-made-in-france","7":"product_cat-ballons","8":"product_cat-ballons-unis","9":"product_tag-toasty","11":"first","12":"instock","13":"taxable","14":"shipping-taxable","15":"purchasable","16":"product-type-simple"},"acf":[],"yoast_head":"<!-- This site is optimized with the Yoast SEO plugin v25.4 - https:\/\/yoast.com\/wordpress\/plugins\/seo\/ -->\n<title>Ballon basketball 18 cm - Rose - Ratatam Official Website<\/title>\n<meta name=\"description\" content=\"Enflammez le playground avec notre ballon de basket de 18 cm en PVC sans phtalates, fabriqu\u00e9 en France ! D\u00e9couvrez-le chez Ratatam Kids.\" \/>\n<meta name=\"robots\" content=\"index, follow, max-snippet:-1, max-image-preview:large, max-video-preview:-1\" \/>\n<link rel=\"canonical\" href=\"https:\/\/ratatamkids.com\/en\/produit\/ballon-basketball-18-cm-rose\/\" \/>\n<meta property=\"og:locale\" content=\"en_US\" \/>\n<meta property=\"og:type\" content=\"article\" \/>\n<meta property=\"og:title\" content=\"Ballon basketball 18 cm - Rose - Ratatam Official Website\" \/>\n<meta property=\"og:description\" content=\"Enflammez le playground avec notre ballon de basket de 18 cm en PVC sans phtalates, fabriqu\u00e9 en France ! D\u00e9couvrez-le chez Ratatam Kids.\" \/>\n<meta property=\"og:url\" content=\"https:\/\/ratatamkids.com\/en\/produit\/ballon-basketball-18-cm-rose\/\" \/>\n<meta property=\"og:site_name\" content=\"Ratatam Official Website\" \/>\n<meta property=\"article:publisher\" content=\"https:\/\/www.facebook.com\/Ratatamforhappykids\/\" \/>\n<meta property=\"article:modified_time\" content=\"2026-03-10T13:53:20+00:00\" \/>\n<meta property=\"og:image\" content=\"https:\/\/ratatamkids.com\/wp-content\/uploads\/2024\/06\/BB-018-BALLON-BASKET-18-CM-ROSE-RATATAM-KIDS-1-scaled.jpg\" \/>\n\t<meta property=\"og:image:width\" content=\"2560\" \/>\n\t<meta property=\"og:image:height\" content=\"2560\" \/>\n\t<meta property=\"og:image:type\" content=\"image\/jpeg\" \/>\n<meta name=\"twitter:card\" content=\"summary_large_image\" \/>\n<meta name=\"twitter:label1\" content=\"Est. reading time\" \/>\n\t<meta name=\"twitter:data1\" content=\"2 minutes\" \/>\n<script type=\"application\/ld+json\" class=\"yoast-schema-graph\">{\"@context\":\"https:\/\/schema.org\",\"@graph\":[{\"@type\":\"WebPage\",\"@id\":\"https:\/\/ratatamkids.com\/en\/produit\/ballon-basketball-18-cm-rose\/\",\"url\":\"https:\/\/ratatamkids.com\/en\/produit\/ballon-basketball-18-cm-rose\/\",\"name\":\"Ballon basketball 18 cm - Rose - Ratatam Official Website\",\"isPartOf\":{\"@id\":\"https:\/\/ratatamkids.com\/en\/#website\"},\"primaryImageOfPage\":{\"@id\":\"https:\/\/ratatamkids.com\/en\/produit\/ballon-basketball-18-cm-rose\/#primaryimage\"},\"image\":{\"@id\":\"https:\/\/ratatamkids.com\/en\/produit\/ballon-basketball-18-cm-rose\/#primaryimage\"},\"thumbnailUrl\":\"https:\/\/ratatamkids.com\/wp-content\/uploads\/2024\/06\/BB-018-BALLON-BASKET-18-CM-ROSE-RATATAM-KIDS-1-scaled.jpg\",\"datePublished\":\"2024-06-19T11:26:56+00:00\",\"dateModified\":\"2026-03-10T13:53:20+00:00\",\"description\":\"Enflammez le playground avec notre ballon de basket de 18 cm en PVC sans phtalates, fabriqu\u00e9 en France ! D\u00e9couvrez-le chez Ratatam Kids.\",\"breadcrumb\":{\"@id\":\"https:\/\/ratatamkids.com\/en\/produit\/ballon-basketball-18-cm-rose\/#breadcrumb\"},\"inLanguage\":\"en-US\",\"potentialAction\":[{\"@type\":\"ReadAction\",\"target\":[\"https:\/\/ratatamkids.com\/en\/produit\/ballon-basketball-18-cm-rose\/\"]}]},{\"@type\":\"ImageObject\",\"inLanguage\":\"en-US\",\"@id\":\"https:\/\/ratatamkids.com\/en\/produit\/ballon-basketball-18-cm-rose\/#primaryimage\",\"url\":\"https:\/\/ratatamkids.com\/wp-content\/uploads\/2024\/06\/BB-018-BALLON-BASKET-18-CM-ROSE-RATATAM-KIDS-1-scaled.jpg\",\"contentUrl\":\"https:\/\/ratatamkids.com\/wp-content\/uploads\/2024\/06\/BB-018-BALLON-BASKET-18-CM-ROSE-RATATAM-KIDS-1-scaled.jpg\",\"width\":2560,\"height\":2560,\"caption\":\"BALLON BASKET ROSE 18 CM BB-018 RATATAM KIDS\"},{\"@type\":\"BreadcrumbList\",\"@id\":\"https:\/\/ratatamkids.com\/en\/produit\/ballon-basketball-18-cm-rose\/#breadcrumb\",\"itemListElement\":[{\"@type\":\"ListItem\",\"position\":1,\"name\":\"Accueil\",\"item\":\"https:\/\/ratatamkids.com\/en\/\"},{\"@type\":\"ListItem\",\"position\":2,\"name\":\"Shop\",\"item\":\"https:\/\/ratatamkids.com\/en\/shop\/\"},{\"@type\":\"ListItem\",\"position\":3,\"name\":\"Balloons\",\"item\":\"https:\/\/ratatamkids.com\/en\/categorie-produit\/balloons\/\"},{\"@type\":\"ListItem\",\"position\":4,\"name\":\"United balloons\",\"item\":\"https:\/\/ratatamkids.com\/en\/categorie-produit\/balloons\/united-balloons\/\"},{\"@type\":\"ListItem\",\"position\":5,\"name\":\"Ballon basketball 18 cm &#8211; Rose\"}]},{\"@type\":\"WebSite\",\"@id\":\"https:\/\/ratatamkids.com\/en\/#website\",\"url\":\"https:\/\/ratatamkids.com\/en\/\",\"name\":\"Ratatam Official Website\",\"description\":\"Cool brand for happy kids!\",\"potentialAction\":[{\"@type\":\"SearchAction\",\"target\":{\"@type\":\"EntryPoint\",\"urlTemplate\":\"https:\/\/ratatamkids.com\/en\/?s={search_term_string}\"},\"query-input\":{\"@type\":\"PropertyValueSpecification\",\"valueRequired\":true,\"valueName\":\"search_term_string\"}}],\"inLanguage\":\"en-US\"}]}<\/script>\n<!-- \/ Yoast SEO plugin. -->","yoast_head_json":{"title":"Ballon basketball 18 cm - Rose - Ratatam Official Website","description":"Enflammez le playground avec notre ballon de basket de 18 cm en PVC sans phtalates, fabriqu\u00e9 en France ! D\u00e9couvrez-le chez Ratatam Kids.","robots":{"index":"index","follow":"follow","max-snippet":"max-snippet:-1","max-image-preview":"max-image-preview:large","max-video-preview":"max-video-preview:-1"},"canonical":"https:\/\/ratatamkids.com\/en\/produit\/ballon-basketball-18-cm-rose\/","og_locale":"en_US","og_type":"article","og_title":"Ballon basketball 18 cm - Rose - Ratatam Official Website","og_description":"Enflammez le playground avec notre ballon de basket de 18 cm en PVC sans phtalates, fabriqu\u00e9 en France ! D\u00e9couvrez-le chez Ratatam Kids.","og_url":"https:\/\/ratatamkids.com\/en\/produit\/ballon-basketball-18-cm-rose\/","og_site_name":"Ratatam Official Website","article_publisher":"https:\/\/www.facebook.com\/Ratatamforhappykids\/","article_modified_time":"2026-03-10T13:53:20+00:00","og_image":[{"width":2560,"height":2560,"url":"https:\/\/ratatamkids.com\/wp-content\/uploads\/2024\/06\/BB-018-BALLON-BASKET-18-CM-ROSE-RATATAM-KIDS-1-scaled.jpg","type":"image\/jpeg"}],"twitter_card":"summary_large_image","twitter_misc":{"Est. reading time":"2 minutes"},"schema":{"@context":"https:\/\/schema.org","@graph":[{"@type":"WebPage","@id":"https:\/\/ratatamkids.com\/en\/produit\/ballon-basketball-18-cm-rose\/","url":"https:\/\/ratatamkids.com\/en\/produit\/ballon-basketball-18-cm-rose\/","name":"Ballon basketball 18 cm - Rose - Ratatam Official Website","isPartOf":{"@id":"https:\/\/ratatamkids.com\/en\/#website"},"primaryImageOfPage":{"@id":"https:\/\/ratatamkids.com\/en\/produit\/ballon-basketball-18-cm-rose\/#primaryimage"},"image":{"@id":"https:\/\/ratatamkids.com\/en\/produit\/ballon-basketball-18-cm-rose\/#primaryimage"},"thumbnailUrl":"https:\/\/ratatamkids.com\/wp-content\/uploads\/2024\/06\/BB-018-BALLON-BASKET-18-CM-ROSE-RATATAM-KIDS-1-scaled.jpg","datePublished":"2024-06-19T11:26:56+00:00","dateModified":"2026-03-10T13:53:20+00:00","description":"Enflammez le playground avec notre ballon de basket de 18 cm en PVC sans phtalates, fabriqu\u00e9 en France ! D\u00e9couvrez-le chez Ratatam Kids.","breadcrumb":{"@id":"https:\/\/ratatamkids.com\/en\/produit\/ballon-basketball-18-cm-rose\/#breadcrumb"},"inLanguage":"en-US","potentialAction":[{"@type":"ReadAction","target":["https:\/\/ratatamkids.com\/en\/produit\/ballon-basketball-18-cm-rose\/"]}]},{"@type":"ImageObject","inLanguage":"en-US","@id":"https:\/\/ratatamkids.com\/en\/produit\/ballon-basketball-18-cm-rose\/#primaryimage","url":"https:\/\/ratatamkids.com\/wp-content\/uploads\/2024\/06\/BB-018-BALLON-BASKET-18-CM-ROSE-RATATAM-KIDS-1-scaled.jpg","contentUrl":"https:\/\/ratatamkids.com\/wp-content\/uploads\/2024\/06\/BB-018-BALLON-BASKET-18-CM-ROSE-RATATAM-KIDS-1-scaled.jpg","width":2560,"height":2560,"caption":"BALLON BASKET ROSE 18 CM BB-018 RATATAM KIDS"},{"@type":"BreadcrumbList","@id":"https:\/\/ratatamkids.com\/en\/produit\/ballon-basketball-18-cm-rose\/#breadcrumb","itemListElement":[{"@type":"ListItem","position":1,"name":"Accueil","item":"https:\/\/ratatamkids.com\/en\/"},{"@type":"ListItem","position":2,"name":"Shop","item":"https:\/\/ratatamkids.com\/en\/shop\/"},{"@type":"ListItem","position":3,"name":"Balloons","item":"https:\/\/ratatamkids.com\/en\/categorie-produit\/balloons\/"},{"@type":"ListItem","position":4,"name":"United balloons","item":"https:\/\/ratatamkids.com\/en\/categorie-produit\/balloons\/united-balloons\/"},{"@type":"ListItem","position":5,"name":"Ballon basketball 18 cm &#8211; Rose"}]},{"@type":"WebSite","@id":"https:\/\/ratatamkids.com\/en\/#website","url":"https:\/\/ratatamkids.com\/en\/","name":"Ratatam Official Website","description":"Cool brand for happy kids!","potentialAction":[{"@type":"SearchAction","target":{"@type":"EntryPoint","urlTemplate":"https:\/\/ratatamkids.com\/en\/?s={search_term_string}"},"query-input":{"@type":"PropertyValueSpecification","valueRequired":true,"valueName":"search_term_string"}}],"inLanguage":"en-US"}]}},"_links":{"self":[{"href":"https:\/\/ratatamkids.com\/en\/wp-json\/wp\/v2\/product\/34360","targetHints":{"allow":["GET"]}}],"collection":[{"href":"https:\/\/ratatamkids.com\/en\/wp-json\/wp\/v2\/product"}],"about":[{"href":"https:\/\/ratatamkids.com\/en\/wp-json\/wp\/v2\/types\/product"}],"replies":[{"embeddable":true,"href":"https:\/\/ratatamkids.com\/en\/wp-json\/wp\/v2\/comments?post=34360"}],"wp:featuredmedia":[{"embeddable":true,"href":"https:\/\/ratatamkids.com\/en\/wp-json\/wp\/v2\/media\/34369"}],"wp:attachment":[{"href":"https:\/\/ratatamkids.com\/en\/wp-json\/wp\/v2\/media?parent=34360"}],"wp:term":[{"taxonomy":"product_brand","embeddable":true,"href":"https:\/\/ratatamkids.com\/en\/wp-json\/wp\/v2\/product_brand?post=34360"},{"taxonomy":"product_cat","embeddable":true,"href":"https:\/\/ratatamkids.com\/en\/wp-json\/wp\/v2\/product_cat?post=34360"},{"taxonomy":"product_tag","embeddable":true,"href":"https:\/\/ratatamkids.com\/en\/wp-json\/wp\/v2\/product_tag?post=34360"}],"curies":[{"name":"wp","href":"https:\/\/api.w.org\/{rel}","templated":true}]}}