{"id":33906,"date":"2024-05-17T13:52:28","date_gmt":"2024-05-17T11:52:28","guid":{"rendered":"https:\/\/ratatamkids.com\/?post_type=product&#038;p=33906"},"modified":"2026-04-20T10:48:04","modified_gmt":"2026-04-20T08:48:04","slug":"set-collier-bracelet-bonbon","status":"publish","type":"product","link":"https:\/\/ratatamkids.com\/en\/produit\/set-collier-bracelet-bonbon\/","title":{"rendered":"Set collier et bracelet bonbon"},"content":{"rendered":"<p>Set Collier + Bracelet Perles Multicolores Ratatam Kids<\/p>\n<p>Plongez dans une explosion de couleurs et de souvenirs sucr\u00e9s \u00a0avec notre Set Collier + Bracelet Perles Multicolores Ratatam Kids ! Ce set adorable et amusant rappelle les colliers bonbon de notre enfance, parfait pour ajouter une touche de gaiet\u00e9 et de fantaisie \u00e0 chaque tenue, que ce soit pour une soir\u00e9e sp\u00e9ciale ou une escapade au bord de la plage cet \u00e9t\u00e9 !<\/p>\n<p><strong>Caract\u00e9ristiques:<\/strong><\/p>\n<ul>\n<li><strong>Couleurs Acidul\u00e9es:<\/strong> Les perles multicolores de ce set sont aussi \u00e9clatantes que des bonbons, apportant une dose de bonheur et de fra\u00eecheur \u00e0 chaque look.<\/li>\n<li><strong>Design \u00c9lastique:<\/strong> Faciles \u00e0 enfiler, le collier et le bracelet sont mont\u00e9s sur un \u00e9lastique r\u00e9sistant, s&#8217;adaptant confortablement aussi bien aux enfants qu&#8217;aux mamans.<\/li>\n<li><strong>Style Ludique et Fun:<\/strong> Ce set est id\u00e9al pour toutes les occasions, des soir\u00e9es d&#8217;\u00e9t\u00e9 au bord de la plage aux moments de jeu et de f\u00eate avec les amis !<\/li>\n<\/ul>\n<p><strong>Polyvalence:<\/strong> Parfait pour les petites fashionistas et leurs mamans, ce set ajoute une touche de magie et de complicit\u00e9 interg\u00e9n\u00e9rationnelle \u00e0 chaque moment partag\u00e9 !<\/p>\n<p>Nos produits sont soigneusement choisis pour stimuler l&#8217;imagination, encourager le jeu et cr\u00e9er des souvenirs color\u00e9s et joyeux !<\/p>\n<p>Offrez-vous une explosion de couleurs et de bonheur avec notre Set Collier + Bracelet Perles Multicolores Ratatam Kids !<\/p>\n<p>Fabriqu\u00e9 en Chine<\/p>\n","protected":false},"excerpt":{"rendered":"<p>Set Collier + Bracelet Perles Multicolores Ratatam Kids<\/p>\n<p>Retournez en enfance avec la copie id\u00e9ale du fameux set bracelet &amp; collier bonbon !<\/p>\n","protected":false},"featured_media":39310,"comment_status":"open","ping_status":"closed","template":"","meta":{"_acf_changed":false},"product_brand":[],"product_cat":[557,23,235],"product_tag":[],"class_list":{"0":"post-33906","1":"product","2":"type-product","3":"status-publish","4":"has-post-thumbnail","6":"product_cat-black-week","7":"product_cat-accessoires","8":"product_cat-bijoux","10":"first","11":"instock","12":"taxable","13":"shipping-taxable","14":"purchasable","15":"product-type-simple"},"acf":[],"yoast_head":"<!-- This site is optimized with the Yoast SEO plugin v25.4 - https:\/\/yoast.com\/wordpress\/plugins\/seo\/ -->\n<title>Set collier et bracelet bonbon - Ratatam Official Website<\/title>\n<meta name=\"description\" content=\"Souvenirs doux de notre enfance avec le set bracelet et collier perles multicolores aux apparences du fameux collier bonbon. Ratatam Kids\" \/>\n<meta name=\"robots\" content=\"index, follow, max-snippet:-1, max-image-preview:large, max-video-preview:-1\" \/>\n<link rel=\"canonical\" href=\"https:\/\/ratatamkids.com\/en\/produit\/set-collier-bracelet-bonbon\/\" \/>\n<meta property=\"og:locale\" content=\"en_US\" \/>\n<meta property=\"og:type\" content=\"article\" \/>\n<meta property=\"og:title\" content=\"Set collier et bracelet bonbon - Ratatam Official Website\" \/>\n<meta property=\"og:description\" content=\"Souvenirs doux de notre enfance avec le set bracelet et collier perles multicolores aux apparences du fameux collier bonbon. Ratatam Kids\" \/>\n<meta property=\"og:url\" content=\"https:\/\/ratatamkids.com\/en\/produit\/set-collier-bracelet-bonbon\/\" \/>\n<meta property=\"og:site_name\" content=\"Ratatam Official Website\" \/>\n<meta property=\"article:publisher\" content=\"https:\/\/www.facebook.com\/Ratatamforhappykids\/\" \/>\n<meta property=\"article:modified_time\" content=\"2026-04-20T08:48:04+00:00\" \/>\n<meta property=\"og:image\" content=\"https:\/\/ratatamkids.com\/wp-content\/uploads\/2024\/05\/COLLIER-BRACELET-BONBON.png\" \/>\n\t<meta property=\"og:image:width\" content=\"2000\" \/>\n\t<meta property=\"og:image:height\" content=\"2000\" \/>\n\t<meta property=\"og:image:type\" content=\"image\/png\" \/>\n<meta name=\"twitter:card\" content=\"summary_large_image\" \/>\n<meta name=\"twitter:label1\" content=\"Est. reading time\" \/>\n\t<meta name=\"twitter:data1\" content=\"2 minutes\" \/>\n<script type=\"application\/ld+json\" class=\"yoast-schema-graph\">{\"@context\":\"https:\/\/schema.org\",\"@graph\":[{\"@type\":\"WebPage\",\"@id\":\"https:\/\/ratatamkids.com\/en\/produit\/set-collier-bracelet-bonbon\/\",\"url\":\"https:\/\/ratatamkids.com\/en\/produit\/set-collier-bracelet-bonbon\/\",\"name\":\"Set collier et bracelet bonbon - Ratatam Official Website\",\"isPartOf\":{\"@id\":\"https:\/\/ratatamkids.com\/en\/#website\"},\"primaryImageOfPage\":{\"@id\":\"https:\/\/ratatamkids.com\/en\/produit\/set-collier-bracelet-bonbon\/#primaryimage\"},\"image\":{\"@id\":\"https:\/\/ratatamkids.com\/en\/produit\/set-collier-bracelet-bonbon\/#primaryimage\"},\"thumbnailUrl\":\"https:\/\/ratatamkids.com\/wp-content\/uploads\/2024\/05\/COLLIER-BRACELET-BONBON.png\",\"datePublished\":\"2024-05-17T11:52:28+00:00\",\"dateModified\":\"2026-04-20T08:48:04+00:00\",\"description\":\"Souvenirs doux de notre enfance avec le set bracelet et collier perles multicolores aux apparences du fameux collier bonbon. Ratatam Kids\",\"breadcrumb\":{\"@id\":\"https:\/\/ratatamkids.com\/en\/produit\/set-collier-bracelet-bonbon\/#breadcrumb\"},\"inLanguage\":\"en-US\",\"potentialAction\":[{\"@type\":\"ReadAction\",\"target\":[\"https:\/\/ratatamkids.com\/en\/produit\/set-collier-bracelet-bonbon\/\"]}]},{\"@type\":\"ImageObject\",\"inLanguage\":\"en-US\",\"@id\":\"https:\/\/ratatamkids.com\/en\/produit\/set-collier-bracelet-bonbon\/#primaryimage\",\"url\":\"https:\/\/ratatamkids.com\/wp-content\/uploads\/2024\/05\/COLLIER-BRACELET-BONBON.png\",\"contentUrl\":\"https:\/\/ratatamkids.com\/wp-content\/uploads\/2024\/05\/COLLIER-BRACELET-BONBON.png\",\"width\":2000,\"height\":2000,\"caption\":\"SET COLLIER BRACELET BONBON RATATAM\"},{\"@type\":\"BreadcrumbList\",\"@id\":\"https:\/\/ratatamkids.com\/en\/produit\/set-collier-bracelet-bonbon\/#breadcrumb\",\"itemListElement\":[{\"@type\":\"ListItem\",\"position\":1,\"name\":\"Accueil\",\"item\":\"https:\/\/ratatamkids.com\/en\/\"},{\"@type\":\"ListItem\",\"position\":2,\"name\":\"Shop\",\"item\":\"https:\/\/ratatamkids.com\/en\/shop\/\"},{\"@type\":\"ListItem\",\"position\":3,\"name\":\"Accessories\",\"item\":\"https:\/\/ratatamkids.com\/en\/categorie-produit\/accessories\/\"},{\"@type\":\"ListItem\",\"position\":4,\"name\":\"Jewelry\",\"item\":\"https:\/\/ratatamkids.com\/en\/categorie-produit\/accessories\/jewelry\/\"},{\"@type\":\"ListItem\",\"position\":5,\"name\":\"Set collier et bracelet bonbon\"}]},{\"@type\":\"WebSite\",\"@id\":\"https:\/\/ratatamkids.com\/en\/#website\",\"url\":\"https:\/\/ratatamkids.com\/en\/\",\"name\":\"Ratatam Official Website\",\"description\":\"Cool brand for happy kids!\",\"potentialAction\":[{\"@type\":\"SearchAction\",\"target\":{\"@type\":\"EntryPoint\",\"urlTemplate\":\"https:\/\/ratatamkids.com\/en\/?s={search_term_string}\"},\"query-input\":{\"@type\":\"PropertyValueSpecification\",\"valueRequired\":true,\"valueName\":\"search_term_string\"}}],\"inLanguage\":\"en-US\"}]}<\/script>\n<!-- \/ Yoast SEO plugin. -->","yoast_head_json":{"title":"Set collier et bracelet bonbon - Ratatam Official Website","description":"Souvenirs doux de notre enfance avec le set bracelet et collier perles multicolores aux apparences du fameux collier bonbon. Ratatam Kids","robots":{"index":"index","follow":"follow","max-snippet":"max-snippet:-1","max-image-preview":"max-image-preview:large","max-video-preview":"max-video-preview:-1"},"canonical":"https:\/\/ratatamkids.com\/en\/produit\/set-collier-bracelet-bonbon\/","og_locale":"en_US","og_type":"article","og_title":"Set collier et bracelet bonbon - Ratatam Official Website","og_description":"Souvenirs doux de notre enfance avec le set bracelet et collier perles multicolores aux apparences du fameux collier bonbon. Ratatam Kids","og_url":"https:\/\/ratatamkids.com\/en\/produit\/set-collier-bracelet-bonbon\/","og_site_name":"Ratatam Official Website","article_publisher":"https:\/\/www.facebook.com\/Ratatamforhappykids\/","article_modified_time":"2026-04-20T08:48:04+00:00","og_image":[{"width":2000,"height":2000,"url":"https:\/\/ratatamkids.com\/wp-content\/uploads\/2024\/05\/COLLIER-BRACELET-BONBON.png","type":"image\/png"}],"twitter_card":"summary_large_image","twitter_misc":{"Est. reading time":"2 minutes"},"schema":{"@context":"https:\/\/schema.org","@graph":[{"@type":"WebPage","@id":"https:\/\/ratatamkids.com\/en\/produit\/set-collier-bracelet-bonbon\/","url":"https:\/\/ratatamkids.com\/en\/produit\/set-collier-bracelet-bonbon\/","name":"Set collier et bracelet bonbon - Ratatam Official Website","isPartOf":{"@id":"https:\/\/ratatamkids.com\/en\/#website"},"primaryImageOfPage":{"@id":"https:\/\/ratatamkids.com\/en\/produit\/set-collier-bracelet-bonbon\/#primaryimage"},"image":{"@id":"https:\/\/ratatamkids.com\/en\/produit\/set-collier-bracelet-bonbon\/#primaryimage"},"thumbnailUrl":"https:\/\/ratatamkids.com\/wp-content\/uploads\/2024\/05\/COLLIER-BRACELET-BONBON.png","datePublished":"2024-05-17T11:52:28+00:00","dateModified":"2026-04-20T08:48:04+00:00","description":"Souvenirs doux de notre enfance avec le set bracelet et collier perles multicolores aux apparences du fameux collier bonbon. Ratatam Kids","breadcrumb":{"@id":"https:\/\/ratatamkids.com\/en\/produit\/set-collier-bracelet-bonbon\/#breadcrumb"},"inLanguage":"en-US","potentialAction":[{"@type":"ReadAction","target":["https:\/\/ratatamkids.com\/en\/produit\/set-collier-bracelet-bonbon\/"]}]},{"@type":"ImageObject","inLanguage":"en-US","@id":"https:\/\/ratatamkids.com\/en\/produit\/set-collier-bracelet-bonbon\/#primaryimage","url":"https:\/\/ratatamkids.com\/wp-content\/uploads\/2024\/05\/COLLIER-BRACELET-BONBON.png","contentUrl":"https:\/\/ratatamkids.com\/wp-content\/uploads\/2024\/05\/COLLIER-BRACELET-BONBON.png","width":2000,"height":2000,"caption":"SET COLLIER BRACELET BONBON RATATAM"},{"@type":"BreadcrumbList","@id":"https:\/\/ratatamkids.com\/en\/produit\/set-collier-bracelet-bonbon\/#breadcrumb","itemListElement":[{"@type":"ListItem","position":1,"name":"Accueil","item":"https:\/\/ratatamkids.com\/en\/"},{"@type":"ListItem","position":2,"name":"Shop","item":"https:\/\/ratatamkids.com\/en\/shop\/"},{"@type":"ListItem","position":3,"name":"Accessories","item":"https:\/\/ratatamkids.com\/en\/categorie-produit\/accessories\/"},{"@type":"ListItem","position":4,"name":"Jewelry","item":"https:\/\/ratatamkids.com\/en\/categorie-produit\/accessories\/jewelry\/"},{"@type":"ListItem","position":5,"name":"Set collier et bracelet bonbon"}]},{"@type":"WebSite","@id":"https:\/\/ratatamkids.com\/en\/#website","url":"https:\/\/ratatamkids.com\/en\/","name":"Ratatam Official Website","description":"Cool brand for happy kids!","potentialAction":[{"@type":"SearchAction","target":{"@type":"EntryPoint","urlTemplate":"https:\/\/ratatamkids.com\/en\/?s={search_term_string}"},"query-input":{"@type":"PropertyValueSpecification","valueRequired":true,"valueName":"search_term_string"}}],"inLanguage":"en-US"}]}},"_links":{"self":[{"href":"https:\/\/ratatamkids.com\/en\/wp-json\/wp\/v2\/product\/33906","targetHints":{"allow":["GET"]}}],"collection":[{"href":"https:\/\/ratatamkids.com\/en\/wp-json\/wp\/v2\/product"}],"about":[{"href":"https:\/\/ratatamkids.com\/en\/wp-json\/wp\/v2\/types\/product"}],"replies":[{"embeddable":true,"href":"https:\/\/ratatamkids.com\/en\/wp-json\/wp\/v2\/comments?post=33906"}],"wp:featuredmedia":[{"embeddable":true,"href":"https:\/\/ratatamkids.com\/en\/wp-json\/wp\/v2\/media\/39310"}],"wp:attachment":[{"href":"https:\/\/ratatamkids.com\/en\/wp-json\/wp\/v2\/media?parent=33906"}],"wp:term":[{"taxonomy":"product_brand","embeddable":true,"href":"https:\/\/ratatamkids.com\/en\/wp-json\/wp\/v2\/product_brand?post=33906"},{"taxonomy":"product_cat","embeddable":true,"href":"https:\/\/ratatamkids.com\/en\/wp-json\/wp\/v2\/product_cat?post=33906"},{"taxonomy":"product_tag","embeddable":true,"href":"https:\/\/ratatamkids.com\/en\/wp-json\/wp\/v2\/product_tag?post=33906"}],"curies":[{"name":"wp","href":"https:\/\/api.w.org\/{rel}","templated":true}]}}