{"id":33718,"date":"2024-04-23T16:17:17","date_gmt":"2024-04-23T14:17:17","guid":{"rendered":"https:\/\/ratatamkids.com\/produit\/pince-fleur-jaune\/"},"modified":"2026-04-03T12:34:52","modified_gmt":"2026-04-03T10:34:52","slug":"pince-fleur-jaune","status":"publish","type":"product","link":"https:\/\/ratatamkids.com\/en\/produit\/pince-fleur-jaune\/","title":{"rendered":"Barrette Fleur Vahin\u00e9 &#8211; Jaune"},"content":{"rendered":"<p>Explorez notre incroyable pince \u00e0 cheveux en forme de fleur jaune, tout droit sortie d&#8217;un monde amusant et color\u00e9 !<\/p>\n<p>Ajoutez une dose de soleil et de bonne humeur \u00e0 vos coiffures ! Cette pince toute douce est le secret parfait pour capturer l&#8217;esprit joyeux des \u00eeles paradisiaques et transformer votre look en une aventure tropicale, peu importe o\u00f9 vous vous trouvez !<\/p>\n<p>Notre super pince \u00e0 fleur jaune hawa\u00efenne est comme une petite bouff\u00e9e de vacances : elle est fabriqu\u00e9e avec un tissu ultra-color\u00e9 qui \u00e9clate de joie ! Son motif de fleur \u00e9voque les couleurs chatoyantes d&#8217;un coucher de soleil sur une plage de sable fin, vous invitant \u00e0 un voyage rempli de surprises.<\/p>\n<p>Facile \u00e0 utiliser et tellement amusante, cette pince \u00e0 cheveux est parfaite pour tous les types de coiffures, des plus folles aux plus sages ! Que ce soit pour une journ\u00e9e \u00e0 la plage, une f\u00eate entre amis ou une journ\u00e9e remplie de jeux, notre pince \u00e0 fleur jaune hawa\u00efenne est l\u00e0 pour vous faire briller !<\/p>\n<p>Et devinez quoi ? Elle est fabriqu\u00e9e avec des mat\u00e9riaux magiques qui la rendent super solide ! Alors, pas besoin de vous inqui\u00e9ter, vous pouvez courir, sauter et danser toute la journ\u00e9e en gardant un look plein de peps !<\/p>\n<p>Disponible en 6 couleurs, violet, blanc, bleu, orange, rose et jaune !<\/p>\n<p>Fabriqu\u00e9e en Chine.<\/p>\n","protected":false},"excerpt":{"rendered":"<p>Apportez une touche florale \u00e0 la Ratatam aux coiffures de votre petit bout !<\/p>\n","protected":false},"featured_media":33746,"comment_status":"open","ping_status":"closed","template":"","meta":{"_acf_changed":false},"product_brand":[],"product_cat":[23,257],"product_tag":[],"class_list":{"0":"post-33718","1":"product","2":"type-product","3":"status-publish","4":"has-post-thumbnail","6":"product_cat-accessoires","7":"product_cat-accessoires-de-mode","9":"first","10":"instock","11":"taxable","12":"shipping-taxable","13":"purchasable","14":"product-type-simple"},"acf":[],"yoast_head":"<!-- This site is optimized with the Yoast SEO plugin v25.4 - https:\/\/yoast.com\/wordpress\/plugins\/seo\/ -->\n<title>Barrette Fleur Vahin\u00e9 - Jaune - Ratatam Official Website<\/title>\n<meta name=\"description\" content=\"Pince fleur jaune hawaienne pour toutes les coiffures funkys et girly ! Livraison offerte France Metropolitaine Ratatam Kids\" \/>\n<meta name=\"robots\" content=\"index, follow, max-snippet:-1, max-image-preview:large, max-video-preview:-1\" \/>\n<link rel=\"canonical\" href=\"https:\/\/ratatamkids.com\/en\/produit\/pince-fleur-jaune\/\" \/>\n<meta property=\"og:locale\" content=\"en_US\" \/>\n<meta property=\"og:type\" content=\"article\" \/>\n<meta property=\"og:title\" content=\"Barrette Fleur Vahin\u00e9 - Jaune - Ratatam Official Website\" \/>\n<meta property=\"og:description\" content=\"Pince fleur jaune hawaienne pour toutes les coiffures funkys et girly ! Livraison offerte France Metropolitaine Ratatam Kids\" \/>\n<meta property=\"og:url\" content=\"https:\/\/ratatamkids.com\/en\/produit\/pince-fleur-jaune\/\" \/>\n<meta property=\"og:site_name\" content=\"Ratatam Official Website\" \/>\n<meta property=\"article:publisher\" content=\"https:\/\/www.facebook.com\/Ratatamforhappykids\/\" \/>\n<meta property=\"article:modified_time\" content=\"2026-04-03T10:34:52+00:00\" \/>\n<meta property=\"og:image\" content=\"https:\/\/ratatamkids.com\/wp-content\/uploads\/2024\/04\/PF-Y007-PINCE-FLEUR-HAWAI-JAUNE.png\" \/>\n\t<meta property=\"og:image:width\" content=\"800\" \/>\n\t<meta property=\"og:image:height\" content=\"800\" \/>\n\t<meta property=\"og:image:type\" content=\"image\/png\" \/>\n<meta name=\"twitter:card\" content=\"summary_large_image\" \/>\n<meta name=\"twitter:label1\" content=\"Est. reading time\" \/>\n\t<meta name=\"twitter:data1\" content=\"2 minutes\" \/>\n<script type=\"application\/ld+json\" class=\"yoast-schema-graph\">{\"@context\":\"https:\/\/schema.org\",\"@graph\":[{\"@type\":\"WebPage\",\"@id\":\"https:\/\/ratatamkids.com\/en\/produit\/pince-fleur-jaune\/\",\"url\":\"https:\/\/ratatamkids.com\/en\/produit\/pince-fleur-jaune\/\",\"name\":\"Barrette Fleur Vahin\u00e9 - Jaune - Ratatam Official Website\",\"isPartOf\":{\"@id\":\"https:\/\/ratatamkids.com\/en\/#website\"},\"primaryImageOfPage\":{\"@id\":\"https:\/\/ratatamkids.com\/en\/produit\/pince-fleur-jaune\/#primaryimage\"},\"image\":{\"@id\":\"https:\/\/ratatamkids.com\/en\/produit\/pince-fleur-jaune\/#primaryimage\"},\"thumbnailUrl\":\"https:\/\/ratatamkids.com\/wp-content\/uploads\/2024\/04\/PF-Y007-PINCE-FLEUR-HAWAI-JAUNE.png\",\"datePublished\":\"2024-04-23T14:17:17+00:00\",\"dateModified\":\"2026-04-03T10:34:52+00:00\",\"description\":\"Pince fleur jaune hawaienne pour toutes les coiffures funkys et girly ! Livraison offerte France Metropolitaine Ratatam Kids\",\"breadcrumb\":{\"@id\":\"https:\/\/ratatamkids.com\/en\/produit\/pince-fleur-jaune\/#breadcrumb\"},\"inLanguage\":\"en-US\",\"potentialAction\":[{\"@type\":\"ReadAction\",\"target\":[\"https:\/\/ratatamkids.com\/en\/produit\/pince-fleur-jaune\/\"]}]},{\"@type\":\"ImageObject\",\"inLanguage\":\"en-US\",\"@id\":\"https:\/\/ratatamkids.com\/en\/produit\/pince-fleur-jaune\/#primaryimage\",\"url\":\"https:\/\/ratatamkids.com\/wp-content\/uploads\/2024\/04\/PF-Y007-PINCE-FLEUR-HAWAI-JAUNE.png\",\"contentUrl\":\"https:\/\/ratatamkids.com\/wp-content\/uploads\/2024\/04\/PF-Y007-PINCE-FLEUR-HAWAI-JAUNE.png\",\"width\":800,\"height\":800,\"caption\":\"PF-Y007 PINCE FLEUR HAWAI JAUNE RATATAM KIDS\"},{\"@type\":\"BreadcrumbList\",\"@id\":\"https:\/\/ratatamkids.com\/en\/produit\/pince-fleur-jaune\/#breadcrumb\",\"itemListElement\":[{\"@type\":\"ListItem\",\"position\":1,\"name\":\"Accueil\",\"item\":\"https:\/\/ratatamkids.com\/en\/\"},{\"@type\":\"ListItem\",\"position\":2,\"name\":\"Shop\",\"item\":\"https:\/\/ratatamkids.com\/en\/shop\/\"},{\"@type\":\"ListItem\",\"position\":3,\"name\":\"Accessories\",\"item\":\"https:\/\/ratatamkids.com\/en\/categorie-produit\/accessories\/\"},{\"@type\":\"ListItem\",\"position\":4,\"name\":\"Fashion Accessories\",\"item\":\"https:\/\/ratatamkids.com\/en\/categorie-produit\/accessories\/fashion-accessories\/\"},{\"@type\":\"ListItem\",\"position\":5,\"name\":\"Barrette Fleur Vahin\u00e9 &#8211; Jaune\"}]},{\"@type\":\"WebSite\",\"@id\":\"https:\/\/ratatamkids.com\/en\/#website\",\"url\":\"https:\/\/ratatamkids.com\/en\/\",\"name\":\"Ratatam Official Website\",\"description\":\"Cool brand for happy kids!\",\"potentialAction\":[{\"@type\":\"SearchAction\",\"target\":{\"@type\":\"EntryPoint\",\"urlTemplate\":\"https:\/\/ratatamkids.com\/en\/?s={search_term_string}\"},\"query-input\":{\"@type\":\"PropertyValueSpecification\",\"valueRequired\":true,\"valueName\":\"search_term_string\"}}],\"inLanguage\":\"en-US\"}]}<\/script>\n<!-- \/ Yoast SEO plugin. -->","yoast_head_json":{"title":"Barrette Fleur Vahin\u00e9 - Jaune - Ratatam Official Website","description":"Pince fleur jaune hawaienne pour toutes les coiffures funkys et girly ! Livraison offerte France Metropolitaine Ratatam Kids","robots":{"index":"index","follow":"follow","max-snippet":"max-snippet:-1","max-image-preview":"max-image-preview:large","max-video-preview":"max-video-preview:-1"},"canonical":"https:\/\/ratatamkids.com\/en\/produit\/pince-fleur-jaune\/","og_locale":"en_US","og_type":"article","og_title":"Barrette Fleur Vahin\u00e9 - Jaune - Ratatam Official Website","og_description":"Pince fleur jaune hawaienne pour toutes les coiffures funkys et girly ! Livraison offerte France Metropolitaine Ratatam Kids","og_url":"https:\/\/ratatamkids.com\/en\/produit\/pince-fleur-jaune\/","og_site_name":"Ratatam Official Website","article_publisher":"https:\/\/www.facebook.com\/Ratatamforhappykids\/","article_modified_time":"2026-04-03T10:34:52+00:00","og_image":[{"width":800,"height":800,"url":"https:\/\/ratatamkids.com\/wp-content\/uploads\/2024\/04\/PF-Y007-PINCE-FLEUR-HAWAI-JAUNE.png","type":"image\/png"}],"twitter_card":"summary_large_image","twitter_misc":{"Est. reading time":"2 minutes"},"schema":{"@context":"https:\/\/schema.org","@graph":[{"@type":"WebPage","@id":"https:\/\/ratatamkids.com\/en\/produit\/pince-fleur-jaune\/","url":"https:\/\/ratatamkids.com\/en\/produit\/pince-fleur-jaune\/","name":"Barrette Fleur Vahin\u00e9 - Jaune - Ratatam Official Website","isPartOf":{"@id":"https:\/\/ratatamkids.com\/en\/#website"},"primaryImageOfPage":{"@id":"https:\/\/ratatamkids.com\/en\/produit\/pince-fleur-jaune\/#primaryimage"},"image":{"@id":"https:\/\/ratatamkids.com\/en\/produit\/pince-fleur-jaune\/#primaryimage"},"thumbnailUrl":"https:\/\/ratatamkids.com\/wp-content\/uploads\/2024\/04\/PF-Y007-PINCE-FLEUR-HAWAI-JAUNE.png","datePublished":"2024-04-23T14:17:17+00:00","dateModified":"2026-04-03T10:34:52+00:00","description":"Pince fleur jaune hawaienne pour toutes les coiffures funkys et girly ! Livraison offerte France Metropolitaine Ratatam Kids","breadcrumb":{"@id":"https:\/\/ratatamkids.com\/en\/produit\/pince-fleur-jaune\/#breadcrumb"},"inLanguage":"en-US","potentialAction":[{"@type":"ReadAction","target":["https:\/\/ratatamkids.com\/en\/produit\/pince-fleur-jaune\/"]}]},{"@type":"ImageObject","inLanguage":"en-US","@id":"https:\/\/ratatamkids.com\/en\/produit\/pince-fleur-jaune\/#primaryimage","url":"https:\/\/ratatamkids.com\/wp-content\/uploads\/2024\/04\/PF-Y007-PINCE-FLEUR-HAWAI-JAUNE.png","contentUrl":"https:\/\/ratatamkids.com\/wp-content\/uploads\/2024\/04\/PF-Y007-PINCE-FLEUR-HAWAI-JAUNE.png","width":800,"height":800,"caption":"PF-Y007 PINCE FLEUR HAWAI JAUNE RATATAM KIDS"},{"@type":"BreadcrumbList","@id":"https:\/\/ratatamkids.com\/en\/produit\/pince-fleur-jaune\/#breadcrumb","itemListElement":[{"@type":"ListItem","position":1,"name":"Accueil","item":"https:\/\/ratatamkids.com\/en\/"},{"@type":"ListItem","position":2,"name":"Shop","item":"https:\/\/ratatamkids.com\/en\/shop\/"},{"@type":"ListItem","position":3,"name":"Accessories","item":"https:\/\/ratatamkids.com\/en\/categorie-produit\/accessories\/"},{"@type":"ListItem","position":4,"name":"Fashion Accessories","item":"https:\/\/ratatamkids.com\/en\/categorie-produit\/accessories\/fashion-accessories\/"},{"@type":"ListItem","position":5,"name":"Barrette Fleur Vahin\u00e9 &#8211; Jaune"}]},{"@type":"WebSite","@id":"https:\/\/ratatamkids.com\/en\/#website","url":"https:\/\/ratatamkids.com\/en\/","name":"Ratatam Official Website","description":"Cool brand for happy kids!","potentialAction":[{"@type":"SearchAction","target":{"@type":"EntryPoint","urlTemplate":"https:\/\/ratatamkids.com\/en\/?s={search_term_string}"},"query-input":{"@type":"PropertyValueSpecification","valueRequired":true,"valueName":"search_term_string"}}],"inLanguage":"en-US"}]}},"_links":{"self":[{"href":"https:\/\/ratatamkids.com\/en\/wp-json\/wp\/v2\/product\/33718","targetHints":{"allow":["GET"]}}],"collection":[{"href":"https:\/\/ratatamkids.com\/en\/wp-json\/wp\/v2\/product"}],"about":[{"href":"https:\/\/ratatamkids.com\/en\/wp-json\/wp\/v2\/types\/product"}],"replies":[{"embeddable":true,"href":"https:\/\/ratatamkids.com\/en\/wp-json\/wp\/v2\/comments?post=33718"}],"wp:featuredmedia":[{"embeddable":true,"href":"https:\/\/ratatamkids.com\/en\/wp-json\/wp\/v2\/media\/33746"}],"wp:attachment":[{"href":"https:\/\/ratatamkids.com\/en\/wp-json\/wp\/v2\/media?parent=33718"}],"wp:term":[{"taxonomy":"product_brand","embeddable":true,"href":"https:\/\/ratatamkids.com\/en\/wp-json\/wp\/v2\/product_brand?post=33718"},{"taxonomy":"product_cat","embeddable":true,"href":"https:\/\/ratatamkids.com\/en\/wp-json\/wp\/v2\/product_cat?post=33718"},{"taxonomy":"product_tag","embeddable":true,"href":"https:\/\/ratatamkids.com\/en\/wp-json\/wp\/v2\/product_tag?post=33718"}],"curies":[{"name":"wp","href":"https:\/\/api.w.org\/{rel}","templated":true}]}}