{"id":33527,"date":"2024-09-16T14:27:29","date_gmt":"2024-09-16T12:27:29","guid":{"rendered":"https:\/\/ratatamkids.com\/?post_type=product&#038;p=33527"},"modified":"2026-02-25T12:21:26","modified_gmt":"2026-02-25T11:21:26","slug":"malette-maquillage-rose","status":"publish","type":"product","link":"https:\/\/ratatamkids.com\/en\/produit\/malette-maquillage-rose\/","title":{"rendered":"Malette maquillage &#8211; Rose"},"content":{"rendered":"<h1>Malette \u00e0 Maquillage Rose Brillante &#8211; La Touche Glowy des Petits Stylistes! \ud83c\udfa8\ud83d\udc84<\/h1>\n<p>\u2728 Abracadabra ! Voici la malette de maquillage la plus magique et scintillante de l&#8217;univers des petites stars ! Avec cette malette rose brillante, pr\u00e9pare-toi \u00e0 plonger dans un monde de couleurs et d&#8217;imagination. Que tu veuilles te transformer en princesse, en f\u00e9e ou en super-h\u00e9ro\u00efne, tout est possible avec ces tr\u00e9sors maquillage ! \ud83d\udc95\ud83d\udc51<\/p>\n<p>Petit plus: \u00a0Un miroir pour admirer ta transformation ! \ud83d\ude0d<\/p>\n<p>Pourquoi on l&#8217;adore ?*<br \/>\nElle est *juste* trop belle ! Son design rose brillant capte la lumi\u00e8re comme par magie et te transforme en v\u00e9ritable artiste du maquillage. \u00c0 glisser sous le sapin ou \u00e0 offrir pour une journ\u00e9e sp\u00e9ciale, cette malette est parfaite pour jouer, cr\u00e9er, et surtout\u2026 s&#8217;amuser ! \ud83c\udf89\ud83c\udf88<\/p>\n<p>\ud83c\udf1f Le petit plus : Elle existe aussi en version OR, pour celles qui r\u00eavent de briller comme une star d&#8217;Hollywood ! \ud83c\udf1f<\/p>\n<p>Attention, avec cette malette, tu risques de devenir la maquilleuse officielle de toutes tes copines\u2026 et m\u00eame de maman ! \ud83d\ude1c<\/p>\n<p>Fabriqu\u00e9 en Chine<\/p>\n","protected":false},"excerpt":{"rendered":"<p>D\u00e9couvre la malette de maquillage rose brillante pour enfants, remplie de couleurs et d&#8217;\u00e9clat ! Transforme-toi en princesse ou super-h\u00e9ro\u00efne.<\/p>\n<p>Existe aussi en version or ! \u2728<\/p>\n","protected":false},"featured_media":35568,"comment_status":"open","ping_status":"closed","template":"","meta":{"_acf_changed":false},"product_brand":[],"product_cat":[23,233,240,236],"product_tag":[],"class_list":{"0":"post-33527","1":"product","2":"type-product","3":"status-publish","4":"has-post-thumbnail","6":"product_cat-accessoires","7":"product_cat-accessoires-a-paillettes-ratatam-kids","8":"product_cat-sacs","9":"product_cat-valisettes-pailletees","11":"first","12":"instock","13":"taxable","14":"shipping-taxable","15":"purchasable","16":"product-type-simple"},"acf":[],"yoast_head":"<!-- This site is optimized with the Yoast SEO plugin v25.4 - https:\/\/yoast.com\/wordpress\/plugins\/seo\/ -->\n<title>Malette maquillage - Rose - Ratatam Official Website<\/title>\n<meta name=\"description\" content=\"D\u00e9couvre la malette de maquillage rose brillante pour enfants, remplie de couleurs et d&#039;\u00e9clat ! Transforme-toi en princesse ou super-h\u00e9ro\u00efne.\" \/>\n<meta name=\"robots\" content=\"index, follow, max-snippet:-1, max-image-preview:large, max-video-preview:-1\" \/>\n<link rel=\"canonical\" href=\"https:\/\/ratatamkids.com\/en\/produit\/malette-maquillage-rose\/\" \/>\n<meta property=\"og:locale\" content=\"en_US\" \/>\n<meta property=\"og:type\" content=\"article\" \/>\n<meta property=\"og:title\" content=\"Malette maquillage - Rose - Ratatam Official Website\" \/>\n<meta property=\"og:description\" content=\"D\u00e9couvre la malette de maquillage rose brillante pour enfants, remplie de couleurs et d&#039;\u00e9clat ! Transforme-toi en princesse ou super-h\u00e9ro\u00efne.\" \/>\n<meta property=\"og:url\" content=\"https:\/\/ratatamkids.com\/en\/produit\/malette-maquillage-rose\/\" \/>\n<meta property=\"og:site_name\" content=\"Ratatam Official Website\" \/>\n<meta property=\"article:publisher\" content=\"https:\/\/www.facebook.com\/Ratatamforhappykids\/\" \/>\n<meta property=\"article:modified_time\" content=\"2026-02-25T11:21:26+00:00\" \/>\n<meta property=\"og:image\" content=\"https:\/\/ratatamkids.com\/wp-content\/uploads\/2024\/09\/M055-MALETTE-MAQUILLAGE-ROSE-1.jpg\" \/>\n\t<meta property=\"og:image:width\" content=\"800\" \/>\n\t<meta property=\"og:image:height\" content=\"800\" \/>\n\t<meta property=\"og:image:type\" content=\"image\/jpeg\" \/>\n<meta name=\"twitter:card\" content=\"summary_large_image\" \/>\n<meta name=\"twitter:label1\" content=\"Est. reading time\" \/>\n\t<meta name=\"twitter:data1\" content=\"2 minutes\" \/>\n<script type=\"application\/ld+json\" class=\"yoast-schema-graph\">{\"@context\":\"https:\/\/schema.org\",\"@graph\":[{\"@type\":\"WebPage\",\"@id\":\"https:\/\/ratatamkids.com\/en\/produit\/malette-maquillage-rose\/\",\"url\":\"https:\/\/ratatamkids.com\/en\/produit\/malette-maquillage-rose\/\",\"name\":\"Malette maquillage - Rose - Ratatam Official Website\",\"isPartOf\":{\"@id\":\"https:\/\/ratatamkids.com\/en\/#website\"},\"primaryImageOfPage\":{\"@id\":\"https:\/\/ratatamkids.com\/en\/produit\/malette-maquillage-rose\/#primaryimage\"},\"image\":{\"@id\":\"https:\/\/ratatamkids.com\/en\/produit\/malette-maquillage-rose\/#primaryimage\"},\"thumbnailUrl\":\"https:\/\/ratatamkids.com\/wp-content\/uploads\/2024\/09\/M055-MALETTE-MAQUILLAGE-ROSE-1.jpg\",\"datePublished\":\"2024-09-16T12:27:29+00:00\",\"dateModified\":\"2026-02-25T11:21:26+00:00\",\"description\":\"D\u00e9couvre la malette de maquillage rose brillante pour enfants, remplie de couleurs et d'\u00e9clat ! Transforme-toi en princesse ou super-h\u00e9ro\u00efne.\",\"breadcrumb\":{\"@id\":\"https:\/\/ratatamkids.com\/en\/produit\/malette-maquillage-rose\/#breadcrumb\"},\"inLanguage\":\"en-US\",\"potentialAction\":[{\"@type\":\"ReadAction\",\"target\":[\"https:\/\/ratatamkids.com\/en\/produit\/malette-maquillage-rose\/\"]}]},{\"@type\":\"ImageObject\",\"inLanguage\":\"en-US\",\"@id\":\"https:\/\/ratatamkids.com\/en\/produit\/malette-maquillage-rose\/#primaryimage\",\"url\":\"https:\/\/ratatamkids.com\/wp-content\/uploads\/2024\/09\/M055-MALETTE-MAQUILLAGE-ROSE-1.jpg\",\"contentUrl\":\"https:\/\/ratatamkids.com\/wp-content\/uploads\/2024\/09\/M055-MALETTE-MAQUILLAGE-ROSE-1.jpg\",\"width\":800,\"height\":800,\"caption\":\"MAQUILLAGE ROSE POUR ENFNATS RATATAM KIDS M055\"},{\"@type\":\"BreadcrumbList\",\"@id\":\"https:\/\/ratatamkids.com\/en\/produit\/malette-maquillage-rose\/#breadcrumb\",\"itemListElement\":[{\"@type\":\"ListItem\",\"position\":1,\"name\":\"Accueil\",\"item\":\"https:\/\/ratatamkids.com\/en\/\"},{\"@type\":\"ListItem\",\"position\":2,\"name\":\"Shop\",\"item\":\"https:\/\/ratatamkids.com\/en\/shop\/\"},{\"@type\":\"ListItem\",\"position\":3,\"name\":\"Accessories\",\"item\":\"https:\/\/ratatamkids.com\/en\/categorie-produit\/accessories\/\"},{\"@type\":\"ListItem\",\"position\":4,\"name\":\"Glitter Accessories\",\"item\":\"https:\/\/ratatamkids.com\/en\/categorie-produit\/accessories\/glitter-accessories\/\"},{\"@type\":\"ListItem\",\"position\":5,\"name\":\"Malette maquillage &#8211; Rose\"}]},{\"@type\":\"WebSite\",\"@id\":\"https:\/\/ratatamkids.com\/en\/#website\",\"url\":\"https:\/\/ratatamkids.com\/en\/\",\"name\":\"Ratatam Official Website\",\"description\":\"Cool brand for happy kids!\",\"potentialAction\":[{\"@type\":\"SearchAction\",\"target\":{\"@type\":\"EntryPoint\",\"urlTemplate\":\"https:\/\/ratatamkids.com\/en\/?s={search_term_string}\"},\"query-input\":{\"@type\":\"PropertyValueSpecification\",\"valueRequired\":true,\"valueName\":\"search_term_string\"}}],\"inLanguage\":\"en-US\"}]}<\/script>\n<!-- \/ Yoast SEO plugin. -->","yoast_head_json":{"title":"Malette maquillage - Rose - Ratatam Official Website","description":"D\u00e9couvre la malette de maquillage rose brillante pour enfants, remplie de couleurs et d'\u00e9clat ! Transforme-toi en princesse ou super-h\u00e9ro\u00efne.","robots":{"index":"index","follow":"follow","max-snippet":"max-snippet:-1","max-image-preview":"max-image-preview:large","max-video-preview":"max-video-preview:-1"},"canonical":"https:\/\/ratatamkids.com\/en\/produit\/malette-maquillage-rose\/","og_locale":"en_US","og_type":"article","og_title":"Malette maquillage - Rose - Ratatam Official Website","og_description":"D\u00e9couvre la malette de maquillage rose brillante pour enfants, remplie de couleurs et d'\u00e9clat ! Transforme-toi en princesse ou super-h\u00e9ro\u00efne.","og_url":"https:\/\/ratatamkids.com\/en\/produit\/malette-maquillage-rose\/","og_site_name":"Ratatam Official Website","article_publisher":"https:\/\/www.facebook.com\/Ratatamforhappykids\/","article_modified_time":"2026-02-25T11:21:26+00:00","og_image":[{"width":800,"height":800,"url":"https:\/\/ratatamkids.com\/wp-content\/uploads\/2024\/09\/M055-MALETTE-MAQUILLAGE-ROSE-1.jpg","type":"image\/jpeg"}],"twitter_card":"summary_large_image","twitter_misc":{"Est. reading time":"2 minutes"},"schema":{"@context":"https:\/\/schema.org","@graph":[{"@type":"WebPage","@id":"https:\/\/ratatamkids.com\/en\/produit\/malette-maquillage-rose\/","url":"https:\/\/ratatamkids.com\/en\/produit\/malette-maquillage-rose\/","name":"Malette maquillage - Rose - Ratatam Official Website","isPartOf":{"@id":"https:\/\/ratatamkids.com\/en\/#website"},"primaryImageOfPage":{"@id":"https:\/\/ratatamkids.com\/en\/produit\/malette-maquillage-rose\/#primaryimage"},"image":{"@id":"https:\/\/ratatamkids.com\/en\/produit\/malette-maquillage-rose\/#primaryimage"},"thumbnailUrl":"https:\/\/ratatamkids.com\/wp-content\/uploads\/2024\/09\/M055-MALETTE-MAQUILLAGE-ROSE-1.jpg","datePublished":"2024-09-16T12:27:29+00:00","dateModified":"2026-02-25T11:21:26+00:00","description":"D\u00e9couvre la malette de maquillage rose brillante pour enfants, remplie de couleurs et d'\u00e9clat ! Transforme-toi en princesse ou super-h\u00e9ro\u00efne.","breadcrumb":{"@id":"https:\/\/ratatamkids.com\/en\/produit\/malette-maquillage-rose\/#breadcrumb"},"inLanguage":"en-US","potentialAction":[{"@type":"ReadAction","target":["https:\/\/ratatamkids.com\/en\/produit\/malette-maquillage-rose\/"]}]},{"@type":"ImageObject","inLanguage":"en-US","@id":"https:\/\/ratatamkids.com\/en\/produit\/malette-maquillage-rose\/#primaryimage","url":"https:\/\/ratatamkids.com\/wp-content\/uploads\/2024\/09\/M055-MALETTE-MAQUILLAGE-ROSE-1.jpg","contentUrl":"https:\/\/ratatamkids.com\/wp-content\/uploads\/2024\/09\/M055-MALETTE-MAQUILLAGE-ROSE-1.jpg","width":800,"height":800,"caption":"MAQUILLAGE ROSE POUR ENFNATS RATATAM KIDS M055"},{"@type":"BreadcrumbList","@id":"https:\/\/ratatamkids.com\/en\/produit\/malette-maquillage-rose\/#breadcrumb","itemListElement":[{"@type":"ListItem","position":1,"name":"Accueil","item":"https:\/\/ratatamkids.com\/en\/"},{"@type":"ListItem","position":2,"name":"Shop","item":"https:\/\/ratatamkids.com\/en\/shop\/"},{"@type":"ListItem","position":3,"name":"Accessories","item":"https:\/\/ratatamkids.com\/en\/categorie-produit\/accessories\/"},{"@type":"ListItem","position":4,"name":"Glitter Accessories","item":"https:\/\/ratatamkids.com\/en\/categorie-produit\/accessories\/glitter-accessories\/"},{"@type":"ListItem","position":5,"name":"Malette maquillage &#8211; Rose"}]},{"@type":"WebSite","@id":"https:\/\/ratatamkids.com\/en\/#website","url":"https:\/\/ratatamkids.com\/en\/","name":"Ratatam Official Website","description":"Cool brand for happy kids!","potentialAction":[{"@type":"SearchAction","target":{"@type":"EntryPoint","urlTemplate":"https:\/\/ratatamkids.com\/en\/?s={search_term_string}"},"query-input":{"@type":"PropertyValueSpecification","valueRequired":true,"valueName":"search_term_string"}}],"inLanguage":"en-US"}]}},"_links":{"self":[{"href":"https:\/\/ratatamkids.com\/en\/wp-json\/wp\/v2\/product\/33527","targetHints":{"allow":["GET"]}}],"collection":[{"href":"https:\/\/ratatamkids.com\/en\/wp-json\/wp\/v2\/product"}],"about":[{"href":"https:\/\/ratatamkids.com\/en\/wp-json\/wp\/v2\/types\/product"}],"replies":[{"embeddable":true,"href":"https:\/\/ratatamkids.com\/en\/wp-json\/wp\/v2\/comments?post=33527"}],"wp:featuredmedia":[{"embeddable":true,"href":"https:\/\/ratatamkids.com\/en\/wp-json\/wp\/v2\/media\/35568"}],"wp:attachment":[{"href":"https:\/\/ratatamkids.com\/en\/wp-json\/wp\/v2\/media?parent=33527"}],"wp:term":[{"taxonomy":"product_brand","embeddable":true,"href":"https:\/\/ratatamkids.com\/en\/wp-json\/wp\/v2\/product_brand?post=33527"},{"taxonomy":"product_cat","embeddable":true,"href":"https:\/\/ratatamkids.com\/en\/wp-json\/wp\/v2\/product_cat?post=33527"},{"taxonomy":"product_tag","embeddable":true,"href":"https:\/\/ratatamkids.com\/en\/wp-json\/wp\/v2\/product_tag?post=33527"}],"curies":[{"name":"wp","href":"https:\/\/api.w.org\/{rel}","templated":true}]}}