{"id":33526,"date":"2024-09-16T14:23:28","date_gmt":"2024-09-16T12:23:28","guid":{"rendered":"https:\/\/ratatamkids.com\/?post_type=product&#038;p=33526"},"modified":"2026-04-12T10:18:38","modified_gmt":"2026-04-12T08:18:38","slug":"malette-maquillage-or","status":"publish","type":"product","link":"https:\/\/ratatamkids.com\/en\/produit\/malette-maquillage-or\/","title":{"rendered":"Malette maquillage &#8211; Or"},"content":{"rendered":"<p>Malette \u00e0 Maquillage Or Brillant &#8211; Pour Briller Comme Une Star ! \u2b50\ud83d\udc84<\/p>\n<p>\u2728 Bienvenue dans l&#8217;univers dor\u00e9 des petites fashionistas ! Avec cette malette \u00e0 maquillage couleur or, tu deviens la star du maquillage et du style. Par\u00e9e d&#8217;or et de glowyyyy, elle contient tout ce qu\u2019il faut pour te transformer en reine des podiums ou en f\u00e9e \u00e9tincelante ! \ud83d\udc51\ud83d\udcab<\/p>\n<p>Petit plus: \u00a0Un miroir pour admirer ton chef-d&#8217;\u0153uvre ! \ud83d\ude0d<\/p>\n<p>Pourquoi on l&#8217;adore ?<br \/>\nSon look or ultra brillant fait briller les yeux ! C\u2019est la malette parfaite pour un atelier maquillage entre copines, une f\u00eate d&#8217;anniversaire, ou juste pour s&#8217;amuser \u00e0 devenir une star. Qui n\u2019a jamais r\u00eav\u00e9 d\u2019une malette aussi styl\u00e9e ? \ud83c\udf89\ud83d\udc85<\/p>\n<p>\ud83c\udf38 Le petit plus : Elle existe aussi en version rose brillante, pour celles qui aiment voir la vie en rose ! \ud83c\udf38<\/p>\n<p>Pr\u00eat(e) \u00e0 illuminer la journ\u00e9e avec des paillettes plein les yeux ? Avec cette malette, tu es la star de la soir\u00e9e !\ud83d\ude0e\ud83d\udcab<\/p>\n<p>Fabriqu\u00e9 en Chine<\/p>\n","protected":false},"excerpt":{"rendered":"<p>Brille de mille feux avec la malette de maquillage or pour enfants ! Tout ce qu&#8217;il faut pour devenir une v\u00e9ritable star.<\/p>\n<p>Existe aussi en version rose brillante ! \u2728<\/p>\n","protected":false},"featured_media":35576,"comment_status":"open","ping_status":"closed","template":"","meta":{"_acf_changed":false},"product_brand":[],"product_cat":[23,233,240,236],"product_tag":[],"class_list":{"0":"post-33526","1":"product","2":"type-product","3":"status-publish","4":"has-post-thumbnail","6":"product_cat-accessoires","7":"product_cat-accessoires-a-paillettes-ratatam-kids","8":"product_cat-sacs","9":"product_cat-valisettes-pailletees","11":"first","12":"instock","13":"taxable","14":"shipping-taxable","15":"purchasable","16":"product-type-simple"},"acf":[],"yoast_head":"<!-- This site is optimized with the Yoast SEO plugin v25.4 - https:\/\/yoast.com\/wordpress\/plugins\/seo\/ -->\n<title>Malette maquillage - Or - Ratatam Official Website<\/title>\n<meta name=\"description\" content=\"Brille de mille feux avec la malette de maquillage or pour enfants ! Tout ce qu&#039;il faut pour devenir une v\u00e9ritable star.\" \/>\n<meta name=\"robots\" content=\"index, follow, max-snippet:-1, max-image-preview:large, max-video-preview:-1\" \/>\n<link rel=\"canonical\" href=\"https:\/\/ratatamkids.com\/en\/produit\/malette-maquillage-or\/\" \/>\n<meta property=\"og:locale\" content=\"en_US\" \/>\n<meta property=\"og:type\" content=\"article\" \/>\n<meta property=\"og:title\" content=\"Malette maquillage - Or - Ratatam Official Website\" \/>\n<meta property=\"og:description\" content=\"Brille de mille feux avec la malette de maquillage or pour enfants ! Tout ce qu&#039;il faut pour devenir une v\u00e9ritable star.\" \/>\n<meta property=\"og:url\" content=\"https:\/\/ratatamkids.com\/en\/produit\/malette-maquillage-or\/\" \/>\n<meta property=\"og:site_name\" content=\"Ratatam Official Website\" \/>\n<meta property=\"article:publisher\" content=\"https:\/\/www.facebook.com\/Ratatamforhappykids\/\" \/>\n<meta property=\"article:modified_time\" content=\"2026-04-12T08:18:38+00:00\" \/>\n<meta property=\"og:image\" content=\"https:\/\/ratatamkids.com\/wp-content\/uploads\/2024\/09\/M054-MALETTE-MAQUILLAGE-OR-1.jpg\" \/>\n\t<meta property=\"og:image:width\" content=\"800\" \/>\n\t<meta property=\"og:image:height\" content=\"800\" \/>\n\t<meta property=\"og:image:type\" content=\"image\/jpeg\" \/>\n<meta name=\"twitter:card\" content=\"summary_large_image\" \/>\n<meta name=\"twitter:label1\" content=\"Est. reading time\" \/>\n\t<meta name=\"twitter:data1\" content=\"1 minute\" \/>\n<script type=\"application\/ld+json\" class=\"yoast-schema-graph\">{\"@context\":\"https:\/\/schema.org\",\"@graph\":[{\"@type\":\"WebPage\",\"@id\":\"https:\/\/ratatamkids.com\/en\/produit\/malette-maquillage-or\/\",\"url\":\"https:\/\/ratatamkids.com\/en\/produit\/malette-maquillage-or\/\",\"name\":\"Malette maquillage - Or - Ratatam Official Website\",\"isPartOf\":{\"@id\":\"https:\/\/ratatamkids.com\/en\/#website\"},\"primaryImageOfPage\":{\"@id\":\"https:\/\/ratatamkids.com\/en\/produit\/malette-maquillage-or\/#primaryimage\"},\"image\":{\"@id\":\"https:\/\/ratatamkids.com\/en\/produit\/malette-maquillage-or\/#primaryimage\"},\"thumbnailUrl\":\"https:\/\/ratatamkids.com\/wp-content\/uploads\/2024\/09\/M054-MALETTE-MAQUILLAGE-OR-1.jpg\",\"datePublished\":\"2024-09-16T12:23:28+00:00\",\"dateModified\":\"2026-04-12T08:18:38+00:00\",\"description\":\"Brille de mille feux avec la malette de maquillage or pour enfants ! Tout ce qu'il faut pour devenir une v\u00e9ritable star.\",\"breadcrumb\":{\"@id\":\"https:\/\/ratatamkids.com\/en\/produit\/malette-maquillage-or\/#breadcrumb\"},\"inLanguage\":\"en-US\",\"potentialAction\":[{\"@type\":\"ReadAction\",\"target\":[\"https:\/\/ratatamkids.com\/en\/produit\/malette-maquillage-or\/\"]}]},{\"@type\":\"ImageObject\",\"inLanguage\":\"en-US\",\"@id\":\"https:\/\/ratatamkids.com\/en\/produit\/malette-maquillage-or\/#primaryimage\",\"url\":\"https:\/\/ratatamkids.com\/wp-content\/uploads\/2024\/09\/M054-MALETTE-MAQUILLAGE-OR-1.jpg\",\"contentUrl\":\"https:\/\/ratatamkids.com\/wp-content\/uploads\/2024\/09\/M054-MALETTE-MAQUILLAGE-OR-1.jpg\",\"width\":800,\"height\":800,\"caption\":\"MAQUILLAGE OR POUR ENFANTS RATATAM KIDS M054\"},{\"@type\":\"BreadcrumbList\",\"@id\":\"https:\/\/ratatamkids.com\/en\/produit\/malette-maquillage-or\/#breadcrumb\",\"itemListElement\":[{\"@type\":\"ListItem\",\"position\":1,\"name\":\"Accueil\",\"item\":\"https:\/\/ratatamkids.com\/en\/\"},{\"@type\":\"ListItem\",\"position\":2,\"name\":\"Shop\",\"item\":\"https:\/\/ratatamkids.com\/en\/shop\/\"},{\"@type\":\"ListItem\",\"position\":3,\"name\":\"Accessories\",\"item\":\"https:\/\/ratatamkids.com\/en\/categorie-produit\/accessories\/\"},{\"@type\":\"ListItem\",\"position\":4,\"name\":\"Glitter Accessories\",\"item\":\"https:\/\/ratatamkids.com\/en\/categorie-produit\/accessories\/glitter-accessories\/\"},{\"@type\":\"ListItem\",\"position\":5,\"name\":\"Malette maquillage &#8211; Or\"}]},{\"@type\":\"WebSite\",\"@id\":\"https:\/\/ratatamkids.com\/en\/#website\",\"url\":\"https:\/\/ratatamkids.com\/en\/\",\"name\":\"Ratatam Official Website\",\"description\":\"Cool brand for happy kids!\",\"potentialAction\":[{\"@type\":\"SearchAction\",\"target\":{\"@type\":\"EntryPoint\",\"urlTemplate\":\"https:\/\/ratatamkids.com\/en\/?s={search_term_string}\"},\"query-input\":{\"@type\":\"PropertyValueSpecification\",\"valueRequired\":true,\"valueName\":\"search_term_string\"}}],\"inLanguage\":\"en-US\"}]}<\/script>\n<!-- \/ Yoast SEO plugin. -->","yoast_head_json":{"title":"Malette maquillage - Or - Ratatam Official Website","description":"Brille de mille feux avec la malette de maquillage or pour enfants ! Tout ce qu'il faut pour devenir une v\u00e9ritable star.","robots":{"index":"index","follow":"follow","max-snippet":"max-snippet:-1","max-image-preview":"max-image-preview:large","max-video-preview":"max-video-preview:-1"},"canonical":"https:\/\/ratatamkids.com\/en\/produit\/malette-maquillage-or\/","og_locale":"en_US","og_type":"article","og_title":"Malette maquillage - Or - Ratatam Official Website","og_description":"Brille de mille feux avec la malette de maquillage or pour enfants ! Tout ce qu'il faut pour devenir une v\u00e9ritable star.","og_url":"https:\/\/ratatamkids.com\/en\/produit\/malette-maquillage-or\/","og_site_name":"Ratatam Official Website","article_publisher":"https:\/\/www.facebook.com\/Ratatamforhappykids\/","article_modified_time":"2026-04-12T08:18:38+00:00","og_image":[{"width":800,"height":800,"url":"https:\/\/ratatamkids.com\/wp-content\/uploads\/2024\/09\/M054-MALETTE-MAQUILLAGE-OR-1.jpg","type":"image\/jpeg"}],"twitter_card":"summary_large_image","twitter_misc":{"Est. reading time":"1 minute"},"schema":{"@context":"https:\/\/schema.org","@graph":[{"@type":"WebPage","@id":"https:\/\/ratatamkids.com\/en\/produit\/malette-maquillage-or\/","url":"https:\/\/ratatamkids.com\/en\/produit\/malette-maquillage-or\/","name":"Malette maquillage - Or - Ratatam Official Website","isPartOf":{"@id":"https:\/\/ratatamkids.com\/en\/#website"},"primaryImageOfPage":{"@id":"https:\/\/ratatamkids.com\/en\/produit\/malette-maquillage-or\/#primaryimage"},"image":{"@id":"https:\/\/ratatamkids.com\/en\/produit\/malette-maquillage-or\/#primaryimage"},"thumbnailUrl":"https:\/\/ratatamkids.com\/wp-content\/uploads\/2024\/09\/M054-MALETTE-MAQUILLAGE-OR-1.jpg","datePublished":"2024-09-16T12:23:28+00:00","dateModified":"2026-04-12T08:18:38+00:00","description":"Brille de mille feux avec la malette de maquillage or pour enfants ! Tout ce qu'il faut pour devenir une v\u00e9ritable star.","breadcrumb":{"@id":"https:\/\/ratatamkids.com\/en\/produit\/malette-maquillage-or\/#breadcrumb"},"inLanguage":"en-US","potentialAction":[{"@type":"ReadAction","target":["https:\/\/ratatamkids.com\/en\/produit\/malette-maquillage-or\/"]}]},{"@type":"ImageObject","inLanguage":"en-US","@id":"https:\/\/ratatamkids.com\/en\/produit\/malette-maquillage-or\/#primaryimage","url":"https:\/\/ratatamkids.com\/wp-content\/uploads\/2024\/09\/M054-MALETTE-MAQUILLAGE-OR-1.jpg","contentUrl":"https:\/\/ratatamkids.com\/wp-content\/uploads\/2024\/09\/M054-MALETTE-MAQUILLAGE-OR-1.jpg","width":800,"height":800,"caption":"MAQUILLAGE OR POUR ENFANTS RATATAM KIDS M054"},{"@type":"BreadcrumbList","@id":"https:\/\/ratatamkids.com\/en\/produit\/malette-maquillage-or\/#breadcrumb","itemListElement":[{"@type":"ListItem","position":1,"name":"Accueil","item":"https:\/\/ratatamkids.com\/en\/"},{"@type":"ListItem","position":2,"name":"Shop","item":"https:\/\/ratatamkids.com\/en\/shop\/"},{"@type":"ListItem","position":3,"name":"Accessories","item":"https:\/\/ratatamkids.com\/en\/categorie-produit\/accessories\/"},{"@type":"ListItem","position":4,"name":"Glitter Accessories","item":"https:\/\/ratatamkids.com\/en\/categorie-produit\/accessories\/glitter-accessories\/"},{"@type":"ListItem","position":5,"name":"Malette maquillage &#8211; Or"}]},{"@type":"WebSite","@id":"https:\/\/ratatamkids.com\/en\/#website","url":"https:\/\/ratatamkids.com\/en\/","name":"Ratatam Official Website","description":"Cool brand for happy kids!","potentialAction":[{"@type":"SearchAction","target":{"@type":"EntryPoint","urlTemplate":"https:\/\/ratatamkids.com\/en\/?s={search_term_string}"},"query-input":{"@type":"PropertyValueSpecification","valueRequired":true,"valueName":"search_term_string"}}],"inLanguage":"en-US"}]}},"_links":{"self":[{"href":"https:\/\/ratatamkids.com\/en\/wp-json\/wp\/v2\/product\/33526","targetHints":{"allow":["GET"]}}],"collection":[{"href":"https:\/\/ratatamkids.com\/en\/wp-json\/wp\/v2\/product"}],"about":[{"href":"https:\/\/ratatamkids.com\/en\/wp-json\/wp\/v2\/types\/product"}],"replies":[{"embeddable":true,"href":"https:\/\/ratatamkids.com\/en\/wp-json\/wp\/v2\/comments?post=33526"}],"wp:featuredmedia":[{"embeddable":true,"href":"https:\/\/ratatamkids.com\/en\/wp-json\/wp\/v2\/media\/35576"}],"wp:attachment":[{"href":"https:\/\/ratatamkids.com\/en\/wp-json\/wp\/v2\/media?parent=33526"}],"wp:term":[{"taxonomy":"product_brand","embeddable":true,"href":"https:\/\/ratatamkids.com\/en\/wp-json\/wp\/v2\/product_brand?post=33526"},{"taxonomy":"product_cat","embeddable":true,"href":"https:\/\/ratatamkids.com\/en\/wp-json\/wp\/v2\/product_cat?post=33526"},{"taxonomy":"product_tag","embeddable":true,"href":"https:\/\/ratatamkids.com\/en\/wp-json\/wp\/v2\/product_tag?post=33526"}],"curies":[{"name":"wp","href":"https:\/\/api.w.org\/{rel}","templated":true}]}}