{"id":33486,"date":"2024-08-18T13:09:56","date_gmt":"2024-08-18T11:09:56","guid":{"rendered":"https:\/\/ratatamkids.com\/?post_type=product&#038;p=33486"},"modified":"2026-04-20T10:49:42","modified_gmt":"2026-04-20T08:49:42","slug":"le-sac-banane-metallisee-violet","status":"publish","type":"product","link":"https:\/\/ratatamkids.com\/en\/produit\/le-sac-banane-metallisee-violet\/","title":{"rendered":"Le sac banane m\u00e9tallis\u00e9e &#8211; Violet"},"content":{"rendered":"<p>Plongez dans un univers de shinance avec notre Sac Banane M\u00e9tallique Ratatam Kids, con\u00e7u pour les enfants modernes en qu\u00eate d&#8217;aventure et de style ! Parfait pour ajouter une touche de brillance \u00e0 toutes vos tenues, ce sac banane couleur violet m\u00e9tallique est l&#8217;accessoire ultime pour compl\u00e9ter votre look !<\/p>\n<p><em><strong>PETITS PLUS: <\/strong><\/em><\/p>\n<p><em><strong>Ce sac banane est dot\u00e9 d&#8217;attaches en coton \u00e0 l&#8217;arri\u00e8re pour pouvoir fixer sur le v\u00e9lo ou la trottinette.\u00a0<\/strong><\/em><\/p>\n<p><strong><em>La sangle de cette banane est amovible, afin de pouvoir la customiser et mettre une autre sangle, mais \u00e9galement pour mettre une sangle plus grande et du coup convenir \u00e0 toutes les mamans.\u00a0<\/em><\/strong><\/p>\n<p><strong>Caract\u00e9ristiques :<\/strong><\/p>\n<ul>\n<li><strong>Couleur :<\/strong> Violet m\u00e9tallique, pour briller tout en restant so girly !<\/li>\n<li><strong>Fermeture Zip :<\/strong> \u00c9quip\u00e9 d&#8217;une fermeture zip s\u00e9curis\u00e9e pour garder vos tr\u00e9sors \u00e0 l&#8217;abri.<\/li>\n<li><strong>\u00c9tiquette Ratatam Kids :<\/strong> Orn\u00e9e d&#8217;une \u00e9tiquette en tissu &#8220;Ratatam Kids&#8221; pour une touche de magie suppl\u00e9mentaire.<\/li>\n<li><strong>Style Girly :<\/strong> Parfaitement adapt\u00e9 aux petits(es) princes(se) et aux mamans des petits(es) princes(se), ce sac banane est TR\u00c8S GIRLY<\/li>\n<\/ul>\n<p>Ce sac banane est id\u00e9al pour transporter vos petits tr\u00e9sors lors de vos escapades en ville, vos vir\u00e9es \u00e0 la f\u00eate foraine ou m\u00eame vos soir\u00e9es pyjama entre copines ! Sa taille compacte le rend parfait pour ranger votre maquillage de princesse, vos petits jouets pr\u00e9f\u00e9r\u00e9s ou m\u00eame votre t\u00e9l\u00e9phone portable pour rester en contact avec vos amis.<\/p>\n<p>Le Sac Banane M\u00e9tallique Ratatam Kids n&#8217;est pas seulement un accessoire, c&#8217;est votre compagnon de confiance pour toutes vos aventures de maman. Pratique, \u00e9l\u00e9gant et incroyablement polyvalent, ce sac banane vous permet de jongler avec gr\u00e2ce entre vos multiples r\u00f4les de super maman !<\/p>\n<p><strong>Dimensions:\u00a0<\/strong><\/p>\n<p>Disponible en 2 couleurs: Or &amp; Violet<\/p>\n<p>Aussi disponible en totebag et grand cabas.<\/p>\n<p>100% Polyester<\/p>\n<p>Fabriqu\u00e9 en Chine<\/p>\n<p>&nbsp;<\/p>\n","protected":false},"excerpt":{"rendered":"<p>SO SHINYYYYYY !<\/p>\n<p>Plongez dans un monde d&#8217;\u00e9clat et de praticit\u00e9 avec notre Sac Banane M\u00e9tallique Ratatam Kids, l&#8217;accessoire incontournable pour les petits(es) princes(es) et leurs mamans dynamiques !<\/p>\n","protected":false},"featured_media":33910,"comment_status":"open","ping_status":"closed","template":"","meta":{"_acf_changed":false},"product_brand":[],"product_cat":[558,23,240],"product_tag":[],"class_list":{"0":"post-33486","1":"product","2":"type-product","3":"status-publish","4":"has-post-thumbnail","6":"product_cat-braderie","7":"product_cat-accessoires","8":"product_cat-sacs","10":"first","11":"instock","12":"taxable","13":"shipping-taxable","14":"purchasable","15":"product-type-simple"},"acf":[],"yoast_head":"<!-- This site is optimized with the Yoast SEO plugin v25.4 - https:\/\/yoast.com\/wordpress\/plugins\/seo\/ -->\n<title>Le sac banane m\u00e9tallis\u00e9e - Violet - Ratatam Official Website<\/title>\n<meta name=\"description\" content=\"La brillance et le style dans un seul sac ! Le sac banane m\u00e9tallique Ratatam Kids ! Livraison offerte en France Metropolitaine.\" \/>\n<meta name=\"robots\" content=\"index, follow, max-snippet:-1, max-image-preview:large, max-video-preview:-1\" \/>\n<link rel=\"canonical\" href=\"https:\/\/ratatamkids.com\/en\/produit\/le-sac-banane-metallisee-violet\/\" \/>\n<meta property=\"og:locale\" content=\"en_US\" \/>\n<meta property=\"og:type\" content=\"article\" \/>\n<meta property=\"og:title\" content=\"Le sac banane m\u00e9tallis\u00e9e - Violet - Ratatam Official Website\" \/>\n<meta property=\"og:description\" content=\"La brillance et le style dans un seul sac ! Le sac banane m\u00e9tallique Ratatam Kids ! Livraison offerte en France Metropolitaine.\" \/>\n<meta property=\"og:url\" content=\"https:\/\/ratatamkids.com\/en\/produit\/le-sac-banane-metallisee-violet\/\" \/>\n<meta property=\"og:site_name\" content=\"Ratatam Official Website\" \/>\n<meta property=\"article:publisher\" content=\"https:\/\/www.facebook.com\/Ratatamforhappykids\/\" \/>\n<meta property=\"article:modified_time\" content=\"2026-04-20T08:49:42+00:00\" \/>\n<meta property=\"og:image\" content=\"https:\/\/ratatamkids.com\/wp-content\/uploads\/2024\/04\/BN-A031-BANANE-METALLISEE-VIOLET-2.jpg\" \/>\n\t<meta property=\"og:image:width\" content=\"800\" \/>\n\t<meta property=\"og:image:height\" content=\"800\" \/>\n\t<meta property=\"og:image:type\" content=\"image\/jpeg\" \/>\n<meta name=\"twitter:card\" content=\"summary_large_image\" \/>\n<meta name=\"twitter:label1\" content=\"Est. reading time\" \/>\n\t<meta name=\"twitter:data1\" content=\"2 minutes\" \/>\n<script type=\"application\/ld+json\" class=\"yoast-schema-graph\">{\"@context\":\"https:\/\/schema.org\",\"@graph\":[{\"@type\":\"WebPage\",\"@id\":\"https:\/\/ratatamkids.com\/en\/produit\/le-sac-banane-metallisee-violet\/\",\"url\":\"https:\/\/ratatamkids.com\/en\/produit\/le-sac-banane-metallisee-violet\/\",\"name\":\"Le sac banane m\u00e9tallis\u00e9e - Violet - Ratatam Official Website\",\"isPartOf\":{\"@id\":\"https:\/\/ratatamkids.com\/en\/#website\"},\"primaryImageOfPage\":{\"@id\":\"https:\/\/ratatamkids.com\/en\/produit\/le-sac-banane-metallisee-violet\/#primaryimage\"},\"image\":{\"@id\":\"https:\/\/ratatamkids.com\/en\/produit\/le-sac-banane-metallisee-violet\/#primaryimage\"},\"thumbnailUrl\":\"https:\/\/ratatamkids.com\/wp-content\/uploads\/2024\/04\/BN-A031-BANANE-METALLISEE-VIOLET-2.jpg\",\"datePublished\":\"2024-08-18T11:09:56+00:00\",\"dateModified\":\"2026-04-20T08:49:42+00:00\",\"description\":\"La brillance et le style dans un seul sac ! Le sac banane m\u00e9tallique Ratatam Kids ! Livraison offerte en France Metropolitaine.\",\"breadcrumb\":{\"@id\":\"https:\/\/ratatamkids.com\/en\/produit\/le-sac-banane-metallisee-violet\/#breadcrumb\"},\"inLanguage\":\"en-US\",\"potentialAction\":[{\"@type\":\"ReadAction\",\"target\":[\"https:\/\/ratatamkids.com\/en\/produit\/le-sac-banane-metallisee-violet\/\"]}]},{\"@type\":\"ImageObject\",\"inLanguage\":\"en-US\",\"@id\":\"https:\/\/ratatamkids.com\/en\/produit\/le-sac-banane-metallisee-violet\/#primaryimage\",\"url\":\"https:\/\/ratatamkids.com\/wp-content\/uploads\/2024\/04\/BN-A031-BANANE-METALLISEE-VIOLET-2.jpg\",\"contentUrl\":\"https:\/\/ratatamkids.com\/wp-content\/uploads\/2024\/04\/BN-A031-BANANE-METALLISEE-VIOLET-2.jpg\",\"width\":800,\"height\":800,\"caption\":\"SAC BANANE METALLISEE VIOLET BN-A031 RATATAM KIDS\"},{\"@type\":\"BreadcrumbList\",\"@id\":\"https:\/\/ratatamkids.com\/en\/produit\/le-sac-banane-metallisee-violet\/#breadcrumb\",\"itemListElement\":[{\"@type\":\"ListItem\",\"position\":1,\"name\":\"Accueil\",\"item\":\"https:\/\/ratatamkids.com\/en\/\"},{\"@type\":\"ListItem\",\"position\":2,\"name\":\"Shop\",\"item\":\"https:\/\/ratatamkids.com\/en\/shop\/\"},{\"@type\":\"ListItem\",\"position\":3,\"name\":\"Accessories\",\"item\":\"https:\/\/ratatamkids.com\/en\/categorie-produit\/accessories\/\"},{\"@type\":\"ListItem\",\"position\":4,\"name\":\"Bags\",\"item\":\"https:\/\/ratatamkids.com\/en\/categorie-produit\/accessories\/bags\/\"},{\"@type\":\"ListItem\",\"position\":5,\"name\":\"Le sac banane m\u00e9tallis\u00e9e &#8211; Violet\"}]},{\"@type\":\"WebSite\",\"@id\":\"https:\/\/ratatamkids.com\/en\/#website\",\"url\":\"https:\/\/ratatamkids.com\/en\/\",\"name\":\"Ratatam Official Website\",\"description\":\"Cool brand for happy kids!\",\"potentialAction\":[{\"@type\":\"SearchAction\",\"target\":{\"@type\":\"EntryPoint\",\"urlTemplate\":\"https:\/\/ratatamkids.com\/en\/?s={search_term_string}\"},\"query-input\":{\"@type\":\"PropertyValueSpecification\",\"valueRequired\":true,\"valueName\":\"search_term_string\"}}],\"inLanguage\":\"en-US\"}]}<\/script>\n<!-- \/ Yoast SEO plugin. -->","yoast_head_json":{"title":"Le sac banane m\u00e9tallis\u00e9e - Violet - Ratatam Official Website","description":"La brillance et le style dans un seul sac ! Le sac banane m\u00e9tallique Ratatam Kids ! Livraison offerte en France Metropolitaine.","robots":{"index":"index","follow":"follow","max-snippet":"max-snippet:-1","max-image-preview":"max-image-preview:large","max-video-preview":"max-video-preview:-1"},"canonical":"https:\/\/ratatamkids.com\/en\/produit\/le-sac-banane-metallisee-violet\/","og_locale":"en_US","og_type":"article","og_title":"Le sac banane m\u00e9tallis\u00e9e - Violet - Ratatam Official Website","og_description":"La brillance et le style dans un seul sac ! Le sac banane m\u00e9tallique Ratatam Kids ! Livraison offerte en France Metropolitaine.","og_url":"https:\/\/ratatamkids.com\/en\/produit\/le-sac-banane-metallisee-violet\/","og_site_name":"Ratatam Official Website","article_publisher":"https:\/\/www.facebook.com\/Ratatamforhappykids\/","article_modified_time":"2026-04-20T08:49:42+00:00","og_image":[{"width":800,"height":800,"url":"https:\/\/ratatamkids.com\/wp-content\/uploads\/2024\/04\/BN-A031-BANANE-METALLISEE-VIOLET-2.jpg","type":"image\/jpeg"}],"twitter_card":"summary_large_image","twitter_misc":{"Est. reading time":"2 minutes"},"schema":{"@context":"https:\/\/schema.org","@graph":[{"@type":"WebPage","@id":"https:\/\/ratatamkids.com\/en\/produit\/le-sac-banane-metallisee-violet\/","url":"https:\/\/ratatamkids.com\/en\/produit\/le-sac-banane-metallisee-violet\/","name":"Le sac banane m\u00e9tallis\u00e9e - Violet - Ratatam Official Website","isPartOf":{"@id":"https:\/\/ratatamkids.com\/en\/#website"},"primaryImageOfPage":{"@id":"https:\/\/ratatamkids.com\/en\/produit\/le-sac-banane-metallisee-violet\/#primaryimage"},"image":{"@id":"https:\/\/ratatamkids.com\/en\/produit\/le-sac-banane-metallisee-violet\/#primaryimage"},"thumbnailUrl":"https:\/\/ratatamkids.com\/wp-content\/uploads\/2024\/04\/BN-A031-BANANE-METALLISEE-VIOLET-2.jpg","datePublished":"2024-08-18T11:09:56+00:00","dateModified":"2026-04-20T08:49:42+00:00","description":"La brillance et le style dans un seul sac ! Le sac banane m\u00e9tallique Ratatam Kids ! Livraison offerte en France Metropolitaine.","breadcrumb":{"@id":"https:\/\/ratatamkids.com\/en\/produit\/le-sac-banane-metallisee-violet\/#breadcrumb"},"inLanguage":"en-US","potentialAction":[{"@type":"ReadAction","target":["https:\/\/ratatamkids.com\/en\/produit\/le-sac-banane-metallisee-violet\/"]}]},{"@type":"ImageObject","inLanguage":"en-US","@id":"https:\/\/ratatamkids.com\/en\/produit\/le-sac-banane-metallisee-violet\/#primaryimage","url":"https:\/\/ratatamkids.com\/wp-content\/uploads\/2024\/04\/BN-A031-BANANE-METALLISEE-VIOLET-2.jpg","contentUrl":"https:\/\/ratatamkids.com\/wp-content\/uploads\/2024\/04\/BN-A031-BANANE-METALLISEE-VIOLET-2.jpg","width":800,"height":800,"caption":"SAC BANANE METALLISEE VIOLET BN-A031 RATATAM KIDS"},{"@type":"BreadcrumbList","@id":"https:\/\/ratatamkids.com\/en\/produit\/le-sac-banane-metallisee-violet\/#breadcrumb","itemListElement":[{"@type":"ListItem","position":1,"name":"Accueil","item":"https:\/\/ratatamkids.com\/en\/"},{"@type":"ListItem","position":2,"name":"Shop","item":"https:\/\/ratatamkids.com\/en\/shop\/"},{"@type":"ListItem","position":3,"name":"Accessories","item":"https:\/\/ratatamkids.com\/en\/categorie-produit\/accessories\/"},{"@type":"ListItem","position":4,"name":"Bags","item":"https:\/\/ratatamkids.com\/en\/categorie-produit\/accessories\/bags\/"},{"@type":"ListItem","position":5,"name":"Le sac banane m\u00e9tallis\u00e9e &#8211; Violet"}]},{"@type":"WebSite","@id":"https:\/\/ratatamkids.com\/en\/#website","url":"https:\/\/ratatamkids.com\/en\/","name":"Ratatam Official Website","description":"Cool brand for happy kids!","potentialAction":[{"@type":"SearchAction","target":{"@type":"EntryPoint","urlTemplate":"https:\/\/ratatamkids.com\/en\/?s={search_term_string}"},"query-input":{"@type":"PropertyValueSpecification","valueRequired":true,"valueName":"search_term_string"}}],"inLanguage":"en-US"}]}},"_links":{"self":[{"href":"https:\/\/ratatamkids.com\/en\/wp-json\/wp\/v2\/product\/33486","targetHints":{"allow":["GET"]}}],"collection":[{"href":"https:\/\/ratatamkids.com\/en\/wp-json\/wp\/v2\/product"}],"about":[{"href":"https:\/\/ratatamkids.com\/en\/wp-json\/wp\/v2\/types\/product"}],"replies":[{"embeddable":true,"href":"https:\/\/ratatamkids.com\/en\/wp-json\/wp\/v2\/comments?post=33486"}],"wp:featuredmedia":[{"embeddable":true,"href":"https:\/\/ratatamkids.com\/en\/wp-json\/wp\/v2\/media\/33910"}],"wp:attachment":[{"href":"https:\/\/ratatamkids.com\/en\/wp-json\/wp\/v2\/media?parent=33486"}],"wp:term":[{"taxonomy":"product_brand","embeddable":true,"href":"https:\/\/ratatamkids.com\/en\/wp-json\/wp\/v2\/product_brand?post=33486"},{"taxonomy":"product_cat","embeddable":true,"href":"https:\/\/ratatamkids.com\/en\/wp-json\/wp\/v2\/product_cat?post=33486"},{"taxonomy":"product_tag","embeddable":true,"href":"https:\/\/ratatamkids.com\/en\/wp-json\/wp\/v2\/product_tag?post=33486"}],"curies":[{"name":"wp","href":"https:\/\/api.w.org\/{rel}","templated":true}]}}