{"id":33485,"date":"2024-04-27T09:51:14","date_gmt":"2024-04-27T07:51:14","guid":{"rendered":"https:\/\/ratatamkids.com\/produit\/robe-tutu-6-8ans-violet\/"},"modified":"2026-04-12T10:18:31","modified_gmt":"2026-04-12T08:18:31","slug":"la-robe-tutu-6-8ans-violet","status":"publish","type":"product","link":"https:\/\/ratatamkids.com\/en\/produit\/la-robe-tutu-6-8ans-violet\/","title":{"rendered":"La robe Tutu 6\/8 ans &#8211; Violet"},"content":{"rendered":"<p>ROCK AND CLASSIC !<\/p>\n<p>Qui a dit qu&#8217;une petite danseuse \u00e9toile ne pouvait pas \u00eatre une star rock&#8217;n&#8217;rool ???<\/p>\n<p>Plongez dans un univers de fantaisie avec notre <strong>Robe Tutu Ratatam Kids<\/strong> ! Cette robe est le choix id\u00e9al pour<strong> toutes les occasions festives<\/strong>, qu&#8217;il s&#8217;agisse d&#8217;anniversaires \u00e9clatants, de journ\u00e9es ensoleill\u00e9es au parc ou d&#8217;aventures sur la plage. Con\u00e7ue pour le plaisir et l&#8217;excitation, cette robe est un v\u00e9ritable symbole d&#8217;amusement sans fin !<\/p>\n<ul>\n<li><strong>Design D\u00e9cal\u00e9:<\/strong> Notre robe tutu arbore un style unique et d\u00e9cal\u00e9, m\u00e9langeant joyeusement <strong>les froufrous et les couleurs vives<\/strong> pour cr\u00e9er un look \u00e9clatant et irr\u00e9sistible.<\/li>\n<li><strong>Polyvalence \u00c9tonnante:<\/strong> Cette robe est une toile vierge pour la cr\u00e9ativit\u00e9 ! Associez-la avec une <strong>veste en jeans<\/strong> pour un look rock&#8217;n&#8217;roll qui d\u00e9chire, ou optez pour des petites <strong>Santiags<\/strong> pour une touche de style cowboy tendance.<\/li>\n<li><strong>Confort Absolu:<\/strong> Fabriqu\u00e9e avec un jupon en maille l\u00e9g\u00e8re et un haut d\u00e9bardeur en lycra stretch, notre robe offre un confort optimal pour permettre \u00e0 votre enfant de danser, sauter et jouer sans aucune restriction !<\/li>\n<\/ul>\n<p>Chez Ratatam Kids, nous croyons fermement que l&#8217;imagination est la cl\u00e9 de l&#8217;\u00e9panouissement de chaque enfant. C&#8217;est pourquoi nous nous effor\u00e7ons de cr\u00e9er des produits qui encouragent l&#8217;exploration, la cr\u00e9ativit\u00e9 et le jeu sans fin. Notre Robe Tutu Fun incarne parfaitement cette philosophie en offrant \u00e0 votre enfant un moyen d&#8217;exprimer sa personnalit\u00e9 unique et de vivre des aventures inoubliables, jour apr\u00e8s jour !<\/p>\n<p>Disponible en 2 tailles: 2\/4 ans et 6\/8 ans<\/p>\n<p>Disponible en 3 couleurs: Violet, Abricot et Rose Fluo<\/p>\n<p>100% Polyester<\/p>\n<p>Fabriqu\u00e9 en Chine<\/p>\n","protected":false},"excerpt":{"rendered":"<p>La revisite du tutu de danse classique !<\/p>\n<p>Avec ses <strong>couleurs<\/strong> \u00e9clatantes, ses <strong>froufrous<\/strong> rigolos et son confort douillet, cette robe est parfaite pour des journ\u00e9es pleines de rires, de jeux et de folie !<\/p>\n<p>Pr\u00e9pare-toi \u00e0 danser, sauter et t&#8217;amuser comme jamais avec ta nouvelle robe pr\u00e9f\u00e9r\u00e9e !<\/p>\n","protected":false},"featured_media":41962,"comment_status":"open","ping_status":"closed","template":"","meta":{"_acf_changed":false},"product_brand":[],"product_cat":[20,480],"product_tag":[],"class_list":{"0":"post-33485","1":"product","2":"type-product","3":"status-publish","4":"has-post-thumbnail","6":"product_cat-deguisements","7":"product_cat-robes","9":"first","10":"instock","11":"taxable","12":"shipping-taxable","13":"purchasable","14":"product-type-simple"},"acf":[],"yoast_head":"<!-- This site is optimized with the Yoast SEO plugin v25.4 - https:\/\/yoast.com\/wordpress\/plugins\/seo\/ -->\n<title>La robe Tutu 6\/8 ans - Violet - Ratatam Official Website<\/title>\n<meta name=\"description\" content=\"Notre robe Tutu Violet arbore un style unique et d\u00e9cal\u00e9, m\u00e9langeant joyeusement les froufrous et les couleurs vives. Ratatam Kids\" \/>\n<meta name=\"robots\" content=\"index, follow, max-snippet:-1, max-image-preview:large, max-video-preview:-1\" \/>\n<link rel=\"canonical\" href=\"https:\/\/ratatamkids.com\/en\/produit\/la-robe-tutu-6-8ans-violet\/\" \/>\n<meta property=\"og:locale\" content=\"en_US\" \/>\n<meta property=\"og:type\" content=\"article\" \/>\n<meta property=\"og:title\" content=\"La robe Tutu 6\/8 ans - Violet - Ratatam Official Website\" \/>\n<meta property=\"og:description\" content=\"Notre robe Tutu Violet arbore un style unique et d\u00e9cal\u00e9, m\u00e9langeant joyeusement les froufrous et les couleurs vives. Ratatam Kids\" \/>\n<meta property=\"og:url\" content=\"https:\/\/ratatamkids.com\/en\/produit\/la-robe-tutu-6-8ans-violet\/\" \/>\n<meta property=\"og:site_name\" content=\"Ratatam Official Website\" \/>\n<meta property=\"article:publisher\" content=\"https:\/\/www.facebook.com\/Ratatamforhappykids\/\" \/>\n<meta property=\"article:modified_time\" content=\"2026-04-12T08:18:31+00:00\" \/>\n<meta property=\"og:image\" content=\"https:\/\/ratatamkids.com\/wp-content\/uploads\/2024\/04\/ROBE-TUTU-VIOLET-CLEOR-7-807x1024.jpg\" \/>\n\t<meta property=\"og:image:width\" content=\"807\" \/>\n\t<meta property=\"og:image:height\" content=\"1024\" \/>\n\t<meta property=\"og:image:type\" content=\"image\/jpeg\" \/>\n<meta name=\"twitter:card\" content=\"summary_large_image\" \/>\n<meta name=\"twitter:label1\" content=\"Est. reading time\" \/>\n\t<meta name=\"twitter:data1\" content=\"2 minutes\" \/>\n<script type=\"application\/ld+json\" class=\"yoast-schema-graph\">{\"@context\":\"https:\/\/schema.org\",\"@graph\":[{\"@type\":\"WebPage\",\"@id\":\"https:\/\/ratatamkids.com\/en\/produit\/la-robe-tutu-6-8ans-violet\/\",\"url\":\"https:\/\/ratatamkids.com\/en\/produit\/la-robe-tutu-6-8ans-violet\/\",\"name\":\"La robe Tutu 6\/8 ans - Violet - Ratatam Official Website\",\"isPartOf\":{\"@id\":\"https:\/\/ratatamkids.com\/en\/#website\"},\"primaryImageOfPage\":{\"@id\":\"https:\/\/ratatamkids.com\/en\/produit\/la-robe-tutu-6-8ans-violet\/#primaryimage\"},\"image\":{\"@id\":\"https:\/\/ratatamkids.com\/en\/produit\/la-robe-tutu-6-8ans-violet\/#primaryimage\"},\"thumbnailUrl\":\"https:\/\/ratatamkids.com\/wp-content\/uploads\/2024\/04\/ROBE-TUTU-VIOLET-CLEOR-7-scaled.jpg\",\"datePublished\":\"2024-04-27T07:51:14+00:00\",\"dateModified\":\"2026-04-12T08:18:31+00:00\",\"description\":\"Notre robe Tutu Violet arbore un style unique et d\u00e9cal\u00e9, m\u00e9langeant joyeusement les froufrous et les couleurs vives. Ratatam Kids\",\"breadcrumb\":{\"@id\":\"https:\/\/ratatamkids.com\/en\/produit\/la-robe-tutu-6-8ans-violet\/#breadcrumb\"},\"inLanguage\":\"en-US\",\"potentialAction\":[{\"@type\":\"ReadAction\",\"target\":[\"https:\/\/ratatamkids.com\/en\/produit\/la-robe-tutu-6-8ans-violet\/\"]}]},{\"@type\":\"ImageObject\",\"inLanguage\":\"en-US\",\"@id\":\"https:\/\/ratatamkids.com\/en\/produit\/la-robe-tutu-6-8ans-violet\/#primaryimage\",\"url\":\"https:\/\/ratatamkids.com\/wp-content\/uploads\/2024\/04\/ROBE-TUTU-VIOLET-CLEOR-7-scaled.jpg\",\"contentUrl\":\"https:\/\/ratatamkids.com\/wp-content\/uploads\/2024\/04\/ROBE-TUTU-VIOLET-CLEOR-7-scaled.jpg\",\"width\":2017,\"height\":2560,\"caption\":\"ROBE TUTU VIOLETTE ENFANTS DEGUISEMENT ENFANT\"},{\"@type\":\"BreadcrumbList\",\"@id\":\"https:\/\/ratatamkids.com\/en\/produit\/la-robe-tutu-6-8ans-violet\/#breadcrumb\",\"itemListElement\":[{\"@type\":\"ListItem\",\"position\":1,\"name\":\"Accueil\",\"item\":\"https:\/\/ratatamkids.com\/en\/\"},{\"@type\":\"ListItem\",\"position\":2,\"name\":\"Shop\",\"item\":\"https:\/\/ratatamkids.com\/en\/shop\/\"},{\"@type\":\"ListItem\",\"position\":3,\"name\":\"Disguises\",\"item\":\"https:\/\/ratatamkids.com\/en\/categorie-produit\/disguises\/\"},{\"@type\":\"ListItem\",\"position\":4,\"name\":\"La robe Tutu 6\/8 ans &#8211; Violet\"}]},{\"@type\":\"WebSite\",\"@id\":\"https:\/\/ratatamkids.com\/en\/#website\",\"url\":\"https:\/\/ratatamkids.com\/en\/\",\"name\":\"Ratatam Official Website\",\"description\":\"Cool brand for happy kids!\",\"potentialAction\":[{\"@type\":\"SearchAction\",\"target\":{\"@type\":\"EntryPoint\",\"urlTemplate\":\"https:\/\/ratatamkids.com\/en\/?s={search_term_string}\"},\"query-input\":{\"@type\":\"PropertyValueSpecification\",\"valueRequired\":true,\"valueName\":\"search_term_string\"}}],\"inLanguage\":\"en-US\"}]}<\/script>\n<!-- \/ Yoast SEO plugin. -->","yoast_head_json":{"title":"La robe Tutu 6\/8 ans - Violet - Ratatam Official Website","description":"Notre robe Tutu Violet arbore un style unique et d\u00e9cal\u00e9, m\u00e9langeant joyeusement les froufrous et les couleurs vives. Ratatam Kids","robots":{"index":"index","follow":"follow","max-snippet":"max-snippet:-1","max-image-preview":"max-image-preview:large","max-video-preview":"max-video-preview:-1"},"canonical":"https:\/\/ratatamkids.com\/en\/produit\/la-robe-tutu-6-8ans-violet\/","og_locale":"en_US","og_type":"article","og_title":"La robe Tutu 6\/8 ans - Violet - Ratatam Official Website","og_description":"Notre robe Tutu Violet arbore un style unique et d\u00e9cal\u00e9, m\u00e9langeant joyeusement les froufrous et les couleurs vives. Ratatam Kids","og_url":"https:\/\/ratatamkids.com\/en\/produit\/la-robe-tutu-6-8ans-violet\/","og_site_name":"Ratatam Official Website","article_publisher":"https:\/\/www.facebook.com\/Ratatamforhappykids\/","article_modified_time":"2026-04-12T08:18:31+00:00","og_image":[{"width":807,"height":1024,"url":"https:\/\/ratatamkids.com\/wp-content\/uploads\/2024\/04\/ROBE-TUTU-VIOLET-CLEOR-7-807x1024.jpg","type":"image\/jpeg"}],"twitter_card":"summary_large_image","twitter_misc":{"Est. reading time":"2 minutes"},"schema":{"@context":"https:\/\/schema.org","@graph":[{"@type":"WebPage","@id":"https:\/\/ratatamkids.com\/en\/produit\/la-robe-tutu-6-8ans-violet\/","url":"https:\/\/ratatamkids.com\/en\/produit\/la-robe-tutu-6-8ans-violet\/","name":"La robe Tutu 6\/8 ans - Violet - Ratatam Official Website","isPartOf":{"@id":"https:\/\/ratatamkids.com\/en\/#website"},"primaryImageOfPage":{"@id":"https:\/\/ratatamkids.com\/en\/produit\/la-robe-tutu-6-8ans-violet\/#primaryimage"},"image":{"@id":"https:\/\/ratatamkids.com\/en\/produit\/la-robe-tutu-6-8ans-violet\/#primaryimage"},"thumbnailUrl":"https:\/\/ratatamkids.com\/wp-content\/uploads\/2024\/04\/ROBE-TUTU-VIOLET-CLEOR-7-scaled.jpg","datePublished":"2024-04-27T07:51:14+00:00","dateModified":"2026-04-12T08:18:31+00:00","description":"Notre robe Tutu Violet arbore un style unique et d\u00e9cal\u00e9, m\u00e9langeant joyeusement les froufrous et les couleurs vives. Ratatam Kids","breadcrumb":{"@id":"https:\/\/ratatamkids.com\/en\/produit\/la-robe-tutu-6-8ans-violet\/#breadcrumb"},"inLanguage":"en-US","potentialAction":[{"@type":"ReadAction","target":["https:\/\/ratatamkids.com\/en\/produit\/la-robe-tutu-6-8ans-violet\/"]}]},{"@type":"ImageObject","inLanguage":"en-US","@id":"https:\/\/ratatamkids.com\/en\/produit\/la-robe-tutu-6-8ans-violet\/#primaryimage","url":"https:\/\/ratatamkids.com\/wp-content\/uploads\/2024\/04\/ROBE-TUTU-VIOLET-CLEOR-7-scaled.jpg","contentUrl":"https:\/\/ratatamkids.com\/wp-content\/uploads\/2024\/04\/ROBE-TUTU-VIOLET-CLEOR-7-scaled.jpg","width":2017,"height":2560,"caption":"ROBE TUTU VIOLETTE ENFANTS DEGUISEMENT ENFANT"},{"@type":"BreadcrumbList","@id":"https:\/\/ratatamkids.com\/en\/produit\/la-robe-tutu-6-8ans-violet\/#breadcrumb","itemListElement":[{"@type":"ListItem","position":1,"name":"Accueil","item":"https:\/\/ratatamkids.com\/en\/"},{"@type":"ListItem","position":2,"name":"Shop","item":"https:\/\/ratatamkids.com\/en\/shop\/"},{"@type":"ListItem","position":3,"name":"Disguises","item":"https:\/\/ratatamkids.com\/en\/categorie-produit\/disguises\/"},{"@type":"ListItem","position":4,"name":"La robe Tutu 6\/8 ans &#8211; Violet"}]},{"@type":"WebSite","@id":"https:\/\/ratatamkids.com\/en\/#website","url":"https:\/\/ratatamkids.com\/en\/","name":"Ratatam Official Website","description":"Cool brand for happy kids!","potentialAction":[{"@type":"SearchAction","target":{"@type":"EntryPoint","urlTemplate":"https:\/\/ratatamkids.com\/en\/?s={search_term_string}"},"query-input":{"@type":"PropertyValueSpecification","valueRequired":true,"valueName":"search_term_string"}}],"inLanguage":"en-US"}]}},"_links":{"self":[{"href":"https:\/\/ratatamkids.com\/en\/wp-json\/wp\/v2\/product\/33485","targetHints":{"allow":["GET"]}}],"collection":[{"href":"https:\/\/ratatamkids.com\/en\/wp-json\/wp\/v2\/product"}],"about":[{"href":"https:\/\/ratatamkids.com\/en\/wp-json\/wp\/v2\/types\/product"}],"replies":[{"embeddable":true,"href":"https:\/\/ratatamkids.com\/en\/wp-json\/wp\/v2\/comments?post=33485"}],"wp:featuredmedia":[{"embeddable":true,"href":"https:\/\/ratatamkids.com\/en\/wp-json\/wp\/v2\/media\/41962"}],"wp:attachment":[{"href":"https:\/\/ratatamkids.com\/en\/wp-json\/wp\/v2\/media?parent=33485"}],"wp:term":[{"taxonomy":"product_brand","embeddable":true,"href":"https:\/\/ratatamkids.com\/en\/wp-json\/wp\/v2\/product_brand?post=33485"},{"taxonomy":"product_cat","embeddable":true,"href":"https:\/\/ratatamkids.com\/en\/wp-json\/wp\/v2\/product_cat?post=33485"},{"taxonomy":"product_tag","embeddable":true,"href":"https:\/\/ratatamkids.com\/en\/wp-json\/wp\/v2\/product_tag?post=33485"}],"curies":[{"name":"wp","href":"https:\/\/api.w.org\/{rel}","templated":true}]}}