{"id":33483,"date":"2024-05-07T09:46:09","date_gmt":"2024-05-07T07:46:09","guid":{"rendered":"https:\/\/ratatamkids.com\/produit\/robe-tutu-6-8ans-rose-fluo\/"},"modified":"2026-04-12T10:15:54","modified_gmt":"2026-04-12T08:15:54","slug":"robe-tutu-6-8ans-rose-fluo","status":"publish","type":"product","link":"https:\/\/ratatamkids.com\/en\/produit\/robe-tutu-6-8ans-rose-fluo\/","title":{"rendered":"La Robe Tutu 6\/8ans &#8211; Rose fluo"},"content":{"rendered":"<p><strong>ROCK AND FLUO !<\/strong><\/p>\n<p>Qui a dit qu&#8217;une petite danseuse \u00e9toile ne pouvait pas \u00eatre une superstar du rock&#8217;n&#8217;roll ?<\/p>\n<p>Plongez dans un univers de fantaisie avec notre Robe Tutu Ratatam Kids en rose fluo ! Cette robe est le choix parfait pour toutes les occasions festives, que ce soit des anniversaires \u00e9clatants, des journ\u00e9es ensoleill\u00e9es au parc ou des aventures sur la plage. Con\u00e7ue pour le plaisir et l&#8217;excitation, cette robe est un v\u00e9ritable symbole d&#8217;amusement sans fin !<\/p>\n<p><strong>Caract\u00e9ristiques Sp\u00e9ciales:<\/strong><\/p>\n<ul>\n<li><strong>Style D\u00e9cal\u00e9:<\/strong> Notre robe tutu arbore un look unique et d\u00e9cal\u00e9, avec ses froufrous et ses couleurs vives qui cr\u00e9ent un effet \u00e9blouissant et irr\u00e9sistible.<\/li>\n<li><strong>Polyvalence Surprenante:<\/strong> Cette robe est une toile vierge pour la cr\u00e9ativit\u00e9 ! Associez-la avec une veste en jeans pour un look rock&#8217;n&#8217;roll qui d\u00e9coiffe, ou optez pour des petites Santiags pour une touche de style cowgirl tendance.<\/li>\n<li><strong>Confort Absolu:<\/strong> Fabriqu\u00e9e avec un jupon en maille l\u00e9g\u00e8re et un haut d\u00e9bardeur en lycra stretch, notre robe offre un confort optimal pour permettre \u00e0 votre enfant de danser, sauter et jouer sans aucune restriction !<\/li>\n<\/ul>\n<p>Chez Ratatam Kids, nous croyons fermement que l&#8217;imagination est la cl\u00e9 de l&#8217;\u00e9panouissement de chaque enfant. C&#8217;est pourquoi nous nous effor\u00e7ons de cr\u00e9er des produits qui encouragent l&#8217;exploration, la cr\u00e9ativit\u00e9 et le jeu sans fin. Notre Robe Tutu Fun incarne parfaitement cette philosophie en offrant \u00e0 votre enfant un moyen d&#8217;exprimer sa personnalit\u00e9 unique et de vivre des aventures inoubliables, jour apr\u00e8s jour !<\/p>\n<p>Disponible en 2 tailles: 2\/4 ans et 6\/8 ans<\/p>\n<p>Disponible en 3 couleurs: Rose fluo, Violet et Abricot<\/p>\n<p>Fabriqu\u00e9 en Chine<\/p>\n<p>100% Polyester<\/p>\n","protected":false},"excerpt":{"rendered":"<p>La revisite du tutu de danse classique !<\/p>\n<p>Avec ses <strong>couleurs<\/strong> \u00e9clatantes, ses <strong>froufrous<\/strong> rigolos et son confort douillet, cette robe est parfaite pour des journ\u00e9es pleines de rires, de jeux et de folie !<\/p>\n<p>Pr\u00e9pare-toi \u00e0 danser, sauter et t\u2019amuser comme jamais avec ta nouvelle robe pr\u00e9f\u00e9r\u00e9e !<\/p>\n","protected":false},"featured_media":40756,"comment_status":"open","ping_status":"closed","template":"","meta":{"_acf_changed":false},"product_brand":[],"product_cat":[490,20,480],"product_tag":[],"class_list":{"0":"post-33483","1":"product","2":"type-product","3":"status-publish","4":"has-post-thumbnail","6":"product_cat-tenues-extraordinaires","7":"product_cat-deguisements","8":"product_cat-robes","10":"first","11":"instock","12":"taxable","13":"shipping-taxable","14":"purchasable","15":"product-type-simple"},"acf":[],"yoast_head":"<!-- This site is optimized with the Yoast SEO plugin v25.4 - https:\/\/yoast.com\/wordpress\/plugins\/seo\/ -->\n<title>La Robe Tutu 6\/8ans - Rose fluo - Ratatam Official Website<\/title>\n<meta name=\"description\" content=\"Pr\u00e9pares toi \u00e0 swinguer et pointer avec la robe tutu rose fluo Ratatam Kids ! Livraison offerte en France Metropolitaine !\" \/>\n<meta name=\"robots\" content=\"index, follow, max-snippet:-1, max-image-preview:large, max-video-preview:-1\" \/>\n<link rel=\"canonical\" href=\"https:\/\/ratatamkids.com\/en\/produit\/robe-tutu-6-8ans-rose-fluo\/\" \/>\n<meta property=\"og:locale\" content=\"en_US\" \/>\n<meta property=\"og:type\" content=\"article\" \/>\n<meta property=\"og:title\" content=\"La Robe Tutu 6\/8ans - Rose fluo - Ratatam Official Website\" \/>\n<meta property=\"og:description\" content=\"Pr\u00e9pares toi \u00e0 swinguer et pointer avec la robe tutu rose fluo Ratatam Kids ! Livraison offerte en France Metropolitaine !\" \/>\n<meta property=\"og:url\" content=\"https:\/\/ratatamkids.com\/en\/produit\/robe-tutu-6-8ans-rose-fluo\/\" \/>\n<meta property=\"og:site_name\" content=\"Ratatam Official Website\" \/>\n<meta property=\"article:publisher\" content=\"https:\/\/www.facebook.com\/Ratatamforhappykids\/\" \/>\n<meta property=\"article:modified_time\" content=\"2026-04-12T08:15:54+00:00\" \/>\n<meta property=\"og:image\" content=\"https:\/\/ratatamkids.com\/wp-content\/uploads\/2024\/05\/TD-S015-ET-TD-S016-TUTU-DRESS-PINK-LIFETYLE-1-683x1024.jpg\" \/>\n\t<meta property=\"og:image:width\" content=\"683\" \/>\n\t<meta property=\"og:image:height\" content=\"1024\" \/>\n\t<meta property=\"og:image:type\" content=\"image\/jpeg\" \/>\n<meta name=\"twitter:card\" content=\"summary_large_image\" \/>\n<meta name=\"twitter:label1\" content=\"Est. reading time\" \/>\n\t<meta name=\"twitter:data1\" content=\"2 minutes\" \/>\n<script type=\"application\/ld+json\" class=\"yoast-schema-graph\">{\"@context\":\"https:\/\/schema.org\",\"@graph\":[{\"@type\":\"WebPage\",\"@id\":\"https:\/\/ratatamkids.com\/en\/produit\/robe-tutu-6-8ans-rose-fluo\/\",\"url\":\"https:\/\/ratatamkids.com\/en\/produit\/robe-tutu-6-8ans-rose-fluo\/\",\"name\":\"La Robe Tutu 6\/8ans - Rose fluo - Ratatam Official Website\",\"isPartOf\":{\"@id\":\"https:\/\/ratatamkids.com\/en\/#website\"},\"primaryImageOfPage\":{\"@id\":\"https:\/\/ratatamkids.com\/en\/produit\/robe-tutu-6-8ans-rose-fluo\/#primaryimage\"},\"image\":{\"@id\":\"https:\/\/ratatamkids.com\/en\/produit\/robe-tutu-6-8ans-rose-fluo\/#primaryimage\"},\"thumbnailUrl\":\"https:\/\/ratatamkids.com\/wp-content\/uploads\/2024\/05\/TD-S015-ET-TD-S016-TUTU-DRESS-PINK-LIFETYLE-1-scaled.jpg\",\"datePublished\":\"2024-05-07T07:46:09+00:00\",\"dateModified\":\"2026-04-12T08:15:54+00:00\",\"description\":\"Pr\u00e9pares toi \u00e0 swinguer et pointer avec la robe tutu rose fluo Ratatam Kids ! Livraison offerte en France Metropolitaine !\",\"breadcrumb\":{\"@id\":\"https:\/\/ratatamkids.com\/en\/produit\/robe-tutu-6-8ans-rose-fluo\/#breadcrumb\"},\"inLanguage\":\"en-US\",\"potentialAction\":[{\"@type\":\"ReadAction\",\"target\":[\"https:\/\/ratatamkids.com\/en\/produit\/robe-tutu-6-8ans-rose-fluo\/\"]}]},{\"@type\":\"ImageObject\",\"inLanguage\":\"en-US\",\"@id\":\"https:\/\/ratatamkids.com\/en\/produit\/robe-tutu-6-8ans-rose-fluo\/#primaryimage\",\"url\":\"https:\/\/ratatamkids.com\/wp-content\/uploads\/2024\/05\/TD-S015-ET-TD-S016-TUTU-DRESS-PINK-LIFETYLE-1-scaled.jpg\",\"contentUrl\":\"https:\/\/ratatamkids.com\/wp-content\/uploads\/2024\/05\/TD-S015-ET-TD-S016-TUTU-DRESS-PINK-LIFETYLE-1-scaled.jpg\",\"width\":1707,\"height\":2560,\"caption\":\"ROBE TUTU ROSE FUSHIA ENFANT\"},{\"@type\":\"BreadcrumbList\",\"@id\":\"https:\/\/ratatamkids.com\/en\/produit\/robe-tutu-6-8ans-rose-fluo\/#breadcrumb\",\"itemListElement\":[{\"@type\":\"ListItem\",\"position\":1,\"name\":\"Accueil\",\"item\":\"https:\/\/ratatamkids.com\/en\/\"},{\"@type\":\"ListItem\",\"position\":2,\"name\":\"Shop\",\"item\":\"https:\/\/ratatamkids.com\/en\/shop\/\"},{\"@type\":\"ListItem\",\"position\":3,\"name\":\"Disguises\",\"item\":\"https:\/\/ratatamkids.com\/en\/categorie-produit\/disguises\/\"},{\"@type\":\"ListItem\",\"position\":4,\"name\":\"La Robe Tutu 6\/8ans &#8211; Rose fluo\"}]},{\"@type\":\"WebSite\",\"@id\":\"https:\/\/ratatamkids.com\/en\/#website\",\"url\":\"https:\/\/ratatamkids.com\/en\/\",\"name\":\"Ratatam Official Website\",\"description\":\"Cool brand for happy kids!\",\"potentialAction\":[{\"@type\":\"SearchAction\",\"target\":{\"@type\":\"EntryPoint\",\"urlTemplate\":\"https:\/\/ratatamkids.com\/en\/?s={search_term_string}\"},\"query-input\":{\"@type\":\"PropertyValueSpecification\",\"valueRequired\":true,\"valueName\":\"search_term_string\"}}],\"inLanguage\":\"en-US\"}]}<\/script>\n<!-- \/ Yoast SEO plugin. -->","yoast_head_json":{"title":"La Robe Tutu 6\/8ans - Rose fluo - Ratatam Official Website","description":"Pr\u00e9pares toi \u00e0 swinguer et pointer avec la robe tutu rose fluo Ratatam Kids ! Livraison offerte en France Metropolitaine !","robots":{"index":"index","follow":"follow","max-snippet":"max-snippet:-1","max-image-preview":"max-image-preview:large","max-video-preview":"max-video-preview:-1"},"canonical":"https:\/\/ratatamkids.com\/en\/produit\/robe-tutu-6-8ans-rose-fluo\/","og_locale":"en_US","og_type":"article","og_title":"La Robe Tutu 6\/8ans - Rose fluo - Ratatam Official Website","og_description":"Pr\u00e9pares toi \u00e0 swinguer et pointer avec la robe tutu rose fluo Ratatam Kids ! Livraison offerte en France Metropolitaine !","og_url":"https:\/\/ratatamkids.com\/en\/produit\/robe-tutu-6-8ans-rose-fluo\/","og_site_name":"Ratatam Official Website","article_publisher":"https:\/\/www.facebook.com\/Ratatamforhappykids\/","article_modified_time":"2026-04-12T08:15:54+00:00","og_image":[{"width":683,"height":1024,"url":"https:\/\/ratatamkids.com\/wp-content\/uploads\/2024\/05\/TD-S015-ET-TD-S016-TUTU-DRESS-PINK-LIFETYLE-1-683x1024.jpg","type":"image\/jpeg"}],"twitter_card":"summary_large_image","twitter_misc":{"Est. reading time":"2 minutes"},"schema":{"@context":"https:\/\/schema.org","@graph":[{"@type":"WebPage","@id":"https:\/\/ratatamkids.com\/en\/produit\/robe-tutu-6-8ans-rose-fluo\/","url":"https:\/\/ratatamkids.com\/en\/produit\/robe-tutu-6-8ans-rose-fluo\/","name":"La Robe Tutu 6\/8ans - Rose fluo - Ratatam Official Website","isPartOf":{"@id":"https:\/\/ratatamkids.com\/en\/#website"},"primaryImageOfPage":{"@id":"https:\/\/ratatamkids.com\/en\/produit\/robe-tutu-6-8ans-rose-fluo\/#primaryimage"},"image":{"@id":"https:\/\/ratatamkids.com\/en\/produit\/robe-tutu-6-8ans-rose-fluo\/#primaryimage"},"thumbnailUrl":"https:\/\/ratatamkids.com\/wp-content\/uploads\/2024\/05\/TD-S015-ET-TD-S016-TUTU-DRESS-PINK-LIFETYLE-1-scaled.jpg","datePublished":"2024-05-07T07:46:09+00:00","dateModified":"2026-04-12T08:15:54+00:00","description":"Pr\u00e9pares toi \u00e0 swinguer et pointer avec la robe tutu rose fluo Ratatam Kids ! Livraison offerte en France Metropolitaine !","breadcrumb":{"@id":"https:\/\/ratatamkids.com\/en\/produit\/robe-tutu-6-8ans-rose-fluo\/#breadcrumb"},"inLanguage":"en-US","potentialAction":[{"@type":"ReadAction","target":["https:\/\/ratatamkids.com\/en\/produit\/robe-tutu-6-8ans-rose-fluo\/"]}]},{"@type":"ImageObject","inLanguage":"en-US","@id":"https:\/\/ratatamkids.com\/en\/produit\/robe-tutu-6-8ans-rose-fluo\/#primaryimage","url":"https:\/\/ratatamkids.com\/wp-content\/uploads\/2024\/05\/TD-S015-ET-TD-S016-TUTU-DRESS-PINK-LIFETYLE-1-scaled.jpg","contentUrl":"https:\/\/ratatamkids.com\/wp-content\/uploads\/2024\/05\/TD-S015-ET-TD-S016-TUTU-DRESS-PINK-LIFETYLE-1-scaled.jpg","width":1707,"height":2560,"caption":"ROBE TUTU ROSE FUSHIA ENFANT"},{"@type":"BreadcrumbList","@id":"https:\/\/ratatamkids.com\/en\/produit\/robe-tutu-6-8ans-rose-fluo\/#breadcrumb","itemListElement":[{"@type":"ListItem","position":1,"name":"Accueil","item":"https:\/\/ratatamkids.com\/en\/"},{"@type":"ListItem","position":2,"name":"Shop","item":"https:\/\/ratatamkids.com\/en\/shop\/"},{"@type":"ListItem","position":3,"name":"Disguises","item":"https:\/\/ratatamkids.com\/en\/categorie-produit\/disguises\/"},{"@type":"ListItem","position":4,"name":"La Robe Tutu 6\/8ans &#8211; Rose fluo"}]},{"@type":"WebSite","@id":"https:\/\/ratatamkids.com\/en\/#website","url":"https:\/\/ratatamkids.com\/en\/","name":"Ratatam Official Website","description":"Cool brand for happy kids!","potentialAction":[{"@type":"SearchAction","target":{"@type":"EntryPoint","urlTemplate":"https:\/\/ratatamkids.com\/en\/?s={search_term_string}"},"query-input":{"@type":"PropertyValueSpecification","valueRequired":true,"valueName":"search_term_string"}}],"inLanguage":"en-US"}]}},"_links":{"self":[{"href":"https:\/\/ratatamkids.com\/en\/wp-json\/wp\/v2\/product\/33483","targetHints":{"allow":["GET"]}}],"collection":[{"href":"https:\/\/ratatamkids.com\/en\/wp-json\/wp\/v2\/product"}],"about":[{"href":"https:\/\/ratatamkids.com\/en\/wp-json\/wp\/v2\/types\/product"}],"replies":[{"embeddable":true,"href":"https:\/\/ratatamkids.com\/en\/wp-json\/wp\/v2\/comments?post=33483"}],"wp:featuredmedia":[{"embeddable":true,"href":"https:\/\/ratatamkids.com\/en\/wp-json\/wp\/v2\/media\/40756"}],"wp:attachment":[{"href":"https:\/\/ratatamkids.com\/en\/wp-json\/wp\/v2\/media?parent=33483"}],"wp:term":[{"taxonomy":"product_brand","embeddable":true,"href":"https:\/\/ratatamkids.com\/en\/wp-json\/wp\/v2\/product_brand?post=33483"},{"taxonomy":"product_cat","embeddable":true,"href":"https:\/\/ratatamkids.com\/en\/wp-json\/wp\/v2\/product_cat?post=33483"},{"taxonomy":"product_tag","embeddable":true,"href":"https:\/\/ratatamkids.com\/en\/wp-json\/wp\/v2\/product_tag?post=33483"}],"curies":[{"name":"wp","href":"https:\/\/api.w.org\/{rel}","templated":true}]}}