{"id":33481,"date":"2024-04-27T09:38:37","date_gmt":"2024-04-27T07:38:37","guid":{"rendered":"https:\/\/ratatamkids.com\/produit\/robe-tutu-3-6ans-abricot\/"},"modified":"2026-04-12T10:17:41","modified_gmt":"2026-04-12T08:17:41","slug":"robe-tutu-3-6ans-abricot","status":"publish","type":"product","link":"https:\/\/ratatamkids.com\/en\/produit\/robe-tutu-3-6ans-abricot\/","title":{"rendered":"Robe tutu 2\/4ans &#8211; Abricot"},"content":{"rendered":"<p><strong>CLASSIQUE &amp; ROCK !<\/strong><\/p>\n<p>Qui a dit qu&#8217;une petite danseuse \u00e9toile ne pouvait pas briller comme un rayon de soleil et vibrer comme une superstar du rock ?<\/p>\n<p>Plongez dans un monde de fantaisie avec notre <strong>Robe Tutu<\/strong> Ratatam Kids en couleur abricot ! Cette robe est le choix id\u00e9al pour <strong>toutes les occasions festives,<\/strong> qu&#8217;il s&#8217;agisse d&#8217;anniversaires \u00e9clatants, de journ\u00e9es ensoleill\u00e9es au parc ou d&#8217;aventures sur la plage. Con\u00e7ue pour le plaisir et l&#8217;excitation, cette robe est un v\u00e9ritable symbole d&#8217;amusement sans fin !<\/p>\n<p><strong>Caract\u00e9ristiques Sp\u00e9ciales:<\/strong><\/p>\n<ul>\n<li><strong>Style D\u00e9licat:<\/strong> Notre robe Tutu arbore une teinte abricot d\u00e9licate, ajoutant une touche de douceur \u00e0 chaque mouvement.<\/li>\n<li><strong>Polyvalence \u00c9tonnante:<\/strong> Cette robe est une toile vierge pour la cr\u00e9ativit\u00e9 ! Associez-la avec une veste en jeans pour un look de princesse au caract\u00e8re bien tremp\u00e9, ou optez pour des petites ballerines pour un spectacle de danse !<\/li>\n<li><strong>Confort Absolu:<\/strong> Fabriqu\u00e9e avec un jupon en maille l\u00e9g\u00e8re et un haut d\u00e9bardeur en lycra stretch, notre robe offre un confort optimal pour permettre \u00e0 votre enfant de danser, sauter et jouer sans aucune restriction !<\/li>\n<\/ul>\n<p>Chez Ratatam Kids, nous croyons fermement que l&#8217;imagination est la cl\u00e9 de l&#8217;\u00e9panouissement de chaque enfant. C&#8217;est pourquoi nous nous effor\u00e7ons de cr\u00e9er des produits qui encouragent l&#8217;exploration, la cr\u00e9ativit\u00e9 et le jeu sans fin. Notre Robe Tutu Fun en couleur abricot incarne parfaitement cette philosophie en offrant \u00e0 votre enfant un moyen d&#8217;exprimer sa personnalit\u00e9 unique et de vivre des aventures inoubliables, jour apr\u00e8s jour !<\/p>\n<p>Disponible en 3 couleurs: Abricot, Violet et Rose fluo<\/p>\n<p>Disponible en 2 tailles: 2\/4 ans et 6\/8 ans<\/p>\n<p>Fabriqu\u00e9 en Chine<\/p>\n<p>100% Polyester<\/p>\n","protected":false},"excerpt":{"rendered":"<p>La revisite du tutu de danse classique !<\/p>\n<p>Avec ses <strong>couleurs<\/strong> \u00e9clatantes, ses <strong>froufrous<\/strong> rigolos et son confort douillet, cette robe est parfaite pour des journ\u00e9es pleines de rires, de jeux et de folie !<\/p>\n<p>Pr\u00e9pare-toi \u00e0 danser, sauter et t\u2019amuser comme jamais avec ta nouvelle robe pr\u00e9f\u00e9r\u00e9e !<\/p>\n","protected":false},"featured_media":33501,"comment_status":"open","ping_status":"closed","template":"","meta":{"_acf_changed":false},"product_brand":[],"product_cat":[490,20,480],"product_tag":[],"class_list":{"0":"post-33481","1":"product","2":"type-product","3":"status-publish","4":"has-post-thumbnail","6":"product_cat-tenues-extraordinaires","7":"product_cat-deguisements","8":"product_cat-robes","10":"first","11":"instock","12":"taxable","13":"shipping-taxable","14":"purchasable","15":"product-type-simple"},"acf":[],"yoast_head":"<!-- This site is optimized with the Yoast SEO plugin v25.4 - https:\/\/yoast.com\/wordpress\/plugins\/seo\/ -->\n<title>Robe tutu 2\/4ans - Abricot - Ratatam Official Website<\/title>\n<meta name=\"description\" content=\"Let&#039;s go pour swinguer avec la robe tutu Abricot Ratatam Kids ! Danseuse classique ou de rock. Livraison offerte France Metropolitaine\" \/>\n<meta name=\"robots\" content=\"index, follow, max-snippet:-1, max-image-preview:large, max-video-preview:-1\" \/>\n<link rel=\"canonical\" href=\"https:\/\/ratatamkids.com\/en\/produit\/robe-tutu-3-6ans-abricot\/\" \/>\n<meta property=\"og:locale\" content=\"en_US\" \/>\n<meta property=\"og:type\" content=\"article\" \/>\n<meta property=\"og:title\" content=\"Robe tutu 2\/4ans - Abricot - Ratatam Official Website\" \/>\n<meta property=\"og:description\" content=\"Let&#039;s go pour swinguer avec la robe tutu Abricot Ratatam Kids ! Danseuse classique ou de rock. Livraison offerte France Metropolitaine\" \/>\n<meta property=\"og:url\" content=\"https:\/\/ratatamkids.com\/en\/produit\/robe-tutu-3-6ans-abricot\/\" \/>\n<meta property=\"og:site_name\" content=\"Ratatam Official Website\" \/>\n<meta property=\"article:publisher\" content=\"https:\/\/www.facebook.com\/Ratatamforhappykids\/\" \/>\n<meta property=\"article:modified_time\" content=\"2026-04-12T08:17:41+00:00\" \/>\n<meta property=\"og:image\" content=\"https:\/\/ratatamkids.com\/wp-content\/uploads\/2024\/04\/LIFESTYLE-ROBE-TUTU-3-scaled.jpg\" \/>\n\t<meta property=\"og:image:width\" content=\"1707\" \/>\n\t<meta property=\"og:image:height\" content=\"2560\" \/>\n\t<meta property=\"og:image:type\" content=\"image\/jpeg\" \/>\n<meta name=\"twitter:card\" content=\"summary_large_image\" \/>\n<meta name=\"twitter:label1\" content=\"Est. reading time\" \/>\n\t<meta name=\"twitter:data1\" content=\"2 minutes\" \/>\n<script type=\"application\/ld+json\" class=\"yoast-schema-graph\">{\"@context\":\"https:\/\/schema.org\",\"@graph\":[{\"@type\":\"WebPage\",\"@id\":\"https:\/\/ratatamkids.com\/en\/produit\/robe-tutu-3-6ans-abricot\/\",\"url\":\"https:\/\/ratatamkids.com\/en\/produit\/robe-tutu-3-6ans-abricot\/\",\"name\":\"Robe tutu 2\/4ans - Abricot - Ratatam Official Website\",\"isPartOf\":{\"@id\":\"https:\/\/ratatamkids.com\/en\/#website\"},\"primaryImageOfPage\":{\"@id\":\"https:\/\/ratatamkids.com\/en\/produit\/robe-tutu-3-6ans-abricot\/#primaryimage\"},\"image\":{\"@id\":\"https:\/\/ratatamkids.com\/en\/produit\/robe-tutu-3-6ans-abricot\/#primaryimage\"},\"thumbnailUrl\":\"https:\/\/ratatamkids.com\/wp-content\/uploads\/2024\/04\/LIFESTYLE-ROBE-TUTU-3-scaled.jpg\",\"datePublished\":\"2024-04-27T07:38:37+00:00\",\"dateModified\":\"2026-04-12T08:17:41+00:00\",\"description\":\"Let's go pour swinguer avec la robe tutu Abricot Ratatam Kids ! Danseuse classique ou de rock. Livraison offerte France Metropolitaine\",\"breadcrumb\":{\"@id\":\"https:\/\/ratatamkids.com\/en\/produit\/robe-tutu-3-6ans-abricot\/#breadcrumb\"},\"inLanguage\":\"en-US\",\"potentialAction\":[{\"@type\":\"ReadAction\",\"target\":[\"https:\/\/ratatamkids.com\/en\/produit\/robe-tutu-3-6ans-abricot\/\"]}]},{\"@type\":\"ImageObject\",\"inLanguage\":\"en-US\",\"@id\":\"https:\/\/ratatamkids.com\/en\/produit\/robe-tutu-3-6ans-abricot\/#primaryimage\",\"url\":\"https:\/\/ratatamkids.com\/wp-content\/uploads\/2024\/04\/LIFESTYLE-ROBE-TUTU-3-scaled.jpg\",\"contentUrl\":\"https:\/\/ratatamkids.com\/wp-content\/uploads\/2024\/04\/LIFESTYLE-ROBE-TUTU-3-scaled.jpg\",\"width\":1707,\"height\":2560,\"caption\":\"LA ROBE TUTU ABRICOT RATATAM KIDS\"},{\"@type\":\"BreadcrumbList\",\"@id\":\"https:\/\/ratatamkids.com\/en\/produit\/robe-tutu-3-6ans-abricot\/#breadcrumb\",\"itemListElement\":[{\"@type\":\"ListItem\",\"position\":1,\"name\":\"Accueil\",\"item\":\"https:\/\/ratatamkids.com\/en\/\"},{\"@type\":\"ListItem\",\"position\":2,\"name\":\"Shop\",\"item\":\"https:\/\/ratatamkids.com\/en\/shop\/\"},{\"@type\":\"ListItem\",\"position\":3,\"name\":\"Disguises\",\"item\":\"https:\/\/ratatamkids.com\/en\/categorie-produit\/disguises\/\"},{\"@type\":\"ListItem\",\"position\":4,\"name\":\"Dresses\",\"item\":\"https:\/\/ratatamkids.com\/en\/categorie-produit\/disguises\/disguises-dresses\/\"},{\"@type\":\"ListItem\",\"position\":5,\"name\":\"Robe tutu 2\/4ans &#8211; Abricot\"}]},{\"@type\":\"WebSite\",\"@id\":\"https:\/\/ratatamkids.com\/en\/#website\",\"url\":\"https:\/\/ratatamkids.com\/en\/\",\"name\":\"Ratatam Official Website\",\"description\":\"Cool brand for happy kids!\",\"potentialAction\":[{\"@type\":\"SearchAction\",\"target\":{\"@type\":\"EntryPoint\",\"urlTemplate\":\"https:\/\/ratatamkids.com\/en\/?s={search_term_string}\"},\"query-input\":{\"@type\":\"PropertyValueSpecification\",\"valueRequired\":true,\"valueName\":\"search_term_string\"}}],\"inLanguage\":\"en-US\"}]}<\/script>\n<!-- \/ Yoast SEO plugin. -->","yoast_head_json":{"title":"Robe tutu 2\/4ans - Abricot - Ratatam Official Website","description":"Let's go pour swinguer avec la robe tutu Abricot Ratatam Kids ! Danseuse classique ou de rock. Livraison offerte France Metropolitaine","robots":{"index":"index","follow":"follow","max-snippet":"max-snippet:-1","max-image-preview":"max-image-preview:large","max-video-preview":"max-video-preview:-1"},"canonical":"https:\/\/ratatamkids.com\/en\/produit\/robe-tutu-3-6ans-abricot\/","og_locale":"en_US","og_type":"article","og_title":"Robe tutu 2\/4ans - Abricot - Ratatam Official Website","og_description":"Let's go pour swinguer avec la robe tutu Abricot Ratatam Kids ! Danseuse classique ou de rock. Livraison offerte France Metropolitaine","og_url":"https:\/\/ratatamkids.com\/en\/produit\/robe-tutu-3-6ans-abricot\/","og_site_name":"Ratatam Official Website","article_publisher":"https:\/\/www.facebook.com\/Ratatamforhappykids\/","article_modified_time":"2026-04-12T08:17:41+00:00","og_image":[{"width":1707,"height":2560,"url":"https:\/\/ratatamkids.com\/wp-content\/uploads\/2024\/04\/LIFESTYLE-ROBE-TUTU-3-scaled.jpg","type":"image\/jpeg"}],"twitter_card":"summary_large_image","twitter_misc":{"Est. reading time":"2 minutes"},"schema":{"@context":"https:\/\/schema.org","@graph":[{"@type":"WebPage","@id":"https:\/\/ratatamkids.com\/en\/produit\/robe-tutu-3-6ans-abricot\/","url":"https:\/\/ratatamkids.com\/en\/produit\/robe-tutu-3-6ans-abricot\/","name":"Robe tutu 2\/4ans - Abricot - Ratatam Official Website","isPartOf":{"@id":"https:\/\/ratatamkids.com\/en\/#website"},"primaryImageOfPage":{"@id":"https:\/\/ratatamkids.com\/en\/produit\/robe-tutu-3-6ans-abricot\/#primaryimage"},"image":{"@id":"https:\/\/ratatamkids.com\/en\/produit\/robe-tutu-3-6ans-abricot\/#primaryimage"},"thumbnailUrl":"https:\/\/ratatamkids.com\/wp-content\/uploads\/2024\/04\/LIFESTYLE-ROBE-TUTU-3-scaled.jpg","datePublished":"2024-04-27T07:38:37+00:00","dateModified":"2026-04-12T08:17:41+00:00","description":"Let's go pour swinguer avec la robe tutu Abricot Ratatam Kids ! Danseuse classique ou de rock. Livraison offerte France Metropolitaine","breadcrumb":{"@id":"https:\/\/ratatamkids.com\/en\/produit\/robe-tutu-3-6ans-abricot\/#breadcrumb"},"inLanguage":"en-US","potentialAction":[{"@type":"ReadAction","target":["https:\/\/ratatamkids.com\/en\/produit\/robe-tutu-3-6ans-abricot\/"]}]},{"@type":"ImageObject","inLanguage":"en-US","@id":"https:\/\/ratatamkids.com\/en\/produit\/robe-tutu-3-6ans-abricot\/#primaryimage","url":"https:\/\/ratatamkids.com\/wp-content\/uploads\/2024\/04\/LIFESTYLE-ROBE-TUTU-3-scaled.jpg","contentUrl":"https:\/\/ratatamkids.com\/wp-content\/uploads\/2024\/04\/LIFESTYLE-ROBE-TUTU-3-scaled.jpg","width":1707,"height":2560,"caption":"LA ROBE TUTU ABRICOT RATATAM KIDS"},{"@type":"BreadcrumbList","@id":"https:\/\/ratatamkids.com\/en\/produit\/robe-tutu-3-6ans-abricot\/#breadcrumb","itemListElement":[{"@type":"ListItem","position":1,"name":"Accueil","item":"https:\/\/ratatamkids.com\/en\/"},{"@type":"ListItem","position":2,"name":"Shop","item":"https:\/\/ratatamkids.com\/en\/shop\/"},{"@type":"ListItem","position":3,"name":"Disguises","item":"https:\/\/ratatamkids.com\/en\/categorie-produit\/disguises\/"},{"@type":"ListItem","position":4,"name":"Dresses","item":"https:\/\/ratatamkids.com\/en\/categorie-produit\/disguises\/disguises-dresses\/"},{"@type":"ListItem","position":5,"name":"Robe tutu 2\/4ans &#8211; Abricot"}]},{"@type":"WebSite","@id":"https:\/\/ratatamkids.com\/en\/#website","url":"https:\/\/ratatamkids.com\/en\/","name":"Ratatam Official Website","description":"Cool brand for happy kids!","potentialAction":[{"@type":"SearchAction","target":{"@type":"EntryPoint","urlTemplate":"https:\/\/ratatamkids.com\/en\/?s={search_term_string}"},"query-input":{"@type":"PropertyValueSpecification","valueRequired":true,"valueName":"search_term_string"}}],"inLanguage":"en-US"}]}},"_links":{"self":[{"href":"https:\/\/ratatamkids.com\/en\/wp-json\/wp\/v2\/product\/33481","targetHints":{"allow":["GET"]}}],"collection":[{"href":"https:\/\/ratatamkids.com\/en\/wp-json\/wp\/v2\/product"}],"about":[{"href":"https:\/\/ratatamkids.com\/en\/wp-json\/wp\/v2\/types\/product"}],"replies":[{"embeddable":true,"href":"https:\/\/ratatamkids.com\/en\/wp-json\/wp\/v2\/comments?post=33481"}],"wp:featuredmedia":[{"embeddable":true,"href":"https:\/\/ratatamkids.com\/en\/wp-json\/wp\/v2\/media\/33501"}],"wp:attachment":[{"href":"https:\/\/ratatamkids.com\/en\/wp-json\/wp\/v2\/media?parent=33481"}],"wp:term":[{"taxonomy":"product_brand","embeddable":true,"href":"https:\/\/ratatamkids.com\/en\/wp-json\/wp\/v2\/product_brand?post=33481"},{"taxonomy":"product_cat","embeddable":true,"href":"https:\/\/ratatamkids.com\/en\/wp-json\/wp\/v2\/product_cat?post=33481"},{"taxonomy":"product_tag","embeddable":true,"href":"https:\/\/ratatamkids.com\/en\/wp-json\/wp\/v2\/product_tag?post=33481"}],"curies":[{"name":"wp","href":"https:\/\/api.w.org\/{rel}","templated":true}]}}