{"id":33385,"date":"2024-05-31T12:47:39","date_gmt":"2024-05-31T10:47:39","guid":{"rendered":"https:\/\/ratatamkids.com\/?post_type=product&#038;p=33385"},"modified":"2026-03-26T14:14:51","modified_gmt":"2026-03-26T13:14:51","slug":"le-ballon-etoile-filante-12-cm-jaune","status":"publish","type":"product","link":"https:\/\/ratatamkids.com\/en\/produit\/le-ballon-etoile-filante-12-cm-jaune\/","title":{"rendered":"Petit Ballon \u00c9toiles filantes 12 cm &#8211; Jaune"},"content":{"rendered":"<p><strong>WOUHOU ! UN PETIT BALLON \u00c9TOIL\u00c9 POUR S&#8217;AMUSER SOUS LE SOLEIL !<\/strong><\/p>\n<p>Hey toi, pr\u00eat pour une explosion de fun ?<\/p>\n<p>Imagine un petit ballon plein de magie, avec des \u00e9toiles filantes multicolores qui dansent joyeusement sur un fond jaune ensoleill\u00e9 ! Eh bien, devine quoi ? C&#8217;est notre petit ballon \u00e9toil\u00e9 Ratatam Kids ! Avec lui, chaque journ\u00e9e devient une aventure \u00e9clatante !<\/p>\n<p><strong>Caract\u00e9ristiques Sp\u00e9ciales:<\/strong><\/p>\n<ul>\n<li><strong>Design Magique:<\/strong> Des \u00e9toiles qui brillent comme des feux d&#8217;artifice sur un fond jaune qui p\u00e9tille de soleil ! C&#8217;est comme tenir un petit bout de ciel dans ta main !<\/li>\n<li><strong>Taille Parfaite pour les Petites Mains:<\/strong> Avec un diam\u00e8tre de 12 cm, ce petit ballon est parfaitement con\u00e7u pour que tu puisses l&#8217;emporter partout avec toi, o\u00f9 que tu ailles !<\/li>\n<li><strong>Polyvalence \u00c9blouissante:<\/strong> Que ce soit \u00e0 la plage, au parc ou m\u00eame dans ton jardin secret, ce petit ballon est toujours pr\u00eat \u00e0 te faire sauter de joie et \u00e0 illuminer ta journ\u00e9e !<\/li>\n<\/ul>\n<p>Chez Ratatam Kids, on sait que les petits bonheurs font les grands souvenirs ! Alors viens avec nous, et ensemble, ajoutons une explosion de couleurs et de rires \u00e0 chaque journ\u00e9e !<\/p>\n<p>Pr\u00eat \u00e0 partir \u00e0 l&#8217;aventure avec notre petit ballon \u00e9toil\u00e9 ? Alors attrape-le vite et laisse la magie commencer ! \ud83c\udf1f\ud83c\udf88<\/p>\n<p>Petit plus, il est emball\u00e9 avec un petit emballage kraft et ses 2 petits liens pour plus de facilit\u00e9 !<\/p>\n<p>En PVC sans phtalates<\/p>\n<p>Fabriqu\u00e9 en Chine.<\/p>\n<p>Livr\u00e9 gonfl\u00e9, il est facilement regonflable \u00e0 l\u2019aide d\u2019une pompe \u00e0 v\u00e9los avec aiguilles sp\u00e9ciales ballon. Consultez notre <a href=\"https:\/\/ratatamkids.com\/les-tutos-ratatam\/\" target=\"_blank\" rel=\"noopener\">guide pour apprendre \u00e0 gonfler facilement votre ballon<\/a>.<\/p>\n<p>Disponible en 7 couleurs: \u00c9toiles multicolores &amp; bleu, Coeurs rouges &amp; rose, \u00c9toiles filantes multicolores &amp; jaune, \u00c9clairs jaunes &amp; bleu, Hawai &amp; blanc, Chiens &amp; jaune, Fleurs &amp; corail<\/p>\n","protected":false},"excerpt":{"rendered":"<p>Plage, piscine ou jardin, ce ballon c\u2019est un billet pour l&#8217;espace !<\/p>\n<p>C\u2019est le MUST HAVE des petites mains !<\/p>\n","protected":false},"featured_media":33803,"comment_status":"open","ping_status":"closed","template":"","meta":{"_acf_changed":false},"product_brand":[],"product_cat":[19,178,359],"product_tag":[],"class_list":{"0":"post-33385","1":"product","2":"type-product","3":"status-publish","4":"has-post-thumbnail","6":"product_cat-ballons","7":"product_cat-ballon-hawaii","8":"product_cat-ballons-a-motifs","10":"first","11":"instock","12":"taxable","13":"shipping-taxable","14":"purchasable","15":"product-type-simple"},"acf":[],"yoast_head":"<!-- This site is optimized with the Yoast SEO plugin v25.4 - https:\/\/yoast.com\/wordpress\/plugins\/seo\/ -->\n<title>Petit Ballon \u00c9toiles filantes 12 cm - Jaune - Ratatam Official Website<\/title>\n<meta name=\"description\" content=\"Plage, piscine ou jardin, ce ballon c\u2019est un billet pour l&#039;espace ! Livraison offerte en France Metropolitaine. Ratatam Kids\" \/>\n<meta name=\"robots\" content=\"index, follow, max-snippet:-1, max-image-preview:large, max-video-preview:-1\" \/>\n<link rel=\"canonical\" href=\"https:\/\/ratatamkids.com\/en\/produit\/le-ballon-etoile-filante-12-cm-jaune\/\" \/>\n<meta property=\"og:locale\" content=\"en_US\" \/>\n<meta property=\"og:type\" content=\"article\" \/>\n<meta property=\"og:title\" content=\"Petit Ballon \u00c9toiles filantes 12 cm - Jaune - Ratatam Official Website\" \/>\n<meta property=\"og:description\" content=\"Plage, piscine ou jardin, ce ballon c\u2019est un billet pour l&#039;espace ! Livraison offerte en France Metropolitaine. Ratatam Kids\" \/>\n<meta property=\"og:url\" content=\"https:\/\/ratatamkids.com\/en\/produit\/le-ballon-etoile-filante-12-cm-jaune\/\" \/>\n<meta property=\"og:site_name\" content=\"Ratatam Official Website\" \/>\n<meta property=\"article:publisher\" content=\"https:\/\/www.facebook.com\/Ratatamforhappykids\/\" \/>\n<meta property=\"article:modified_time\" content=\"2026-03-26T13:14:51+00:00\" \/>\n<meta property=\"og:image\" content=\"https:\/\/ratatamkids.com\/wp-content\/uploads\/2024\/03\/BLSHT005-BALLON-ETOILE-FILANTE-JAUNE-1.jpg\" \/>\n\t<meta property=\"og:image:width\" content=\"800\" \/>\n\t<meta property=\"og:image:height\" content=\"800\" \/>\n\t<meta property=\"og:image:type\" content=\"image\/jpeg\" \/>\n<meta name=\"twitter:card\" content=\"summary_large_image\" \/>\n<meta name=\"twitter:label1\" content=\"Est. reading time\" \/>\n\t<meta name=\"twitter:data1\" content=\"2 minutes\" \/>\n<script type=\"application\/ld+json\" class=\"yoast-schema-graph\">{\"@context\":\"https:\/\/schema.org\",\"@graph\":[{\"@type\":\"WebPage\",\"@id\":\"https:\/\/ratatamkids.com\/en\/produit\/le-ballon-etoile-filante-12-cm-jaune\/\",\"url\":\"https:\/\/ratatamkids.com\/en\/produit\/le-ballon-etoile-filante-12-cm-jaune\/\",\"name\":\"Petit Ballon \u00c9toiles filantes 12 cm - Jaune - Ratatam Official Website\",\"isPartOf\":{\"@id\":\"https:\/\/ratatamkids.com\/en\/#website\"},\"primaryImageOfPage\":{\"@id\":\"https:\/\/ratatamkids.com\/en\/produit\/le-ballon-etoile-filante-12-cm-jaune\/#primaryimage\"},\"image\":{\"@id\":\"https:\/\/ratatamkids.com\/en\/produit\/le-ballon-etoile-filante-12-cm-jaune\/#primaryimage\"},\"thumbnailUrl\":\"https:\/\/ratatamkids.com\/wp-content\/uploads\/2024\/03\/BLSHT005-BALLON-ETOILE-FILANTE-JAUNE-1.jpg\",\"datePublished\":\"2024-05-31T10:47:39+00:00\",\"dateModified\":\"2026-03-26T13:14:51+00:00\",\"description\":\"Plage, piscine ou jardin, ce ballon c\u2019est un billet pour l'espace ! Livraison offerte en France Metropolitaine. Ratatam Kids\",\"breadcrumb\":{\"@id\":\"https:\/\/ratatamkids.com\/en\/produit\/le-ballon-etoile-filante-12-cm-jaune\/#breadcrumb\"},\"inLanguage\":\"en-US\",\"potentialAction\":[{\"@type\":\"ReadAction\",\"target\":[\"https:\/\/ratatamkids.com\/en\/produit\/le-ballon-etoile-filante-12-cm-jaune\/\"]}]},{\"@type\":\"ImageObject\",\"inLanguage\":\"en-US\",\"@id\":\"https:\/\/ratatamkids.com\/en\/produit\/le-ballon-etoile-filante-12-cm-jaune\/#primaryimage\",\"url\":\"https:\/\/ratatamkids.com\/wp-content\/uploads\/2024\/03\/BLSHT005-BALLON-ETOILE-FILANTE-JAUNE-1.jpg\",\"contentUrl\":\"https:\/\/ratatamkids.com\/wp-content\/uploads\/2024\/03\/BLSHT005-BALLON-ETOILE-FILANTE-JAUNE-1.jpg\",\"width\":800,\"height\":800,\"caption\":\"BALLON A MOTIF 12 CM BALLON JAUNE AVEC ETOILES FILANTES MULTICOLORES RATATAM KIDS BLSHT005\"},{\"@type\":\"BreadcrumbList\",\"@id\":\"https:\/\/ratatamkids.com\/en\/produit\/le-ballon-etoile-filante-12-cm-jaune\/#breadcrumb\",\"itemListElement\":[{\"@type\":\"ListItem\",\"position\":1,\"name\":\"Accueil\",\"item\":\"https:\/\/ratatamkids.com\/en\/\"},{\"@type\":\"ListItem\",\"position\":2,\"name\":\"Shop\",\"item\":\"https:\/\/ratatamkids.com\/en\/shop\/\"},{\"@type\":\"ListItem\",\"position\":3,\"name\":\"Balloons\",\"item\":\"https:\/\/ratatamkids.com\/en\/categorie-produit\/balloons\/\"},{\"@type\":\"ListItem\",\"position\":4,\"name\":\"Petit Ballon \u00c9toiles filantes 12 cm &#8211; Jaune\"}]},{\"@type\":\"WebSite\",\"@id\":\"https:\/\/ratatamkids.com\/en\/#website\",\"url\":\"https:\/\/ratatamkids.com\/en\/\",\"name\":\"Ratatam Official Website\",\"description\":\"Cool brand for happy kids!\",\"potentialAction\":[{\"@type\":\"SearchAction\",\"target\":{\"@type\":\"EntryPoint\",\"urlTemplate\":\"https:\/\/ratatamkids.com\/en\/?s={search_term_string}\"},\"query-input\":{\"@type\":\"PropertyValueSpecification\",\"valueRequired\":true,\"valueName\":\"search_term_string\"}}],\"inLanguage\":\"en-US\"}]}<\/script>\n<!-- \/ Yoast SEO plugin. -->","yoast_head_json":{"title":"Petit Ballon \u00c9toiles filantes 12 cm - Jaune - Ratatam Official Website","description":"Plage, piscine ou jardin, ce ballon c\u2019est un billet pour l'espace ! Livraison offerte en France Metropolitaine. Ratatam Kids","robots":{"index":"index","follow":"follow","max-snippet":"max-snippet:-1","max-image-preview":"max-image-preview:large","max-video-preview":"max-video-preview:-1"},"canonical":"https:\/\/ratatamkids.com\/en\/produit\/le-ballon-etoile-filante-12-cm-jaune\/","og_locale":"en_US","og_type":"article","og_title":"Petit Ballon \u00c9toiles filantes 12 cm - Jaune - Ratatam Official Website","og_description":"Plage, piscine ou jardin, ce ballon c\u2019est un billet pour l'espace ! Livraison offerte en France Metropolitaine. Ratatam Kids","og_url":"https:\/\/ratatamkids.com\/en\/produit\/le-ballon-etoile-filante-12-cm-jaune\/","og_site_name":"Ratatam Official Website","article_publisher":"https:\/\/www.facebook.com\/Ratatamforhappykids\/","article_modified_time":"2026-03-26T13:14:51+00:00","og_image":[{"width":800,"height":800,"url":"https:\/\/ratatamkids.com\/wp-content\/uploads\/2024\/03\/BLSHT005-BALLON-ETOILE-FILANTE-JAUNE-1.jpg","type":"image\/jpeg"}],"twitter_card":"summary_large_image","twitter_misc":{"Est. reading time":"2 minutes"},"schema":{"@context":"https:\/\/schema.org","@graph":[{"@type":"WebPage","@id":"https:\/\/ratatamkids.com\/en\/produit\/le-ballon-etoile-filante-12-cm-jaune\/","url":"https:\/\/ratatamkids.com\/en\/produit\/le-ballon-etoile-filante-12-cm-jaune\/","name":"Petit Ballon \u00c9toiles filantes 12 cm - Jaune - Ratatam Official Website","isPartOf":{"@id":"https:\/\/ratatamkids.com\/en\/#website"},"primaryImageOfPage":{"@id":"https:\/\/ratatamkids.com\/en\/produit\/le-ballon-etoile-filante-12-cm-jaune\/#primaryimage"},"image":{"@id":"https:\/\/ratatamkids.com\/en\/produit\/le-ballon-etoile-filante-12-cm-jaune\/#primaryimage"},"thumbnailUrl":"https:\/\/ratatamkids.com\/wp-content\/uploads\/2024\/03\/BLSHT005-BALLON-ETOILE-FILANTE-JAUNE-1.jpg","datePublished":"2024-05-31T10:47:39+00:00","dateModified":"2026-03-26T13:14:51+00:00","description":"Plage, piscine ou jardin, ce ballon c\u2019est un billet pour l'espace ! Livraison offerte en France Metropolitaine. Ratatam Kids","breadcrumb":{"@id":"https:\/\/ratatamkids.com\/en\/produit\/le-ballon-etoile-filante-12-cm-jaune\/#breadcrumb"},"inLanguage":"en-US","potentialAction":[{"@type":"ReadAction","target":["https:\/\/ratatamkids.com\/en\/produit\/le-ballon-etoile-filante-12-cm-jaune\/"]}]},{"@type":"ImageObject","inLanguage":"en-US","@id":"https:\/\/ratatamkids.com\/en\/produit\/le-ballon-etoile-filante-12-cm-jaune\/#primaryimage","url":"https:\/\/ratatamkids.com\/wp-content\/uploads\/2024\/03\/BLSHT005-BALLON-ETOILE-FILANTE-JAUNE-1.jpg","contentUrl":"https:\/\/ratatamkids.com\/wp-content\/uploads\/2024\/03\/BLSHT005-BALLON-ETOILE-FILANTE-JAUNE-1.jpg","width":800,"height":800,"caption":"BALLON A MOTIF 12 CM BALLON JAUNE AVEC ETOILES FILANTES MULTICOLORES RATATAM KIDS BLSHT005"},{"@type":"BreadcrumbList","@id":"https:\/\/ratatamkids.com\/en\/produit\/le-ballon-etoile-filante-12-cm-jaune\/#breadcrumb","itemListElement":[{"@type":"ListItem","position":1,"name":"Accueil","item":"https:\/\/ratatamkids.com\/en\/"},{"@type":"ListItem","position":2,"name":"Shop","item":"https:\/\/ratatamkids.com\/en\/shop\/"},{"@type":"ListItem","position":3,"name":"Balloons","item":"https:\/\/ratatamkids.com\/en\/categorie-produit\/balloons\/"},{"@type":"ListItem","position":4,"name":"Petit Ballon \u00c9toiles filantes 12 cm &#8211; Jaune"}]},{"@type":"WebSite","@id":"https:\/\/ratatamkids.com\/en\/#website","url":"https:\/\/ratatamkids.com\/en\/","name":"Ratatam Official Website","description":"Cool brand for happy kids!","potentialAction":[{"@type":"SearchAction","target":{"@type":"EntryPoint","urlTemplate":"https:\/\/ratatamkids.com\/en\/?s={search_term_string}"},"query-input":{"@type":"PropertyValueSpecification","valueRequired":true,"valueName":"search_term_string"}}],"inLanguage":"en-US"}]}},"_links":{"self":[{"href":"https:\/\/ratatamkids.com\/en\/wp-json\/wp\/v2\/product\/33385","targetHints":{"allow":["GET"]}}],"collection":[{"href":"https:\/\/ratatamkids.com\/en\/wp-json\/wp\/v2\/product"}],"about":[{"href":"https:\/\/ratatamkids.com\/en\/wp-json\/wp\/v2\/types\/product"}],"replies":[{"embeddable":true,"href":"https:\/\/ratatamkids.com\/en\/wp-json\/wp\/v2\/comments?post=33385"}],"wp:featuredmedia":[{"embeddable":true,"href":"https:\/\/ratatamkids.com\/en\/wp-json\/wp\/v2\/media\/33803"}],"wp:attachment":[{"href":"https:\/\/ratatamkids.com\/en\/wp-json\/wp\/v2\/media?parent=33385"}],"wp:term":[{"taxonomy":"product_brand","embeddable":true,"href":"https:\/\/ratatamkids.com\/en\/wp-json\/wp\/v2\/product_brand?post=33385"},{"taxonomy":"product_cat","embeddable":true,"href":"https:\/\/ratatamkids.com\/en\/wp-json\/wp\/v2\/product_cat?post=33385"},{"taxonomy":"product_tag","embeddable":true,"href":"https:\/\/ratatamkids.com\/en\/wp-json\/wp\/v2\/product_tag?post=33385"}],"curies":[{"name":"wp","href":"https:\/\/api.w.org\/{rel}","templated":true}]}}