{"id":33384,"date":"2024-05-31T12:47:45","date_gmt":"2024-05-31T10:47:45","guid":{"rendered":"https:\/\/ratatamkids.com\/?post_type=product&#038;p=33384"},"modified":"2026-02-09T22:41:30","modified_gmt":"2026-02-09T21:41:30","slug":"ballon-etoiles-12-cm-bleu","status":"publish","type":"product","link":"https:\/\/ratatamkids.com\/en\/produit\/ballon-etoiles-12-cm-bleu\/","title":{"rendered":"Petit Ballon Etoiles 12 cm &#8211; Bleu"},"content":{"rendered":"<p><strong>H\u00c9 HO ! UN BALLON \u00c9TOIL\u00c9 POUR ALLER VERS L&#8217;AU-DEL\u00c0 !\u00a0<\/strong><\/p>\n<p>Salut toi, pr\u00eat \u00e0 explorer les \u00e9toiles ?<\/p>\n<p>Imagine un ballon rempli d&#8217;\u00e9toiles multicolores qui scintillent comme un feu d&#8217;artifice dans un ciel bleu comme l&#8217;oc\u00e9an ! Eh bien, devine quoi ? C&#8217;est notre ballon galactique Ratatam Kids ! Avec lui, chaque journ\u00e9e devient une aventure intergalactique !<\/p>\n<p><strong>Caract\u00e9ristiques Sp\u00e9ciales:<\/strong><\/p>\n<ul>\n<li><strong>Design Galactique:<\/strong> Des \u00e9toiles qui brillent de mille feux dans un ciel bleu comme l&#8217;infini ! C&#8217;est comme si tu tenais un petit bout de l&#8217;univers entre tes mains !<\/li>\n<li><strong>Taille Parfaite pour les Petites Mains:<\/strong> Avec un diam\u00e8tre de 12 cm, ce ballon est parfait pour \u00eatre emport\u00e9 partout avec toi, pr\u00eat \u00e0 illuminer chaque moment de couleurs et de magie !<\/li>\n<li><strong>Polyvalence \u00c9toil\u00e9e:<\/strong> Que ce soit \u00e0 la plage, au parc ou lors d&#8217;une soir\u00e9e pyjama sous les \u00e9toiles, ce ballon est toujours pr\u00eat \u00e0 t&#8217;emporter vers de nouveaux horizons de plaisir et d&#8217;aventure !<\/li>\n<\/ul>\n<p>Chez Ratatam Kids, on sait que chaque jour est une occasion de briller ! Alors, viens avec nous, et ensemble, explorons les \u00e9toiles et cr\u00e9ons des souvenirs \u00e9tincelants !<\/p>\n<p>Pr\u00eat \u00e0 partir dans un voyage intergalactique ? Alors attrape-le vite et que la magie commence ! \ud83c\udf1f\ud83c\udf88<\/p>\n<p>Petit plus, il est livr\u00e9 dans son emballage kraft avec 2 petits liens pour plus de facilit\u00e9.<\/p>\n<p>En PVC sans phtalates<\/p>\n<p>Fabriqu\u00e9 en Chine.<\/p>\n<p>Livr\u00e9 gonfl\u00e9, il est facilement regonflable \u00e0 l\u2019aide d\u2019une pompe \u00e0 v\u00e9los avec aiguilles sp\u00e9ciales ballon. Consultez notre <a href=\"https:\/\/ratatamkids.com\/les-tutos-ratatam\/\" target=\"_blank\" rel=\"noopener\">guide pour apprendre \u00e0 gonfler facilement votre ballon<\/a>.<\/p>\n<p>Disponible en 7 couleurs: \u00c9toiles multicolores &amp; bleu, Coeurs rouges &amp; rose, \u00c9toiles filantes multicolores &amp; jaune, \u00c9clairs jaunes &amp; bleu, Hawai &amp; blanc, Chiens &amp; jaune, Fleurs &amp; corail<\/p>\n","protected":false},"excerpt":{"rendered":"<p><b>Vers l&#8217;infini, et au-del\u00e0 !\u00a0<\/b><\/p>\n<p>Envoies ce petit ballon jusqu&#8217;aux \u00e9toiles !<\/p>\n","protected":false},"featured_media":33797,"comment_status":"open","ping_status":"closed","template":"","meta":{"_acf_changed":false},"product_brand":[],"product_cat":[19,178,359],"product_tag":[],"class_list":{"0":"post-33384","1":"product","2":"type-product","3":"status-publish","4":"has-post-thumbnail","6":"product_cat-ballons","7":"product_cat-ballon-hawaii","8":"product_cat-ballons-a-motifs","10":"first","11":"outofstock","12":"taxable","13":"shipping-taxable","14":"purchasable","15":"product-type-simple"},"acf":[],"yoast_head":"<!-- This site is optimized with the Yoast SEO plugin v25.4 - https:\/\/yoast.com\/wordpress\/plugins\/seo\/ -->\n<title>Petit Ballon Etoiles 12 cm - Bleu - Ratatam Official Website<\/title>\n<meta name=\"description\" content=\"EN ROUTE VERS LA GALAXIE avec le ballon \u00e9toile bleu 12 cm Ratatam Kids. Livraison offerte France Metropolitaine.\" \/>\n<meta name=\"robots\" content=\"index, follow, max-snippet:-1, max-image-preview:large, max-video-preview:-1\" \/>\n<link rel=\"canonical\" href=\"https:\/\/ratatamkids.com\/en\/produit\/ballon-etoiles-12-cm-bleu\/\" \/>\n<meta property=\"og:locale\" content=\"en_US\" \/>\n<meta property=\"og:type\" content=\"article\" \/>\n<meta property=\"og:title\" content=\"Petit Ballon Etoiles 12 cm - Bleu - Ratatam Official Website\" \/>\n<meta property=\"og:description\" content=\"EN ROUTE VERS LA GALAXIE avec le ballon \u00e9toile bleu 12 cm Ratatam Kids. Livraison offerte France Metropolitaine.\" \/>\n<meta property=\"og:url\" content=\"https:\/\/ratatamkids.com\/en\/produit\/ballon-etoiles-12-cm-bleu\/\" \/>\n<meta property=\"og:site_name\" content=\"Ratatam Official Website\" \/>\n<meta property=\"article:publisher\" content=\"https:\/\/www.facebook.com\/Ratatamforhappykids\/\" \/>\n<meta property=\"article:modified_time\" content=\"2026-02-09T21:41:30+00:00\" \/>\n<meta property=\"og:image\" content=\"https:\/\/ratatamkids.com\/wp-content\/uploads\/2024\/03\/BLBIS004-BALLON-ETOILE-BLEU-1.jpg\" \/>\n\t<meta property=\"og:image:width\" content=\"800\" \/>\n\t<meta property=\"og:image:height\" content=\"800\" \/>\n\t<meta property=\"og:image:type\" content=\"image\/jpeg\" \/>\n<meta name=\"twitter:card\" content=\"summary_large_image\" \/>\n<meta name=\"twitter:label1\" content=\"Est. reading time\" \/>\n\t<meta name=\"twitter:data1\" content=\"2 minutes\" \/>\n<script type=\"application\/ld+json\" class=\"yoast-schema-graph\">{\"@context\":\"https:\/\/schema.org\",\"@graph\":[{\"@type\":\"WebPage\",\"@id\":\"https:\/\/ratatamkids.com\/en\/produit\/ballon-etoiles-12-cm-bleu\/\",\"url\":\"https:\/\/ratatamkids.com\/en\/produit\/ballon-etoiles-12-cm-bleu\/\",\"name\":\"Petit Ballon Etoiles 12 cm - Bleu - Ratatam Official Website\",\"isPartOf\":{\"@id\":\"https:\/\/ratatamkids.com\/en\/#website\"},\"primaryImageOfPage\":{\"@id\":\"https:\/\/ratatamkids.com\/en\/produit\/ballon-etoiles-12-cm-bleu\/#primaryimage\"},\"image\":{\"@id\":\"https:\/\/ratatamkids.com\/en\/produit\/ballon-etoiles-12-cm-bleu\/#primaryimage\"},\"thumbnailUrl\":\"https:\/\/ratatamkids.com\/wp-content\/uploads\/2024\/03\/BLBIS004-BALLON-ETOILE-BLEU-1.jpg\",\"datePublished\":\"2024-05-31T10:47:45+00:00\",\"dateModified\":\"2026-02-09T21:41:30+00:00\",\"description\":\"EN ROUTE VERS LA GALAXIE avec le ballon \u00e9toile bleu 12 cm Ratatam Kids. Livraison offerte France Metropolitaine.\",\"breadcrumb\":{\"@id\":\"https:\/\/ratatamkids.com\/en\/produit\/ballon-etoiles-12-cm-bleu\/#breadcrumb\"},\"inLanguage\":\"en-US\",\"potentialAction\":[{\"@type\":\"ReadAction\",\"target\":[\"https:\/\/ratatamkids.com\/en\/produit\/ballon-etoiles-12-cm-bleu\/\"]}]},{\"@type\":\"ImageObject\",\"inLanguage\":\"en-US\",\"@id\":\"https:\/\/ratatamkids.com\/en\/produit\/ballon-etoiles-12-cm-bleu\/#primaryimage\",\"url\":\"https:\/\/ratatamkids.com\/wp-content\/uploads\/2024\/03\/BLBIS004-BALLON-ETOILE-BLEU-1.jpg\",\"contentUrl\":\"https:\/\/ratatamkids.com\/wp-content\/uploads\/2024\/03\/BLBIS004-BALLON-ETOILE-BLEU-1.jpg\",\"width\":800,\"height\":800,\"caption\":\"BALLON A MOTIFS 12 CM BALLON BLEU ET ETOILES MULTICOLORES RATATAM KIDS BLBIS004\"},{\"@type\":\"BreadcrumbList\",\"@id\":\"https:\/\/ratatamkids.com\/en\/produit\/ballon-etoiles-12-cm-bleu\/#breadcrumb\",\"itemListElement\":[{\"@type\":\"ListItem\",\"position\":1,\"name\":\"Accueil\",\"item\":\"https:\/\/ratatamkids.com\/en\/\"},{\"@type\":\"ListItem\",\"position\":2,\"name\":\"Shop\",\"item\":\"https:\/\/ratatamkids.com\/en\/shop\/\"},{\"@type\":\"ListItem\",\"position\":3,\"name\":\"id\u00e9es cadeaux\",\"item\":\"https:\/\/ratatamkids.com\/en\/categorie-produit\/idees-cadeaux\/\"},{\"@type\":\"ListItem\",\"position\":4,\"name\":\"3\/6 ans\",\"item\":\"https:\/\/ratatamkids.com\/en\/categorie-produit\/idees-cadeaux\/3-6-ans\/\"},{\"@type\":\"ListItem\",\"position\":5,\"name\":\"Petit Ballon Etoiles 12 cm &#8211; Bleu\"}]},{\"@type\":\"WebSite\",\"@id\":\"https:\/\/ratatamkids.com\/en\/#website\",\"url\":\"https:\/\/ratatamkids.com\/en\/\",\"name\":\"Ratatam Official Website\",\"description\":\"Cool brand for happy kids!\",\"potentialAction\":[{\"@type\":\"SearchAction\",\"target\":{\"@type\":\"EntryPoint\",\"urlTemplate\":\"https:\/\/ratatamkids.com\/en\/?s={search_term_string}\"},\"query-input\":{\"@type\":\"PropertyValueSpecification\",\"valueRequired\":true,\"valueName\":\"search_term_string\"}}],\"inLanguage\":\"en-US\"}]}<\/script>\n<!-- \/ Yoast SEO plugin. -->","yoast_head_json":{"title":"Petit Ballon Etoiles 12 cm - Bleu - Ratatam Official Website","description":"EN ROUTE VERS LA GALAXIE avec le ballon \u00e9toile bleu 12 cm Ratatam Kids. Livraison offerte France Metropolitaine.","robots":{"index":"index","follow":"follow","max-snippet":"max-snippet:-1","max-image-preview":"max-image-preview:large","max-video-preview":"max-video-preview:-1"},"canonical":"https:\/\/ratatamkids.com\/en\/produit\/ballon-etoiles-12-cm-bleu\/","og_locale":"en_US","og_type":"article","og_title":"Petit Ballon Etoiles 12 cm - Bleu - Ratatam Official Website","og_description":"EN ROUTE VERS LA GALAXIE avec le ballon \u00e9toile bleu 12 cm Ratatam Kids. Livraison offerte France Metropolitaine.","og_url":"https:\/\/ratatamkids.com\/en\/produit\/ballon-etoiles-12-cm-bleu\/","og_site_name":"Ratatam Official Website","article_publisher":"https:\/\/www.facebook.com\/Ratatamforhappykids\/","article_modified_time":"2026-02-09T21:41:30+00:00","og_image":[{"width":800,"height":800,"url":"https:\/\/ratatamkids.com\/wp-content\/uploads\/2024\/03\/BLBIS004-BALLON-ETOILE-BLEU-1.jpg","type":"image\/jpeg"}],"twitter_card":"summary_large_image","twitter_misc":{"Est. reading time":"2 minutes"},"schema":{"@context":"https:\/\/schema.org","@graph":[{"@type":"WebPage","@id":"https:\/\/ratatamkids.com\/en\/produit\/ballon-etoiles-12-cm-bleu\/","url":"https:\/\/ratatamkids.com\/en\/produit\/ballon-etoiles-12-cm-bleu\/","name":"Petit Ballon Etoiles 12 cm - Bleu - Ratatam Official Website","isPartOf":{"@id":"https:\/\/ratatamkids.com\/en\/#website"},"primaryImageOfPage":{"@id":"https:\/\/ratatamkids.com\/en\/produit\/ballon-etoiles-12-cm-bleu\/#primaryimage"},"image":{"@id":"https:\/\/ratatamkids.com\/en\/produit\/ballon-etoiles-12-cm-bleu\/#primaryimage"},"thumbnailUrl":"https:\/\/ratatamkids.com\/wp-content\/uploads\/2024\/03\/BLBIS004-BALLON-ETOILE-BLEU-1.jpg","datePublished":"2024-05-31T10:47:45+00:00","dateModified":"2026-02-09T21:41:30+00:00","description":"EN ROUTE VERS LA GALAXIE avec le ballon \u00e9toile bleu 12 cm Ratatam Kids. Livraison offerte France Metropolitaine.","breadcrumb":{"@id":"https:\/\/ratatamkids.com\/en\/produit\/ballon-etoiles-12-cm-bleu\/#breadcrumb"},"inLanguage":"en-US","potentialAction":[{"@type":"ReadAction","target":["https:\/\/ratatamkids.com\/en\/produit\/ballon-etoiles-12-cm-bleu\/"]}]},{"@type":"ImageObject","inLanguage":"en-US","@id":"https:\/\/ratatamkids.com\/en\/produit\/ballon-etoiles-12-cm-bleu\/#primaryimage","url":"https:\/\/ratatamkids.com\/wp-content\/uploads\/2024\/03\/BLBIS004-BALLON-ETOILE-BLEU-1.jpg","contentUrl":"https:\/\/ratatamkids.com\/wp-content\/uploads\/2024\/03\/BLBIS004-BALLON-ETOILE-BLEU-1.jpg","width":800,"height":800,"caption":"BALLON A MOTIFS 12 CM BALLON BLEU ET ETOILES MULTICOLORES RATATAM KIDS BLBIS004"},{"@type":"BreadcrumbList","@id":"https:\/\/ratatamkids.com\/en\/produit\/ballon-etoiles-12-cm-bleu\/#breadcrumb","itemListElement":[{"@type":"ListItem","position":1,"name":"Accueil","item":"https:\/\/ratatamkids.com\/en\/"},{"@type":"ListItem","position":2,"name":"Shop","item":"https:\/\/ratatamkids.com\/en\/shop\/"},{"@type":"ListItem","position":3,"name":"id\u00e9es cadeaux","item":"https:\/\/ratatamkids.com\/en\/categorie-produit\/idees-cadeaux\/"},{"@type":"ListItem","position":4,"name":"3\/6 ans","item":"https:\/\/ratatamkids.com\/en\/categorie-produit\/idees-cadeaux\/3-6-ans\/"},{"@type":"ListItem","position":5,"name":"Petit Ballon Etoiles 12 cm &#8211; Bleu"}]},{"@type":"WebSite","@id":"https:\/\/ratatamkids.com\/en\/#website","url":"https:\/\/ratatamkids.com\/en\/","name":"Ratatam Official Website","description":"Cool brand for happy kids!","potentialAction":[{"@type":"SearchAction","target":{"@type":"EntryPoint","urlTemplate":"https:\/\/ratatamkids.com\/en\/?s={search_term_string}"},"query-input":{"@type":"PropertyValueSpecification","valueRequired":true,"valueName":"search_term_string"}}],"inLanguage":"en-US"}]}},"_links":{"self":[{"href":"https:\/\/ratatamkids.com\/en\/wp-json\/wp\/v2\/product\/33384","targetHints":{"allow":["GET"]}}],"collection":[{"href":"https:\/\/ratatamkids.com\/en\/wp-json\/wp\/v2\/product"}],"about":[{"href":"https:\/\/ratatamkids.com\/en\/wp-json\/wp\/v2\/types\/product"}],"replies":[{"embeddable":true,"href":"https:\/\/ratatamkids.com\/en\/wp-json\/wp\/v2\/comments?post=33384"}],"wp:featuredmedia":[{"embeddable":true,"href":"https:\/\/ratatamkids.com\/en\/wp-json\/wp\/v2\/media\/33797"}],"wp:attachment":[{"href":"https:\/\/ratatamkids.com\/en\/wp-json\/wp\/v2\/media?parent=33384"}],"wp:term":[{"taxonomy":"product_brand","embeddable":true,"href":"https:\/\/ratatamkids.com\/en\/wp-json\/wp\/v2\/product_brand?post=33384"},{"taxonomy":"product_cat","embeddable":true,"href":"https:\/\/ratatamkids.com\/en\/wp-json\/wp\/v2\/product_cat?post=33384"},{"taxonomy":"product_tag","embeddable":true,"href":"https:\/\/ratatamkids.com\/en\/wp-json\/wp\/v2\/product_tag?post=33384"}],"curies":[{"name":"wp","href":"https:\/\/api.w.org\/{rel}","templated":true}]}}