{"id":33383,"date":"2024-08-17T12:47:49","date_gmt":"2024-08-17T10:47:49","guid":{"rendered":"https:\/\/ratatamkids.com\/?post_type=product&#038;p=33383"},"modified":"2026-03-27T13:04:21","modified_gmt":"2026-03-27T12:04:21","slug":"ballon-eclair-12-cm-bleu","status":"publish","type":"product","link":"https:\/\/ratatamkids.com\/en\/produit\/ballon-eclair-12-cm-bleu\/","title":{"rendered":"Petit Ballon Eclairs 12 cm &#8211; Bleu"},"content":{"rendered":"<p><strong>WOUHOU ! UN BALLON ROCK&#8217;N&#8217;ROLL !!\u00a0<\/strong><\/p>\n<p>Hey toi, pr\u00eat \u00e0 faire des \u00e9tincelles ?<\/p>\n<p>Imagine un ballon qui te transporte au c\u0153ur d&#8217;un orage \u00e9lectrique, avec des \u00e9clairs jaunes qui z\u00e8brent le ciel bleu comme un feu d&#8217;artifice ! Eh bien, devine quoi ? C&#8217;est notre ballon \u00e9clairant Ratatam Kids ! Avec lui, chaque journ\u00e9e devient une aventure \u00e9lectrisante !<\/p>\n<p><strong>Caract\u00e9ristiques Sp\u00e9ciales:<\/strong><\/p>\n<ul>\n<li><strong>Design \u00c9lectrisant:<\/strong> Des \u00e9clairs jaunes qui illuminent un ciel bleu ! C&#8217;est comme tenir un bout de ton propre spectacle de feux d&#8217;artifice dans ta main !<\/li>\n<li><strong>Taille Parfaite pour les Petites Mains:<\/strong> Avec un diam\u00e8tre de 12 cm, ce ballon est parfaitement con\u00e7u pour que tu puisses l&#8217;emporter partout avec toi, et apporter une touche d&#8217;\u00e9nergie \u00e0 chaque instant !<\/li>\n<li><strong>Polyvalence \u00c9blouissante:<\/strong> Que ce soit \u00e0 la plage, au parc ou m\u00eame dans ta chambre lors d&#8217;une soir\u00e9e pyjama, ce ballon est toujours pr\u00eat \u00e0 te faire briller de mille feux et \u00e0 transformer chaque journ\u00e9e en une f\u00eate !<\/li>\n<\/ul>\n<p>Chez Ratatam Kids, on sait que la vie est plus amusante quand elle est pleine de surprises ! Alors, viens avec nous, et ensemble, \u00e9crivons des histoires pleines de couleurs et de rires !<\/p>\n<p>Pr\u00eat \u00e0 ajouter une \u00e9tincelle \u00e0 ta journ\u00e9e avec notre ballon \u00e9clairant ? Alors attrape-le vite et que l&#8217;aventure commence ! \u26a1\ud83c\udf88<\/p>\n<p>Petit plus, il est emball\u00e9 avec un petit emballage kraft et ses 2 petits liens pour plus de facilit\u00e9 !<\/p>\n<p>En PVC sans phtalates<\/p>\n<p>Fabriqu\u00e9 en Chine<\/p>\n<p>Livr\u00e9 gonfl\u00e9, il est facilement regonflable \u00e0 l\u2019aide d\u2019une pompe \u00e0 v\u00e9los avec aiguilles sp\u00e9ciales ballon. Consultez notre <a href=\"https:\/\/ratatamkids.com\/les-tutos-ratatam\/\" target=\"_blank\" rel=\"noopener\">guide pour apprendre \u00e0 gonfler facilement votre ballon<\/a>.<\/p>\n<p>Disponible en 7 couleurs: \u00c9toiles multicolores &amp; bleu, Coeurs rouges &amp; rose, \u00c9toiles filantes multicolores &amp; jaune, \u00c9clairs jaunes &amp; bleu, Hawai &amp; blanc, Chiens &amp; jaune, Fleurs &amp; corail<\/p>\n","protected":false},"excerpt":{"rendered":"<p>C&#8217;est le ballon pour jouer \u00e0 la piscine, \u00e0 la plage ou dans son jardin !<\/p>\n","protected":false},"featured_media":33793,"comment_status":"open","ping_status":"closed","template":"","meta":{"_acf_changed":false},"product_brand":[],"product_cat":[19,178,359],"product_tag":[],"class_list":{"0":"post-33383","1":"product","2":"type-product","3":"status-publish","4":"has-post-thumbnail","6":"product_cat-ballons","7":"product_cat-ballon-hawaii","8":"product_cat-ballons-a-motifs","10":"first","11":"outofstock","12":"taxable","13":"shipping-taxable","14":"purchasable","15":"product-type-simple"},"acf":[],"yoast_head":"<!-- This site is optimized with the Yoast SEO plugin v25.4 - https:\/\/yoast.com\/wordpress\/plugins\/seo\/ -->\n<title>Petit Ballon Eclairs 12 cm - Bleu - Ratatam Official Website<\/title>\n<meta name=\"robots\" content=\"index, follow, max-snippet:-1, max-image-preview:large, max-video-preview:-1\" \/>\n<link rel=\"canonical\" href=\"https:\/\/ratatamkids.com\/en\/produit\/ballon-eclair-12-cm-bleu\/\" \/>\n<meta property=\"og:locale\" content=\"en_US\" \/>\n<meta property=\"og:type\" content=\"article\" \/>\n<meta property=\"og:title\" content=\"Petit Ballon Eclairs 12 cm - Bleu - Ratatam Official Website\" \/>\n<meta property=\"og:description\" content=\"C&#039;est le ballon pour jouer \u00e0 la piscine, \u00e0 la plage ou dans son jardin !\" \/>\n<meta property=\"og:url\" content=\"https:\/\/ratatamkids.com\/en\/produit\/ballon-eclair-12-cm-bleu\/\" \/>\n<meta property=\"og:site_name\" content=\"Ratatam Official Website\" \/>\n<meta property=\"article:publisher\" content=\"https:\/\/www.facebook.com\/Ratatamforhappykids\/\" \/>\n<meta property=\"article:modified_time\" content=\"2026-03-27T12:04:21+00:00\" \/>\n<meta property=\"og:image\" content=\"https:\/\/ratatamkids.com\/wp-content\/uploads\/2024\/03\/BLFLA003-BALLON-ECLAIR-BLEU-1.jpg\" \/>\n\t<meta property=\"og:image:width\" content=\"800\" \/>\n\t<meta property=\"og:image:height\" content=\"800\" \/>\n\t<meta property=\"og:image:type\" content=\"image\/jpeg\" \/>\n<meta name=\"twitter:card\" content=\"summary_large_image\" \/>\n<meta name=\"twitter:label1\" content=\"Est. reading time\" \/>\n\t<meta name=\"twitter:data1\" content=\"2 minutes\" \/>\n<script type=\"application\/ld+json\" class=\"yoast-schema-graph\">{\"@context\":\"https:\/\/schema.org\",\"@graph\":[{\"@type\":\"WebPage\",\"@id\":\"https:\/\/ratatamkids.com\/en\/produit\/ballon-eclair-12-cm-bleu\/\",\"url\":\"https:\/\/ratatamkids.com\/en\/produit\/ballon-eclair-12-cm-bleu\/\",\"name\":\"Petit Ballon Eclairs 12 cm - Bleu - Ratatam Official Website\",\"isPartOf\":{\"@id\":\"https:\/\/ratatamkids.com\/en\/#website\"},\"primaryImageOfPage\":{\"@id\":\"https:\/\/ratatamkids.com\/en\/produit\/ballon-eclair-12-cm-bleu\/#primaryimage\"},\"image\":{\"@id\":\"https:\/\/ratatamkids.com\/en\/produit\/ballon-eclair-12-cm-bleu\/#primaryimage\"},\"thumbnailUrl\":\"https:\/\/ratatamkids.com\/wp-content\/uploads\/2024\/03\/BLFLA003-BALLON-ECLAIR-BLEU-1.jpg\",\"datePublished\":\"2024-08-17T10:47:49+00:00\",\"dateModified\":\"2026-03-27T12:04:21+00:00\",\"breadcrumb\":{\"@id\":\"https:\/\/ratatamkids.com\/en\/produit\/ballon-eclair-12-cm-bleu\/#breadcrumb\"},\"inLanguage\":\"en-US\",\"potentialAction\":[{\"@type\":\"ReadAction\",\"target\":[\"https:\/\/ratatamkids.com\/en\/produit\/ballon-eclair-12-cm-bleu\/\"]}]},{\"@type\":\"ImageObject\",\"inLanguage\":\"en-US\",\"@id\":\"https:\/\/ratatamkids.com\/en\/produit\/ballon-eclair-12-cm-bleu\/#primaryimage\",\"url\":\"https:\/\/ratatamkids.com\/wp-content\/uploads\/2024\/03\/BLFLA003-BALLON-ECLAIR-BLEU-1.jpg\",\"contentUrl\":\"https:\/\/ratatamkids.com\/wp-content\/uploads\/2024\/03\/BLFLA003-BALLON-ECLAIR-BLEU-1.jpg\",\"width\":800,\"height\":800,\"caption\":\"BALLON A MOTIFS ECLAIRS JAUNES ET FOND BLEU 12 CM RATATAM KIDS BLFLA003\"},{\"@type\":\"BreadcrumbList\",\"@id\":\"https:\/\/ratatamkids.com\/en\/produit\/ballon-eclair-12-cm-bleu\/#breadcrumb\",\"itemListElement\":[{\"@type\":\"ListItem\",\"position\":1,\"name\":\"Accueil\",\"item\":\"https:\/\/ratatamkids.com\/en\/\"},{\"@type\":\"ListItem\",\"position\":2,\"name\":\"Shop\",\"item\":\"https:\/\/ratatamkids.com\/en\/shop\/\"},{\"@type\":\"ListItem\",\"position\":3,\"name\":\"Balloons\",\"item\":\"https:\/\/ratatamkids.com\/en\/categorie-produit\/balloons\/\"},{\"@type\":\"ListItem\",\"position\":4,\"name\":\"Petit Ballon Eclairs 12 cm &#8211; Bleu\"}]},{\"@type\":\"WebSite\",\"@id\":\"https:\/\/ratatamkids.com\/en\/#website\",\"url\":\"https:\/\/ratatamkids.com\/en\/\",\"name\":\"Ratatam Official Website\",\"description\":\"Cool brand for happy kids!\",\"potentialAction\":[{\"@type\":\"SearchAction\",\"target\":{\"@type\":\"EntryPoint\",\"urlTemplate\":\"https:\/\/ratatamkids.com\/en\/?s={search_term_string}\"},\"query-input\":{\"@type\":\"PropertyValueSpecification\",\"valueRequired\":true,\"valueName\":\"search_term_string\"}}],\"inLanguage\":\"en-US\"}]}<\/script>\n<!-- \/ Yoast SEO plugin. -->","yoast_head_json":{"title":"Petit Ballon Eclairs 12 cm - Bleu - Ratatam Official Website","robots":{"index":"index","follow":"follow","max-snippet":"max-snippet:-1","max-image-preview":"max-image-preview:large","max-video-preview":"max-video-preview:-1"},"canonical":"https:\/\/ratatamkids.com\/en\/produit\/ballon-eclair-12-cm-bleu\/","og_locale":"en_US","og_type":"article","og_title":"Petit Ballon Eclairs 12 cm - Bleu - Ratatam Official Website","og_description":"C'est le ballon pour jouer \u00e0 la piscine, \u00e0 la plage ou dans son jardin !","og_url":"https:\/\/ratatamkids.com\/en\/produit\/ballon-eclair-12-cm-bleu\/","og_site_name":"Ratatam Official Website","article_publisher":"https:\/\/www.facebook.com\/Ratatamforhappykids\/","article_modified_time":"2026-03-27T12:04:21+00:00","og_image":[{"width":800,"height":800,"url":"https:\/\/ratatamkids.com\/wp-content\/uploads\/2024\/03\/BLFLA003-BALLON-ECLAIR-BLEU-1.jpg","type":"image\/jpeg"}],"twitter_card":"summary_large_image","twitter_misc":{"Est. reading time":"2 minutes"},"schema":{"@context":"https:\/\/schema.org","@graph":[{"@type":"WebPage","@id":"https:\/\/ratatamkids.com\/en\/produit\/ballon-eclair-12-cm-bleu\/","url":"https:\/\/ratatamkids.com\/en\/produit\/ballon-eclair-12-cm-bleu\/","name":"Petit Ballon Eclairs 12 cm - Bleu - Ratatam Official Website","isPartOf":{"@id":"https:\/\/ratatamkids.com\/en\/#website"},"primaryImageOfPage":{"@id":"https:\/\/ratatamkids.com\/en\/produit\/ballon-eclair-12-cm-bleu\/#primaryimage"},"image":{"@id":"https:\/\/ratatamkids.com\/en\/produit\/ballon-eclair-12-cm-bleu\/#primaryimage"},"thumbnailUrl":"https:\/\/ratatamkids.com\/wp-content\/uploads\/2024\/03\/BLFLA003-BALLON-ECLAIR-BLEU-1.jpg","datePublished":"2024-08-17T10:47:49+00:00","dateModified":"2026-03-27T12:04:21+00:00","breadcrumb":{"@id":"https:\/\/ratatamkids.com\/en\/produit\/ballon-eclair-12-cm-bleu\/#breadcrumb"},"inLanguage":"en-US","potentialAction":[{"@type":"ReadAction","target":["https:\/\/ratatamkids.com\/en\/produit\/ballon-eclair-12-cm-bleu\/"]}]},{"@type":"ImageObject","inLanguage":"en-US","@id":"https:\/\/ratatamkids.com\/en\/produit\/ballon-eclair-12-cm-bleu\/#primaryimage","url":"https:\/\/ratatamkids.com\/wp-content\/uploads\/2024\/03\/BLFLA003-BALLON-ECLAIR-BLEU-1.jpg","contentUrl":"https:\/\/ratatamkids.com\/wp-content\/uploads\/2024\/03\/BLFLA003-BALLON-ECLAIR-BLEU-1.jpg","width":800,"height":800,"caption":"BALLON A MOTIFS ECLAIRS JAUNES ET FOND BLEU 12 CM RATATAM KIDS BLFLA003"},{"@type":"BreadcrumbList","@id":"https:\/\/ratatamkids.com\/en\/produit\/ballon-eclair-12-cm-bleu\/#breadcrumb","itemListElement":[{"@type":"ListItem","position":1,"name":"Accueil","item":"https:\/\/ratatamkids.com\/en\/"},{"@type":"ListItem","position":2,"name":"Shop","item":"https:\/\/ratatamkids.com\/en\/shop\/"},{"@type":"ListItem","position":3,"name":"Balloons","item":"https:\/\/ratatamkids.com\/en\/categorie-produit\/balloons\/"},{"@type":"ListItem","position":4,"name":"Petit Ballon Eclairs 12 cm &#8211; Bleu"}]},{"@type":"WebSite","@id":"https:\/\/ratatamkids.com\/en\/#website","url":"https:\/\/ratatamkids.com\/en\/","name":"Ratatam Official Website","description":"Cool brand for happy kids!","potentialAction":[{"@type":"SearchAction","target":{"@type":"EntryPoint","urlTemplate":"https:\/\/ratatamkids.com\/en\/?s={search_term_string}"},"query-input":{"@type":"PropertyValueSpecification","valueRequired":true,"valueName":"search_term_string"}}],"inLanguage":"en-US"}]}},"_links":{"self":[{"href":"https:\/\/ratatamkids.com\/en\/wp-json\/wp\/v2\/product\/33383","targetHints":{"allow":["GET"]}}],"collection":[{"href":"https:\/\/ratatamkids.com\/en\/wp-json\/wp\/v2\/product"}],"about":[{"href":"https:\/\/ratatamkids.com\/en\/wp-json\/wp\/v2\/types\/product"}],"replies":[{"embeddable":true,"href":"https:\/\/ratatamkids.com\/en\/wp-json\/wp\/v2\/comments?post=33383"}],"wp:featuredmedia":[{"embeddable":true,"href":"https:\/\/ratatamkids.com\/en\/wp-json\/wp\/v2\/media\/33793"}],"wp:attachment":[{"href":"https:\/\/ratatamkids.com\/en\/wp-json\/wp\/v2\/media?parent=33383"}],"wp:term":[{"taxonomy":"product_brand","embeddable":true,"href":"https:\/\/ratatamkids.com\/en\/wp-json\/wp\/v2\/product_brand?post=33383"},{"taxonomy":"product_cat","embeddable":true,"href":"https:\/\/ratatamkids.com\/en\/wp-json\/wp\/v2\/product_cat?post=33383"},{"taxonomy":"product_tag","embeddable":true,"href":"https:\/\/ratatamkids.com\/en\/wp-json\/wp\/v2\/product_tag?post=33383"}],"curies":[{"name":"wp","href":"https:\/\/api.w.org\/{rel}","templated":true}]}}