{"id":33382,"date":"2024-05-31T12:47:54","date_gmt":"2024-05-31T10:47:54","guid":{"rendered":"https:\/\/ratatamkids.com\/?post_type=product&#038;p=33382"},"modified":"2026-03-27T10:51:21","modified_gmt":"2026-03-27T09:51:21","slug":"le-ballon-coeur-12-cm-rose","status":"publish","type":"product","link":"https:\/\/ratatamkids.com\/en\/produit\/le-ballon-coeur-12-cm-rose\/","title":{"rendered":"Petit Ballon Coeurs 12 cm &#8211; Rose"},"content":{"rendered":"<p><strong>YOUPPIE ! UN BALLON AMOUREUX !\u00a0<\/strong><\/p>\n<p>Salut toi, pr\u00eat \u00e0 jouer avec ton amoureux(se)?<\/p>\n<p>Imagine un ballon rempli de c\u0153urs rouges qui flottent comme des petits baisers dans un ciel rose comme un bonbon ! Eh bien, devine quoi ? C&#8217;est notre ballon tout amour Ratatam Kids ! Avec lui, chaque journ\u00e9e devient une f\u00eate de l&#8217;amour !<\/p>\n<p><strong>Caract\u00e9ristiques Sp\u00e9ciales:<\/strong><\/p>\n<ul>\n<li><strong>Design Amoureux:<\/strong> Des c\u0153urs rouges qui virevoltent dans un ciel rose sucr\u00e9 ! C&#8217;est comme si Cupidon avait choisi ce ballon juste pour toi !<\/li>\n<li><strong>Taille Parfaite pour les Petites Mains:<\/strong> Avec un diam\u00e8tre de 12 cm, ce ballon est parfait pour \u00eatre emport\u00e9 partout avec toi, pr\u00eat \u00e0 r\u00e9pandre des sourires et des c\u00e2lins !<\/li>\n<li><strong>Polyvalence Enchant\u00e9e:<\/strong> Que ce soit \u00e0 la plage, au parc ou lors d&#8217;une f\u00eate d&#8217;anniversaire, ce ballon est toujours pr\u00eat \u00e0 r\u00e9chauffer les c\u0153urs et \u00e0 rendre chaque moment encore plus sp\u00e9cial !<\/li>\n<\/ul>\n<p>Chez Ratatam Kids, on sait que l&#8217;amour est la plus belle des aventures ! Alors, rejoins-nous, et ensemble, faisons de chaque journ\u00e9e une c\u00e9l\u00e9bration de l&#8217;amour et de l&#8217;amiti\u00e9 !<\/p>\n<p>Alors attrape-le vite et que la f\u00eate commence ! \ud83d\udc95\ud83c\udf88<\/p>\n<p>Petit plus, il est emball\u00e9 avec un petit emballage kraft et ses 2 petits liens pour plus de facilit\u00e9 !<\/p>\n<p>En PVC sans phtalates<\/p>\n<p>Fabriqu\u00e9 en Chine.<\/p>\n<p>Livr\u00e9 gonfl\u00e9, il est facilement regonflable \u00e0 l\u2019aide d\u2019une pompe \u00e0 v\u00e9los avec aiguilles sp\u00e9ciales ballon. Consultez notre <a href=\"https:\/\/ratatamkids.com\/les-tutos-ratatam\/\" target=\"_blank\" rel=\"noopener\">guide pour apprendre \u00e0 gonfler facilement votre ballon<\/a>.<\/p>\n<p>Disponible en 7 couleurs: \u00c9toiles multicolores &amp; bleu, Coeurs rouges &amp; rose, \u00c9toiles filantes multicolores &amp; jaune, \u00c9clairs jaunes &amp; bleu, Hawai &amp; blanc, Chiens &amp; jaune, Fleurs &amp; corail<\/p>\n<p><em>Les ballons fabrication artisanale peuvent entra\u00eener de l\u00e9g\u00e8res variations de couleurs d&#8217;une s\u00e9rie \u00e0 l&#8217;autre.<\/em><\/p>\n","protected":false},"excerpt":{"rendered":"<p>QUE DU LOVEEEEE avec le ce petit ballon remplis de coeur !<\/p>\n","protected":false},"featured_media":33787,"comment_status":"open","ping_status":"closed","template":"","meta":{"_acf_changed":false},"product_brand":[],"product_cat":[19,178,359],"product_tag":[511,512],"class_list":{"0":"post-33382","1":"product","2":"type-product","3":"status-publish","4":"has-post-thumbnail","6":"product_cat-ballons","7":"product_cat-ballon-hawaii","8":"product_cat-ballons-a-motifs","9":"product_tag-coeur","10":"product_tag-coeurs","12":"first","13":"instock","14":"taxable","15":"shipping-taxable","16":"purchasable","17":"product-type-simple"},"acf":[],"yoast_head":"<!-- This site is optimized with the Yoast SEO plugin v25.4 - https:\/\/yoast.com\/wordpress\/plugins\/seo\/ -->\n<title>Petit Ballon Coeurs 12 cm - Rose - Ratatam Official Website<\/title>\n<meta name=\"description\" content=\"QUE DU LOVE avec le ballon 12 cm rose et coeur rouge Ratatam Kids. Livraison offerte en France Metropolitaine.\" \/>\n<meta name=\"robots\" content=\"index, follow, max-snippet:-1, max-image-preview:large, max-video-preview:-1\" \/>\n<link rel=\"canonical\" href=\"https:\/\/ratatamkids.com\/en\/produit\/le-ballon-coeur-12-cm-rose\/\" \/>\n<meta property=\"og:locale\" content=\"en_US\" \/>\n<meta property=\"og:type\" content=\"article\" \/>\n<meta property=\"og:title\" content=\"Petit Ballon Coeurs 12 cm - Rose - Ratatam Official Website\" \/>\n<meta property=\"og:description\" content=\"QUE DU LOVE avec le ballon 12 cm rose et coeur rouge Ratatam Kids. Livraison offerte en France Metropolitaine.\" \/>\n<meta property=\"og:url\" content=\"https:\/\/ratatamkids.com\/en\/produit\/le-ballon-coeur-12-cm-rose\/\" \/>\n<meta property=\"og:site_name\" content=\"Ratatam Official Website\" \/>\n<meta property=\"article:publisher\" content=\"https:\/\/www.facebook.com\/Ratatamforhappykids\/\" \/>\n<meta property=\"article:modified_time\" content=\"2026-03-27T09:51:21+00:00\" \/>\n<meta property=\"og:image\" content=\"https:\/\/ratatamkids.com\/wp-content\/uploads\/2024\/03\/BLCOE002-BALLON-COEUR-ROSE-1.jpg\" \/>\n\t<meta property=\"og:image:width\" content=\"800\" \/>\n\t<meta property=\"og:image:height\" content=\"800\" \/>\n\t<meta property=\"og:image:type\" content=\"image\/jpeg\" \/>\n<meta name=\"twitter:card\" content=\"summary_large_image\" \/>\n<meta name=\"twitter:label1\" content=\"Est. reading time\" \/>\n\t<meta name=\"twitter:data1\" content=\"2 minutes\" \/>\n<script type=\"application\/ld+json\" class=\"yoast-schema-graph\">{\"@context\":\"https:\/\/schema.org\",\"@graph\":[{\"@type\":\"WebPage\",\"@id\":\"https:\/\/ratatamkids.com\/en\/produit\/le-ballon-coeur-12-cm-rose\/\",\"url\":\"https:\/\/ratatamkids.com\/en\/produit\/le-ballon-coeur-12-cm-rose\/\",\"name\":\"Petit Ballon Coeurs 12 cm - Rose - Ratatam Official Website\",\"isPartOf\":{\"@id\":\"https:\/\/ratatamkids.com\/en\/#website\"},\"primaryImageOfPage\":{\"@id\":\"https:\/\/ratatamkids.com\/en\/produit\/le-ballon-coeur-12-cm-rose\/#primaryimage\"},\"image\":{\"@id\":\"https:\/\/ratatamkids.com\/en\/produit\/le-ballon-coeur-12-cm-rose\/#primaryimage\"},\"thumbnailUrl\":\"https:\/\/ratatamkids.com\/wp-content\/uploads\/2024\/03\/BLCOE002-BALLON-COEUR-ROSE-1.jpg\",\"datePublished\":\"2024-05-31T10:47:54+00:00\",\"dateModified\":\"2026-03-27T09:51:21+00:00\",\"description\":\"QUE DU LOVE avec le ballon 12 cm rose et coeur rouge Ratatam Kids. Livraison offerte en France Metropolitaine.\",\"breadcrumb\":{\"@id\":\"https:\/\/ratatamkids.com\/en\/produit\/le-ballon-coeur-12-cm-rose\/#breadcrumb\"},\"inLanguage\":\"en-US\",\"potentialAction\":[{\"@type\":\"ReadAction\",\"target\":[\"https:\/\/ratatamkids.com\/en\/produit\/le-ballon-coeur-12-cm-rose\/\"]}]},{\"@type\":\"ImageObject\",\"inLanguage\":\"en-US\",\"@id\":\"https:\/\/ratatamkids.com\/en\/produit\/le-ballon-coeur-12-cm-rose\/#primaryimage\",\"url\":\"https:\/\/ratatamkids.com\/wp-content\/uploads\/2024\/03\/BLCOE002-BALLON-COEUR-ROSE-1.jpg\",\"contentUrl\":\"https:\/\/ratatamkids.com\/wp-content\/uploads\/2024\/03\/BLCOE002-BALLON-COEUR-ROSE-1.jpg\",\"width\":800,\"height\":800,\"caption\":\"BLCOE002 BALLON 12 CM ROSE ET COEURS ROUGES RATATAM KIDS\"},{\"@type\":\"BreadcrumbList\",\"@id\":\"https:\/\/ratatamkids.com\/en\/produit\/le-ballon-coeur-12-cm-rose\/#breadcrumb\",\"itemListElement\":[{\"@type\":\"ListItem\",\"position\":1,\"name\":\"Accueil\",\"item\":\"https:\/\/ratatamkids.com\/en\/\"},{\"@type\":\"ListItem\",\"position\":2,\"name\":\"Shop\",\"item\":\"https:\/\/ratatamkids.com\/en\/shop\/\"},{\"@type\":\"ListItem\",\"position\":3,\"name\":\"Balloons\",\"item\":\"https:\/\/ratatamkids.com\/en\/categorie-produit\/balloons\/\"},{\"@type\":\"ListItem\",\"position\":4,\"name\":\"Petit Ballon Coeurs 12 cm &#8211; Rose\"}]},{\"@type\":\"WebSite\",\"@id\":\"https:\/\/ratatamkids.com\/en\/#website\",\"url\":\"https:\/\/ratatamkids.com\/en\/\",\"name\":\"Ratatam Official Website\",\"description\":\"Cool brand for happy kids!\",\"potentialAction\":[{\"@type\":\"SearchAction\",\"target\":{\"@type\":\"EntryPoint\",\"urlTemplate\":\"https:\/\/ratatamkids.com\/en\/?s={search_term_string}\"},\"query-input\":{\"@type\":\"PropertyValueSpecification\",\"valueRequired\":true,\"valueName\":\"search_term_string\"}}],\"inLanguage\":\"en-US\"}]}<\/script>\n<!-- \/ Yoast SEO plugin. -->","yoast_head_json":{"title":"Petit Ballon Coeurs 12 cm - Rose - Ratatam Official Website","description":"QUE DU LOVE avec le ballon 12 cm rose et coeur rouge Ratatam Kids. Livraison offerte en France Metropolitaine.","robots":{"index":"index","follow":"follow","max-snippet":"max-snippet:-1","max-image-preview":"max-image-preview:large","max-video-preview":"max-video-preview:-1"},"canonical":"https:\/\/ratatamkids.com\/en\/produit\/le-ballon-coeur-12-cm-rose\/","og_locale":"en_US","og_type":"article","og_title":"Petit Ballon Coeurs 12 cm - Rose - Ratatam Official Website","og_description":"QUE DU LOVE avec le ballon 12 cm rose et coeur rouge Ratatam Kids. Livraison offerte en France Metropolitaine.","og_url":"https:\/\/ratatamkids.com\/en\/produit\/le-ballon-coeur-12-cm-rose\/","og_site_name":"Ratatam Official Website","article_publisher":"https:\/\/www.facebook.com\/Ratatamforhappykids\/","article_modified_time":"2026-03-27T09:51:21+00:00","og_image":[{"width":800,"height":800,"url":"https:\/\/ratatamkids.com\/wp-content\/uploads\/2024\/03\/BLCOE002-BALLON-COEUR-ROSE-1.jpg","type":"image\/jpeg"}],"twitter_card":"summary_large_image","twitter_misc":{"Est. reading time":"2 minutes"},"schema":{"@context":"https:\/\/schema.org","@graph":[{"@type":"WebPage","@id":"https:\/\/ratatamkids.com\/en\/produit\/le-ballon-coeur-12-cm-rose\/","url":"https:\/\/ratatamkids.com\/en\/produit\/le-ballon-coeur-12-cm-rose\/","name":"Petit Ballon Coeurs 12 cm - Rose - Ratatam Official Website","isPartOf":{"@id":"https:\/\/ratatamkids.com\/en\/#website"},"primaryImageOfPage":{"@id":"https:\/\/ratatamkids.com\/en\/produit\/le-ballon-coeur-12-cm-rose\/#primaryimage"},"image":{"@id":"https:\/\/ratatamkids.com\/en\/produit\/le-ballon-coeur-12-cm-rose\/#primaryimage"},"thumbnailUrl":"https:\/\/ratatamkids.com\/wp-content\/uploads\/2024\/03\/BLCOE002-BALLON-COEUR-ROSE-1.jpg","datePublished":"2024-05-31T10:47:54+00:00","dateModified":"2026-03-27T09:51:21+00:00","description":"QUE DU LOVE avec le ballon 12 cm rose et coeur rouge Ratatam Kids. Livraison offerte en France Metropolitaine.","breadcrumb":{"@id":"https:\/\/ratatamkids.com\/en\/produit\/le-ballon-coeur-12-cm-rose\/#breadcrumb"},"inLanguage":"en-US","potentialAction":[{"@type":"ReadAction","target":["https:\/\/ratatamkids.com\/en\/produit\/le-ballon-coeur-12-cm-rose\/"]}]},{"@type":"ImageObject","inLanguage":"en-US","@id":"https:\/\/ratatamkids.com\/en\/produit\/le-ballon-coeur-12-cm-rose\/#primaryimage","url":"https:\/\/ratatamkids.com\/wp-content\/uploads\/2024\/03\/BLCOE002-BALLON-COEUR-ROSE-1.jpg","contentUrl":"https:\/\/ratatamkids.com\/wp-content\/uploads\/2024\/03\/BLCOE002-BALLON-COEUR-ROSE-1.jpg","width":800,"height":800,"caption":"BLCOE002 BALLON 12 CM ROSE ET COEURS ROUGES RATATAM KIDS"},{"@type":"BreadcrumbList","@id":"https:\/\/ratatamkids.com\/en\/produit\/le-ballon-coeur-12-cm-rose\/#breadcrumb","itemListElement":[{"@type":"ListItem","position":1,"name":"Accueil","item":"https:\/\/ratatamkids.com\/en\/"},{"@type":"ListItem","position":2,"name":"Shop","item":"https:\/\/ratatamkids.com\/en\/shop\/"},{"@type":"ListItem","position":3,"name":"Balloons","item":"https:\/\/ratatamkids.com\/en\/categorie-produit\/balloons\/"},{"@type":"ListItem","position":4,"name":"Petit Ballon Coeurs 12 cm &#8211; Rose"}]},{"@type":"WebSite","@id":"https:\/\/ratatamkids.com\/en\/#website","url":"https:\/\/ratatamkids.com\/en\/","name":"Ratatam Official Website","description":"Cool brand for happy kids!","potentialAction":[{"@type":"SearchAction","target":{"@type":"EntryPoint","urlTemplate":"https:\/\/ratatamkids.com\/en\/?s={search_term_string}"},"query-input":{"@type":"PropertyValueSpecification","valueRequired":true,"valueName":"search_term_string"}}],"inLanguage":"en-US"}]}},"_links":{"self":[{"href":"https:\/\/ratatamkids.com\/en\/wp-json\/wp\/v2\/product\/33382","targetHints":{"allow":["GET"]}}],"collection":[{"href":"https:\/\/ratatamkids.com\/en\/wp-json\/wp\/v2\/product"}],"about":[{"href":"https:\/\/ratatamkids.com\/en\/wp-json\/wp\/v2\/types\/product"}],"replies":[{"embeddable":true,"href":"https:\/\/ratatamkids.com\/en\/wp-json\/wp\/v2\/comments?post=33382"}],"wp:featuredmedia":[{"embeddable":true,"href":"https:\/\/ratatamkids.com\/en\/wp-json\/wp\/v2\/media\/33787"}],"wp:attachment":[{"href":"https:\/\/ratatamkids.com\/en\/wp-json\/wp\/v2\/media?parent=33382"}],"wp:term":[{"taxonomy":"product_brand","embeddable":true,"href":"https:\/\/ratatamkids.com\/en\/wp-json\/wp\/v2\/product_brand?post=33382"},{"taxonomy":"product_cat","embeddable":true,"href":"https:\/\/ratatamkids.com\/en\/wp-json\/wp\/v2\/product_cat?post=33382"},{"taxonomy":"product_tag","embeddable":true,"href":"https:\/\/ratatamkids.com\/en\/wp-json\/wp\/v2\/product_tag?post=33382"}],"curies":[{"name":"wp","href":"https:\/\/api.w.org\/{rel}","templated":true}]}}