{"id":32895,"date":"2024-02-14T12:11:00","date_gmt":"2024-02-14T11:11:00","guid":{"rendered":"https:\/\/ratatamkids.com\/?post_type=product&#038;p=32895"},"modified":"2026-03-25T10:34:18","modified_gmt":"2026-03-25T09:34:18","slug":"le-tote-bag-coton-rouge-beige","status":"publish","type":"product","link":"https:\/\/ratatamkids.com\/en\/produit\/le-tote-bag-coton-rouge-beige\/","title":{"rendered":"Le Tote Bag Coton &#8211; Beige et Rouge"},"content":{"rendered":"<p>Apportez une touche d&#8217;amour \u00e0 vos aventures avec notre adorable Totebag en coton beige, orn\u00e9 d&#8217;un dessin de c\u0153ur rouge RATATAM !<\/p>\n<p>Mais ce n&#8217;est pas tout ! Notre Totebag est \u00e9galement dot\u00e9 d&#8217;une petite poche int\u00e9rieure, parfaite pour ranger vos petits tr\u00e9sors ou vos objets essentiels en toute s\u00e9curit\u00e9. Et avec sa forme ronde, il se d\u00e9marque des autres sacs tout en offrant amplement d&#8217;espace pour transporter tout ce dont vous avez besoin.<\/p>\n<p>Que ce soit pour une journ\u00e9e de shopping, une sortie \u00e0 la plage ou une simple balade en ville, notre Totebag en coton beige est le compagnon id\u00e9al pour ajouter une touche de style et de bonne humeur \u00e0 votre quotidien\ud83d\udc96\ud83d\udc5c<\/p>\n<p>Fermeture 2 liens \u00e0 nouer<\/p>\n<p>35 cm de diam\u00e8tre 10cm de profondeur<\/p>\n<p>Anses: 25 cm<\/p>\n<p>100% Coton<\/p>\n<p>Fabriqu\u00e9 en Chine<\/p>\n","protected":false},"excerpt":{"rendered":"<p>C&#8217;est parti pour une journ\u00e9e remplie d&#8217;amour et de joie avec notre Totebag Coton Beige !\u00a0\ud83c\udf1f<\/p>\n<p>100% Coton<\/p>\n<p>Fermeture 2 liens \u00e0 nouer<\/p>\n<p>35 cm de diam\u00e8tre 10cm de profondeur<\/p>\n<p>Anses: 25 cm<\/p>\n","protected":false},"featured_media":32986,"comment_status":"open","ping_status":"closed","template":"","meta":{"_acf_changed":false},"product_brand":[],"product_cat":[23,240],"product_tag":[],"class_list":{"0":"post-32895","1":"product","2":"type-product","3":"status-publish","4":"has-post-thumbnail","6":"product_cat-accessoires","7":"product_cat-sacs","9":"first","10":"instock","11":"taxable","12":"shipping-taxable","13":"purchasable","14":"product-type-simple"},"acf":[],"yoast_head":"<!-- This site is optimized with the Yoast SEO plugin v25.4 - https:\/\/yoast.com\/wordpress\/plugins\/seo\/ -->\n<title>Le Tote Bag Coton - Beige et Rouge - Ratatam Official Website<\/title>\n<meta name=\"description\" content=\"Totebag en coton beige, parfait pour accompagner vos escapades quotidiennes. Rempli d&#039;amour avec le c\u0153ur rouge RATATAM KIDS\" \/>\n<meta name=\"robots\" content=\"index, follow, max-snippet:-1, max-image-preview:large, max-video-preview:-1\" \/>\n<link rel=\"canonical\" href=\"https:\/\/ratatamkids.com\/en\/produit\/le-tote-bag-coton-rouge-beige\/\" \/>\n<meta property=\"og:locale\" content=\"en_US\" \/>\n<meta property=\"og:type\" content=\"article\" \/>\n<meta property=\"og:title\" content=\"Le Tote Bag Coton - Beige et Rouge - Ratatam Official Website\" \/>\n<meta property=\"og:description\" content=\"Totebag en coton beige, parfait pour accompagner vos escapades quotidiennes. Rempli d&#039;amour avec le c\u0153ur rouge RATATAM KIDS\" \/>\n<meta property=\"og:url\" content=\"https:\/\/ratatamkids.com\/en\/produit\/le-tote-bag-coton-rouge-beige\/\" \/>\n<meta property=\"og:site_name\" content=\"Ratatam Official Website\" \/>\n<meta property=\"article:publisher\" content=\"https:\/\/www.facebook.com\/Ratatamforhappykids\/\" \/>\n<meta property=\"article:modified_time\" content=\"2026-03-25T09:34:18+00:00\" \/>\n<meta property=\"og:image\" content=\"https:\/\/ratatamkids.com\/wp-content\/uploads\/2024\/02\/TOTEBAG-COTON-COEUR-TB-A032-RATATAM-KIDS-1.jpg\" \/>\n\t<meta property=\"og:image:width\" content=\"800\" \/>\n\t<meta property=\"og:image:height\" content=\"800\" \/>\n\t<meta property=\"og:image:type\" content=\"image\/jpeg\" \/>\n<meta name=\"twitter:card\" content=\"summary_large_image\" \/>\n<meta name=\"twitter:label1\" content=\"Est. reading time\" \/>\n\t<meta name=\"twitter:data1\" content=\"1 minute\" \/>\n<script type=\"application\/ld+json\" class=\"yoast-schema-graph\">{\"@context\":\"https:\/\/schema.org\",\"@graph\":[{\"@type\":\"WebPage\",\"@id\":\"https:\/\/ratatamkids.com\/en\/produit\/le-tote-bag-coton-rouge-beige\/\",\"url\":\"https:\/\/ratatamkids.com\/en\/produit\/le-tote-bag-coton-rouge-beige\/\",\"name\":\"Le Tote Bag Coton - Beige et Rouge - Ratatam Official Website\",\"isPartOf\":{\"@id\":\"https:\/\/ratatamkids.com\/en\/#website\"},\"primaryImageOfPage\":{\"@id\":\"https:\/\/ratatamkids.com\/en\/produit\/le-tote-bag-coton-rouge-beige\/#primaryimage\"},\"image\":{\"@id\":\"https:\/\/ratatamkids.com\/en\/produit\/le-tote-bag-coton-rouge-beige\/#primaryimage\"},\"thumbnailUrl\":\"https:\/\/ratatamkids.com\/wp-content\/uploads\/2024\/02\/TOTEBAG-COTON-COEUR-TB-A032-RATATAM-KIDS-1.jpg\",\"datePublished\":\"2024-02-14T11:11:00+00:00\",\"dateModified\":\"2026-03-25T09:34:18+00:00\",\"description\":\"Totebag en coton beige, parfait pour accompagner vos escapades quotidiennes. Rempli d'amour avec le c\u0153ur rouge RATATAM KIDS\",\"breadcrumb\":{\"@id\":\"https:\/\/ratatamkids.com\/en\/produit\/le-tote-bag-coton-rouge-beige\/#breadcrumb\"},\"inLanguage\":\"en-US\",\"potentialAction\":[{\"@type\":\"ReadAction\",\"target\":[\"https:\/\/ratatamkids.com\/en\/produit\/le-tote-bag-coton-rouge-beige\/\"]}]},{\"@type\":\"ImageObject\",\"inLanguage\":\"en-US\",\"@id\":\"https:\/\/ratatamkids.com\/en\/produit\/le-tote-bag-coton-rouge-beige\/#primaryimage\",\"url\":\"https:\/\/ratatamkids.com\/wp-content\/uploads\/2024\/02\/TOTEBAG-COTON-COEUR-TB-A032-RATATAM-KIDS-1.jpg\",\"contentUrl\":\"https:\/\/ratatamkids.com\/wp-content\/uploads\/2024\/02\/TOTEBAG-COTON-COEUR-TB-A032-RATATAM-KIDS-1.jpg\",\"width\":800,\"height\":800,\"caption\":\"TOTEBAG EN COTON BEIGE AVEC DESSIN COEUR ROUGE RATATAM KIDS TB-A032\"},{\"@type\":\"BreadcrumbList\",\"@id\":\"https:\/\/ratatamkids.com\/en\/produit\/le-tote-bag-coton-rouge-beige\/#breadcrumb\",\"itemListElement\":[{\"@type\":\"ListItem\",\"position\":1,\"name\":\"Accueil\",\"item\":\"https:\/\/ratatamkids.com\/en\/\"},{\"@type\":\"ListItem\",\"position\":2,\"name\":\"Shop\",\"item\":\"https:\/\/ratatamkids.com\/en\/shop\/\"},{\"@type\":\"ListItem\",\"position\":3,\"name\":\"Accessories\",\"item\":\"https:\/\/ratatamkids.com\/en\/categorie-produit\/accessories\/\"},{\"@type\":\"ListItem\",\"position\":4,\"name\":\"Bags\",\"item\":\"https:\/\/ratatamkids.com\/en\/categorie-produit\/accessories\/bags\/\"},{\"@type\":\"ListItem\",\"position\":5,\"name\":\"Le Tote Bag Coton &#8211; Beige et Rouge\"}]},{\"@type\":\"WebSite\",\"@id\":\"https:\/\/ratatamkids.com\/en\/#website\",\"url\":\"https:\/\/ratatamkids.com\/en\/\",\"name\":\"Ratatam Official Website\",\"description\":\"Cool brand for happy kids!\",\"potentialAction\":[{\"@type\":\"SearchAction\",\"target\":{\"@type\":\"EntryPoint\",\"urlTemplate\":\"https:\/\/ratatamkids.com\/en\/?s={search_term_string}\"},\"query-input\":{\"@type\":\"PropertyValueSpecification\",\"valueRequired\":true,\"valueName\":\"search_term_string\"}}],\"inLanguage\":\"en-US\"}]}<\/script>\n<!-- \/ Yoast SEO plugin. -->","yoast_head_json":{"title":"Le Tote Bag Coton - Beige et Rouge - Ratatam Official Website","description":"Totebag en coton beige, parfait pour accompagner vos escapades quotidiennes. Rempli d'amour avec le c\u0153ur rouge RATATAM KIDS","robots":{"index":"index","follow":"follow","max-snippet":"max-snippet:-1","max-image-preview":"max-image-preview:large","max-video-preview":"max-video-preview:-1"},"canonical":"https:\/\/ratatamkids.com\/en\/produit\/le-tote-bag-coton-rouge-beige\/","og_locale":"en_US","og_type":"article","og_title":"Le Tote Bag Coton - Beige et Rouge - Ratatam Official Website","og_description":"Totebag en coton beige, parfait pour accompagner vos escapades quotidiennes. Rempli d'amour avec le c\u0153ur rouge RATATAM KIDS","og_url":"https:\/\/ratatamkids.com\/en\/produit\/le-tote-bag-coton-rouge-beige\/","og_site_name":"Ratatam Official Website","article_publisher":"https:\/\/www.facebook.com\/Ratatamforhappykids\/","article_modified_time":"2026-03-25T09:34:18+00:00","og_image":[{"width":800,"height":800,"url":"https:\/\/ratatamkids.com\/wp-content\/uploads\/2024\/02\/TOTEBAG-COTON-COEUR-TB-A032-RATATAM-KIDS-1.jpg","type":"image\/jpeg"}],"twitter_card":"summary_large_image","twitter_misc":{"Est. reading time":"1 minute"},"schema":{"@context":"https:\/\/schema.org","@graph":[{"@type":"WebPage","@id":"https:\/\/ratatamkids.com\/en\/produit\/le-tote-bag-coton-rouge-beige\/","url":"https:\/\/ratatamkids.com\/en\/produit\/le-tote-bag-coton-rouge-beige\/","name":"Le Tote Bag Coton - Beige et Rouge - Ratatam Official Website","isPartOf":{"@id":"https:\/\/ratatamkids.com\/en\/#website"},"primaryImageOfPage":{"@id":"https:\/\/ratatamkids.com\/en\/produit\/le-tote-bag-coton-rouge-beige\/#primaryimage"},"image":{"@id":"https:\/\/ratatamkids.com\/en\/produit\/le-tote-bag-coton-rouge-beige\/#primaryimage"},"thumbnailUrl":"https:\/\/ratatamkids.com\/wp-content\/uploads\/2024\/02\/TOTEBAG-COTON-COEUR-TB-A032-RATATAM-KIDS-1.jpg","datePublished":"2024-02-14T11:11:00+00:00","dateModified":"2026-03-25T09:34:18+00:00","description":"Totebag en coton beige, parfait pour accompagner vos escapades quotidiennes. Rempli d'amour avec le c\u0153ur rouge RATATAM KIDS","breadcrumb":{"@id":"https:\/\/ratatamkids.com\/en\/produit\/le-tote-bag-coton-rouge-beige\/#breadcrumb"},"inLanguage":"en-US","potentialAction":[{"@type":"ReadAction","target":["https:\/\/ratatamkids.com\/en\/produit\/le-tote-bag-coton-rouge-beige\/"]}]},{"@type":"ImageObject","inLanguage":"en-US","@id":"https:\/\/ratatamkids.com\/en\/produit\/le-tote-bag-coton-rouge-beige\/#primaryimage","url":"https:\/\/ratatamkids.com\/wp-content\/uploads\/2024\/02\/TOTEBAG-COTON-COEUR-TB-A032-RATATAM-KIDS-1.jpg","contentUrl":"https:\/\/ratatamkids.com\/wp-content\/uploads\/2024\/02\/TOTEBAG-COTON-COEUR-TB-A032-RATATAM-KIDS-1.jpg","width":800,"height":800,"caption":"TOTEBAG EN COTON BEIGE AVEC DESSIN COEUR ROUGE RATATAM KIDS TB-A032"},{"@type":"BreadcrumbList","@id":"https:\/\/ratatamkids.com\/en\/produit\/le-tote-bag-coton-rouge-beige\/#breadcrumb","itemListElement":[{"@type":"ListItem","position":1,"name":"Accueil","item":"https:\/\/ratatamkids.com\/en\/"},{"@type":"ListItem","position":2,"name":"Shop","item":"https:\/\/ratatamkids.com\/en\/shop\/"},{"@type":"ListItem","position":3,"name":"Accessories","item":"https:\/\/ratatamkids.com\/en\/categorie-produit\/accessories\/"},{"@type":"ListItem","position":4,"name":"Bags","item":"https:\/\/ratatamkids.com\/en\/categorie-produit\/accessories\/bags\/"},{"@type":"ListItem","position":5,"name":"Le Tote Bag Coton &#8211; Beige et Rouge"}]},{"@type":"WebSite","@id":"https:\/\/ratatamkids.com\/en\/#website","url":"https:\/\/ratatamkids.com\/en\/","name":"Ratatam Official Website","description":"Cool brand for happy kids!","potentialAction":[{"@type":"SearchAction","target":{"@type":"EntryPoint","urlTemplate":"https:\/\/ratatamkids.com\/en\/?s={search_term_string}"},"query-input":{"@type":"PropertyValueSpecification","valueRequired":true,"valueName":"search_term_string"}}],"inLanguage":"en-US"}]}},"_links":{"self":[{"href":"https:\/\/ratatamkids.com\/en\/wp-json\/wp\/v2\/product\/32895","targetHints":{"allow":["GET"]}}],"collection":[{"href":"https:\/\/ratatamkids.com\/en\/wp-json\/wp\/v2\/product"}],"about":[{"href":"https:\/\/ratatamkids.com\/en\/wp-json\/wp\/v2\/types\/product"}],"replies":[{"embeddable":true,"href":"https:\/\/ratatamkids.com\/en\/wp-json\/wp\/v2\/comments?post=32895"}],"wp:featuredmedia":[{"embeddable":true,"href":"https:\/\/ratatamkids.com\/en\/wp-json\/wp\/v2\/media\/32986"}],"wp:attachment":[{"href":"https:\/\/ratatamkids.com\/en\/wp-json\/wp\/v2\/media?parent=32895"}],"wp:term":[{"taxonomy":"product_brand","embeddable":true,"href":"https:\/\/ratatamkids.com\/en\/wp-json\/wp\/v2\/product_brand?post=32895"},{"taxonomy":"product_cat","embeddable":true,"href":"https:\/\/ratatamkids.com\/en\/wp-json\/wp\/v2\/product_cat?post=32895"},{"taxonomy":"product_tag","embeddable":true,"href":"https:\/\/ratatamkids.com\/en\/wp-json\/wp\/v2\/product_tag?post=32895"}],"curies":[{"name":"wp","href":"https:\/\/api.w.org\/{rel}","templated":true}]}}