{"id":32640,"date":"2024-02-05T16:40:00","date_gmt":"2024-02-05T15:40:00","guid":{"rendered":"https:\/\/ratatamkids.com\/produit\/la-cape-funky-or\/"},"modified":"2026-04-20T10:47:30","modified_gmt":"2026-04-20T08:47:30","slug":"la-cape-funky-or","status":"publish","type":"product","link":"https:\/\/ratatamkids.com\/en\/produit\/la-cape-funky-or\/","title":{"rendered":"La Cape Funky &#8211; Or"},"content":{"rendered":"<h1>La Cape Funky !<\/h1>\n<p>Transformez vos petits r\u00eaveurs en <strong>super-h\u00e9ros scintillants<\/strong> avec notre incroyable cape m\u00e9tallis\u00e9e or Ratatam Kids ! Cette cape magique et tendance est sp\u00e9cialement con\u00e7ue pour les enfants qui aiment se plonger dans des aventures imaginaires. Avec sa couleur or m\u00e9tallis\u00e9e \u00e9clatante et ses \u00e9toiles \u00e0 paillettes roses, elle ajoutera une touche de f\u00e9\u00e9rie \u00e0 chaque jeu.<\/p>\n<p>Notre cape m\u00e9tallis\u00e9e dor\u00e9e est confectionn\u00e9e avec soin, en utilisant des mat\u00e9riaux de haute qualit\u00e9 pour garantir un confort optimal et une durabilit\u00e9 exceptionnelle. <strong>Le<\/strong> <strong>velcro \u00e9toile rose attache d\u00e9licatement autour du cou<\/strong>, permettant aux enfants d\u2019ajuster la cape \u00e0 leur convenance. Les d\u00e9tails m\u00e9tallis\u00e9s brillants ajoutent une touche de magie \u00e0 chaque mouvement.<\/p>\n<p>Que ce soit pour incarner des super-h\u00e9ros, des princesses ou des personnages fantastiques, notre cape m\u00e9tallis\u00e9e or sera le compagnon id\u00e9al pour stimuler l\u2019imagination de vos enfants. Ils se sentiront comme des h\u00e9ros en mission, pr\u00eats \u00e0 sauver le monde ou \u00e0 explorer des mondes enchant\u00e9s. La fermeture \u00e9toil\u00e9e rose et l&#8217;\u00e9toile cousue au niveau de la poitrine ajouteront <strong>une touche de f\u00e9\u00e9rie<\/strong> \u00e0 leur d\u00e9guisement, captivant l\u2019attention de tous.<\/p>\n<p>Courte &#8211; Effet poncho<\/p>\n<p>La cape est disponible dans 2 coloris<\/p>\n<p><strong>Taille unique<\/strong><\/p>\n<p><strong>Id\u00e9al de 3 \u00e0 12 ans<\/strong><\/p>\n<p>Polyester.<\/p>\n<p>Fabrique en Chine.<\/p>\n","protected":false},"excerpt":{"rendered":"<p>Une pi\u00e8ce color\u00e9e et super shiny pour <strong>se d\u00e9guiser et s&#8217;amuser !\u00a0<\/strong><br \/>\nCette cape courte en tissu m\u00e9tallis\u00e9 dor\u00e9, et parfaite pour les jeux de r\u00f4le, les f\u00eates costum\u00e9es, ou simplement pour briller chaque jour !<\/p>\n<p>D\u00e9couvrez l\u2019\u00e9clat de la magie dor\u00e9e d\u00e8s aujourd\u2019hui !<\/p>\n<p>Fermeture avec <strong>un velcro \u00e9toil\u00e9 !<\/strong><\/p>\n","protected":false},"featured_media":32641,"comment_status":"open","ping_status":"closed","template":"","meta":{"_acf_changed":false},"product_brand":[],"product_cat":[20,144,15],"product_tag":[],"class_list":{"0":"post-32640","1":"product","2":"type-product","3":"status-publish","4":"has-post-thumbnail","6":"product_cat-deguisements","7":"product_cat-capes","8":"product_cat-non-classe","10":"first","11":"instock","12":"taxable","13":"shipping-taxable","14":"purchasable","15":"product-type-simple"},"acf":[],"yoast_head":"<!-- This site is optimized with the Yoast SEO plugin v25.4 - https:\/\/yoast.com\/wordpress\/plugins\/seo\/ -->\n<title>La Cape Funky - Or - Ratatam Official Website<\/title>\n<meta name=\"description\" content=\"La cape funky m\u00e9tallis\u00e9e dor\u00e9e Ratatam Kids. D\u00e9guisement pour enfants. Livraison offerte en France Metropolitaine. Paillettes roses\" \/>\n<meta name=\"robots\" content=\"index, follow, max-snippet:-1, max-image-preview:large, max-video-preview:-1\" \/>\n<link rel=\"canonical\" href=\"https:\/\/ratatamkids.com\/en\/produit\/la-cape-funky-or\/\" \/>\n<meta property=\"og:locale\" content=\"en_US\" \/>\n<meta property=\"og:type\" content=\"article\" \/>\n<meta property=\"og:title\" content=\"La Cape Funky - Or - Ratatam Official Website\" \/>\n<meta property=\"og:description\" content=\"La cape funky m\u00e9tallis\u00e9e dor\u00e9e Ratatam Kids. D\u00e9guisement pour enfants. Livraison offerte en France Metropolitaine. Paillettes roses\" \/>\n<meta property=\"og:url\" content=\"https:\/\/ratatamkids.com\/en\/produit\/la-cape-funky-or\/\" \/>\n<meta property=\"og:site_name\" content=\"Ratatam Official Website\" \/>\n<meta property=\"article:publisher\" content=\"https:\/\/www.facebook.com\/Ratatamforhappykids\/\" \/>\n<meta property=\"article:modified_time\" content=\"2026-04-20T08:47:30+00:00\" \/>\n<meta property=\"og:image\" content=\"https:\/\/ratatamkids.com\/wp-content\/uploads\/2024\/02\/CD-M005G-CAPE-DISCO-OR-0.jpg\" \/>\n\t<meta property=\"og:image:width\" content=\"800\" \/>\n\t<meta property=\"og:image:height\" content=\"800\" \/>\n\t<meta property=\"og:image:type\" content=\"image\/jpeg\" \/>\n<meta name=\"twitter:card\" content=\"summary_large_image\" \/>\n<meta name=\"twitter:label1\" content=\"Est. reading time\" \/>\n\t<meta name=\"twitter:data1\" content=\"2 minutes\" \/>\n<script type=\"application\/ld+json\" class=\"yoast-schema-graph\">{\"@context\":\"https:\/\/schema.org\",\"@graph\":[{\"@type\":\"WebPage\",\"@id\":\"https:\/\/ratatamkids.com\/en\/produit\/la-cape-funky-or\/\",\"url\":\"https:\/\/ratatamkids.com\/en\/produit\/la-cape-funky-or\/\",\"name\":\"La Cape Funky - Or - Ratatam Official Website\",\"isPartOf\":{\"@id\":\"https:\/\/ratatamkids.com\/en\/#website\"},\"primaryImageOfPage\":{\"@id\":\"https:\/\/ratatamkids.com\/en\/produit\/la-cape-funky-or\/#primaryimage\"},\"image\":{\"@id\":\"https:\/\/ratatamkids.com\/en\/produit\/la-cape-funky-or\/#primaryimage\"},\"thumbnailUrl\":\"https:\/\/ratatamkids.com\/wp-content\/uploads\/2024\/02\/CD-M005G-CAPE-DISCO-OR-0.jpg\",\"datePublished\":\"2024-02-05T15:40:00+00:00\",\"dateModified\":\"2026-04-20T08:47:30+00:00\",\"description\":\"La cape funky m\u00e9tallis\u00e9e dor\u00e9e Ratatam Kids. D\u00e9guisement pour enfants. Livraison offerte en France Metropolitaine. Paillettes roses\",\"breadcrumb\":{\"@id\":\"https:\/\/ratatamkids.com\/en\/produit\/la-cape-funky-or\/#breadcrumb\"},\"inLanguage\":\"en-US\",\"potentialAction\":[{\"@type\":\"ReadAction\",\"target\":[\"https:\/\/ratatamkids.com\/en\/produit\/la-cape-funky-or\/\"]}]},{\"@type\":\"ImageObject\",\"inLanguage\":\"en-US\",\"@id\":\"https:\/\/ratatamkids.com\/en\/produit\/la-cape-funky-or\/#primaryimage\",\"url\":\"https:\/\/ratatamkids.com\/wp-content\/uploads\/2024\/02\/CD-M005G-CAPE-DISCO-OR-0.jpg\",\"contentUrl\":\"https:\/\/ratatamkids.com\/wp-content\/uploads\/2024\/02\/CD-M005G-CAPE-DISCO-OR-0.jpg\",\"width\":800,\"height\":800,\"caption\":\"LA CAPE COUPE DISCO OR RATATAM KIDS\"},{\"@type\":\"BreadcrumbList\",\"@id\":\"https:\/\/ratatamkids.com\/en\/produit\/la-cape-funky-or\/#breadcrumb\",\"itemListElement\":[{\"@type\":\"ListItem\",\"position\":1,\"name\":\"Accueil\",\"item\":\"https:\/\/ratatamkids.com\/en\/\"},{\"@type\":\"ListItem\",\"position\":2,\"name\":\"Shop\",\"item\":\"https:\/\/ratatamkids.com\/en\/shop\/\"},{\"@type\":\"ListItem\",\"position\":3,\"name\":\"Non classifi\u00e9(e)\",\"item\":\"https:\/\/ratatamkids.com\/en\/categorie-produit\/non-classifiee\/\"},{\"@type\":\"ListItem\",\"position\":4,\"name\":\"La Cape Funky &#8211; Or\"}]},{\"@type\":\"WebSite\",\"@id\":\"https:\/\/ratatamkids.com\/en\/#website\",\"url\":\"https:\/\/ratatamkids.com\/en\/\",\"name\":\"Ratatam Official Website\",\"description\":\"Cool brand for happy kids!\",\"potentialAction\":[{\"@type\":\"SearchAction\",\"target\":{\"@type\":\"EntryPoint\",\"urlTemplate\":\"https:\/\/ratatamkids.com\/en\/?s={search_term_string}\"},\"query-input\":{\"@type\":\"PropertyValueSpecification\",\"valueRequired\":true,\"valueName\":\"search_term_string\"}}],\"inLanguage\":\"en-US\"}]}<\/script>\n<!-- \/ Yoast SEO plugin. -->","yoast_head_json":{"title":"La Cape Funky - Or - Ratatam Official Website","description":"La cape funky m\u00e9tallis\u00e9e dor\u00e9e Ratatam Kids. D\u00e9guisement pour enfants. Livraison offerte en France Metropolitaine. Paillettes roses","robots":{"index":"index","follow":"follow","max-snippet":"max-snippet:-1","max-image-preview":"max-image-preview:large","max-video-preview":"max-video-preview:-1"},"canonical":"https:\/\/ratatamkids.com\/en\/produit\/la-cape-funky-or\/","og_locale":"en_US","og_type":"article","og_title":"La Cape Funky - Or - Ratatam Official Website","og_description":"La cape funky m\u00e9tallis\u00e9e dor\u00e9e Ratatam Kids. D\u00e9guisement pour enfants. Livraison offerte en France Metropolitaine. Paillettes roses","og_url":"https:\/\/ratatamkids.com\/en\/produit\/la-cape-funky-or\/","og_site_name":"Ratatam Official Website","article_publisher":"https:\/\/www.facebook.com\/Ratatamforhappykids\/","article_modified_time":"2026-04-20T08:47:30+00:00","og_image":[{"width":800,"height":800,"url":"https:\/\/ratatamkids.com\/wp-content\/uploads\/2024\/02\/CD-M005G-CAPE-DISCO-OR-0.jpg","type":"image\/jpeg"}],"twitter_card":"summary_large_image","twitter_misc":{"Est. reading time":"2 minutes"},"schema":{"@context":"https:\/\/schema.org","@graph":[{"@type":"WebPage","@id":"https:\/\/ratatamkids.com\/en\/produit\/la-cape-funky-or\/","url":"https:\/\/ratatamkids.com\/en\/produit\/la-cape-funky-or\/","name":"La Cape Funky - Or - Ratatam Official Website","isPartOf":{"@id":"https:\/\/ratatamkids.com\/en\/#website"},"primaryImageOfPage":{"@id":"https:\/\/ratatamkids.com\/en\/produit\/la-cape-funky-or\/#primaryimage"},"image":{"@id":"https:\/\/ratatamkids.com\/en\/produit\/la-cape-funky-or\/#primaryimage"},"thumbnailUrl":"https:\/\/ratatamkids.com\/wp-content\/uploads\/2024\/02\/CD-M005G-CAPE-DISCO-OR-0.jpg","datePublished":"2024-02-05T15:40:00+00:00","dateModified":"2026-04-20T08:47:30+00:00","description":"La cape funky m\u00e9tallis\u00e9e dor\u00e9e Ratatam Kids. D\u00e9guisement pour enfants. Livraison offerte en France Metropolitaine. Paillettes roses","breadcrumb":{"@id":"https:\/\/ratatamkids.com\/en\/produit\/la-cape-funky-or\/#breadcrumb"},"inLanguage":"en-US","potentialAction":[{"@type":"ReadAction","target":["https:\/\/ratatamkids.com\/en\/produit\/la-cape-funky-or\/"]}]},{"@type":"ImageObject","inLanguage":"en-US","@id":"https:\/\/ratatamkids.com\/en\/produit\/la-cape-funky-or\/#primaryimage","url":"https:\/\/ratatamkids.com\/wp-content\/uploads\/2024\/02\/CD-M005G-CAPE-DISCO-OR-0.jpg","contentUrl":"https:\/\/ratatamkids.com\/wp-content\/uploads\/2024\/02\/CD-M005G-CAPE-DISCO-OR-0.jpg","width":800,"height":800,"caption":"LA CAPE COUPE DISCO OR RATATAM KIDS"},{"@type":"BreadcrumbList","@id":"https:\/\/ratatamkids.com\/en\/produit\/la-cape-funky-or\/#breadcrumb","itemListElement":[{"@type":"ListItem","position":1,"name":"Accueil","item":"https:\/\/ratatamkids.com\/en\/"},{"@type":"ListItem","position":2,"name":"Shop","item":"https:\/\/ratatamkids.com\/en\/shop\/"},{"@type":"ListItem","position":3,"name":"Non classifi\u00e9(e)","item":"https:\/\/ratatamkids.com\/en\/categorie-produit\/non-classifiee\/"},{"@type":"ListItem","position":4,"name":"La Cape Funky &#8211; Or"}]},{"@type":"WebSite","@id":"https:\/\/ratatamkids.com\/en\/#website","url":"https:\/\/ratatamkids.com\/en\/","name":"Ratatam Official Website","description":"Cool brand for happy kids!","potentialAction":[{"@type":"SearchAction","target":{"@type":"EntryPoint","urlTemplate":"https:\/\/ratatamkids.com\/en\/?s={search_term_string}"},"query-input":{"@type":"PropertyValueSpecification","valueRequired":true,"valueName":"search_term_string"}}],"inLanguage":"en-US"}]}},"_links":{"self":[{"href":"https:\/\/ratatamkids.com\/en\/wp-json\/wp\/v2\/product\/32640","targetHints":{"allow":["GET"]}}],"collection":[{"href":"https:\/\/ratatamkids.com\/en\/wp-json\/wp\/v2\/product"}],"about":[{"href":"https:\/\/ratatamkids.com\/en\/wp-json\/wp\/v2\/types\/product"}],"replies":[{"embeddable":true,"href":"https:\/\/ratatamkids.com\/en\/wp-json\/wp\/v2\/comments?post=32640"}],"wp:featuredmedia":[{"embeddable":true,"href":"https:\/\/ratatamkids.com\/en\/wp-json\/wp\/v2\/media\/32641"}],"wp:attachment":[{"href":"https:\/\/ratatamkids.com\/en\/wp-json\/wp\/v2\/media?parent=32640"}],"wp:term":[{"taxonomy":"product_brand","embeddable":true,"href":"https:\/\/ratatamkids.com\/en\/wp-json\/wp\/v2\/product_brand?post=32640"},{"taxonomy":"product_cat","embeddable":true,"href":"https:\/\/ratatamkids.com\/en\/wp-json\/wp\/v2\/product_cat?post=32640"},{"taxonomy":"product_tag","embeddable":true,"href":"https:\/\/ratatamkids.com\/en\/wp-json\/wp\/v2\/product_tag?post=32640"}],"curies":[{"name":"wp","href":"https:\/\/api.w.org\/{rel}","templated":true}]}}