{"id":32530,"date":"2024-02-05T12:14:58","date_gmt":"2024-02-05T11:14:58","guid":{"rendered":"https:\/\/ratatamkids.com\/?post_type=product&#038;p=32530"},"modified":"2026-04-03T17:44:10","modified_gmt":"2026-04-03T15:44:10","slug":"ballerines-or","status":"publish","type":"product","link":"https:\/\/ratatamkids.com\/en\/produit\/ballerines-or\/","title":{"rendered":"Ballerines &#8211; Or"},"content":{"rendered":"<p>\ud83c\udf1f <strong>D\u00e9couvrez le Classique Intemporel : Les Ballerines Dor\u00e9es \u00c9lastiques pour Enfants<\/strong> \ud83c\udf1f<\/p>\n<p>Offrez \u00e0 votre petite \u00e9toile le cadeau de la gr\u00e2ce avec les magnifiques ballerines dor\u00e9es, con\u00e7ues sp\u00e9cialement pour \u00e9merveiller les petits pieds qui aiment danser \u00e0 travers l&#8217;imagination !<\/p>\n<p><strong>Caract\u00e9ristiques Exceptionnelles :<\/strong><\/p>\n<ul>\n<li><strong>Confort In\u00e9gal\u00e9 :<\/strong> L&#8217;\u00e9lasticit\u00e9 parfaite garantit un ajustement s\u00e9curis\u00e9 et confortable, permettant aux petites princesses de jouer toute la journ\u00e9e sans sacrifier le style.<\/li>\n<li><strong>Design Scintillant :<\/strong> Les ballerines dor\u00e9es ajoutent une touche de magie \u00e0 chaque tenue, que ce soit pour des f\u00eates costum\u00e9es, des jeux de r\u00f4le ou simplement pour ajouter une dose de f\u00e9\u00e9rie quotidienne.<\/li>\n<li><strong>Faciles \u00e0 Enfiler :<\/strong> Les \u00e9lastiques discrets maintiennent fermement les chaussures en place, permettant aux enfants de se chausser et de se d\u00e9chausser facilement.<\/li>\n<\/ul>\n<p>Que ce soit pour un anniversaire, une f\u00eate costum\u00e9e ou simplement pour \u00e9gayer le quotidien, nos ballerines dor\u00e9es sont le cadeau parfait pour toute occasion. \u00c9merveillez-vous devant le sourire \u00e9clatant de votre enfant lorsqu&#8217;elle enfile ces chaussures dor\u00e9es et se transforme en une v\u00e9ritable princesse.<\/p>\n<p>Disponible en 3 pointures, 26, 30 et 32.<\/p>\n<p>&nbsp;<\/p>\n<p>100% Polyester<\/p>\n<p>Fabriqu\u00e9 en Chine<\/p>\n","protected":false},"excerpt":{"rendered":"<p>En route pour devenir LA meilleure danseuse \u00e9toile !<\/p>\n<p>D\u00e9couvrez nos ballerines dor\u00e9es, super confortables et brillantes !!!<\/p>\n<p>&nbsp;<\/p>\n","protected":false},"featured_media":32624,"comment_status":"open","ping_status":"closed","template":"","meta":{"_acf_changed":false},"product_brand":[],"product_cat":[553,554,551,552,23,257],"product_tag":[],"class_list":{"0":"post-32530","1":"product","2":"type-product","3":"status-publish","4":"has-post-thumbnail","6":"product_cat-20e","7":"product_cat-40e","8":"product_cat-3-6-ans","9":"product_cat-6-ans-et","10":"product_cat-accessoires","11":"product_cat-accessoires-de-mode","13":"first","14":"instock","15":"taxable","16":"shipping-taxable","17":"purchasable","18":"product-type-variable"},"acf":[],"yoast_head":"<!-- This site is optimized with the Yoast SEO plugin v25.4 - https:\/\/yoast.com\/wordpress\/plugins\/seo\/ -->\n<title>Ballerines - Or - Ratatam Official Website<\/title>\n<meta name=\"robots\" content=\"index, follow, max-snippet:-1, max-image-preview:large, max-video-preview:-1\" \/>\n<link rel=\"canonical\" href=\"https:\/\/ratatamkids.com\/en\/produit\/ballerines-or\/\" \/>\n<meta property=\"og:locale\" content=\"en_US\" \/>\n<meta property=\"og:type\" content=\"article\" \/>\n<meta property=\"og:title\" content=\"Ballerines - Or - Ratatam Official Website\" \/>\n<meta property=\"og:description\" content=\"En route pour devenir LA meilleure danseuse \u00e9toile !  D\u00e9couvrez nos ballerines dor\u00e9es, super confortables et brillantes !!!  &nbsp;\" \/>\n<meta property=\"og:url\" content=\"https:\/\/ratatamkids.com\/en\/produit\/ballerines-or\/\" \/>\n<meta property=\"og:site_name\" content=\"Ratatam Official Website\" \/>\n<meta property=\"article:publisher\" content=\"https:\/\/www.facebook.com\/Ratatamforhappykids\/\" \/>\n<meta property=\"article:modified_time\" content=\"2026-04-03T15:44:10+00:00\" \/>\n<meta property=\"og:image\" content=\"https:\/\/ratatamkids.com\/wp-content\/uploads\/2024\/02\/BD-OR-BALLERINES-OR0.jpg\" \/>\n\t<meta property=\"og:image:width\" content=\"800\" \/>\n\t<meta property=\"og:image:height\" content=\"800\" \/>\n\t<meta property=\"og:image:type\" content=\"image\/jpeg\" \/>\n<meta name=\"twitter:card\" content=\"summary_large_image\" \/>\n<meta name=\"twitter:label1\" content=\"Est. reading time\" \/>\n\t<meta name=\"twitter:data1\" content=\"2 minutes\" \/>\n<script type=\"application\/ld+json\" class=\"yoast-schema-graph\">{\"@context\":\"https:\/\/schema.org\",\"@graph\":[{\"@type\":\"WebPage\",\"@id\":\"https:\/\/ratatamkids.com\/en\/produit\/ballerines-or\/\",\"url\":\"https:\/\/ratatamkids.com\/en\/produit\/ballerines-or\/\",\"name\":\"Ballerines - Or - Ratatam Official Website\",\"isPartOf\":{\"@id\":\"https:\/\/ratatamkids.com\/en\/#website\"},\"primaryImageOfPage\":{\"@id\":\"https:\/\/ratatamkids.com\/en\/produit\/ballerines-or\/#primaryimage\"},\"image\":{\"@id\":\"https:\/\/ratatamkids.com\/en\/produit\/ballerines-or\/#primaryimage\"},\"thumbnailUrl\":\"https:\/\/ratatamkids.com\/wp-content\/uploads\/2024\/02\/BD-OR-BALLERINES-OR0.jpg\",\"datePublished\":\"2024-02-05T11:14:58+00:00\",\"dateModified\":\"2026-04-03T15:44:10+00:00\",\"breadcrumb\":{\"@id\":\"https:\/\/ratatamkids.com\/en\/produit\/ballerines-or\/#breadcrumb\"},\"inLanguage\":\"en-US\",\"potentialAction\":[{\"@type\":\"ReadAction\",\"target\":[\"https:\/\/ratatamkids.com\/en\/produit\/ballerines-or\/\"]}]},{\"@type\":\"ImageObject\",\"inLanguage\":\"en-US\",\"@id\":\"https:\/\/ratatamkids.com\/en\/produit\/ballerines-or\/#primaryimage\",\"url\":\"https:\/\/ratatamkids.com\/wp-content\/uploads\/2024\/02\/BD-OR-BALLERINES-OR0.jpg\",\"contentUrl\":\"https:\/\/ratatamkids.com\/wp-content\/uploads\/2024\/02\/BD-OR-BALLERINES-OR0.jpg\",\"width\":800,\"height\":800,\"caption\":\"BALLERINES DOR\u00c9ES RATATAM KIDS\"},{\"@type\":\"BreadcrumbList\",\"@id\":\"https:\/\/ratatamkids.com\/en\/produit\/ballerines-or\/#breadcrumb\",\"itemListElement\":[{\"@type\":\"ListItem\",\"position\":1,\"name\":\"Accueil\",\"item\":\"https:\/\/ratatamkids.com\/en\/\"},{\"@type\":\"ListItem\",\"position\":2,\"name\":\"Shop\",\"item\":\"https:\/\/ratatamkids.com\/en\/shop\/\"},{\"@type\":\"ListItem\",\"position\":3,\"name\":\"Accessories\",\"item\":\"https:\/\/ratatamkids.com\/en\/categorie-produit\/accessories\/\"},{\"@type\":\"ListItem\",\"position\":4,\"name\":\"Ballerines &#8211; Or\"}]},{\"@type\":\"WebSite\",\"@id\":\"https:\/\/ratatamkids.com\/en\/#website\",\"url\":\"https:\/\/ratatamkids.com\/en\/\",\"name\":\"Ratatam Official Website\",\"description\":\"Cool brand for happy kids!\",\"potentialAction\":[{\"@type\":\"SearchAction\",\"target\":{\"@type\":\"EntryPoint\",\"urlTemplate\":\"https:\/\/ratatamkids.com\/en\/?s={search_term_string}\"},\"query-input\":{\"@type\":\"PropertyValueSpecification\",\"valueRequired\":true,\"valueName\":\"search_term_string\"}}],\"inLanguage\":\"en-US\"}]}<\/script>\n<!-- \/ Yoast SEO plugin. -->","yoast_head_json":{"title":"Ballerines - Or - Ratatam Official Website","robots":{"index":"index","follow":"follow","max-snippet":"max-snippet:-1","max-image-preview":"max-image-preview:large","max-video-preview":"max-video-preview:-1"},"canonical":"https:\/\/ratatamkids.com\/en\/produit\/ballerines-or\/","og_locale":"en_US","og_type":"article","og_title":"Ballerines - Or - Ratatam Official Website","og_description":"En route pour devenir LA meilleure danseuse \u00e9toile !  D\u00e9couvrez nos ballerines dor\u00e9es, super confortables et brillantes !!!  &nbsp;","og_url":"https:\/\/ratatamkids.com\/en\/produit\/ballerines-or\/","og_site_name":"Ratatam Official Website","article_publisher":"https:\/\/www.facebook.com\/Ratatamforhappykids\/","article_modified_time":"2026-04-03T15:44:10+00:00","og_image":[{"width":800,"height":800,"url":"https:\/\/ratatamkids.com\/wp-content\/uploads\/2024\/02\/BD-OR-BALLERINES-OR0.jpg","type":"image\/jpeg"}],"twitter_card":"summary_large_image","twitter_misc":{"Est. reading time":"2 minutes"},"schema":{"@context":"https:\/\/schema.org","@graph":[{"@type":"WebPage","@id":"https:\/\/ratatamkids.com\/en\/produit\/ballerines-or\/","url":"https:\/\/ratatamkids.com\/en\/produit\/ballerines-or\/","name":"Ballerines - Or - Ratatam Official Website","isPartOf":{"@id":"https:\/\/ratatamkids.com\/en\/#website"},"primaryImageOfPage":{"@id":"https:\/\/ratatamkids.com\/en\/produit\/ballerines-or\/#primaryimage"},"image":{"@id":"https:\/\/ratatamkids.com\/en\/produit\/ballerines-or\/#primaryimage"},"thumbnailUrl":"https:\/\/ratatamkids.com\/wp-content\/uploads\/2024\/02\/BD-OR-BALLERINES-OR0.jpg","datePublished":"2024-02-05T11:14:58+00:00","dateModified":"2026-04-03T15:44:10+00:00","breadcrumb":{"@id":"https:\/\/ratatamkids.com\/en\/produit\/ballerines-or\/#breadcrumb"},"inLanguage":"en-US","potentialAction":[{"@type":"ReadAction","target":["https:\/\/ratatamkids.com\/en\/produit\/ballerines-or\/"]}]},{"@type":"ImageObject","inLanguage":"en-US","@id":"https:\/\/ratatamkids.com\/en\/produit\/ballerines-or\/#primaryimage","url":"https:\/\/ratatamkids.com\/wp-content\/uploads\/2024\/02\/BD-OR-BALLERINES-OR0.jpg","contentUrl":"https:\/\/ratatamkids.com\/wp-content\/uploads\/2024\/02\/BD-OR-BALLERINES-OR0.jpg","width":800,"height":800,"caption":"BALLERINES DOR\u00c9ES RATATAM KIDS"},{"@type":"BreadcrumbList","@id":"https:\/\/ratatamkids.com\/en\/produit\/ballerines-or\/#breadcrumb","itemListElement":[{"@type":"ListItem","position":1,"name":"Accueil","item":"https:\/\/ratatamkids.com\/en\/"},{"@type":"ListItem","position":2,"name":"Shop","item":"https:\/\/ratatamkids.com\/en\/shop\/"},{"@type":"ListItem","position":3,"name":"Accessories","item":"https:\/\/ratatamkids.com\/en\/categorie-produit\/accessories\/"},{"@type":"ListItem","position":4,"name":"Ballerines &#8211; Or"}]},{"@type":"WebSite","@id":"https:\/\/ratatamkids.com\/en\/#website","url":"https:\/\/ratatamkids.com\/en\/","name":"Ratatam Official Website","description":"Cool brand for happy kids!","potentialAction":[{"@type":"SearchAction","target":{"@type":"EntryPoint","urlTemplate":"https:\/\/ratatamkids.com\/en\/?s={search_term_string}"},"query-input":{"@type":"PropertyValueSpecification","valueRequired":true,"valueName":"search_term_string"}}],"inLanguage":"en-US"}]}},"_links":{"self":[{"href":"https:\/\/ratatamkids.com\/en\/wp-json\/wp\/v2\/product\/32530","targetHints":{"allow":["GET"]}}],"collection":[{"href":"https:\/\/ratatamkids.com\/en\/wp-json\/wp\/v2\/product"}],"about":[{"href":"https:\/\/ratatamkids.com\/en\/wp-json\/wp\/v2\/types\/product"}],"replies":[{"embeddable":true,"href":"https:\/\/ratatamkids.com\/en\/wp-json\/wp\/v2\/comments?post=32530"}],"wp:featuredmedia":[{"embeddable":true,"href":"https:\/\/ratatamkids.com\/en\/wp-json\/wp\/v2\/media\/32624"}],"wp:attachment":[{"href":"https:\/\/ratatamkids.com\/en\/wp-json\/wp\/v2\/media?parent=32530"}],"wp:term":[{"taxonomy":"product_brand","embeddable":true,"href":"https:\/\/ratatamkids.com\/en\/wp-json\/wp\/v2\/product_brand?post=32530"},{"taxonomy":"product_cat","embeddable":true,"href":"https:\/\/ratatamkids.com\/en\/wp-json\/wp\/v2\/product_cat?post=32530"},{"taxonomy":"product_tag","embeddable":true,"href":"https:\/\/ratatamkids.com\/en\/wp-json\/wp\/v2\/product_tag?post=32530"}],"curies":[{"name":"wp","href":"https:\/\/api.w.org\/{rel}","templated":true}]}}