{"id":31994,"date":"2024-01-15T12:10:58","date_gmt":"2024-01-15T11:10:58","guid":{"rendered":"https:\/\/ratatamkids.com\/produit\/cabane-de-table-cabane-brun\/"},"modified":"2026-03-31T09:16:07","modified_gmt":"2026-03-31T07:16:07","slug":"cabane-de-table-cabane-brun","status":"publish","type":"product","link":"https:\/\/ratatamkids.com\/en\/produit\/cabane-de-table-cabane-brun\/","title":{"rendered":"Cabane de table CABANE &#8211; Brun"},"content":{"rendered":"<h2>Retournez en enfance avec notre cabane nappe maison beige !<\/h2>\n<p>Que ce soit avec un vieux drap, des v\u00eatements ou une serviette, tous nos secrets sont gard\u00e9s dans nos cabanes.<\/p>\n<p>&nbsp;<\/p>\n<p><strong>Pourquoi tous les parents adorent notre nappe-cabane :<\/strong><\/p>\n<p><strong>Un Espace Magique :<\/strong> Oubliez les draps en d\u00e9sordre ! Notre nappe se transforme en un clin d\u2019\u0153il en une maisonnette adorable pour vos enfants.<\/p>\n<p><strong>D\u00e9co Styl\u00e9e et Fun :<\/strong> Avec son tissu beige uni, cette nappe-cabane ajoute une touche de magie \u00e0 votre salon.<\/p>\n<p><strong>Robuste et Durable :<\/strong> Fabriqu\u00e9e avec des mat\u00e9riaux super solides, notre nappe-cabane r\u00e9sistera \u00e0 toutes les aventures.<\/p>\n<p><strong>Imagination en Folie :<\/strong> Encouragez vos petits \u00e0 inventer des histoires de famille, de voisins et de d\u00e9couvertes incroyables, loin des \u00e9crans.<\/p>\n<p>&nbsp;<\/p>\n<p><strong> Pourquoi les enfants vont adorer leur nappe-cabane :<\/strong><\/p>\n<p><strong>Un Terrain de Jeu Fantastique :<\/strong> Un espace rien que pour eux o\u00f9 ils peuvent s\u2019inventer des mondes merveilleux et jouer sans fin.<\/p>\n<p><strong>Une Maison Rien que pour Eux :<\/strong> Parfaite pour cr\u00e9er des histoires de famille, jouer \u00e0 cache-cache et vivre des aventures passionnantes.<\/p>\n<p><strong>Super Facile \u00e0 Installer et Ranger :<\/strong> Les enfants peuvent jouer quand ils veulent et m\u00eame ranger leurs jouets en s\u2019amusant \ud83d\ude0a.<\/p>\n<p><strong>Multi-Usage et Trop Cool :<\/strong> En plus d\u2019\u00eatre une maison, c\u2019est aussi une table o\u00f9 ils peuvent dessiner, jouer \u00e0 des jeux de soci\u00e9t\u00e9 et plus encore.<\/p>\n<p><strong>Super R\u00e9aliste:<\/strong> Ils peuvent ouvrir et fermer leurs fen\u00eatres au lever du matin et fermer leur porte d\u2019entr\u00e9e au coucher du soleil.<\/p>\n<p>Offrez \u00e0 vos enfants des heures de jeu inoubliables et d\u2019exploration magique dans leur propre petite maison !<\/p>\n<p><strong>Caract\u00e9ristiques :<\/strong><\/p>\n<p><strong>Ouvertures:<\/strong> 4 fen\u00eatres et une porte d&#8217;entr\u00e9e qui se rel\u00e8vent en nouant vers le haut.<\/p>\n<p><strong> Accroches:<\/strong> la nappe se noue aux pieds de votre table gr\u00e2ce \u00e0 des petits liens beiges.<\/p>\n<p><strong> Dimensions :<\/strong> Parfaite pour une table de 90\u00d7200 cm.<\/p>\n<p><strong> Mat\u00e9riaux :<\/strong> Tissu beige uni 100% coton.<\/p>\n<p><strong> Packaging:<\/strong> Livr\u00e9e dans un pochon en coton tout mignon.<\/p>\n<p><strong> Fabrication<\/strong>: Fabriqu\u00e9e en Chine avec amour.<\/p>\n<p>Faites revivre la magie de l\u2019enfance et offrez \u00e0 vos petits explorateurs la nappe-cabane de leurs r\u00eaves ! \ud83c\udf1f<\/p>\n<p>&nbsp;<\/p>\n","protected":false},"excerpt":{"rendered":"<p><strong>La cabane de table brun<\/strong><\/p>\n<p>Id\u00e9ale pour une table 90X200 cm.<\/p>\n<p>C\u2019est une nappe pour les anniversaires oui, mais aussi un moyen d\u2019avoir une belle cabane \u00e0 la maison sans avoir \u00e0 d\u00e9placer tous les plaids ou autre couvertures de la maison.<\/p>\n","protected":false},"featured_media":34069,"comment_status":"open","ping_status":"closed","template":"","meta":{"_acf_changed":false},"product_brand":[],"product_cat":[24,198],"product_tag":[],"class_list":{"0":"post-31994","1":"product","2":"type-product","3":"status-publish","4":"has-post-thumbnail","6":"product_cat-jouets","7":"product_cat-cabanes-de-tables","9":"first","10":"outofstock","11":"taxable","12":"shipping-taxable","13":"purchasable","14":"product-type-simple"},"acf":[],"yoast_head":"<!-- This site is optimized with the Yoast SEO plugin v25.4 - https:\/\/yoast.com\/wordpress\/plugins\/seo\/ -->\n<title>Cabane de table CABANE - Brun - Ratatam Official Website<\/title>\n<meta name=\"description\" content=\"Cabane de table en tissu beige. Jouet id\u00e9al pour l&#039;imagination et la stimulation des enfants. Ratatam Kids\" \/>\n<meta name=\"robots\" content=\"index, follow, max-snippet:-1, max-image-preview:large, max-video-preview:-1\" \/>\n<link rel=\"canonical\" href=\"https:\/\/ratatamkids.com\/en\/produit\/cabane-de-table-cabane-brun\/\" \/>\n<meta property=\"og:locale\" content=\"en_US\" \/>\n<meta property=\"og:type\" content=\"article\" \/>\n<meta property=\"og:title\" content=\"Cabane de table CABANE - Brun - Ratatam Official Website\" \/>\n<meta property=\"og:description\" content=\"Cabane de table en tissu beige. Jouet id\u00e9al pour l&#039;imagination et la stimulation des enfants. Ratatam Kids\" \/>\n<meta property=\"og:url\" content=\"https:\/\/ratatamkids.com\/en\/produit\/cabane-de-table-cabane-brun\/\" \/>\n<meta property=\"og:site_name\" content=\"Ratatam Official Website\" \/>\n<meta property=\"article:publisher\" content=\"https:\/\/www.facebook.com\/Ratatamforhappykids\/\" \/>\n<meta property=\"article:modified_time\" content=\"2026-03-31T07:16:07+00:00\" \/>\n<meta property=\"og:image\" content=\"https:\/\/ratatamkids.com\/wp-content\/uploads\/2024\/01\/TC-L020-CABANE-RATATAM-KIDS-UNI-5.jpg\" \/>\n\t<meta property=\"og:image:width\" content=\"800\" \/>\n\t<meta property=\"og:image:height\" content=\"800\" \/>\n\t<meta property=\"og:image:type\" content=\"image\/jpeg\" \/>\n<meta name=\"twitter:card\" content=\"summary_large_image\" \/>\n<meta name=\"twitter:label1\" content=\"Est. reading time\" \/>\n\t<meta name=\"twitter:data1\" content=\"2 minutes\" \/>\n<script type=\"application\/ld+json\" class=\"yoast-schema-graph\">{\"@context\":\"https:\/\/schema.org\",\"@graph\":[{\"@type\":\"WebPage\",\"@id\":\"https:\/\/ratatamkids.com\/en\/produit\/cabane-de-table-cabane-brun\/\",\"url\":\"https:\/\/ratatamkids.com\/en\/produit\/cabane-de-table-cabane-brun\/\",\"name\":\"Cabane de table CABANE - Brun - Ratatam Official Website\",\"isPartOf\":{\"@id\":\"https:\/\/ratatamkids.com\/en\/#website\"},\"primaryImageOfPage\":{\"@id\":\"https:\/\/ratatamkids.com\/en\/produit\/cabane-de-table-cabane-brun\/#primaryimage\"},\"image\":{\"@id\":\"https:\/\/ratatamkids.com\/en\/produit\/cabane-de-table-cabane-brun\/#primaryimage\"},\"thumbnailUrl\":\"https:\/\/ratatamkids.com\/wp-content\/uploads\/2024\/01\/TC-L020-CABANE-RATATAM-KIDS-UNI-5.jpg\",\"datePublished\":\"2024-01-15T11:10:58+00:00\",\"dateModified\":\"2026-03-31T07:16:07+00:00\",\"description\":\"Cabane de table en tissu beige. Jouet id\u00e9al pour l'imagination et la stimulation des enfants. Ratatam Kids\",\"breadcrumb\":{\"@id\":\"https:\/\/ratatamkids.com\/en\/produit\/cabane-de-table-cabane-brun\/#breadcrumb\"},\"inLanguage\":\"en-US\",\"potentialAction\":[{\"@type\":\"ReadAction\",\"target\":[\"https:\/\/ratatamkids.com\/en\/produit\/cabane-de-table-cabane-brun\/\"]}]},{\"@type\":\"ImageObject\",\"inLanguage\":\"en-US\",\"@id\":\"https:\/\/ratatamkids.com\/en\/produit\/cabane-de-table-cabane-brun\/#primaryimage\",\"url\":\"https:\/\/ratatamkids.com\/wp-content\/uploads\/2024\/01\/TC-L020-CABANE-RATATAM-KIDS-UNI-5.jpg\",\"contentUrl\":\"https:\/\/ratatamkids.com\/wp-content\/uploads\/2024\/01\/TC-L020-CABANE-RATATAM-KIDS-UNI-5.jpg\",\"width\":800,\"height\":800,\"caption\":\"CABANE DE TABLE UNI BEIGE TC-L020 RATATAM KIDS\"},{\"@type\":\"BreadcrumbList\",\"@id\":\"https:\/\/ratatamkids.com\/en\/produit\/cabane-de-table-cabane-brun\/#breadcrumb\",\"itemListElement\":[{\"@type\":\"ListItem\",\"position\":1,\"name\":\"Accueil\",\"item\":\"https:\/\/ratatamkids.com\/en\/\"},{\"@type\":\"ListItem\",\"position\":2,\"name\":\"Shop\",\"item\":\"https:\/\/ratatamkids.com\/en\/shop\/\"},{\"@type\":\"ListItem\",\"position\":3,\"name\":\"Toys\",\"item\":\"https:\/\/ratatamkids.com\/en\/categorie-produit\/toys\/\"},{\"@type\":\"ListItem\",\"position\":4,\"name\":\"Table Huts\",\"item\":\"https:\/\/ratatamkids.com\/en\/categorie-produit\/toys\/table-huts\/\"},{\"@type\":\"ListItem\",\"position\":5,\"name\":\"Cabane de table CABANE &#8211; Brun\"}]},{\"@type\":\"WebSite\",\"@id\":\"https:\/\/ratatamkids.com\/en\/#website\",\"url\":\"https:\/\/ratatamkids.com\/en\/\",\"name\":\"Ratatam Official Website\",\"description\":\"Cool brand for happy kids!\",\"potentialAction\":[{\"@type\":\"SearchAction\",\"target\":{\"@type\":\"EntryPoint\",\"urlTemplate\":\"https:\/\/ratatamkids.com\/en\/?s={search_term_string}\"},\"query-input\":{\"@type\":\"PropertyValueSpecification\",\"valueRequired\":true,\"valueName\":\"search_term_string\"}}],\"inLanguage\":\"en-US\"}]}<\/script>\n<!-- \/ Yoast SEO plugin. -->","yoast_head_json":{"title":"Cabane de table CABANE - Brun - Ratatam Official Website","description":"Cabane de table en tissu beige. Jouet id\u00e9al pour l'imagination et la stimulation des enfants. Ratatam Kids","robots":{"index":"index","follow":"follow","max-snippet":"max-snippet:-1","max-image-preview":"max-image-preview:large","max-video-preview":"max-video-preview:-1"},"canonical":"https:\/\/ratatamkids.com\/en\/produit\/cabane-de-table-cabane-brun\/","og_locale":"en_US","og_type":"article","og_title":"Cabane de table CABANE - Brun - Ratatam Official Website","og_description":"Cabane de table en tissu beige. Jouet id\u00e9al pour l'imagination et la stimulation des enfants. Ratatam Kids","og_url":"https:\/\/ratatamkids.com\/en\/produit\/cabane-de-table-cabane-brun\/","og_site_name":"Ratatam Official Website","article_publisher":"https:\/\/www.facebook.com\/Ratatamforhappykids\/","article_modified_time":"2026-03-31T07:16:07+00:00","og_image":[{"width":800,"height":800,"url":"https:\/\/ratatamkids.com\/wp-content\/uploads\/2024\/01\/TC-L020-CABANE-RATATAM-KIDS-UNI-5.jpg","type":"image\/jpeg"}],"twitter_card":"summary_large_image","twitter_misc":{"Est. reading time":"2 minutes"},"schema":{"@context":"https:\/\/schema.org","@graph":[{"@type":"WebPage","@id":"https:\/\/ratatamkids.com\/en\/produit\/cabane-de-table-cabane-brun\/","url":"https:\/\/ratatamkids.com\/en\/produit\/cabane-de-table-cabane-brun\/","name":"Cabane de table CABANE - Brun - Ratatam Official Website","isPartOf":{"@id":"https:\/\/ratatamkids.com\/en\/#website"},"primaryImageOfPage":{"@id":"https:\/\/ratatamkids.com\/en\/produit\/cabane-de-table-cabane-brun\/#primaryimage"},"image":{"@id":"https:\/\/ratatamkids.com\/en\/produit\/cabane-de-table-cabane-brun\/#primaryimage"},"thumbnailUrl":"https:\/\/ratatamkids.com\/wp-content\/uploads\/2024\/01\/TC-L020-CABANE-RATATAM-KIDS-UNI-5.jpg","datePublished":"2024-01-15T11:10:58+00:00","dateModified":"2026-03-31T07:16:07+00:00","description":"Cabane de table en tissu beige. Jouet id\u00e9al pour l'imagination et la stimulation des enfants. Ratatam Kids","breadcrumb":{"@id":"https:\/\/ratatamkids.com\/en\/produit\/cabane-de-table-cabane-brun\/#breadcrumb"},"inLanguage":"en-US","potentialAction":[{"@type":"ReadAction","target":["https:\/\/ratatamkids.com\/en\/produit\/cabane-de-table-cabane-brun\/"]}]},{"@type":"ImageObject","inLanguage":"en-US","@id":"https:\/\/ratatamkids.com\/en\/produit\/cabane-de-table-cabane-brun\/#primaryimage","url":"https:\/\/ratatamkids.com\/wp-content\/uploads\/2024\/01\/TC-L020-CABANE-RATATAM-KIDS-UNI-5.jpg","contentUrl":"https:\/\/ratatamkids.com\/wp-content\/uploads\/2024\/01\/TC-L020-CABANE-RATATAM-KIDS-UNI-5.jpg","width":800,"height":800,"caption":"CABANE DE TABLE UNI BEIGE TC-L020 RATATAM KIDS"},{"@type":"BreadcrumbList","@id":"https:\/\/ratatamkids.com\/en\/produit\/cabane-de-table-cabane-brun\/#breadcrumb","itemListElement":[{"@type":"ListItem","position":1,"name":"Accueil","item":"https:\/\/ratatamkids.com\/en\/"},{"@type":"ListItem","position":2,"name":"Shop","item":"https:\/\/ratatamkids.com\/en\/shop\/"},{"@type":"ListItem","position":3,"name":"Toys","item":"https:\/\/ratatamkids.com\/en\/categorie-produit\/toys\/"},{"@type":"ListItem","position":4,"name":"Table Huts","item":"https:\/\/ratatamkids.com\/en\/categorie-produit\/toys\/table-huts\/"},{"@type":"ListItem","position":5,"name":"Cabane de table CABANE &#8211; Brun"}]},{"@type":"WebSite","@id":"https:\/\/ratatamkids.com\/en\/#website","url":"https:\/\/ratatamkids.com\/en\/","name":"Ratatam Official Website","description":"Cool brand for happy kids!","potentialAction":[{"@type":"SearchAction","target":{"@type":"EntryPoint","urlTemplate":"https:\/\/ratatamkids.com\/en\/?s={search_term_string}"},"query-input":{"@type":"PropertyValueSpecification","valueRequired":true,"valueName":"search_term_string"}}],"inLanguage":"en-US"}]}},"_links":{"self":[{"href":"https:\/\/ratatamkids.com\/en\/wp-json\/wp\/v2\/product\/31994","targetHints":{"allow":["GET"]}}],"collection":[{"href":"https:\/\/ratatamkids.com\/en\/wp-json\/wp\/v2\/product"}],"about":[{"href":"https:\/\/ratatamkids.com\/en\/wp-json\/wp\/v2\/types\/product"}],"replies":[{"embeddable":true,"href":"https:\/\/ratatamkids.com\/en\/wp-json\/wp\/v2\/comments?post=31994"}],"wp:featuredmedia":[{"embeddable":true,"href":"https:\/\/ratatamkids.com\/en\/wp-json\/wp\/v2\/media\/34069"}],"wp:attachment":[{"href":"https:\/\/ratatamkids.com\/en\/wp-json\/wp\/v2\/media?parent=31994"}],"wp:term":[{"taxonomy":"product_brand","embeddable":true,"href":"https:\/\/ratatamkids.com\/en\/wp-json\/wp\/v2\/product_brand?post=31994"},{"taxonomy":"product_cat","embeddable":true,"href":"https:\/\/ratatamkids.com\/en\/wp-json\/wp\/v2\/product_cat?post=31994"},{"taxonomy":"product_tag","embeddable":true,"href":"https:\/\/ratatamkids.com\/en\/wp-json\/wp\/v2\/product_tag?post=31994"}],"curies":[{"name":"wp","href":"https:\/\/api.w.org\/{rel}","templated":true}]}}