{"id":19211,"date":"2024-02-15T11:26:09","date_gmt":"2024-02-15T10:26:09","guid":{"rendered":"https:\/\/ratatamkids.com\/?post_type=product&#038;p=19211"},"modified":"2026-04-01T17:04:40","modified_gmt":"2026-04-01T15:04:40","slug":"le-tote-bag-metallise-violet","status":"publish","type":"product","link":"https:\/\/ratatamkids.com\/en\/produit\/le-tote-bag-metallise-violet\/","title":{"rendered":"Le Tote Bag Brillant M\u00e9tallis\u00e9 &#8211; Violet"},"content":{"rendered":"<p><strong>Pr\u00e9parez-vous \u00e0 shiner toute la journ\u00e9e avec notre Totebag Violet M\u00e9tallis\u00e9 Ratatam!<\/strong><\/p>\n<p>Ce sac n&#8217;est pas seulement un accessoire, c&#8217;est un <strong>compagnon de route brillant<\/strong> qui en met plein les yeux, que ce soit pour les enfants ou les parents.<\/p>\n<p>Imaginez-vous<strong> transporter vos tr\u00e9sors<\/strong> les plus chers dans ce sac violet qui brille, pendant que le monde autour de vous devient magique. Parfait pour transporter vos jouets pr\u00e9f\u00e9r\u00e9s chez un copain, vos livres pour une journ\u00e9e pleine d&#8217;aventures ou m\u00eame quelques gourmandises pour un pique-nique dans le jardin.<\/p>\n<p>Notre sac est le choix parfait pour ceux qui veulent briller tout en gardant leurs indispensables \u00e0 port\u00e9e de main. Que ce soit pour l&#8217;\u00e9cole, les vacances ou simplement une sortie en famille, ce sac deviendra rapidement votre accessoire pr\u00e9f\u00e9r\u00e9 !<\/p>\n<p>Son grand fr\u00e8re est aussi pr\u00e9sent dans la collection,<a href=\"https:\/\/ratatamkids.com\/produit\/grand-cabas-metallise-violet-et-or\/\"> le cabas Ratatam !\u00a0<\/a><\/p>\n<p>Dimensions: 28,5 x 32 cm<\/p>\n<p>Anses: 25 cm<\/p>\n<p>100% Polyester<\/p>\n<p>Fabriqu\u00e9 en Chine<\/p>\n","protected":false},"excerpt":{"rendered":"<p>Alors, laissez-vous emporter par la magie de Ratatam Kids et ajoutez une touche de lumi\u00e8re avec notre Totebag Violet Brillant M\u00e9tallis\u00e9 ! \ud83c\udf1f<\/p>\n<p>Dimensions: 28,5 x 32 cm<\/p>\n<p>Anses: 25 cm<\/p>\n<p>100% Polyester<\/p>\n","protected":false},"featured_media":33001,"comment_status":"open","ping_status":"closed","template":"","meta":{"_acf_changed":false},"product_brand":[],"product_cat":[23,240],"product_tag":[],"class_list":{"0":"post-19211","1":"product","2":"type-product","3":"status-publish","4":"has-post-thumbnail","6":"product_cat-accessoires","7":"product_cat-sacs","9":"first","10":"instock","11":"taxable","12":"shipping-taxable","13":"purchasable","14":"product-type-simple"},"acf":[],"yoast_head":"<!-- This site is optimized with the Yoast SEO plugin v25.4 - https:\/\/yoast.com\/wordpress\/plugins\/seo\/ -->\n<title>Le Tote Bag Brillant M\u00e9tallis\u00e9 - Violet - Ratatam Official Website<\/title>\n<meta name=\"description\" content=\"Fourre tout brillant ! Totebag M\u00e9taliss\u00e9 Ratatam Kids Violet. Livraison offerte en France Metropolitaine.\" \/>\n<meta name=\"robots\" content=\"index, follow, max-snippet:-1, max-image-preview:large, max-video-preview:-1\" \/>\n<link rel=\"canonical\" href=\"https:\/\/ratatamkids.com\/en\/produit\/le-tote-bag-metallise-violet\/\" \/>\n<meta property=\"og:locale\" content=\"en_US\" \/>\n<meta property=\"og:type\" content=\"article\" \/>\n<meta property=\"og:title\" content=\"Le Tote Bag Brillant M\u00e9tallis\u00e9 - Violet - Ratatam Official Website\" \/>\n<meta property=\"og:description\" content=\"Fourre tout brillant ! Totebag M\u00e9taliss\u00e9 Ratatam Kids Violet. Livraison offerte en France Metropolitaine.\" \/>\n<meta property=\"og:url\" content=\"https:\/\/ratatamkids.com\/en\/produit\/le-tote-bag-metallise-violet\/\" \/>\n<meta property=\"og:site_name\" content=\"Ratatam Official Website\" \/>\n<meta property=\"article:publisher\" content=\"https:\/\/www.facebook.com\/Ratatamforhappykids\/\" \/>\n<meta property=\"article:modified_time\" content=\"2026-04-01T15:04:40+00:00\" \/>\n<meta property=\"og:image\" content=\"https:\/\/ratatamkids.com\/wp-content\/uploads\/2023\/06\/TOTEBAG-METALISE-VIOLET-TB-A032-RATATAM-KIDS-2.jpg\" \/>\n\t<meta property=\"og:image:width\" content=\"800\" \/>\n\t<meta property=\"og:image:height\" content=\"800\" \/>\n\t<meta property=\"og:image:type\" content=\"image\/jpeg\" \/>\n<meta name=\"twitter:card\" content=\"summary_large_image\" \/>\n<meta name=\"twitter:label1\" content=\"Est. reading time\" \/>\n\t<meta name=\"twitter:data1\" content=\"1 minute\" \/>\n<script type=\"application\/ld+json\" class=\"yoast-schema-graph\">{\"@context\":\"https:\/\/schema.org\",\"@graph\":[{\"@type\":\"WebPage\",\"@id\":\"https:\/\/ratatamkids.com\/en\/produit\/le-tote-bag-metallise-violet\/\",\"url\":\"https:\/\/ratatamkids.com\/en\/produit\/le-tote-bag-metallise-violet\/\",\"name\":\"Le Tote Bag Brillant M\u00e9tallis\u00e9 - Violet - Ratatam Official Website\",\"isPartOf\":{\"@id\":\"https:\/\/ratatamkids.com\/en\/#website\"},\"primaryImageOfPage\":{\"@id\":\"https:\/\/ratatamkids.com\/en\/produit\/le-tote-bag-metallise-violet\/#primaryimage\"},\"image\":{\"@id\":\"https:\/\/ratatamkids.com\/en\/produit\/le-tote-bag-metallise-violet\/#primaryimage\"},\"thumbnailUrl\":\"https:\/\/ratatamkids.com\/wp-content\/uploads\/2023\/06\/TOTEBAG-METALISE-VIOLET-TB-A032-RATATAM-KIDS-2.jpg\",\"datePublished\":\"2024-02-15T10:26:09+00:00\",\"dateModified\":\"2026-04-01T15:04:40+00:00\",\"description\":\"Fourre tout brillant ! Totebag M\u00e9taliss\u00e9 Ratatam Kids Violet. Livraison offerte en France Metropolitaine.\",\"breadcrumb\":{\"@id\":\"https:\/\/ratatamkids.com\/en\/produit\/le-tote-bag-metallise-violet\/#breadcrumb\"},\"inLanguage\":\"en-US\",\"potentialAction\":[{\"@type\":\"ReadAction\",\"target\":[\"https:\/\/ratatamkids.com\/en\/produit\/le-tote-bag-metallise-violet\/\"]}]},{\"@type\":\"ImageObject\",\"inLanguage\":\"en-US\",\"@id\":\"https:\/\/ratatamkids.com\/en\/produit\/le-tote-bag-metallise-violet\/#primaryimage\",\"url\":\"https:\/\/ratatamkids.com\/wp-content\/uploads\/2023\/06\/TOTEBAG-METALISE-VIOLET-TB-A032-RATATAM-KIDS-2.jpg\",\"contentUrl\":\"https:\/\/ratatamkids.com\/wp-content\/uploads\/2023\/06\/TOTEBAG-METALISE-VIOLET-TB-A032-RATATAM-KIDS-2.jpg\",\"width\":800,\"height\":800,\"caption\":\"TOTEBAG METALISSE VIOLET RATATAM KIDS TB-A031\"},{\"@type\":\"BreadcrumbList\",\"@id\":\"https:\/\/ratatamkids.com\/en\/produit\/le-tote-bag-metallise-violet\/#breadcrumb\",\"itemListElement\":[{\"@type\":\"ListItem\",\"position\":1,\"name\":\"Accueil\",\"item\":\"https:\/\/ratatamkids.com\/en\/\"},{\"@type\":\"ListItem\",\"position\":2,\"name\":\"Shop\",\"item\":\"https:\/\/ratatamkids.com\/en\/shop\/\"},{\"@type\":\"ListItem\",\"position\":3,\"name\":\"Accessories\",\"item\":\"https:\/\/ratatamkids.com\/en\/categorie-produit\/accessories\/\"},{\"@type\":\"ListItem\",\"position\":4,\"name\":\"Bags\",\"item\":\"https:\/\/ratatamkids.com\/en\/categorie-produit\/accessories\/bags\/\"},{\"@type\":\"ListItem\",\"position\":5,\"name\":\"Le Tote Bag Brillant M\u00e9tallis\u00e9 &#8211; Violet\"}]},{\"@type\":\"WebSite\",\"@id\":\"https:\/\/ratatamkids.com\/en\/#website\",\"url\":\"https:\/\/ratatamkids.com\/en\/\",\"name\":\"Ratatam Official Website\",\"description\":\"Cool brand for happy kids!\",\"potentialAction\":[{\"@type\":\"SearchAction\",\"target\":{\"@type\":\"EntryPoint\",\"urlTemplate\":\"https:\/\/ratatamkids.com\/en\/?s={search_term_string}\"},\"query-input\":{\"@type\":\"PropertyValueSpecification\",\"valueRequired\":true,\"valueName\":\"search_term_string\"}}],\"inLanguage\":\"en-US\"}]}<\/script>\n<!-- \/ Yoast SEO plugin. -->","yoast_head_json":{"title":"Le Tote Bag Brillant M\u00e9tallis\u00e9 - Violet - Ratatam Official Website","description":"Fourre tout brillant ! Totebag M\u00e9taliss\u00e9 Ratatam Kids Violet. Livraison offerte en France Metropolitaine.","robots":{"index":"index","follow":"follow","max-snippet":"max-snippet:-1","max-image-preview":"max-image-preview:large","max-video-preview":"max-video-preview:-1"},"canonical":"https:\/\/ratatamkids.com\/en\/produit\/le-tote-bag-metallise-violet\/","og_locale":"en_US","og_type":"article","og_title":"Le Tote Bag Brillant M\u00e9tallis\u00e9 - Violet - Ratatam Official Website","og_description":"Fourre tout brillant ! Totebag M\u00e9taliss\u00e9 Ratatam Kids Violet. Livraison offerte en France Metropolitaine.","og_url":"https:\/\/ratatamkids.com\/en\/produit\/le-tote-bag-metallise-violet\/","og_site_name":"Ratatam Official Website","article_publisher":"https:\/\/www.facebook.com\/Ratatamforhappykids\/","article_modified_time":"2026-04-01T15:04:40+00:00","og_image":[{"width":800,"height":800,"url":"https:\/\/ratatamkids.com\/wp-content\/uploads\/2023\/06\/TOTEBAG-METALISE-VIOLET-TB-A032-RATATAM-KIDS-2.jpg","type":"image\/jpeg"}],"twitter_card":"summary_large_image","twitter_misc":{"Est. reading time":"1 minute"},"schema":{"@context":"https:\/\/schema.org","@graph":[{"@type":"WebPage","@id":"https:\/\/ratatamkids.com\/en\/produit\/le-tote-bag-metallise-violet\/","url":"https:\/\/ratatamkids.com\/en\/produit\/le-tote-bag-metallise-violet\/","name":"Le Tote Bag Brillant M\u00e9tallis\u00e9 - Violet - Ratatam Official Website","isPartOf":{"@id":"https:\/\/ratatamkids.com\/en\/#website"},"primaryImageOfPage":{"@id":"https:\/\/ratatamkids.com\/en\/produit\/le-tote-bag-metallise-violet\/#primaryimage"},"image":{"@id":"https:\/\/ratatamkids.com\/en\/produit\/le-tote-bag-metallise-violet\/#primaryimage"},"thumbnailUrl":"https:\/\/ratatamkids.com\/wp-content\/uploads\/2023\/06\/TOTEBAG-METALISE-VIOLET-TB-A032-RATATAM-KIDS-2.jpg","datePublished":"2024-02-15T10:26:09+00:00","dateModified":"2026-04-01T15:04:40+00:00","description":"Fourre tout brillant ! Totebag M\u00e9taliss\u00e9 Ratatam Kids Violet. Livraison offerte en France Metropolitaine.","breadcrumb":{"@id":"https:\/\/ratatamkids.com\/en\/produit\/le-tote-bag-metallise-violet\/#breadcrumb"},"inLanguage":"en-US","potentialAction":[{"@type":"ReadAction","target":["https:\/\/ratatamkids.com\/en\/produit\/le-tote-bag-metallise-violet\/"]}]},{"@type":"ImageObject","inLanguage":"en-US","@id":"https:\/\/ratatamkids.com\/en\/produit\/le-tote-bag-metallise-violet\/#primaryimage","url":"https:\/\/ratatamkids.com\/wp-content\/uploads\/2023\/06\/TOTEBAG-METALISE-VIOLET-TB-A032-RATATAM-KIDS-2.jpg","contentUrl":"https:\/\/ratatamkids.com\/wp-content\/uploads\/2023\/06\/TOTEBAG-METALISE-VIOLET-TB-A032-RATATAM-KIDS-2.jpg","width":800,"height":800,"caption":"TOTEBAG METALISSE VIOLET RATATAM KIDS TB-A031"},{"@type":"BreadcrumbList","@id":"https:\/\/ratatamkids.com\/en\/produit\/le-tote-bag-metallise-violet\/#breadcrumb","itemListElement":[{"@type":"ListItem","position":1,"name":"Accueil","item":"https:\/\/ratatamkids.com\/en\/"},{"@type":"ListItem","position":2,"name":"Shop","item":"https:\/\/ratatamkids.com\/en\/shop\/"},{"@type":"ListItem","position":3,"name":"Accessories","item":"https:\/\/ratatamkids.com\/en\/categorie-produit\/accessories\/"},{"@type":"ListItem","position":4,"name":"Bags","item":"https:\/\/ratatamkids.com\/en\/categorie-produit\/accessories\/bags\/"},{"@type":"ListItem","position":5,"name":"Le Tote Bag Brillant M\u00e9tallis\u00e9 &#8211; Violet"}]},{"@type":"WebSite","@id":"https:\/\/ratatamkids.com\/en\/#website","url":"https:\/\/ratatamkids.com\/en\/","name":"Ratatam Official Website","description":"Cool brand for happy kids!","potentialAction":[{"@type":"SearchAction","target":{"@type":"EntryPoint","urlTemplate":"https:\/\/ratatamkids.com\/en\/?s={search_term_string}"},"query-input":{"@type":"PropertyValueSpecification","valueRequired":true,"valueName":"search_term_string"}}],"inLanguage":"en-US"}]}},"_links":{"self":[{"href":"https:\/\/ratatamkids.com\/en\/wp-json\/wp\/v2\/product\/19211","targetHints":{"allow":["GET"]}}],"collection":[{"href":"https:\/\/ratatamkids.com\/en\/wp-json\/wp\/v2\/product"}],"about":[{"href":"https:\/\/ratatamkids.com\/en\/wp-json\/wp\/v2\/types\/product"}],"replies":[{"embeddable":true,"href":"https:\/\/ratatamkids.com\/en\/wp-json\/wp\/v2\/comments?post=19211"}],"wp:featuredmedia":[{"embeddable":true,"href":"https:\/\/ratatamkids.com\/en\/wp-json\/wp\/v2\/media\/33001"}],"wp:attachment":[{"href":"https:\/\/ratatamkids.com\/en\/wp-json\/wp\/v2\/media?parent=19211"}],"wp:term":[{"taxonomy":"product_brand","embeddable":true,"href":"https:\/\/ratatamkids.com\/en\/wp-json\/wp\/v2\/product_brand?post=19211"},{"taxonomy":"product_cat","embeddable":true,"href":"https:\/\/ratatamkids.com\/en\/wp-json\/wp\/v2\/product_cat?post=19211"},{"taxonomy":"product_tag","embeddable":true,"href":"https:\/\/ratatamkids.com\/en\/wp-json\/wp\/v2\/product_tag?post=19211"}],"curies":[{"name":"wp","href":"https:\/\/api.w.org\/{rel}","templated":true}]}}