{"id":19208,"date":"2024-02-15T11:40:25","date_gmt":"2024-02-15T10:40:25","guid":{"rendered":"https:\/\/ratatamkids.com\/?post_type=product&#038;p=19208"},"modified":"2026-03-25T10:43:55","modified_gmt":"2026-03-25T09:43:55","slug":"le-tote-bag-metallise-or","status":"publish","type":"product","link":"https:\/\/ratatamkids.com\/en\/produit\/le-tote-bag-metallise-or\/","title":{"rendered":"Le Tote Bag Brillant M\u00e9tallis\u00e9 &#8211; Or"},"content":{"rendered":"<p>Bienvenue dans l&#8217;univers enchant\u00e9 de Ratatam Kids, o\u00f9 <strong>chaque aventure devient magique<\/strong> ! \ud83c\udf1f<\/p>\n<p>Pr\u00e9parez-vous \u00e0 ajouter une touche de shinance \u00e0 vos journ\u00e9es avec notre Totebag Or Brillant M\u00e9tallis\u00e9 ! Ce sac est bien plus qu&#8217;un simple accessoire : c&#8217;est un <strong>compagnon de voyage \u00e9tincelant<\/strong>, \u00e0 la fois pour les enfants et les parents.<\/p>\n<p>Imaginez-vous transporter vos tr\u00e9sors pr\u00e9f\u00e9r\u00e9s dans ce sac dor\u00e9 scintillant, tandis que le monde autour de vous s&#8217;illumine de magie. Parfait pour emmener vos jouets pr\u00e9f\u00e9r\u00e9s chez un ami, vos livres pour une journ\u00e9e d&#8217;aventures ou m\u00eame quelques friandises pour un pique-nique dans le jardin.<\/p>\n<p>Notre sac est le choix parfait pour tous ceux qui aiment briller tout en gardant leurs essentiels \u00e0 port\u00e9e de main. Que ce soit pour aller \u00e0 l&#8217;\u00e9cole, partir en vacances ou simplement pour une sortie en famille, ce sac deviendra vite<strong> votre accessoire pr\u00e9f\u00e9r\u00e9<\/strong> !<\/p>\n<p>Alors, laissez-vous emporter par la magie de Ratatam Kids et offrez-vous un peu d&#8217;\u00e9clat avec notre Totebag Or M\u00e9tallis\u00e9 !<\/p>\n<p>Son grand fr\u00e8re est \u00e9galement disponible, <a href=\"https:\/\/ratatamkids.com\/produit\/grand-cabas-metallise-violet-et-or\/\">le cabas m\u00e9tallique Ratatam !\u00a0<\/a><\/p>\n<p>Dimensions: 28,5 x 32 cm<\/p>\n<p>Anses: 25 cm<\/p>\n<p>100% Polyester<\/p>\n<p>Fabriqu\u00e9 en Chine<\/p>\n","protected":false},"excerpt":{"rendered":"<p>Parce que chez Ratatam Kids, chaque jour est une nouvelle aventure \u00e0 savourer ! \u2728\ud83d\udc5c<\/p>\n<p>D\u00e9couvrez le totebag glowy et pratique !!<\/p>\n<p>Dimensions: 28,5 x 32 cm<\/p>\n<p>Anses: 25 cm<\/p>\n<p>100% Polyester<\/p>\n","protected":false},"featured_media":32995,"comment_status":"open","ping_status":"closed","template":"","meta":{"_acf_changed":false},"product_brand":[],"product_cat":[23,240],"product_tag":[],"class_list":{"0":"post-19208","1":"product","2":"type-product","3":"status-publish","4":"has-post-thumbnail","6":"product_cat-accessoires","7":"product_cat-sacs","9":"first","10":"instock","11":"taxable","12":"shipping-taxable","13":"purchasable","14":"product-type-simple"},"acf":[],"yoast_head":"<!-- This site is optimized with the Yoast SEO plugin v25.4 - https:\/\/yoast.com\/wordpress\/plugins\/seo\/ -->\n<title>Le Tote Bag Brillant M\u00e9tallis\u00e9 - Or - Ratatam Official Website<\/title>\n<meta name=\"description\" content=\"Un sac fourre tout pour une vraie star ! Le totebag m\u00e9tallis\u00e9 or est l&#039;accessoire \u00e0 avoir pour transporter tous vos petits essentiels.\" \/>\n<meta name=\"robots\" content=\"index, follow, max-snippet:-1, max-image-preview:large, max-video-preview:-1\" \/>\n<link rel=\"canonical\" href=\"https:\/\/ratatamkids.com\/en\/produit\/le-tote-bag-metallise-or\/\" \/>\n<meta property=\"og:locale\" content=\"en_US\" \/>\n<meta property=\"og:type\" content=\"article\" \/>\n<meta property=\"og:title\" content=\"Le Tote Bag Brillant M\u00e9tallis\u00e9 - Or - Ratatam Official Website\" \/>\n<meta property=\"og:description\" content=\"Un sac fourre tout pour une vraie star ! Le totebag m\u00e9tallis\u00e9 or est l&#039;accessoire \u00e0 avoir pour transporter tous vos petits essentiels.\" \/>\n<meta property=\"og:url\" content=\"https:\/\/ratatamkids.com\/en\/produit\/le-tote-bag-metallise-or\/\" \/>\n<meta property=\"og:site_name\" content=\"Ratatam Official Website\" \/>\n<meta property=\"article:publisher\" content=\"https:\/\/www.facebook.com\/Ratatamforhappykids\/\" \/>\n<meta property=\"article:modified_time\" content=\"2026-03-25T09:43:55+00:00\" \/>\n<meta property=\"og:image\" content=\"https:\/\/ratatamkids.com\/wp-content\/uploads\/2023\/06\/TOTEBAG-METALISE-OR-TB-A028-RATATAM-KIDS-1.jpg\" \/>\n\t<meta property=\"og:image:width\" content=\"800\" \/>\n\t<meta property=\"og:image:height\" content=\"800\" \/>\n\t<meta property=\"og:image:type\" content=\"image\/jpeg\" \/>\n<meta name=\"twitter:card\" content=\"summary_large_image\" \/>\n<meta name=\"twitter:label1\" content=\"Est. reading time\" \/>\n\t<meta name=\"twitter:data1\" content=\"2 minutes\" \/>\n<script type=\"application\/ld+json\" class=\"yoast-schema-graph\">{\"@context\":\"https:\/\/schema.org\",\"@graph\":[{\"@type\":\"WebPage\",\"@id\":\"https:\/\/ratatamkids.com\/en\/produit\/le-tote-bag-metallise-or\/\",\"url\":\"https:\/\/ratatamkids.com\/en\/produit\/le-tote-bag-metallise-or\/\",\"name\":\"Le Tote Bag Brillant M\u00e9tallis\u00e9 - Or - Ratatam Official Website\",\"isPartOf\":{\"@id\":\"https:\/\/ratatamkids.com\/en\/#website\"},\"primaryImageOfPage\":{\"@id\":\"https:\/\/ratatamkids.com\/en\/produit\/le-tote-bag-metallise-or\/#primaryimage\"},\"image\":{\"@id\":\"https:\/\/ratatamkids.com\/en\/produit\/le-tote-bag-metallise-or\/#primaryimage\"},\"thumbnailUrl\":\"https:\/\/ratatamkids.com\/wp-content\/uploads\/2023\/06\/TOTEBAG-METALISE-OR-TB-A028-RATATAM-KIDS-1.jpg\",\"datePublished\":\"2024-02-15T10:40:25+00:00\",\"dateModified\":\"2026-03-25T09:43:55+00:00\",\"description\":\"Un sac fourre tout pour une vraie star ! Le totebag m\u00e9tallis\u00e9 or est l'accessoire \u00e0 avoir pour transporter tous vos petits essentiels.\",\"breadcrumb\":{\"@id\":\"https:\/\/ratatamkids.com\/en\/produit\/le-tote-bag-metallise-or\/#breadcrumb\"},\"inLanguage\":\"en-US\",\"potentialAction\":[{\"@type\":\"ReadAction\",\"target\":[\"https:\/\/ratatamkids.com\/en\/produit\/le-tote-bag-metallise-or\/\"]}]},{\"@type\":\"ImageObject\",\"inLanguage\":\"en-US\",\"@id\":\"https:\/\/ratatamkids.com\/en\/produit\/le-tote-bag-metallise-or\/#primaryimage\",\"url\":\"https:\/\/ratatamkids.com\/wp-content\/uploads\/2023\/06\/TOTEBAG-METALISE-OR-TB-A028-RATATAM-KIDS-1.jpg\",\"contentUrl\":\"https:\/\/ratatamkids.com\/wp-content\/uploads\/2023\/06\/TOTEBAG-METALISE-OR-TB-A028-RATATAM-KIDS-1.jpg\",\"width\":800,\"height\":800,\"caption\":\"TOTEBAG METALISE OR RATATAM KIDS TB-A028\"},{\"@type\":\"BreadcrumbList\",\"@id\":\"https:\/\/ratatamkids.com\/en\/produit\/le-tote-bag-metallise-or\/#breadcrumb\",\"itemListElement\":[{\"@type\":\"ListItem\",\"position\":1,\"name\":\"Accueil\",\"item\":\"https:\/\/ratatamkids.com\/en\/\"},{\"@type\":\"ListItem\",\"position\":2,\"name\":\"Shop\",\"item\":\"https:\/\/ratatamkids.com\/en\/shop\/\"},{\"@type\":\"ListItem\",\"position\":3,\"name\":\"Accessories\",\"item\":\"https:\/\/ratatamkids.com\/en\/categorie-produit\/accessories\/\"},{\"@type\":\"ListItem\",\"position\":4,\"name\":\"Bags\",\"item\":\"https:\/\/ratatamkids.com\/en\/categorie-produit\/accessories\/bags\/\"},{\"@type\":\"ListItem\",\"position\":5,\"name\":\"Le Tote Bag Brillant M\u00e9tallis\u00e9 &#8211; Or\"}]},{\"@type\":\"WebSite\",\"@id\":\"https:\/\/ratatamkids.com\/en\/#website\",\"url\":\"https:\/\/ratatamkids.com\/en\/\",\"name\":\"Ratatam Official Website\",\"description\":\"Cool brand for happy kids!\",\"potentialAction\":[{\"@type\":\"SearchAction\",\"target\":{\"@type\":\"EntryPoint\",\"urlTemplate\":\"https:\/\/ratatamkids.com\/en\/?s={search_term_string}\"},\"query-input\":{\"@type\":\"PropertyValueSpecification\",\"valueRequired\":true,\"valueName\":\"search_term_string\"}}],\"inLanguage\":\"en-US\"}]}<\/script>\n<!-- \/ Yoast SEO plugin. -->","yoast_head_json":{"title":"Le Tote Bag Brillant M\u00e9tallis\u00e9 - Or - Ratatam Official Website","description":"Un sac fourre tout pour une vraie star ! Le totebag m\u00e9tallis\u00e9 or est l'accessoire \u00e0 avoir pour transporter tous vos petits essentiels.","robots":{"index":"index","follow":"follow","max-snippet":"max-snippet:-1","max-image-preview":"max-image-preview:large","max-video-preview":"max-video-preview:-1"},"canonical":"https:\/\/ratatamkids.com\/en\/produit\/le-tote-bag-metallise-or\/","og_locale":"en_US","og_type":"article","og_title":"Le Tote Bag Brillant M\u00e9tallis\u00e9 - Or - Ratatam Official Website","og_description":"Un sac fourre tout pour une vraie star ! Le totebag m\u00e9tallis\u00e9 or est l'accessoire \u00e0 avoir pour transporter tous vos petits essentiels.","og_url":"https:\/\/ratatamkids.com\/en\/produit\/le-tote-bag-metallise-or\/","og_site_name":"Ratatam Official Website","article_publisher":"https:\/\/www.facebook.com\/Ratatamforhappykids\/","article_modified_time":"2026-03-25T09:43:55+00:00","og_image":[{"width":800,"height":800,"url":"https:\/\/ratatamkids.com\/wp-content\/uploads\/2023\/06\/TOTEBAG-METALISE-OR-TB-A028-RATATAM-KIDS-1.jpg","type":"image\/jpeg"}],"twitter_card":"summary_large_image","twitter_misc":{"Est. reading time":"2 minutes"},"schema":{"@context":"https:\/\/schema.org","@graph":[{"@type":"WebPage","@id":"https:\/\/ratatamkids.com\/en\/produit\/le-tote-bag-metallise-or\/","url":"https:\/\/ratatamkids.com\/en\/produit\/le-tote-bag-metallise-or\/","name":"Le Tote Bag Brillant M\u00e9tallis\u00e9 - Or - Ratatam Official Website","isPartOf":{"@id":"https:\/\/ratatamkids.com\/en\/#website"},"primaryImageOfPage":{"@id":"https:\/\/ratatamkids.com\/en\/produit\/le-tote-bag-metallise-or\/#primaryimage"},"image":{"@id":"https:\/\/ratatamkids.com\/en\/produit\/le-tote-bag-metallise-or\/#primaryimage"},"thumbnailUrl":"https:\/\/ratatamkids.com\/wp-content\/uploads\/2023\/06\/TOTEBAG-METALISE-OR-TB-A028-RATATAM-KIDS-1.jpg","datePublished":"2024-02-15T10:40:25+00:00","dateModified":"2026-03-25T09:43:55+00:00","description":"Un sac fourre tout pour une vraie star ! Le totebag m\u00e9tallis\u00e9 or est l'accessoire \u00e0 avoir pour transporter tous vos petits essentiels.","breadcrumb":{"@id":"https:\/\/ratatamkids.com\/en\/produit\/le-tote-bag-metallise-or\/#breadcrumb"},"inLanguage":"en-US","potentialAction":[{"@type":"ReadAction","target":["https:\/\/ratatamkids.com\/en\/produit\/le-tote-bag-metallise-or\/"]}]},{"@type":"ImageObject","inLanguage":"en-US","@id":"https:\/\/ratatamkids.com\/en\/produit\/le-tote-bag-metallise-or\/#primaryimage","url":"https:\/\/ratatamkids.com\/wp-content\/uploads\/2023\/06\/TOTEBAG-METALISE-OR-TB-A028-RATATAM-KIDS-1.jpg","contentUrl":"https:\/\/ratatamkids.com\/wp-content\/uploads\/2023\/06\/TOTEBAG-METALISE-OR-TB-A028-RATATAM-KIDS-1.jpg","width":800,"height":800,"caption":"TOTEBAG METALISE OR RATATAM KIDS TB-A028"},{"@type":"BreadcrumbList","@id":"https:\/\/ratatamkids.com\/en\/produit\/le-tote-bag-metallise-or\/#breadcrumb","itemListElement":[{"@type":"ListItem","position":1,"name":"Accueil","item":"https:\/\/ratatamkids.com\/en\/"},{"@type":"ListItem","position":2,"name":"Shop","item":"https:\/\/ratatamkids.com\/en\/shop\/"},{"@type":"ListItem","position":3,"name":"Accessories","item":"https:\/\/ratatamkids.com\/en\/categorie-produit\/accessories\/"},{"@type":"ListItem","position":4,"name":"Bags","item":"https:\/\/ratatamkids.com\/en\/categorie-produit\/accessories\/bags\/"},{"@type":"ListItem","position":5,"name":"Le Tote Bag Brillant M\u00e9tallis\u00e9 &#8211; Or"}]},{"@type":"WebSite","@id":"https:\/\/ratatamkids.com\/en\/#website","url":"https:\/\/ratatamkids.com\/en\/","name":"Ratatam Official Website","description":"Cool brand for happy kids!","potentialAction":[{"@type":"SearchAction","target":{"@type":"EntryPoint","urlTemplate":"https:\/\/ratatamkids.com\/en\/?s={search_term_string}"},"query-input":{"@type":"PropertyValueSpecification","valueRequired":true,"valueName":"search_term_string"}}],"inLanguage":"en-US"}]}},"_links":{"self":[{"href":"https:\/\/ratatamkids.com\/en\/wp-json\/wp\/v2\/product\/19208","targetHints":{"allow":["GET"]}}],"collection":[{"href":"https:\/\/ratatamkids.com\/en\/wp-json\/wp\/v2\/product"}],"about":[{"href":"https:\/\/ratatamkids.com\/en\/wp-json\/wp\/v2\/types\/product"}],"replies":[{"embeddable":true,"href":"https:\/\/ratatamkids.com\/en\/wp-json\/wp\/v2\/comments?post=19208"}],"wp:featuredmedia":[{"embeddable":true,"href":"https:\/\/ratatamkids.com\/en\/wp-json\/wp\/v2\/media\/32995"}],"wp:attachment":[{"href":"https:\/\/ratatamkids.com\/en\/wp-json\/wp\/v2\/media?parent=19208"}],"wp:term":[{"taxonomy":"product_brand","embeddable":true,"href":"https:\/\/ratatamkids.com\/en\/wp-json\/wp\/v2\/product_brand?post=19208"},{"taxonomy":"product_cat","embeddable":true,"href":"https:\/\/ratatamkids.com\/en\/wp-json\/wp\/v2\/product_cat?post=19208"},{"taxonomy":"product_tag","embeddable":true,"href":"https:\/\/ratatamkids.com\/en\/wp-json\/wp\/v2\/product_tag?post=19208"}],"curies":[{"name":"wp","href":"https:\/\/api.w.org\/{rel}","templated":true}]}}