{"id":36311,"date":"2024-12-04T12:03:16","date_gmt":"2024-12-04T11:03:16","guid":{"rendered":"https:\/\/ratatamkids.com\/faq\/faq-balloons\/"},"modified":"2024-12-05T14:18:25","modified_gmt":"2024-12-05T13:18:25","slug":"faq-balloons","status":"publish","type":"page","link":"https:\/\/ratatamkids.com\/en\/faq\/faq-balloons\/","title":{"rendered":"FAQ \/ Balloons"},"content":{"rendered":"\n<div class=\"schema-faq wp-block-yoast-faq-block\"><div class=\"schema-faq-section\" id=\"faq-question-1729156497517\"><strong class=\"schema-faq-question\">What should I do if my balloon deflates?<\/strong> <p class=\"schema-faq-answer\">A balloon, like any object inflated with air, will deflate over time. Nothing wrong with that, so to re-inflate it, simply <a href=\"https:\/\/www.youtube.com\/watch?v=u_AI6LrSLao&amp;t=12s\" target=\"_blank\" rel=\"noreferrer noopener\">follow this tutorial<\/a>.<br>The more a balloon is inflated, the more it will bounce!  <\/p> <\/div> <div class=\"schema-faq-section\" id=\"faq-question-1729156532247\"><strong class=\"schema-faq-question\">My balloon is soft. Is this normal?<\/strong> <p class=\"schema-faq-answer\">Balloons in 10 cm size are small balls designed as manipulative balls, promoting good prehension for the youngest. It&#8217;s therefore normal for them to be softer.<br>The more a balloon is inflated, the more it will bounce. <br> If you want them to be harder, however, you can inflate them further by <a href=\"https:\/\/www.youtube.com\/watch?v=u_AI6LrSLao&amp;t=12s\">following this tutorial<\/a>.<\/p> <\/div> <div class=\"schema-faq-section\" id=\"faq-question-1729156545456\"><strong class=\"schema-faq-question\">Jumping ball, up to what age can my child use it?<\/strong> <p class=\"schema-faq-answer\">At Ratatam Kids, we&#8217;re delighted to introduce our adorable jumping balloons designed for little adventurers <strong>aged 2 to 8 <\/strong>! <br>The bigger your child gets, the more you can inflate your jumping ball for even more fun! <br>Jumping balloons can be inflated to a circumference of around 40 cm.<br><strong>For toddlers aged 2 to 3:<\/strong> Our jumping balls offer a safe, gentle jumping experience for toddlers. They are specially designed for children aged 2 to 3, with an inflation level adapted to ensure stability and safety during the jump. Your little explorers can develop their balance and have fun at the same time.<br><strong>For Adventurers aged 4 to 8:<\/strong> As your children grow, our jumping balloons grow with them! You can adjust the inflation level to suit your child&#8217;s age and size. For adventurers aged 4 to 6, inflate the balloon a little more for more dynamic and fun jumps. This allows your children to continue enjoying their jumping ball as they gain confidence and skill.<br>Easy-grip handles ensure a firm grip, allowing your children to jump with confidence.<br>Even easier, <a href=\"https:\/\/www.youtube.com\/watch?v=KNJAVStZIcY&amp;t=10s\">watch our video tutorial<\/a>!  <\/p> <\/div> <\/div>\n","protected":false},"excerpt":{"rendered":"","protected":false},"author":16,"featured_media":0,"parent":26150,"menu_order":0,"comment_status":"closed","ping_status":"closed","template":"","meta":{"_acf_changed":false,"footnotes":""},"class_list":["post-36311","page","type-page","status-publish","hentry"],"acf":[],"yoast_head":"<!-- This site is optimized with the Yoast SEO plugin v25.4 - https:\/\/yoast.com\/wordpress\/plugins\/seo\/ -->\n<title>FAQ \/ Balloons - Ratatam Official Website<\/title>\n<meta name=\"robots\" content=\"index, follow, max-snippet:-1, max-image-preview:large, max-video-preview:-1\" \/>\n<link rel=\"canonical\" href=\"https:\/\/ratatamkids.com\/en\/faq\/faq-balloons\/\" \/>\n<meta property=\"og:locale\" content=\"en_US\" \/>\n<meta property=\"og:type\" content=\"article\" \/>\n<meta property=\"og:title\" content=\"FAQ \/ Balloons - Ratatam Official Website\" \/>\n<meta property=\"og:url\" content=\"https:\/\/ratatamkids.com\/en\/faq\/faq-balloons\/\" \/>\n<meta property=\"og:site_name\" content=\"Ratatam Official Website\" \/>\n<meta property=\"article:publisher\" content=\"https:\/\/www.facebook.com\/Ratatamforhappykids\/\" \/>\n<meta property=\"article:modified_time\" content=\"2024-12-05T13:18:25+00:00\" \/>\n<meta name=\"twitter:card\" content=\"summary_large_image\" \/>\n<meta name=\"twitter:label1\" content=\"Est. reading time\" \/>\n\t<meta name=\"twitter:data1\" content=\"1 minute\" \/>\n<script type=\"application\/ld+json\" class=\"yoast-schema-graph\">{\"@context\":\"https:\/\/schema.org\",\"@graph\":[{\"@type\":[\"WebPage\",\"FAQPage\"],\"@id\":\"https:\/\/ratatamkids.com\/en\/faq\/faq-balloons\/\",\"url\":\"https:\/\/ratatamkids.com\/en\/faq\/faq-balloons\/\",\"name\":\"FAQ \/ Balloons - Ratatam Official Website\",\"isPartOf\":{\"@id\":\"https:\/\/ratatamkids.com\/en\/#website\"},\"datePublished\":\"2024-12-04T11:03:16+00:00\",\"dateModified\":\"2024-12-05T13:18:25+00:00\",\"breadcrumb\":{\"@id\":\"https:\/\/ratatamkids.com\/en\/faq\/faq-balloons\/#breadcrumb\"},\"mainEntity\":[{\"@id\":\"https:\/\/ratatamkids.com\/en\/faq\/faq-balloons\/#faq-question-1729156497517\"},{\"@id\":\"https:\/\/ratatamkids.com\/en\/faq\/faq-balloons\/#faq-question-1729156532247\"},{\"@id\":\"https:\/\/ratatamkids.com\/en\/faq\/faq-balloons\/#faq-question-1729156545456\"}],\"inLanguage\":\"en-US\",\"potentialAction\":[{\"@type\":\"ReadAction\",\"target\":[\"https:\/\/ratatamkids.com\/en\/faq\/faq-balloons\/\"]}]},{\"@type\":\"BreadcrumbList\",\"@id\":\"https:\/\/ratatamkids.com\/en\/faq\/faq-balloons\/#breadcrumb\",\"itemListElement\":[{\"@type\":\"ListItem\",\"position\":1,\"name\":\"Accueil\",\"item\":\"https:\/\/ratatamkids.com\/en\/\"},{\"@type\":\"ListItem\",\"position\":2,\"name\":\"FAQ\",\"item\":\"https:\/\/ratatamkids.com\/en\/faq\/\"},{\"@type\":\"ListItem\",\"position\":3,\"name\":\"FAQ \/ Balloons\"}]},{\"@type\":\"WebSite\",\"@id\":\"https:\/\/ratatamkids.com\/en\/#website\",\"url\":\"https:\/\/ratatamkids.com\/en\/\",\"name\":\"Ratatam Official Website\",\"description\":\"Cool brand for happy kids!\",\"potentialAction\":[{\"@type\":\"SearchAction\",\"target\":{\"@type\":\"EntryPoint\",\"urlTemplate\":\"https:\/\/ratatamkids.com\/en\/?s={search_term_string}\"},\"query-input\":{\"@type\":\"PropertyValueSpecification\",\"valueRequired\":true,\"valueName\":\"search_term_string\"}}],\"inLanguage\":\"en-US\"},{\"@type\":\"Question\",\"@id\":\"https:\/\/ratatamkids.com\/en\/faq\/faq-balloons\/#faq-question-1729156497517\",\"position\":1,\"url\":\"https:\/\/ratatamkids.com\/en\/faq\/faq-balloons\/#faq-question-1729156497517\",\"name\":\"Mon ballon se d\u00e9gonfle, que faire ?\",\"answerCount\":1,\"acceptedAnswer\":{\"@type\":\"Answer\",\"text\":\"Un ballon, comme tout objet gonfl\u00e9 \u00e0 l\u2019air, se d\u00e9gonfle avec le temps, rien d\u2019anormal \u00e0 cela, pour le regonfler, rien de plus facile il vous suffit de <a href=\\\"https:\/\/www.youtube.com\/watch?v=u_AI6LrSLao&amp;t=12s\\\" target=\\\"_blank\\\" rel=\\\"noreferrer noopener\\\">suivre ce tuto<\/a>.<br\/>Plus un ballon est gonfl\u00e9, plus il rebondira !\u00a0\",\"inLanguage\":\"en-US\"},\"inLanguage\":\"en-US\"},{\"@type\":\"Question\",\"@id\":\"https:\/\/ratatamkids.com\/en\/faq\/faq-balloons\/#faq-question-1729156532247\",\"position\":2,\"url\":\"https:\/\/ratatamkids.com\/en\/faq\/faq-balloons\/#faq-question-1729156532247\",\"name\":\"Mon ballon est mou, est-ce normal ?\",\"answerCount\":1,\"acceptedAnswer\":{\"@type\":\"Answer\",\"text\":\"Les ballons en taille 10 cm sont des petits ballons pens\u00e9s comme des balles de manipulation, favorisant la bonne pr\u00e9hension pour les plus petits. Il est donc normal qu\u2019ils soient plus mous.<br\/>Plus un ballon est gonfl\u00e9, plus il rebondira.\u00a0<br\/>\u00a0Si vous souhaitez qu\u2019ils soient plus durs, vous pouvez cela dit tout \u00e0 fait les gonfler d\u2019avantage en <a href=\\\"https:\/\/www.youtube.com\/watch?v=u_AI6LrSLao&amp;t=12s\\\">suivant ce tuto<\/a>.\",\"inLanguage\":\"en-US\"},\"inLanguage\":\"en-US\"},{\"@type\":\"Question\",\"@id\":\"https:\/\/ratatamkids.com\/en\/faq\/faq-balloons\/#faq-question-1729156545456\",\"position\":3,\"url\":\"https:\/\/ratatamkids.com\/en\/faq\/faq-balloons\/#faq-question-1729156545456\",\"name\":\"Ballon sauteur, jusqu'\u00e0 quel \u00e2ge mon enfant peut l'utiliser ?\",\"answerCount\":1,\"acceptedAnswer\":{\"@type\":\"Answer\",\"text\":\"Chez Ratatam Kids, nous sommes ravies de vous pr\u00e9senter nos adorables ballons sauteurs con\u00e7us pour les petits aventuriers <strong>de 2 \u00e0 8 ans <\/strong>!\u00a0<br\/>Plus votre enfant grandit, plus vous pouvez gonfler votre ballon sauteur pour plus de moments d\u2019amusements !\u00a0<br\/>Les ballons sauteur peuvent \u00eatre gonfl\u00e9s jusqu\u2019\u00e0 environ une circonf\u00e9rence de 40 cm.<br\/><strong>Pour les Tout-Petits de 2 \u00e0 3 ans :<\/strong> Nos ballons sauteurs offrent une exp\u00e9rience de saut douce et s\u00e9curis\u00e9e pour les tout-petits. Ils sont sp\u00e9cialement con\u00e7us pour les enfants de 2 \u00e0 3 ans, avec un niveau de gonflage adapt\u00e9 pour assurer stabilit\u00e9 et s\u00e9curit\u00e9 pendant le saut. Vos petits explorateurs peuvent ainsi d\u00e9velopper leur \u00e9quilibre tout en s'amusant.<br\/><strong>Pour les Aventuriers de 4 \u00e0 8 ans :<\/strong> \u00c0 mesure que vos enfants grandissent, nos ballons sauteurs grandissent avec eux ! Vous pouvez ajuster le niveau de gonflage en fonction de l'\u00e2ge et de la taille de votre enfant. Pour les aventuriers de 4 \u00e0 6 ans, gonflez le ballon un peu plus pour des sauts plus dynamiques et amusants. Cela permet \u00e0 vos enfants de continuer \u00e0 profiter de leur ballon sauteur \u00e0 mesure qu'ils gagnent en confiance et en habilet\u00e9.<br\/>Les poign\u00e9es faciles \u00e0 saisir assurent une prise en main ferme, permettant \u00e0 vos enfants de sauter en toute confiance.<br\/>Plus simple, <a href=\\\"https:\/\/www.youtube.com\/watch?v=KNJAVStZIcY&amp;t=10s\\\">regardez notre tuto vid\u00e9o<\/a> !\u00a0\",\"inLanguage\":\"en-US\"},\"inLanguage\":\"en-US\"}]}<\/script>\n<!-- \/ Yoast SEO plugin. -->","yoast_head_json":{"title":"FAQ \/ Balloons - Ratatam Official Website","robots":{"index":"index","follow":"follow","max-snippet":"max-snippet:-1","max-image-preview":"max-image-preview:large","max-video-preview":"max-video-preview:-1"},"canonical":"https:\/\/ratatamkids.com\/en\/faq\/faq-balloons\/","og_locale":"en_US","og_type":"article","og_title":"FAQ \/ Balloons - Ratatam Official Website","og_url":"https:\/\/ratatamkids.com\/en\/faq\/faq-balloons\/","og_site_name":"Ratatam Official Website","article_publisher":"https:\/\/www.facebook.com\/Ratatamforhappykids\/","article_modified_time":"2024-12-05T13:18:25+00:00","twitter_card":"summary_large_image","twitter_misc":{"Est. reading time":"1 minute"},"schema":{"@context":"https:\/\/schema.org","@graph":[{"@type":["WebPage","FAQPage"],"@id":"https:\/\/ratatamkids.com\/en\/faq\/faq-balloons\/","url":"https:\/\/ratatamkids.com\/en\/faq\/faq-balloons\/","name":"FAQ \/ Balloons - Ratatam Official Website","isPartOf":{"@id":"https:\/\/ratatamkids.com\/en\/#website"},"datePublished":"2024-12-04T11:03:16+00:00","dateModified":"2024-12-05T13:18:25+00:00","breadcrumb":{"@id":"https:\/\/ratatamkids.com\/en\/faq\/faq-balloons\/#breadcrumb"},"mainEntity":[{"@id":"https:\/\/ratatamkids.com\/en\/faq\/faq-balloons\/#faq-question-1729156497517"},{"@id":"https:\/\/ratatamkids.com\/en\/faq\/faq-balloons\/#faq-question-1729156532247"},{"@id":"https:\/\/ratatamkids.com\/en\/faq\/faq-balloons\/#faq-question-1729156545456"}],"inLanguage":"en-US","potentialAction":[{"@type":"ReadAction","target":["https:\/\/ratatamkids.com\/en\/faq\/faq-balloons\/"]}]},{"@type":"BreadcrumbList","@id":"https:\/\/ratatamkids.com\/en\/faq\/faq-balloons\/#breadcrumb","itemListElement":[{"@type":"ListItem","position":1,"name":"Accueil","item":"https:\/\/ratatamkids.com\/en\/"},{"@type":"ListItem","position":2,"name":"FAQ","item":"https:\/\/ratatamkids.com\/en\/faq\/"},{"@type":"ListItem","position":3,"name":"FAQ \/ Balloons"}]},{"@type":"WebSite","@id":"https:\/\/ratatamkids.com\/en\/#website","url":"https:\/\/ratatamkids.com\/en\/","name":"Ratatam Official Website","description":"Cool brand for happy kids!","potentialAction":[{"@type":"SearchAction","target":{"@type":"EntryPoint","urlTemplate":"https:\/\/ratatamkids.com\/en\/?s={search_term_string}"},"query-input":{"@type":"PropertyValueSpecification","valueRequired":true,"valueName":"search_term_string"}}],"inLanguage":"en-US"},{"@type":"Question","@id":"https:\/\/ratatamkids.com\/en\/faq\/faq-balloons\/#faq-question-1729156497517","position":1,"url":"https:\/\/ratatamkids.com\/en\/faq\/faq-balloons\/#faq-question-1729156497517","name":"Mon ballon se d\u00e9gonfle, que faire ?","answerCount":1,"acceptedAnswer":{"@type":"Answer","text":"Un ballon, comme tout objet gonfl\u00e9 \u00e0 l\u2019air, se d\u00e9gonfle avec le temps, rien d\u2019anormal \u00e0 cela, pour le regonfler, rien de plus facile il vous suffit de <a href=\"https:\/\/www.youtube.com\/watch?v=u_AI6LrSLao&amp;t=12s\" target=\"_blank\" rel=\"noreferrer noopener\">suivre ce tuto<\/a>.<br\/>Plus un ballon est gonfl\u00e9, plus il rebondira !\u00a0","inLanguage":"en-US"},"inLanguage":"en-US"},{"@type":"Question","@id":"https:\/\/ratatamkids.com\/en\/faq\/faq-balloons\/#faq-question-1729156532247","position":2,"url":"https:\/\/ratatamkids.com\/en\/faq\/faq-balloons\/#faq-question-1729156532247","name":"Mon ballon est mou, est-ce normal ?","answerCount":1,"acceptedAnswer":{"@type":"Answer","text":"Les ballons en taille 10 cm sont des petits ballons pens\u00e9s comme des balles de manipulation, favorisant la bonne pr\u00e9hension pour les plus petits. Il est donc normal qu\u2019ils soient plus mous.<br\/>Plus un ballon est gonfl\u00e9, plus il rebondira.\u00a0<br\/>\u00a0Si vous souhaitez qu\u2019ils soient plus durs, vous pouvez cela dit tout \u00e0 fait les gonfler d\u2019avantage en <a href=\"https:\/\/www.youtube.com\/watch?v=u_AI6LrSLao&amp;t=12s\">suivant ce tuto<\/a>.","inLanguage":"en-US"},"inLanguage":"en-US"},{"@type":"Question","@id":"https:\/\/ratatamkids.com\/en\/faq\/faq-balloons\/#faq-question-1729156545456","position":3,"url":"https:\/\/ratatamkids.com\/en\/faq\/faq-balloons\/#faq-question-1729156545456","name":"Ballon sauteur, jusqu'\u00e0 quel \u00e2ge mon enfant peut l'utiliser ?","answerCount":1,"acceptedAnswer":{"@type":"Answer","text":"Chez Ratatam Kids, nous sommes ravies de vous pr\u00e9senter nos adorables ballons sauteurs con\u00e7us pour les petits aventuriers <strong>de 2 \u00e0 8 ans <\/strong>!\u00a0<br\/>Plus votre enfant grandit, plus vous pouvez gonfler votre ballon sauteur pour plus de moments d\u2019amusements !\u00a0<br\/>Les ballons sauteur peuvent \u00eatre gonfl\u00e9s jusqu\u2019\u00e0 environ une circonf\u00e9rence de 40 cm.<br\/><strong>Pour les Tout-Petits de 2 \u00e0 3 ans :<\/strong> Nos ballons sauteurs offrent une exp\u00e9rience de saut douce et s\u00e9curis\u00e9e pour les tout-petits. Ils sont sp\u00e9cialement con\u00e7us pour les enfants de 2 \u00e0 3 ans, avec un niveau de gonflage adapt\u00e9 pour assurer stabilit\u00e9 et s\u00e9curit\u00e9 pendant le saut. Vos petits explorateurs peuvent ainsi d\u00e9velopper leur \u00e9quilibre tout en s'amusant.<br\/><strong>Pour les Aventuriers de 4 \u00e0 8 ans :<\/strong> \u00c0 mesure que vos enfants grandissent, nos ballons sauteurs grandissent avec eux ! Vous pouvez ajuster le niveau de gonflage en fonction de l'\u00e2ge et de la taille de votre enfant. Pour les aventuriers de 4 \u00e0 6 ans, gonflez le ballon un peu plus pour des sauts plus dynamiques et amusants. Cela permet \u00e0 vos enfants de continuer \u00e0 profiter de leur ballon sauteur \u00e0 mesure qu'ils gagnent en confiance et en habilet\u00e9.<br\/>Les poign\u00e9es faciles \u00e0 saisir assurent une prise en main ferme, permettant \u00e0 vos enfants de sauter en toute confiance.<br\/>Plus simple, <a href=\"https:\/\/www.youtube.com\/watch?v=KNJAVStZIcY&amp;t=10s\">regardez notre tuto vid\u00e9o<\/a> !\u00a0","inLanguage":"en-US"},"inLanguage":"en-US"}]}},"_links":{"self":[{"href":"https:\/\/ratatamkids.com\/en\/wp-json\/wp\/v2\/pages\/36311","targetHints":{"allow":["GET"]}}],"collection":[{"href":"https:\/\/ratatamkids.com\/en\/wp-json\/wp\/v2\/pages"}],"about":[{"href":"https:\/\/ratatamkids.com\/en\/wp-json\/wp\/v2\/types\/page"}],"author":[{"embeddable":true,"href":"https:\/\/ratatamkids.com\/en\/wp-json\/wp\/v2\/users\/16"}],"replies":[{"embeddable":true,"href":"https:\/\/ratatamkids.com\/en\/wp-json\/wp\/v2\/comments?post=36311"}],"version-history":[{"count":1,"href":"https:\/\/ratatamkids.com\/en\/wp-json\/wp\/v2\/pages\/36311\/revisions"}],"predecessor-version":[{"id":36312,"href":"https:\/\/ratatamkids.com\/en\/wp-json\/wp\/v2\/pages\/36311\/revisions\/36312"}],"up":[{"embeddable":true,"href":"https:\/\/ratatamkids.com\/en\/wp-json\/wp\/v2\/pages\/26150"}],"wp:attachment":[{"href":"https:\/\/ratatamkids.com\/en\/wp-json\/wp\/v2\/media?parent=36311"}],"curies":[{"name":"wp","href":"https:\/\/api.w.org\/{rel}","templated":true}]}}