{"id":26692,"date":"2018-09-18T09:25:22","date_gmt":"2018-09-18T07:25:22","guid":{"rendered":"https:\/\/ratatamkids.com\/home\/"},"modified":"2026-01-12T10:11:40","modified_gmt":"2026-01-12T09:11:40","slug":"home","status":"publish","type":"page","link":"https:\/\/ratatamkids.com\/en\/","title":{"rendered":"Home"},"content":{"rendered":"<p>[vc_row full_width=&#8221;stretch_row&#8221; content_placement=&#8221;middle&#8221;][vc_column][vc_images_carousel images=&#8221;36023&#8243; img_size=&#8221;full&#8221; autoplay=&#8221;yes&#8221;][\/vc_column][\/vc_row][vc_row css=&#8221;.vc_custom_1707172914239{background-color: #ffffff !important;}&#8221;][vc_column width=&#8221;1\/2&#8243; offset=&#8221;vc_col-lg-4 vc_col-md-4 vc_col-xs-12&#8243;][konte_banner image_size=&#8221;821&#215;821&#8243; text_position=&#8221;under-image&#8221; button_size=&#8221;medium&#8221; button_text=&#8221;D\u00e9couvrir&#8221; css_animation=&#8221;fadeIn&#8221; el_class=&#8221;konte-banner&#8211;custom&#8221; link=&#8221;url:https%3A%2F%2Fratatamkids.com%2Fcategorie-produit%2Faccessoires%2F&#8221; image=&#8221;35803&#8243;]Nos accessoires [\/konte_banner][\/vc_column][vc_column width=&#8221;1\/2&#8243; offset=&#8221;vc_col-lg-4 vc_col-md-4 vc_hidden-sm vc_col-xs-12&#8243;][konte_banner image_size=&#8221;821&#215;821&#8243; text_position=&#8221;under-image&#8221; button_size=&#8221;medium&#8221; button_text=&#8221;D\u00e9couvrir&#8221; css_animation=&#8221;none&#8221; el_class=&#8221;konte-banner&#8211;custom&#8221; image=&#8221;36026&#8243; link=&#8221;url:https%3A%2F%2Fratatamkids.com%2Fcategorie-produit%2Fballons%2F|title:Ballons||&#8221;]Nos ballons[\/konte_banner][\/vc_column][vc_column width=&#8221;1\/2&#8243; offset=&#8221;vc_col-lg-4 vc_col-md-4 vc_col-xs-12&#8243;][konte_banner image_size=&#8221;821&#215;821&#8243; text_position=&#8221;under-image&#8221; button_size=&#8221;medium&#8221; button_text=&#8221;D\u00e9couvrir&#8221; css_animation=&#8221;fadeIn&#8221; el_class=&#8221;konte-banner&#8211;custom&#8221; link=&#8221;url:https%3A%2F%2Fratatamkids.com%2Fcategorie-produit%2Fdeguisements%2F&#8221; image=&#8221;36031&#8243; css=&#8221;.vc_custom_1732885808371{background-color: #ffffff !important;}&#8221;]Nos d\u00e9guisements [\/konte_banner][\/vc_column][\/vc_row][vc_row][vc_column][konte_empty_space height=&#8221;80px&#8221; height_xs=&#8221;30px&#8221;][konte_product_grid limit=&#8221;9&#8243; columns=&#8221;5&#8243; title=&#8221;\u00c0 la une, \u00e0 la deux&#8230;&#8221;]D\u00e9couvrez d\u00e8s \u00e0 pr\u00e9sent toutes les nouveaut\u00e9s de la collection Ratatam ! Des d\u00e9guisements, des ballons et pleins d&#8217;accessoires funs, color\u00e9s et paillet\u00e9s&#8230; ! [\/konte_product_grid][konte_button style=&#8221;outline&#8221; shape=&#8221;square&#8221; size=&#8221;medium&#8221; align=&#8221;center&#8221; link=&#8221;url:%2Fboutique%2F|||&#8221;]Voir tous les produits[\/konte_button][konte_empty_space height=&#8221;73px&#8221; height_xs=&#8221;20px&#8221;][\/vc_column][\/vc_row][vc_row][vc_column][vc_single_image image=&#8221;34040&#8243; img_size=&#8221;full&#8221; alignment=&#8221;center&#8221; onclick=&#8221;custom_link&#8221; link=&#8221;https:\/\/ratatamkids.com\/presse\/&#8221;][\/vc_column][\/vc_row][vc_row][vc_column width=&#8221;1\/4&#8243;][konte_banner image_size=&#8221;640&#215;640&#8243; text_position=&#8221;center&#8221; font_container=&#8221;font_size:20&#8243; button_type=&#8221;outline&#8221; button_size=&#8221;small&#8221; button_text=&#8221;Je d\u00e9couvre&#8221; css_animation=&#8221;fadeIn&#8221; el_class=&#8221;konte-banner&#8211;custom&#8221; image=&#8221;10570&#8243; link=&#8221;url:https%3A%2F%2Fratatamkids.com%2Fcategorie-produit%2Fmade-in-france%2F|title:Boutique&#8221; css=&#8221;.vc_custom_1694453519291{margin-bottom: 40px !important;}&#8221;]D\u00e9couvrez nos produits frenchy ![\/konte_banner][\/vc_column][vc_column width=&#8221;1\/4&#8243;][konte_banner image_size=&#8221;640&#215;640&#8243; text_position=&#8221;center&#8221; font_container=&#8221;font_size:20&#8243; button_type=&#8221;outline&#8221; button_size=&#8221;small&#8221; button_text=&#8221;Je d\u00e9couvre&#8221; css_animation=&#8221;fadeIn&#8221; el_class=&#8221;konte-banner&#8211;custom&#8221; link=&#8221;url:https%3A%2F%2Fratatamkids.com%2Fcategorie-produit%2Faccessoires%2F|title:S%C3%A9lection%20de%20sacs%20Ratatam&#8221; css=&#8221;.vc_custom_1712077795403{margin-bottom: 40px !important;}&#8221; image=&#8221;33450&#8243;]D\u00e9couvrez nos accessoires ! [\/konte_banner][\/vc_column][vc_column width=&#8221;1\/4&#8243;][konte_banner image_size=&#8221;640&#215;640&#8243; text_position=&#8221;center&#8221; font_container=&#8221;font_size:20&#8243; button_type=&#8221;outline&#8221; button_size=&#8221;small&#8221; button_text=&#8221;Je d\u00e9couvre&#8221; css_animation=&#8221;fadeIn&#8221; el_class=&#8221;konte-banner&#8211;custom&#8221; link=&#8221;url:%2Fboutique%2F%3Fproduct_cat%3Dcapes|title:Boutique||&#8221; css=&#8221;.vc_custom_1712077466776{background-color: #ffffff !important;}&#8221; image=&#8221;33441&#8243;]D\u00e9couvrez nos capes de f\u00e9es ![\/konte_banner][\/vc_column][vc_column width=&#8221;1\/4&#8243;][konte_banner image_size=&#8221;640&#215;640&#8243; text_position=&#8221;center&#8221; font_container=&#8221;font_size:20&#8243; button_type=&#8221;outline&#8221; button_size=&#8221;small&#8221; button_text=&#8221;Je d\u00e9couvre&#8221; css_animation=&#8221;fadeIn&#8221; el_class=&#8221;konte-banner&#8211;custom&#8221; image=&#8221;33438&#8243; link=&#8221;url:https%3A%2F%2Fratatamkids.com%2Fles-tutos-ratatam%2F&#8221; css=&#8221;.vc_custom_1712077876135{margin-bottom: 40px !important;}&#8221;]D\u00e9couvrez nos tutos ![\/konte_banner][\/vc_column][\/vc_row][vc_row el_class=&#8221;flex&#8221;][vc_column offset=&#8221;vc_col-lg-6 vc_col-md-8&#8243;][konte_subscribe_box style=&#8221;style2&#8243; form_id=&#8221;1268&#8243; css_animation=&#8221;fadeIn&#8221; title=&#8221;Restez inform\u00e9s sur nos offres et promos !&#8221; css=&#8221;.vc_custom_1690370633241{margin-top: 40px !important;border-top-width: 2px !important;border-right-width: 2px !important;border-bottom-width: 2px !important;border-left-width: 2px !important;padding-top: 40px !important;padding-right: 40px !important;padding-bottom: 40px !important;padding-left: 40px !important;border-left-color: #dd3333 !important;border-left-style: solid !important;border-right-color: #dd3333 !important;border-right-style: solid !important;border-top-color: #dd3333 !important;border-top-style: solid !important;border-bottom-color: #dd3333 !important;border-bottom-style: solid !important;border-radius: 2px !important;}&#8221;]Inscrivez-vous \u00e0 notre newsletter et profitez de nos toutes derni\u00e8res offres, promos et d\u00e9couvrez nos nouveaut\u00e9s en avant-premi\u00e8re.[\/konte_subscribe_box][\/vc_column][\/vc_row][vc_row][vc_column][vc_empty_space][\/vc_column][\/vc_row][vc_row][vc_column width=&#8221;1\/3&#8243; css=&#8221;.vc_custom_1663943455592{border-radius: 5px !important;}&#8221;][vc_column_text]<span data-sheets-value=\"{&quot;1&quot;:2,&quot;2&quot;:&quot;LA MARQUE\\nRatatam est une marque fran\u00e7aise de jouets et de d\u00e9guisements pour enfants qui propose des produits originaux et fun, de qualit\u00e9 et principalement de fabrication fran\u00e7aise. L'univers Ratatam ce sont des ballons funky aux couleurs acidul\u00e9es et f\u00e9eriques, des accessoires ludiques et pratiques qui plaisent aux enfants mais aussi aux parents. Ratatam propose aussi des d\u00e9guisements pour les enfants de la f\u00e9e, \u00e0 la princesse, en passant par l'oideau de paradis au pirate et au chevalier, il y en a pour tous les go\u00fbts!!. Les jouets Ratatam sont color\u00e9s, raffin\u00e9s et ludiques, ils permettent aux enfants de s'exprimer et de d\u00e9velopper leur imaginaire. Les jouets Ratatam sont adapt\u00e9s aux enfants de 1 \u00e0 99 ans.\\n&quot;}\" data-sheets-userformat=\"{&quot;2&quot;:771,&quot;3&quot;:{&quot;1&quot;:0},&quot;4&quot;:{&quot;1&quot;:2,&quot;2&quot;:16776960},&quot;11&quot;:4,&quot;12&quot;:0}\"><strong>LA MARQUE<\/strong><br \/>\nRatatam est une marque fran\u00e7aise de jouets et de d\u00e9guisements pour enfants qui propose des produits originaux et fun, de <strong>qualit\u00e9<\/strong> et principalement de fabrication fran\u00e7aise. L&#8217;univers Ratatam ce sont des ballons funky aux couleurs acidul\u00e9es et f\u00e9eriques, des accessoires ludiques et pratiques qui plaisent aux enfants mais aussi aux parents. <\/span><!--more--><\/p>\n<p><span data-sheets-value=\"{&quot;1&quot;:2,&quot;2&quot;:&quot;LA MARQUE\\nRatatam est une marque fran\u00e7aise de jouets et de d\u00e9guisements pour enfants qui propose des produits originaux et fun, de qualit\u00e9 et principalement de fabrication fran\u00e7aise. L'univers Ratatam ce sont des ballons funky aux couleurs acidul\u00e9es et f\u00e9eriques, des accessoires ludiques et pratiques qui plaisent aux enfants mais aussi aux parents. Ratatam propose aussi des d\u00e9guisements pour les enfants de la f\u00e9e, \u00e0 la princesse, en passant par l'oideau de paradis au pirate et au chevalier, il y en a pour tous les go\u00fbts!!. Les jouets Ratatam sont color\u00e9s, raffin\u00e9s et ludiques, ils permettent aux enfants de s'exprimer et de d\u00e9velopper leur imaginaire. Les jouets Ratatam sont adapt\u00e9s aux enfants de 1 \u00e0 99 ans.\\n&quot;}\" data-sheets-userformat=\"{&quot;2&quot;:771,&quot;3&quot;:{&quot;1&quot;:0},&quot;4&quot;:{&quot;1&quot;:2,&quot;2&quot;:16776960},&quot;11&quot;:4,&quot;12&quot;:0}\">Ratatam propose aussi des <strong>d\u00e9guisements<\/strong> pour les enfants de la f\u00e9e, \u00e0 la princesse, en passant par l&#8217;oiseau de paradis au pirate et au chevalier, il y en a pour tous les go\u00fbts!!. Les <strong>jouets Ratatam<\/strong> sont color\u00e9s, raffin\u00e9s et ludiques, ils permettent aux enfants de s&#8217;exprimer et de d\u00e9velopper leur imaginaire. Les jouets Ratatam sont adapt\u00e9s aux enfants de 1 \u00e0 99 ans.<\/span>[\/vc_column_text][\/vc_column][vc_column width=&#8221;1\/3&#8243;][vc_column_text]<span data-sheets-value=\"{&quot;1&quot;:2,&quot;2&quot;:&quot;LE MADE IN FRANCE\\nLa marque Ratatam est une marque engag\u00e9e dans la protection de l'environnement, elle utilise des mat\u00e9riaux recyclables et fabrique une part croissante de ses jouets en France. Ratatam travaille avec un r\u00e9seau d\u2019artisans et de pme fran\u00e7aises pour la fabrication d\u2019une partie de sa collection et d\u2019une majorit\u00e9 des emballages r\u00e9utilisables. S\u2019appuyer sur le Made in France, c\u2019est l\u2019assurance d\u2019un produit de qualit\u00e9, fabriqu\u00e9 dans une logique durable en s\u2019appuyant sur des acteurs locaux. Parce que c\u2019est possible d\u2019allier fabrication fran\u00e7aise &amp; jouets fun.\\n\\n&quot;}\" data-sheets-userformat=\"{&quot;2&quot;:771,&quot;3&quot;:{&quot;1&quot;:0},&quot;4&quot;:{&quot;1&quot;:2,&quot;2&quot;:16776960},&quot;11&quot;:4,&quot;12&quot;:0}\"><strong>LE MADE IN FRANCE<\/strong><br \/>\nLa marque Ratatam est une marque engag\u00e9e dans la protection de l&#8217;environnement, elle utilise des mat\u00e9riaux <strong>recyclables<\/strong> et fabrique une part croissante de ses jouets en France. <\/span><!--more--><\/p>\n<p><span data-sheets-value=\"{&quot;1&quot;:2,&quot;2&quot;:&quot;LE MADE IN FRANCE\\nLa marque Ratatam est une marque engag\u00e9e dans la protection de l'environnement, elle utilise des mat\u00e9riaux recyclables et fabrique une part croissante de ses jouets en France. Ratatam travaille avec un r\u00e9seau d\u2019artisans et de pme fran\u00e7aises pour la fabrication d\u2019une partie de sa collection et d\u2019une majorit\u00e9 des emballages r\u00e9utilisables. S\u2019appuyer sur le Made in France, c\u2019est l\u2019assurance d\u2019un produit de qualit\u00e9, fabriqu\u00e9 dans une logique durable en s\u2019appuyant sur des acteurs locaux. Parce que c\u2019est possible d\u2019allier fabrication fran\u00e7aise &amp; jouets fun.\\n\\n&quot;}\" data-sheets-userformat=\"{&quot;2&quot;:771,&quot;3&quot;:{&quot;1&quot;:0},&quot;4&quot;:{&quot;1&quot;:2,&quot;2&quot;:16776960},&quot;11&quot;:4,&quot;12&quot;:0}\">Ratatam travaille avec un r\u00e9seau d\u2019artisans et de<strong> pme fran\u00e7aises<\/strong> pour la fabrication d\u2019une partie de sa collection et d\u2019une majorit\u00e9 des emballages r\u00e9utilisables. <\/span><\/p>\n<p><span data-sheets-value=\"{&quot;1&quot;:2,&quot;2&quot;:&quot;LE MADE IN FRANCE\\nLa marque Ratatam est une marque engag\u00e9e dans la protection de l'environnement, elle utilise des mat\u00e9riaux recyclables et fabrique une part croissante de ses jouets en France. Ratatam travaille avec un r\u00e9seau d\u2019artisans et de pme fran\u00e7aises pour la fabrication d\u2019une partie de sa collection et d\u2019une majorit\u00e9 des emballages r\u00e9utilisables. S\u2019appuyer sur le Made in France, c\u2019est l\u2019assurance d\u2019un produit de qualit\u00e9, fabriqu\u00e9 dans une logique durable en s\u2019appuyant sur des acteurs locaux. Parce que c\u2019est possible d\u2019allier fabrication fran\u00e7aise &amp; jouets fun.\\n\\n&quot;}\" data-sheets-userformat=\"{&quot;2&quot;:771,&quot;3&quot;:{&quot;1&quot;:0},&quot;4&quot;:{&quot;1&quot;:2,&quot;2&quot;:16776960},&quot;11&quot;:4,&quot;12&quot;:0}\">S\u2019appuyer sur le <a href=\"https:\/\/ratatamkids.com\/en\/categorie-produit\/made-in-france-en\/\"><strong>Made in France<\/strong><\/a>, c\u2019est l\u2019assurance d\u2019un produit de qualit\u00e9, fabriqu\u00e9 dans une logique durable en s\u2019appuyant sur des acteurs locaux. Parce que c\u2019est possible d\u2019allier fabrication fran\u00e7aise &amp; jouets fun.<\/span>[\/vc_column_text][\/vc_column][vc_column width=&#8221;1\/3&#8243;][vc_column_text]<span data-sheets-value=\"{&quot;1&quot;:2,&quot;2&quot;:&quot;RATATAMKIDS.COM\\nEn achetant les produits de la marque Ratatam directement sur le site officiel ratatamkids.com, vous profiterez des prix les plus bas sur nos produits, des lancements de nouveaut\u00e9s en avant-premi\u00e8re et d\u2019une meilleure disponibilit\u00e9 des articles. Comme Ratatamkids.com a confi\u00e9 l\u2019envoi des commandes \u00e0 l\u2019association les Papillons Blancs de Lille, vous participez \u00e0 l\u2019insertion professionnelle de personnes en situation de handicap. Retrouvez-nous sur Facebook &amp; Instagram pour \u00eatre au courant de nos nouveaux produits et abonnez-vous \u00e0 notre newsletter pour recevoir nos promotions.\\n&quot;}\" data-sheets-userformat=\"{&quot;2&quot;:771,&quot;3&quot;:{&quot;1&quot;:0},&quot;4&quot;:{&quot;1&quot;:2,&quot;2&quot;:16776960},&quot;11&quot;:4,&quot;12&quot;:0}\"><strong>RATATAMKIDS.COM<\/strong><br \/>\nEn achetant les produits de la marque Ratatam directement sur le site officiel ratatamkids.com, vous profiterez des prix les plus bas sur nos produits, des lancements de nouveaut\u00e9s en avant-premi\u00e8re et d\u2019une meilleure disponibilit\u00e9 des articles. <\/span><!--more--><\/p>\n<p><span data-sheets-value=\"{&quot;1&quot;:2,&quot;2&quot;:&quot;RATATAMKIDS.COM\\nEn achetant les produits de la marque Ratatam directement sur le site officiel ratatamkids.com, vous profiterez des prix les plus bas sur nos produits, des lancements de nouveaut\u00e9s en avant-premi\u00e8re et d\u2019une meilleure disponibilit\u00e9 des articles. Comme Ratatamkids.com a confi\u00e9 l\u2019envoi des commandes \u00e0 l\u2019association les Papillons Blancs de Lille, vous participez \u00e0 l\u2019insertion professionnelle de personnes en situation de handicap. Retrouvez-nous sur Facebook &amp; Instagram pour \u00eatre au courant de nos nouveaux produits et abonnez-vous \u00e0 notre newsletter pour recevoir nos promotions.\\n&quot;}\" data-sheets-userformat=\"{&quot;2&quot;:771,&quot;3&quot;:{&quot;1&quot;:0},&quot;4&quot;:{&quot;1&quot;:2,&quot;2&quot;:16776960},&quot;11&quot;:4,&quot;12&quot;:0}\">Comme Ratatamkids.com a confi\u00e9 l\u2019envoi des commandes \u00e0 l\u2019association les Papillons Blancs de Lille, vous participez \u00e0 l\u2019insertion professionnelle de personnes en situation de handicap. <\/span><\/p>\n<p><span data-sheets-value=\"{&quot;1&quot;:2,&quot;2&quot;:&quot;RATATAMKIDS.COM\\nEn achetant les produits de la marque Ratatam directement sur le site officiel ratatamkids.com, vous profiterez des prix les plus bas sur nos produits, des lancements de nouveaut\u00e9s en avant-premi\u00e8re et d\u2019une meilleure disponibilit\u00e9 des articles. Comme Ratatamkids.com a confi\u00e9 l\u2019envoi des commandes \u00e0 l\u2019association les Papillons Blancs de Lille, vous participez \u00e0 l\u2019insertion professionnelle de personnes en situation de handicap. Retrouvez-nous sur Facebook &amp; Instagram pour \u00eatre au courant de nos nouveaux produits et abonnez-vous \u00e0 notre newsletter pour recevoir nos promotions.\\n&quot;}\" data-sheets-userformat=\"{&quot;2&quot;:771,&quot;3&quot;:{&quot;1&quot;:0},&quot;4&quot;:{&quot;1&quot;:2,&quot;2&quot;:16776960},&quot;11&quot;:4,&quot;12&quot;:0}\">Retrouvez-nous sur <strong><a href=\"https:\/\/www.facebook.com\/Ratatamforhappykids\">Facebook<\/a> <\/strong>&amp; <strong><a href=\"https:\/\/www.instagram.com\/ratatamkids\/\">Instagram<\/a> <\/strong>pour \u00eatre au courant de nos nouveaux produits et abonnez-vous \u00e0 notre newsletter pour recevoir nos promotions.<br \/>\n<\/span>[\/vc_column_text][\/vc_column][\/vc_row]<\/p>\n","protected":false},"excerpt":{"rendered":"<p>[vc_row full_width=&#8221;stretch_row&#8221; content_placement=&#8221;middle&#8221;][vc_column][vc_images_carousel images=&#8221;36023&#8243; img_size=&#8221;full&#8221; autoplay=&#8221;yes&#8221;][\/vc_column][\/vc_row][vc_row css=&#8221;.vc_custom_1707172914239{background-color: #ffffff !important;}&#8221;][vc_column width=&#8221;1\/2&#8243; offset=&#8221;vc_col-lg-4 vc_col-md-4 vc_col-xs-12&#8243;][konte_banner image_size=&#8221;821&#215;821&#8243; text_position=&#8221;under-image&#8221; button_size=&#8221;medium&#8221; button_text=&#8221;D\u00e9couvrir&#8221; css_animation=&#8221;fadeIn&#8221; el_class=&#8221;konte-banner&#8211;custom&#8221; link=&#8221;url:https%3A%2F%2Fratatamkids.com%2Fcategorie-produit%2Faccessoires%2F&#8221;&#8230;<\/p>\n","protected":false},"author":1,"featured_media":44489,"parent":0,"menu_order":0,"comment_status":"closed","ping_status":"closed","template":"","meta":{"_acf_changed":false,"footnotes":""},"class_list":["post-26692","page","type-page","status-publish","has-post-thumbnail","hentry"],"acf":[],"yoast_head":"<!-- This site is optimized with the Yoast SEO plugin v25.4 - https:\/\/yoast.com\/wordpress\/plugins\/seo\/ -->\n<title>Ratatam - Toys &amp; Costumes - Official Website<\/title>\n<meta name=\"description\" content=\"Ratatam is a French brand of toys and costumes for children. Discover a colorful universe and original, sustainable packaging.\" \/>\n<meta name=\"robots\" content=\"index, follow, max-snippet:-1, max-image-preview:large, max-video-preview:-1\" \/>\n<link rel=\"canonical\" href=\"https:\/\/ratatamkids.com\/en\/\" \/>\n<meta property=\"og:locale\" content=\"en_US\" \/>\n<meta property=\"og:type\" content=\"article\" \/>\n<meta property=\"og:title\" content=\"Ratatam - Toys &amp; Costumes - Official Website\" \/>\n<meta property=\"og:description\" content=\"Ratatam is a French brand of toys and costumes for children. Discover a colorful universe and original, sustainable packaging.\" \/>\n<meta property=\"og:url\" content=\"https:\/\/ratatamkids.com\/en\/\" \/>\n<meta property=\"og:site_name\" content=\"Ratatam Official Website\" \/>\n<meta property=\"article:publisher\" content=\"https:\/\/www.facebook.com\/Ratatamforhappykids\/\" \/>\n<meta property=\"article:modified_time\" content=\"2026-01-12T09:11:40+00:00\" \/>\n<meta property=\"og:image\" content=\"https:\/\/ratatamkids.com\/wp-content\/uploads\/2026\/01\/BANNIERE-BONNE-ANNEE-26.jpg-scaled-e1768208454235.jpeg\" \/>\n\t<meta property=\"og:image:width\" content=\"2560\" \/>\n\t<meta property=\"og:image:height\" content=\"1291\" \/>\n\t<meta property=\"og:image:type\" content=\"image\/jpeg\" \/>\n<meta name=\"twitter:card\" content=\"summary_large_image\" \/>\n<meta name=\"twitter:label1\" content=\"Est. reading time\" \/>\n\t<meta name=\"twitter:data1\" content=\"3 minutes\" \/>\n<script type=\"application\/ld+json\" class=\"yoast-schema-graph\">{\"@context\":\"https:\/\/schema.org\",\"@graph\":[{\"@type\":\"WebPage\",\"@id\":\"https:\/\/ratatamkids.com\/en\/\",\"url\":\"https:\/\/ratatamkids.com\/en\/\",\"name\":\"Ratatam - Toys & Costumes - Official Website\",\"isPartOf\":{\"@id\":\"https:\/\/ratatamkids.com\/en\/#website\"},\"primaryImageOfPage\":{\"@id\":\"https:\/\/ratatamkids.com\/en\/#primaryimage\"},\"image\":{\"@id\":\"https:\/\/ratatamkids.com\/en\/#primaryimage\"},\"thumbnailUrl\":\"https:\/\/ratatamkids.com\/wp-content\/uploads\/2026\/04\/Halloween-2.png\",\"datePublished\":\"2018-09-18T07:25:22+00:00\",\"dateModified\":\"2026-01-12T09:11:40+00:00\",\"description\":\"Ratatam is a French brand of toys and costumes for children. Discover a colorful universe and original, sustainable packaging.\",\"breadcrumb\":{\"@id\":\"https:\/\/ratatamkids.com\/en\/#breadcrumb\"},\"inLanguage\":\"en-US\",\"potentialAction\":[{\"@type\":\"ReadAction\",\"target\":[\"https:\/\/ratatamkids.com\/en\/\"]}]},{\"@type\":\"ImageObject\",\"inLanguage\":\"en-US\",\"@id\":\"https:\/\/ratatamkids.com\/en\/#primaryimage\",\"url\":\"https:\/\/ratatamkids.com\/wp-content\/uploads\/2026\/04\/Halloween-2.png\",\"contentUrl\":\"https:\/\/ratatamkids.com\/wp-content\/uploads\/2026\/04\/Halloween-2.png\",\"width\":1920,\"height\":800},{\"@type\":\"BreadcrumbList\",\"@id\":\"https:\/\/ratatamkids.com\/en\/#breadcrumb\",\"itemListElement\":[{\"@type\":\"ListItem\",\"position\":1,\"name\":\"Accueil\",\"item\":\"https:\/\/ratatamkids.com\/en\/\"},{\"@type\":\"ListItem\",\"position\":2,\"name\":\"Home\"}]},{\"@type\":\"WebSite\",\"@id\":\"https:\/\/ratatamkids.com\/en\/#website\",\"url\":\"https:\/\/ratatamkids.com\/en\/\",\"name\":\"Ratatam Official Website\",\"description\":\"Cool brand for happy kids!\",\"potentialAction\":[{\"@type\":\"SearchAction\",\"target\":{\"@type\":\"EntryPoint\",\"urlTemplate\":\"https:\/\/ratatamkids.com\/en\/?s={search_term_string}\"},\"query-input\":{\"@type\":\"PropertyValueSpecification\",\"valueRequired\":true,\"valueName\":\"search_term_string\"}}],\"inLanguage\":\"en-US\"}]}<\/script>\n<!-- \/ Yoast SEO plugin. -->","yoast_head_json":{"title":"Ratatam - Toys & Costumes - Official Website","description":"Ratatam is a French brand of toys and costumes for children. Discover a colorful universe and original, sustainable packaging.","robots":{"index":"index","follow":"follow","max-snippet":"max-snippet:-1","max-image-preview":"max-image-preview:large","max-video-preview":"max-video-preview:-1"},"canonical":"https:\/\/ratatamkids.com\/en\/","og_locale":"en_US","og_type":"article","og_title":"Ratatam - Toys & Costumes - Official Website","og_description":"Ratatam is a French brand of toys and costumes for children. Discover a colorful universe and original, sustainable packaging.","og_url":"https:\/\/ratatamkids.com\/en\/","og_site_name":"Ratatam Official Website","article_publisher":"https:\/\/www.facebook.com\/Ratatamforhappykids\/","article_modified_time":"2026-01-12T09:11:40+00:00","og_image":[{"width":2560,"height":1291,"url":"https:\/\/ratatamkids.com\/wp-content\/uploads\/2026\/01\/BANNIERE-BONNE-ANNEE-26.jpg-scaled-e1768208454235.jpeg","type":"image\/jpeg"}],"twitter_card":"summary_large_image","twitter_misc":{"Est. reading time":"3 minutes"},"schema":{"@context":"https:\/\/schema.org","@graph":[{"@type":"WebPage","@id":"https:\/\/ratatamkids.com\/en\/","url":"https:\/\/ratatamkids.com\/en\/","name":"Ratatam - Toys & Costumes - Official Website","isPartOf":{"@id":"https:\/\/ratatamkids.com\/en\/#website"},"primaryImageOfPage":{"@id":"https:\/\/ratatamkids.com\/en\/#primaryimage"},"image":{"@id":"https:\/\/ratatamkids.com\/en\/#primaryimage"},"thumbnailUrl":"https:\/\/ratatamkids.com\/wp-content\/uploads\/2026\/04\/Halloween-2.png","datePublished":"2018-09-18T07:25:22+00:00","dateModified":"2026-01-12T09:11:40+00:00","description":"Ratatam is a French brand of toys and costumes for children. Discover a colorful universe and original, sustainable packaging.","breadcrumb":{"@id":"https:\/\/ratatamkids.com\/en\/#breadcrumb"},"inLanguage":"en-US","potentialAction":[{"@type":"ReadAction","target":["https:\/\/ratatamkids.com\/en\/"]}]},{"@type":"ImageObject","inLanguage":"en-US","@id":"https:\/\/ratatamkids.com\/en\/#primaryimage","url":"https:\/\/ratatamkids.com\/wp-content\/uploads\/2026\/04\/Halloween-2.png","contentUrl":"https:\/\/ratatamkids.com\/wp-content\/uploads\/2026\/04\/Halloween-2.png","width":1920,"height":800},{"@type":"BreadcrumbList","@id":"https:\/\/ratatamkids.com\/en\/#breadcrumb","itemListElement":[{"@type":"ListItem","position":1,"name":"Accueil","item":"https:\/\/ratatamkids.com\/en\/"},{"@type":"ListItem","position":2,"name":"Home"}]},{"@type":"WebSite","@id":"https:\/\/ratatamkids.com\/en\/#website","url":"https:\/\/ratatamkids.com\/en\/","name":"Ratatam Official Website","description":"Cool brand for happy kids!","potentialAction":[{"@type":"SearchAction","target":{"@type":"EntryPoint","urlTemplate":"https:\/\/ratatamkids.com\/en\/?s={search_term_string}"},"query-input":{"@type":"PropertyValueSpecification","valueRequired":true,"valueName":"search_term_string"}}],"inLanguage":"en-US"}]}},"_links":{"self":[{"href":"https:\/\/ratatamkids.com\/en\/wp-json\/wp\/v2\/pages\/26692","targetHints":{"allow":["GET"]}}],"collection":[{"href":"https:\/\/ratatamkids.com\/en\/wp-json\/wp\/v2\/pages"}],"about":[{"href":"https:\/\/ratatamkids.com\/en\/wp-json\/wp\/v2\/types\/page"}],"author":[{"embeddable":true,"href":"https:\/\/ratatamkids.com\/en\/wp-json\/wp\/v2\/users\/1"}],"replies":[{"embeddable":true,"href":"https:\/\/ratatamkids.com\/en\/wp-json\/wp\/v2\/comments?post=26692"}],"version-history":[{"count":10,"href":"https:\/\/ratatamkids.com\/en\/wp-json\/wp\/v2\/pages\/26692\/revisions"}],"predecessor-version":[{"id":43504,"href":"https:\/\/ratatamkids.com\/en\/wp-json\/wp\/v2\/pages\/26692\/revisions\/43504"}],"wp:featuredmedia":[{"embeddable":true,"href":"https:\/\/ratatamkids.com\/en\/wp-json\/wp\/v2\/media\/44489"}],"wp:attachment":[{"href":"https:\/\/ratatamkids.com\/en\/wp-json\/wp\/v2\/media?parent=26692"}],"curies":[{"name":"wp","href":"https:\/\/api.w.org\/{rel}","templated":true}]}}